{"id":908,"date":"2020-11-17T11:06:40","date_gmt":"2020-11-17T10:06:40","guid":{"rendered":"https:\/\/tarentaise-cheminees.fr\/?page_id=908"},"modified":"2025-04-04T13:56:25","modified_gmt":"2025-04-04T11:56:25","slug":"varrendo","status":"publish","type":"page","link":"https:\/\/tarentaise-cheminees.fr\/pt\/varrendo\/","title":{"rendered":"Nossos servi\u00e7os"},"content":{"rendered":"<section      data-speed=\"1\" class=\"parallax_section_holder\" style = \" height:px; background-image:url('https:\/\/tarentaise-cheminees.fr\/wp-content\/uploads\/2020\/10\/BANDEAUFEU2.jpg');\"><div class=\"parallax_content center\"><div class='parallax_section_inner_margin clearfix'><div class=\"wpb_column vc_column_container vc_col-sm-12\"><div class=\"vc_column-inner\"><div class=\"wpb_wrapper\"><div class='q_elements_holder one_column responsive_mode_from_768' ><div class='q_elements_item' data-480-600='184px 0% 168px 0%' data-480='184px 0% 168px 0%' data-animation='no' data-item-class='q_elements_holder_custom_942152'><div class='q_elements_item_inner'><div class='q_elements_item_content q_elements_holder_custom_942152' style='padding:184px 8% 168px 8%'>\n\t<div class=\"wpb_text_column wpb_content_element\">\n\t\t<div class=\"wpb_wrapper\">\n\t\t\t<h1><span style=\"color: #ffffff;\">Suporte ao cliente durante todo o ano<\/span><\/h1>\n\n\t\t<\/div> \n\t<\/div> <div class=\"separator  small center\" style=\"margin-top: 25px;margin-bottom: 34px;background-color: #c7a082;height: 1px;width: 63px;\"><\/div>\n\n\t<div class=\"wpb_text_column wpb_content_element\">\n\t\t<div class=\"wpb_wrapper\">\n\t\t\t<h5 id=\"tw-target-text\" class=\"tw-data-text tw-text-large XcVN5d tw-ta\" dir=\"ltr\" data-placeholder=\"Traduction\"><span lang=\"en\" style=\"font-size: 14pt; color: #ffffff;\">Verdadeira parceira dos seus clientes, a Tarentaise Chemin\u00e9es aconselha, ajuda e acompanha voc\u00ea durante todo o ciclo do seu projeto.<\/span><\/h5>\n\n\t\t<\/div> \n\t<\/div> \t<div class=\"vc_empty_space\"  style=\"height: 35px\" ><span\n\t\t\tclass=\"vc_empty_space_inner\">\n\t\t\t<span class=\"empty_space_image\"  ><\/span>\n\t\t<\/span><\/div>\n\n<\/div><\/div><\/div><\/div><\/div><\/div><\/div><\/div><\/div><\/section><section      data-speed=\"1\" class=\"parallax_section_holder\" style = \" height:px; background-image:url('');\"><div class=\"parallax_content_full_width center\" ><div class='parallax_section_inner_margin clearfix'><div class=\"wpb_column vc_column_container vc_col-sm-12\"><div class=\"vc_column-inner\"><div class=\"wpb_wrapper\"><div class='q_elements_holder one_column responsive_mode_from_768' ><div class='q_elements_item' data-480-600='184px 0% 168px 0%' data-480='184px 0% 168px 0%' data-animation='no' data-item-class='q_elements_holder_custom_204718' style='background-color:#2c87a0;'><div class='q_elements_item_inner'><div class='q_elements_item_content q_elements_holder_custom_204718' style='padding:184px 8% 168px 8%'>\n\t<div class=\"wpb_text_column wpb_content_element\">\n\t\t<div class=\"wpb_wrapper\">\n\t\t\t<h1><span style=\"color: #ffffff;\"><img loading=\"lazy\" decoding=\"async\" class=\"alignnone size-full wp-image-548\" src=\"https:\/\/tarentaise-cheminees.fr\/wp-content\/uploads\/2020\/10\/feu5.png\" alt=\"\" width=\"150\" height=\"150\" \/><\/span><\/h1>\n<h1><span style=\"color: #ffffff;\">INSTALA\u00c7\u00c3O<\/span><\/h1>\n\n\t\t<\/div> \n\t<\/div> <div class=\"separator  small center\" style=\"margin-top: 25px;margin-bottom: 34px;background-color: #c7a082;height: 1px;width: 63px;\"><\/div>\n\n\t<div class=\"wpb_text_column wpb_content_element\">\n\t\t<div class=\"wpb_wrapper\">\n\t\t\t<h5 style=\"text-align: left;\"><span style=\"font-family: Helvetica; font-size: 14pt; color: #ffffff;\">Nosso principal know-how: Feito sob medida!<\/span><br \/>\n<span style=\"font-family: Helvetica; font-size: 14pt; color: #ffffff;\">Vamos reservar um tempo juntos para escolher o dispositivo que mais combina com voc\u00ea, com base no seu estilo de vida! <\/span><br \/>\n<span style=\"font-family: Helvetica; font-size: 14pt; color: #ffffff;\">Desenvolveremos seu projeto juntos e poderemos aconselh\u00e1-lo sobre os produtos mais adequados.<\/span><br \/>\n<span style=\"font-family: Helvetica; font-size: 14pt; color: #ffffff;\">Ser\u00e1 feito um or\u00e7amento gratuito na loja, por e-mail ou telefone para voc\u00ea ter uma ideia do or\u00e7amento total que sua instala\u00e7\u00e3o representa.<\/span><br \/>\n<span style=\"font-family: Helvetica; font-size: 14pt; color: #ffffff;\">Em seguida, Quentin vai diretamente ao local da instala\u00e7\u00e3o para lhe dar um or\u00e7amento mais preciso.<\/span><br \/>\n<span style=\"font-family: Helvetica; font-size: 14pt; color: #ffffff;\">Esta visita t\u00e9cnica no local \u00e9 paga e o custo varia dependendo da localiza\u00e7\u00e3o geogr\u00e1fica de \u20ac 40 a \u20ac 60, incluindo impostos.<\/span><br \/>\n<span style=\"font-family: Helvetica; font-size: 14pt; color: #ffffff;\">! Esta fatura de visita t\u00e9cnica \u00e9 dedut\u00edvel do valor total, incluindo impostos, do or\u00e7amento, se assinada!<\/span><br \/>\n<span style=\"font-family: Helvetica; font-size: 14pt; color: #ffffff;\">Por que cobrar por um or\u00e7amento no local? Bem, por v\u00e1rios motivos:<\/span><br \/>\n<span style=\"font-family: Helvetica; font-size: 14pt; color: #ffffff;\">Porque somos dois na empresa: Quentin e C\u00e9line. <\/span><br \/>\n<span style=\"font-family: Helvetica; font-size: 14pt; color: #ffffff;\">&gt; Quentin instala os dispositivos e constr\u00f3i todos os seus projetos personalizados: do corte de pedras \u00e0 coloca\u00e7\u00e3o de madeira, cria\u00e7\u00e3o de tocos e tudo relacionado ao espa\u00e7o da lareira. Ele realiza a manuten\u00e7\u00e3o e o monitoramento de nossas instala\u00e7\u00f5es, servi\u00e7os p\u00f3s-venda e tamb\u00e9m or\u00e7amentos e consequentemente visitas t\u00e9cnicas. <\/span><br \/>\n<span style=\"font-family: Helvetica; font-size: 14pt; color: #ffffff;\">&gt; No caso da C\u00e9line, \u00e9 com ela que voc\u00ea ter\u00e1 o primeiro contato, na loja ou por telefone. Ela cuida do desenvolvimento do seu projeto, bem como do aspecto administrativo (seus or\u00e7amentos, faturas, datas de instala\u00e7\u00e3o, servi\u00e7o p\u00f3s-venda, pedidos especiais, etc.) <\/span><br \/>\n<span style=\"font-family: Helvetica; font-size: 14pt; color: #ffffff;\">Isso economiza tempo para voc\u00ea e para n\u00f3s! Sem viagens desnecess\u00e1rias para casa por causa de um projeto mal pensado!<\/span><\/h5>\n<p>&nbsp;<\/p>\n<h5 id=\"tw-target-text\" class=\"tw-data-text tw-text-large tw-ta\" dir=\"ltr\" data-placeholder=\"Traduction\" data-ved=\"2ahUKEwjqjNqlsPyJAxWFdqQEHVD7H4gQ3ewLegQICxAU\" aria-label=\"Texto traduzido: SUAS NECESSIDADES: NOSSA EXPERI\u00caNCIA\"><strong><span class=\"Y2IQFc\" lang=\"en\" style=\"font-size: 14pt;\">SUAS NECESSIDADES: NOSSA EXPERI\u00caNCIA<\/span><\/strong><\/h5>\n\n\t\t<\/div> \n\t<\/div> \t<div class=\"vc_empty_space\"  style=\"height: 35px\" ><span\n\t\t\tclass=\"vc_empty_space_inner\">\n\t\t\t<span class=\"empty_space_image\"  ><\/span>\n\t\t<\/span><\/div>\n\n<\/div><\/div><\/div><\/div><\/div><\/div><\/div><\/div><\/div><\/section><section      data-speed=\"1\" class=\"parallax_section_holder\" style = \" height:px; background-image:url('');\"><div class=\"parallax_content_full_width center\" ><div class='parallax_section_inner_margin clearfix'><div class=\"wpb_column vc_column_container vc_col-sm-12\"><div class=\"vc_column-inner\"><div class=\"wpb_wrapper\"><div class='q_elements_holder one_column responsive_mode_from_768' ><div class='q_elements_item' data-480-600='184px 0% 168px 0%' data-480='184px 0% 168px 0%' data-animation='no' data-item-class='q_elements_holder_custom_422922' style='background-color:#87243e;'><div class='q_elements_item_inner'><div class='q_elements_item_content q_elements_holder_custom_422922' style='padding:184px 8% 168px 8%'>\n\t<div class=\"wpb_text_column wpb_content_element\">\n\t\t<div class=\"wpb_wrapper\">\n\t\t\t<h1><img loading=\"lazy\" decoding=\"async\" class=\"alignnone size-full wp-image-545\" src=\"https:\/\/tarentaise-cheminees.fr\/wp-content\/uploads\/2020\/10\/feu2.png\" alt=\"\" width=\"150\" height=\"150\" \/><\/h1>\n<h1><span style=\"color: #ffffff;\">CONSELHO<\/span><\/h1>\n\n\t\t<\/div> \n\t<\/div> <div class=\"separator  small center\" style=\"margin-top: 25px;margin-bottom: 34px;background-color: #c7a082;height: 1px;width: 63px;\"><\/div>\n\n\t<div class=\"wpb_text_column wpb_content_element\">\n\t\t<div class=\"wpb_wrapper\">\n\t\t\t<h5 id=\"tw-target-text\" class=\"tw-data-text tw-text-large XcVN5d tw-ta\" dir=\"ltr\" style=\"text-align: center;\" data-placeholder=\"Traduction\"><span lang=\"en\" style=\"font-family: Helvetica; font-size: 14pt; color: #ffffff;\">Nosso trabalho tamb\u00e9m \u00e9 compartilhar com voc\u00ea nosso olhar profissional para saber orient\u00e1-lo em suas escolhas. Com base na an\u00e1lise de crit\u00e9rios como instala\u00e7\u00e3o, efici\u00eancia, utiliza\u00e7\u00e3o, armazenamento, est\u00e9tica e or\u00e7amento, poderemos orient\u00e1-lo para a melhor solu\u00e7\u00e3o poss\u00edvel.<\/span><\/h5>\n\n\t\t<\/div> \n\t<\/div> \t<div class=\"vc_empty_space\"  style=\"height: 35px\" ><span\n\t\t\tclass=\"vc_empty_space_inner\">\n\t\t\t<span class=\"empty_space_image\"  ><\/span>\n\t\t<\/span><\/div>\n\n<\/div><\/div><\/div><\/div><\/div><\/div><\/div><\/div><\/div><\/section><section      data-speed=\"1\" class=\"parallax_section_holder\" style = \" height:px; background-image:url('');\"><div class=\"parallax_content_full_width center\" ><div class='parallax_section_inner_margin clearfix'><div class=\"wpb_column vc_column_container vc_col-sm-12\"><div class=\"vc_column-inner\"><div class=\"wpb_wrapper\"><div class='q_elements_holder one_column responsive_mode_from_768' ><div class='q_elements_item' data-480-600='184px 0% 168px 0%' data-480='184px 0% 168px 0%' data-animation='no' data-item-class='q_elements_holder_custom_907787' style='background-color:#22706d;'><div class='q_elements_item_inner'><div class='q_elements_item_content q_elements_holder_custom_907787' style='padding:184px 8% 168px 8%'>\t<div class=\"vc_empty_space\"  style=\"height: 35px\" ><span\n\t\t\tclass=\"vc_empty_space_inner\">\n\t\t\t<span class=\"empty_space_image\"  ><\/span>\n\t\t<\/span><\/div>\n\n\n\t<div class=\"wpb_text_column wpb_content_element\">\n\t\t<div class=\"wpb_wrapper\">\n\t\t\t<h1><span style=\"color: #ffffff;\"><img loading=\"lazy\" decoding=\"async\" class=\"alignnone size-full wp-image-547\" src=\"https:\/\/tarentaise-cheminees.fr\/wp-content\/uploads\/2020\/10\/feu4.png\" alt=\"\" width=\"150\" height=\"150\" \/><\/span><\/h1>\n<h1><span style=\"color: #ffffff;\">AJUDA<\/span><\/h1>\n\n\t\t<\/div> \n\t<\/div> <div class=\"separator  small center\" style=\"margin-top: 25px;margin-bottom: 34px;background-color: #c7a082;height: 1px;width: 63px;\"><\/div>\n\n\t<div class=\"wpb_text_column wpb_content_element\">\n\t\t<div class=\"wpb_wrapper\">\n\t\t\t<h5 id=\"tw-target-text\" class=\"tw-data-text tw-text-large XcVN5d tw-ta\" dir=\"ltr\" style=\"text-align: center;\" data-placeholder=\"Traduction\"><span lang=\"en\" style=\"font-family: Helvetica; font-size: 14pt; color: #ffffff;\">Cr\u00e9dito fiscal, Eco-empr\u00e9stimo com taxa zero, aux\u00edlio Anah, cheque energia, b\u00f4nus de energia\u2026 n\u00e3o perca aux\u00edlios que podem reduzir o custo do seu projeto. C\u00e9line saber\u00e1 como orient\u00e1-lo para que voc\u00ea possa se beneficiar disso.<\/span><\/h5>\n\n\t\t<\/div> \n\t<\/div> \t<div class=\"vc_empty_space\"  style=\"height: 35px\" ><span\n\t\t\tclass=\"vc_empty_space_inner\">\n\t\t\t<span class=\"empty_space_image\"  ><\/span>\n\t\t<\/span><\/div>\n\n<\/div><\/div><\/div><\/div><\/div><\/div><\/div><\/div><\/div><\/section><section      data-speed=\"1\" class=\"parallax_section_holder\" style = \" height:px; background-image:url('');\"><div class=\"parallax_content_full_width center\" ><div class='parallax_section_inner_margin clearfix'><div class=\"wpb_column vc_column_container vc_col-sm-12\"><div class=\"vc_column-inner\"><div class=\"wpb_wrapper\"><div class='q_elements_holder one_column responsive_mode_from_768' ><div class='q_elements_item' data-480-600='184px 0% 168px 0%' data-480='184px 0% 168px 0%' data-animation='no' data-item-class='q_elements_holder_custom_739286' style='background-color:#133349;'><div class='q_elements_item_inner'><div class='q_elements_item_content q_elements_holder_custom_739286' style='padding:184px 8% 168px 8%'>\n\t<div class=\"wpb_text_column wpb_content_element\">\n\t\t<div class=\"wpb_wrapper\">\n\t\t\t<h1><span style=\"color: #ffffff;\"><img loading=\"lazy\" decoding=\"async\" class=\"alignnone size-full wp-image-546\" src=\"https:\/\/tarentaise-cheminees.fr\/wp-content\/uploads\/2020\/10\/feu3.png\" alt=\"\" width=\"150\" height=\"150\" \/><\/span><\/h1>\n<h1><span style=\"color: #ffffff;\">CUIDADOS P\u00d3S-TRATAMENTO<\/span><\/h1>\n\n\t\t<\/div> \n\t<\/div> <div class=\"separator  small center\" style=\"margin-top: 25px;margin-bottom: 34px;background-color: #c7a082;height: 1px;width: 63px;\"><\/div>\n\n\t<div class=\"wpb_text_column wpb_content_element\">\n\t\t<div class=\"wpb_wrapper\">\n\t\t\t<h5><span style=\"font-size: 14pt; color: #ffffff;\">Realizamos servi\u00e7os de p\u00f3s-venda, monitoramento de garantia e manuten\u00e7\u00e3o de todas as nossas instala\u00e7\u00f5es, durante todo o ano. Assim garantimos sua tranquilidade e belas noites junto \u00e0 lareira!<\/span><\/h5>\n\n\t\t<\/div> \n\t<\/div> \t<div class=\"vc_empty_space\"  style=\"height: 35px\" ><span\n\t\t\tclass=\"vc_empty_space_inner\">\n\t\t\t<span class=\"empty_space_image\"  ><\/span>\n\t\t<\/span><\/div>\n\n<\/div><\/div><\/div><\/div><\/div><\/div><\/div><\/div><\/div><\/section><section      data-speed=\"1\" class=\"parallax_section_holder\" style = \" height:px; background-image:url('https:\/\/tarentaise-cheminees.fr\/wp-content\/uploads\/2020\/09\/BANDEAU-DEVIS-scaled.jpg');\"><div class=\"parallax_content center\"><div class='parallax_section_inner_margin clearfix'><div class=\"wpb_column vc_column_container vc_col-sm-12\"><div class=\"vc_column-inner\"><div class=\"wpb_wrapper\"><div class='q_elements_holder one_column responsive_mode_from_768' ><div class='q_elements_item' data-480-600='184px 0% 168px 0%' data-480='184px 0% 168px 0%' data-animation='no' data-item-class='q_elements_holder_custom_184896'><div class='q_elements_item_inner'><div class='q_elements_item_content q_elements_holder_custom_184896' style='padding:184px 8% 168px 8%'>\n\t<div class=\"wpb_text_column wpb_content_element\">\n\t\t<div class=\"wpb_wrapper\">\n\t\t\t<h1><span style=\"color: #ffffff;\">Obter uma cota\u00e7\u00e3o<\/span><\/h1>\n\n\t\t<\/div> \n\t<\/div> <div class=\"separator  small center\" style=\"margin-top: 25px;margin-bottom: 34px;background-color: #c7a082;height: 1px;width: 63px;\"><\/div>\n\n\t<div class=\"wpb_text_column wpb_content_element\">\n\t\t<div class=\"wpb_wrapper\">\n\t\t\t<h5><span style=\"color: #eae9e9;\">Um projeto, um desejo? Entre em contato conosco para um or\u00e7amento gratuito. Quentin ficar\u00e1 feliz em ir at\u00e9 sua casa para verificar a viabilidade do seu projeto e fornecer solu\u00e7\u00f5es t\u00e9cnicas e de design. N\u00f3s cuidamos da sua instala\u00e7\u00e3o de A a Z. Um \u00fanico contato para mais tranquilidade.<\/span><\/h5>\n<h3><span style=\"color: #ffffff;\"><a style=\"color: #ffffff;\" href=\"telefone:0479070419\"><span style=\"color: #c7a082;\">LIGUE PARA N\u00d3S<\/span><\/a><span style=\"color: #c7a082;\"> ouro <\/span><\/span><span style=\"color: #c7a082;\"><a style=\"color: #c7a082;\" href=\"https:\/\/tarentaise-cheminees.fr\/pt\/contact\/\">ESCREVA PARA N\u00d3S<\/a><\/span><\/h3>\n\n\t\t<\/div> \n\t<\/div> \t<div class=\"vc_empty_space\"  style=\"height: 35px\" ><span\n\t\t\tclass=\"vc_empty_space_inner\">\n\t\t\t<span class=\"empty_space_image\"  ><\/span>\n\t\t<\/span><\/div>\n\n<\/div><\/div><\/div><\/div><\/div><\/div><\/div><\/div><\/div><\/section>","protected":false},"excerpt":{"rendered":"Year-round customer support A real partner of its customers, Tarentaise Chemin\u00e9es advises, helps and follows you throughout the cycle of your project. INSTALLATION Our main know-how: Made to measure! Let's take the time, together, to choose the device that suits you personally based on your...","protected":false},"author":2,"featured_media":0,"parent":0,"menu_order":0,"comment_status":"closed","ping_status":"closed","template":"full_width.php","meta":{"footnotes":""},"class_list":["post-908","page","type-page","status-publish","hentry"],"yoast_head":"<!-- This site is optimized with the Yoast SEO plugin v26.9 - https:\/\/yoast.com\/product\/yoast-seo-wordpress\/ -->\n<title>Sweeping, debugging, maintenance - Our services - Tarentaise Chemin\u00e9es<\/title>\n<meta name=\"description\" content=\"The sweeping of your chimney is obligatory twice a year. For your safety, call Tarentaise Chemin\u00e9es in Aime La Plagne. +33 4 79 07 04 19\" \/>\n<meta name=\"robots\" content=\"index, follow, max-snippet:-1, max-image-preview:large, max-video-preview:-1\" \/>\n<link rel=\"canonical\" href=\"https:\/\/tarentaise-cheminees.fr\/pt\/limpeza-de-chamines\/\" \/>\n<meta property=\"og:locale\" content=\"pt_PT\" \/>\n<meta property=\"og:type\" content=\"article\" \/>\n<meta property=\"og:title\" content=\"Sweeping, debugging, maintenance - Our services - Tarentaise Chemin\u00e9es\" \/>\n<meta property=\"og:description\" content=\"The sweeping of your chimney is obligatory twice a year. For your safety, call Tarentaise Chemin\u00e9es in Aime La Plagne. +33 4 79 07 04 19\" \/>\n<meta property=\"og:url\" content=\"https:\/\/tarentaise-cheminees.fr\/pt\/limpeza-de-chamines\/\" \/>\n<meta property=\"og:site_name\" content=\"Tarentaise Chemin\u00e9es\" \/>\n<meta property=\"article:modified_time\" content=\"2025-04-04T11:56:25+00:00\" \/>\n<meta property=\"og:image\" content=\"https:\/\/tarentaise-cheminees.fr\/wp-content\/uploads\/2020\/10\/feu5.png\" \/>\n<meta name=\"twitter:card\" content=\"summary_large_image\" \/>\n<meta name=\"twitter:label1\" content=\"Tempo estimado de leitura\" \/>\n\t<meta name=\"twitter:data1\" content=\"5 minutos\" \/>\n<script type=\"application\/ld+json\" class=\"yoast-schema-graph\">{\"@context\":\"https:\/\/schema.org\",\"@graph\":[{\"@type\":\"WebPage\",\"@id\":\"https:\/\/tarentaise-cheminees.fr\/en\/sweeping\/\",\"url\":\"https:\/\/tarentaise-cheminees.fr\/en\/sweeping\/\",\"name\":\"Sweeping, debugging, maintenance - Our services - Tarentaise Chemin\u00e9es\",\"isPartOf\":{\"@id\":\"https:\/\/tarentaise-cheminees.fr\/#website\"},\"primaryImageOfPage\":{\"@id\":\"https:\/\/tarentaise-cheminees.fr\/en\/sweeping\/#primaryimage\"},\"image\":{\"@id\":\"https:\/\/tarentaise-cheminees.fr\/en\/sweeping\/#primaryimage\"},\"thumbnailUrl\":\"https:\/\/tarentaise-cheminees.fr\/wp-content\/uploads\/2020\/10\/feu5.png\",\"datePublished\":\"2020-11-17T10:06:40+00:00\",\"dateModified\":\"2025-04-04T11:56:25+00:00\",\"description\":\"The sweeping of your chimney is obligatory twice a year. For your safety, call Tarentaise Chemin\u00e9es in Aime La Plagne. +33 4 79 07 04 19\",\"breadcrumb\":{\"@id\":\"https:\/\/tarentaise-cheminees.fr\/en\/sweeping\/#breadcrumb\"},\"inLanguage\":\"pt-PT\",\"potentialAction\":[{\"@type\":\"ReadAction\",\"target\":[\"https:\/\/tarentaise-cheminees.fr\/en\/sweeping\/\"]}]},{\"@type\":\"ImageObject\",\"inLanguage\":\"pt-PT\",\"@id\":\"https:\/\/tarentaise-cheminees.fr\/en\/sweeping\/#primaryimage\",\"url\":\"https:\/\/tarentaise-cheminees.fr\/wp-content\/uploads\/2020\/10\/feu5.png\",\"contentUrl\":\"https:\/\/tarentaise-cheminees.fr\/wp-content\/uploads\/2020\/10\/feu5.png\"},{\"@type\":\"BreadcrumbList\",\"@id\":\"https:\/\/tarentaise-cheminees.fr\/en\/sweeping\/#breadcrumb\",\"itemListElement\":[{\"@type\":\"ListItem\",\"position\":1,\"name\":\"Accueil\",\"item\":\"https:\/\/tarentaise-cheminees.fr\/\"},{\"@type\":\"ListItem\",\"position\":2,\"name\":\"Our services\"}]},{\"@type\":\"WebSite\",\"@id\":\"https:\/\/tarentaise-cheminees.fr\/#website\",\"url\":\"https:\/\/tarentaise-cheminees.fr\/\",\"name\":\"Tarentaise Chemin\u00e9es\",\"description\":\"Le sp\u00e9cialiste de la chemin\u00e9e\",\"potentialAction\":[{\"@type\":\"SearchAction\",\"target\":{\"@type\":\"EntryPoint\",\"urlTemplate\":\"https:\/\/tarentaise-cheminees.fr\/?s={search_term_string}\"},\"query-input\":{\"@type\":\"PropertyValueSpecification\",\"valueRequired\":true,\"valueName\":\"search_term_string\"}}],\"inLanguage\":\"pt-PT\"}]}<\/script>\n<!-- \/ Yoast SEO plugin. -->","yoast_head_json":{"title":"Varredura, depura\u00e7\u00e3o, manuten\u00e7\u00e3o - Nossos servi\u00e7os - Tarentaise Chemin\u00e9es","description":"A limpeza da sua chamin\u00e9 \u00e9 obrigat\u00f3ria duas vezes por ano. Para sua seguran\u00e7a, ligue para Tarentaise Chemin\u00e9es em Aime La Plagne. +33 4 79 07 04 19","robots":{"index":"index","follow":"follow","max-snippet":"max-snippet:-1","max-image-preview":"max-image-preview:large","max-video-preview":"max-video-preview:-1"},"canonical":"https:\/\/tarentaise-cheminees.fr\/pt\/limpeza-de-chamines\/","og_locale":"pt_PT","og_type":"article","og_title":"Sweeping, debugging, maintenance - Our services - Tarentaise Chemin\u00e9es","og_description":"The sweeping of your chimney is obligatory twice a year. For your safety, call Tarentaise Chemin\u00e9es in Aime La Plagne. +33 4 79 07 04 19","og_url":"https:\/\/tarentaise-cheminees.fr\/pt\/limpeza-de-chamines\/","og_site_name":"Tarentaise Chemin\u00e9es","article_modified_time":"2025-04-04T11:56:25+00:00","og_image":[{"url":"https:\/\/tarentaise-cheminees.fr\/wp-content\/uploads\/2020\/10\/feu5.png","type":"","width":"","height":""}],"twitter_card":"summary_large_image","twitter_misc":{"Tempo estimado de leitura":"5 minutos"},"schema":{"@context":"https:\/\/schema.org","@graph":[{"@type":"WebPage","@id":"https:\/\/tarentaise-cheminees.fr\/en\/sweeping\/","url":"https:\/\/tarentaise-cheminees.fr\/en\/sweeping\/","name":"Varredura, depura\u00e7\u00e3o, manuten\u00e7\u00e3o - Nossos servi\u00e7os - Tarentaise Chemin\u00e9es","isPartOf":{"@id":"https:\/\/tarentaise-cheminees.fr\/#website"},"primaryImageOfPage":{"@id":"https:\/\/tarentaise-cheminees.fr\/en\/sweeping\/#primaryimage"},"image":{"@id":"https:\/\/tarentaise-cheminees.fr\/en\/sweeping\/#primaryimage"},"thumbnailUrl":"https:\/\/tarentaise-cheminees.fr\/wp-content\/uploads\/2020\/10\/feu5.png","datePublished":"2020-11-17T10:06:40+00:00","dateModified":"2025-04-04T11:56:25+00:00","description":"A limpeza da sua chamin\u00e9 \u00e9 obrigat\u00f3ria duas vezes por ano. Para sua seguran\u00e7a, ligue para Tarentaise Chemin\u00e9es em Aime La Plagne. +33 4 79 07 04 19","breadcrumb":{"@id":"https:\/\/tarentaise-cheminees.fr\/en\/sweeping\/#breadcrumb"},"inLanguage":"pt-PT","potentialAction":[{"@type":"ReadAction","target":["https:\/\/tarentaise-cheminees.fr\/en\/sweeping\/"]}]},{"@type":"ImageObject","inLanguage":"pt-PT","@id":"https:\/\/tarentaise-cheminees.fr\/en\/sweeping\/#primaryimage","url":"https:\/\/tarentaise-cheminees.fr\/wp-content\/uploads\/2020\/10\/feu5.png","contentUrl":"https:\/\/tarentaise-cheminees.fr\/wp-content\/uploads\/2020\/10\/feu5.png"},{"@type":"BreadcrumbList","@id":"https:\/\/tarentaise-cheminees.fr\/en\/sweeping\/#breadcrumb","itemListElement":[{"@type":"ListItem","position":1,"name":"Accueil","item":"https:\/\/tarentaise-cheminees.fr\/"},{"@type":"ListItem","position":2,"name":"Our services"}]},{"@type":"WebSite","@id":"https:\/\/tarentaise-cheminees.fr\/#website","url":"https:\/\/tarentaise-cheminees.fr\/","name":"Tarentaise Chemin\u00e9es","description":"O especialista em lareiras","potentialAction":[{"@type":"SearchAction","target":{"@type":"EntryPoint","urlTemplate":"https:\/\/tarentaise-cheminees.fr\/?s={search_term_string}"},"query-input":{"@type":"PropertyValueSpecification","valueRequired":true,"valueName":"search_term_string"}}],"inLanguage":"pt-PT"}]}},"_links":{"self":[{"href":"https:\/\/tarentaise-cheminees.fr\/pt\/wp-json\/wp\/v2\/pages\/908","targetHints":{"allow":["GET"]}}],"collection":[{"href":"https:\/\/tarentaise-cheminees.fr\/pt\/wp-json\/wp\/v2\/pages"}],"about":[{"href":"https:\/\/tarentaise-cheminees.fr\/pt\/wp-json\/wp\/v2\/types\/page"}],"author":[{"embeddable":true,"href":"https:\/\/tarentaise-cheminees.fr\/pt\/wp-json\/wp\/v2\/users\/2"}],"replies":[{"embeddable":true,"href":"https:\/\/tarentaise-cheminees.fr\/pt\/wp-json\/wp\/v2\/comments?post=908"}],"version-history":[{"count":6,"href":"https:\/\/tarentaise-cheminees.fr\/pt\/wp-json\/wp\/v2\/pages\/908\/revisions"}],"predecessor-version":[{"id":912,"href":"https:\/\/tarentaise-cheminees.fr\/pt\/wp-json\/wp\/v2\/pages\/908\/revisions\/912"}],"wp:attachment":[{"href":"https:\/\/tarentaise-cheminees.fr\/pt\/wp-json\/wp\/v2\/media?parent=908"}],"curies":[{"name":"wp","href":"https:\/\/api.w.org\/{rel}","templated":true}]}}