{"id":871,"date":"2020-11-16T16:16:44","date_gmt":"2020-11-16T15:16:44","guid":{"rendered":"https:\/\/tarentaise-cheminees.fr\/?page_id=871"},"modified":"2025-04-04T13:56:38","modified_gmt":"2025-04-04T11:56:38","slug":"lareiras-ao-ar-livre-2","status":"publish","type":"page","link":"https:\/\/tarentaise-cheminees.fr\/pt\/lareiras-ao-ar-livre-2\/","title":{"rendered":"Ar livre"},"content":{"rendered":"<section      data-speed=\"1\" class=\"parallax_section_holder\" style = \" height:px; background-image:url('https:\/\/tarentaise-cheminees.fr\/wp-content\/uploads\/2020\/09\/BANDEAU-DEVIS-scaled.jpg');\"><div class=\"parallax_content center\"><div class='parallax_section_inner_margin clearfix'><div class=\"wpb_column vc_column_container vc_col-sm-12\"><div class=\"vc_column-inner\"><div class=\"wpb_wrapper\"><div class='q_elements_holder one_column responsive_mode_from_768' ><div class='q_elements_item' data-480-600='184px 0% 168px 0%' data-480='184px 0% 168px 0%' data-animation='no' data-item-class='q_elements_holder_custom_528745'><div class='q_elements_item_inner'><div class='q_elements_item_content q_elements_holder_custom_528745' style='padding:184px 8% 168px 8%'>\n\t<div class=\"wpb_text_column wpb_content_element\">\n\t\t<div class=\"wpb_wrapper\">\n\t\t\t<h2><span style=\"color: #ffffff;\"><span style=\"caret-color: #ffffff;\">Ao ar livre<\/span><\/span><\/h2>\n\n\t\t<\/div> \n\t<\/div> <div class=\"separator  small center\" style=\"margin-top: 25px;margin-bottom: 34px;background-color: #c7a082;height: 1px;width: 63px;\"><\/div>\n\n\t<div class=\"wpb_text_column wpb_content_element\">\n\t\t<div class=\"wpb_wrapper\">\n\t\t\t<h5 id=\"tw-target-text\" class=\"tw-data-text tw-text-large XcVN5d tw-ta\" dir=\"ltr\" data-placeholder=\"Traduction\"><span lang=\"en\" style=\"font-family: Georgia, Palatino; font-size: 14pt; color: #ffffff;\">Lareiras a bioetanol, madeira ou g\u00e1s oferecem um charme incr\u00edvel ao seu exterior, em todas as esta\u00e7\u00f5es. Nossas marcas parceiras abaixo, com estilos muito diferentes, devem atender \u00e0 sua necessidade de maciez na sua piscina ou ao redor da sua mesa. Poderemos orient\u00e1-lo na escolha do combust\u00edvel mais adequado \u00e0s suas necessidades.<\/span><\/h5>\n\n\t\t<\/div> \n\t<\/div> \t<div class=\"vc_empty_space\"  style=\"height: 35px\" ><span\n\t\t\tclass=\"vc_empty_space_inner\">\n\t\t\t<span class=\"empty_space_image\"  ><\/span>\n\t\t<\/span><\/div>\n\n<\/div><\/div><\/div><\/div><\/div><\/div><\/div><\/div><\/div><\/section><div      class=\"vc_row wpb_row section vc_row-fluid  grid_section\" style=' padding-top:84px; padding-bottom:130px; text-align:left;'><div class=\"section_inner clearfix\"><div class='section_inner_margin clearfix'><div class=\"wpb_column vc_column_container vc_col-sm-12 vc_col-md-7\"><div class=\"vc_column-inner\"><div class=\"wpb_wrapper\"><div class='q_elements_holder one_column responsive_mode_from_768' ><div class='q_elements_item' data-600-768='0 0px 0 0px' data-480-600='0 0px 0 0px' data-480='0 0px 0 0px' data-animation='no' data-item-class='q_elements_holder_custom_454853'><div class='q_elements_item_inner'><div class='q_elements_item_content q_elements_holder_custom_454853' style='padding:0px 9px 0 9px'>\n\t<div class=\"wpb_single_image wpb_content_element vc_align_left\">\n\t\t<div class=\"wpb_wrapper\">\n\t\t\t\n\t\t\t<div class=\"vc_single_image-wrapper   vc_box_border_grey\"><img loading=\"lazy\" decoding=\"async\" width=\"800\" height=\"523\" src=\"https:\/\/tarentaise-cheminees.fr\/wp-content\/uploads\/2020\/09\/accueil-finoptim-brasero2.jpg\" class=\"vc_single_image-img attachment-full\" alt=\"\" srcset=\"https:\/\/tarentaise-cheminees.fr\/wp-content\/uploads\/2020\/09\/accueil-finoptim-brasero2.jpg 800w, https:\/\/tarentaise-cheminees.fr\/wp-content\/uploads\/2020\/09\/accueil-finoptim-brasero2-300x196.jpg 300w, https:\/\/tarentaise-cheminees.fr\/wp-content\/uploads\/2020\/09\/accueil-finoptim-brasero2-768x502.jpg 768w, https:\/\/tarentaise-cheminees.fr\/wp-content\/uploads\/2020\/09\/accueil-finoptim-brasero2-700x458.jpg 700w\" sizes=\"auto, (max-width: 800px) 100vw, 800px\" \/><\/div>\n\t\t<\/div>\n\t<\/div>\n<\/div><\/div><\/div><\/div><\/div><\/div><\/div><div class=\"wpb_column vc_column_container vc_col-sm-12 vc_col-md-5\"><div class=\"vc_column-inner\"><div class=\"wpb_wrapper\"><div class='q_elements_holder one_column responsive_mode_from_768' ><div class='q_elements_item' data-1024-1280='72px 40px 0 0' data-768-1024='35px 40px 0 0' data-600-768='60px 40px 0px 0' data-animation='no' data-item-class='q_elements_holder_custom_731728'><div class='q_elements_item_inner'><div class='q_elements_item_content q_elements_holder_custom_731728' style='padding:25px 40px 0 8px'>\n\t<div class=\"wpb_text_column wpb_content_element\">\n\t\t<div class=\"wpb_wrapper\">\n\t\t\t<h2>FIN\u00d3PTIM<\/h2>\n\n\t\t<\/div> \n\t<\/div> <div class=\"separator  small left\" style=\"margin-top: 28px;margin-bottom: 38px;background-color: #c7a082;height: 1px;width: 63px;\"><\/div>\n\n\t<div class=\"wpb_text_column wpb_content_element\">\n\t\t<div class=\"wpb_wrapper\">\n\t\t\t<p id=\"tw-target-text\" class=\"tw-data-text tw-text-large XcVN5d tw-ta\" dir=\"ltr\" data-placeholder=\"Traduction\"><span lang=\"en\">Reza a lenda que a fa\u00edsca surgiu junto \u00e0 lareira: o desejo de repensar o aquecimento a lenha, mantendo toda a sua nobreza, mas criando um novo ambiente, mais eficiente e refinado. Para reinventar esta arte ancestral do fogo, combinamos o conhecimento tradicional com t\u00e9cnicas de ponta. Foi assim que nasceu o inserto aberto, nossa cria\u00e7\u00e3o original, aquela que deu origem ao Finoptim. Desde ent\u00e3o, outras inova\u00e7\u00f5es surgiram. E todos mandam madeira, claro\u2026<\/span><\/p>\n\n\t\t<\/div> \n\t<\/div> \t<div class=\"vc_empty_space\"  style=\"height: 32px\" ><span\n\t\t\tclass=\"vc_empty_space_inner\">\n\t\t\t<span class=\"empty_space_image\"  ><\/span>\n\t\t<\/span><\/div>\n\n<a  itemprop=\"url\" href=\"https:\/\/finoptim.eu\/produits\/brasero-faro\/\" target=\"_blank\"  class=\"qbutton  default\" style=\"\">Descubra a gama<\/a><\/div><\/div><\/div><\/div><\/div><\/div><\/div><\/div><\/div><\/div><div      class=\"vc_row wpb_row section vc_row-fluid  grid_section\" style=' padding-top:84px; padding-bottom:130px; text-align:left;'><div class=\"section_inner clearfix\"><div class='section_inner_margin clearfix'><div class=\"wpb_column vc_column_container vc_col-sm-12 vc_col-md-7\"><div class=\"vc_column-inner\"><div class=\"wpb_wrapper\"><div class='q_elements_holder one_column responsive_mode_from_768' ><div class='q_elements_item' data-600-768='0 0px 0 0px' data-480-600='0 0px 0 0px' data-480='0 0px 0 0px' data-animation='no' data-item-class='q_elements_holder_custom_532846'><div class='q_elements_item_inner'><div class='q_elements_item_content q_elements_holder_custom_532846' style='padding:0px 9px 0 9px'>\n\t<div class=\"wpb_single_image wpb_content_element vc_align_left\">\n\t\t<div class=\"wpb_wrapper\">\n\t\t\t\n\t\t\t<div class=\"vc_single_image-wrapper   vc_box_border_grey\"><img loading=\"lazy\" decoding=\"async\" width=\"800\" height=\"523\" src=\"https:\/\/tarentaise-cheminees.fr\/wp-content\/uploads\/2020\/10\/eliofire.jpg\" class=\"vc_single_image-img attachment-full\" alt=\"\" srcset=\"https:\/\/tarentaise-cheminees.fr\/wp-content\/uploads\/2020\/10\/eliofire.jpg 800w, https:\/\/tarentaise-cheminees.fr\/wp-content\/uploads\/2020\/10\/eliofire-300x196.jpg 300w, https:\/\/tarentaise-cheminees.fr\/wp-content\/uploads\/2020\/10\/eliofire-768x502.jpg 768w, https:\/\/tarentaise-cheminees.fr\/wp-content\/uploads\/2020\/10\/eliofire-700x458.jpg 700w\" sizes=\"auto, (max-width: 800px) 100vw, 800px\" \/><\/div>\n\t\t<\/div>\n\t<\/div>\n<\/div><\/div><\/div><\/div><\/div><\/div><\/div><div class=\"wpb_column vc_column_container vc_col-sm-12 vc_col-md-5\"><div class=\"vc_column-inner\"><div class=\"wpb_wrapper\"><div class='q_elements_holder one_column responsive_mode_from_768' ><div class='q_elements_item' data-1024-1280='72px 40px 0 0' data-768-1024='35px 40px 0 0' data-600-768='60px 40px 0px 0' data-animation='no' data-item-class='q_elements_holder_custom_241446'><div class='q_elements_item_inner'><div class='q_elements_item_content q_elements_holder_custom_241446' style='padding:20px 40px 0 8px'>\n\t<div class=\"wpb_text_column wpb_content_element\">\n\t\t<div class=\"wpb_wrapper\">\n\t\t\t<h2>EBIOS FIRE<\/h2>\n\n\t\t<\/div> \n\t<\/div> <div class=\"separator  small left\" style=\"margin-top: 28px;margin-bottom: 38px;background-color: #c7a082;height: 1px;width: 63px;\"><\/div>\n\n\t<div class=\"wpb_text_column wpb_content_element\">\n\t\t<div class=\"wpb_wrapper\">\n\t\t\t<p>Em resid\u00eancias privadas, em casas passivas e de baixo consumo energ\u00e9tico, em apartamentos de luxo e conservat\u00f3rios de jardim \u2013 as nossas lareiras a bioetanol water-fire\u00ae est\u00e3o em casa em qualquer lugar onde o estilo, a atmosfera e o estilo sejam apreciados, uma vez que n\u00e3o requerem chamin\u00e9, chamin\u00e9 ou conduta de evacua\u00e7\u00e3o de fumos.<\/p>\n<pre id=\"tw-target-text\" class=\"tw-data-text tw-text-large XcVN5d tw-ta\" dir=\"ltr\" data-placeholder=\"Traduction\"><\/pre>\n\n\t\t<\/div> \n\t<\/div> \t<div class=\"vc_empty_space\"  style=\"height: 32px\" ><span\n\t\t\tclass=\"vc_empty_space_inner\">\n\t\t\t<span class=\"empty_space_image\"  ><\/span>\n\t\t<\/span><\/div>\n\n<a  itemprop=\"url\" href=\"https:\/\/ebios-fire.com\/en\/products\/tower\" target=\"_blank\"  class=\"qbutton  default\" style=\"\">Descubra a gama<\/a><\/div><\/div><\/div><\/div><\/div><\/div><\/div><\/div><\/div><\/div><div      class=\"vc_row wpb_row section vc_row-fluid  grid_section\" style=' padding-top:84px; padding-bottom:130px; text-align:left;'><div class=\"section_inner clearfix\"><div class='section_inner_margin clearfix'><div class=\"wpb_column vc_column_container vc_col-sm-12 vc_col-md-7\"><div class=\"vc_column-inner\"><div class=\"wpb_wrapper\"><div class='q_elements_holder one_column responsive_mode_from_768' ><div class='q_elements_item' data-600-768='0 0px 0 0px' data-480-600='0 0px 0 0px' data-480='0 0px 0 0px' data-animation='no' data-item-class='q_elements_holder_custom_792173'><div class='q_elements_item_inner'><div class='q_elements_item_content q_elements_holder_custom_792173' style='padding:0px 9px 0 9px'>\n\t<div class=\"wpb_single_image wpb_content_element vc_align_left\">\n\t\t<div class=\"wpb_wrapper\">\n\t\t\t\n\t\t\t<div class=\"vc_single_image-wrapper   vc_box_border_grey\"><img loading=\"lazy\" decoding=\"async\" width=\"800\" height=\"523\" src=\"https:\/\/tarentaise-cheminees.fr\/wp-content\/uploads\/2020\/10\/FUORA.jpg\" class=\"vc_single_image-img attachment-full\" alt=\"\" srcset=\"https:\/\/tarentaise-cheminees.fr\/wp-content\/uploads\/2020\/10\/FUORA.jpg 800w, https:\/\/tarentaise-cheminees.fr\/wp-content\/uploads\/2020\/10\/FUORA-300x196.jpg 300w, https:\/\/tarentaise-cheminees.fr\/wp-content\/uploads\/2020\/10\/FUORA-768x502.jpg 768w, https:\/\/tarentaise-cheminees.fr\/wp-content\/uploads\/2020\/10\/FUORA-700x458.jpg 700w\" sizes=\"auto, (max-width: 800px) 100vw, 800px\" \/><\/div>\n\t\t<\/div>\n\t<\/div>\n<\/div><\/div><\/div><\/div><\/div><\/div><\/div><div class=\"wpb_column vc_column_container vc_col-sm-12 vc_col-md-5\"><div class=\"vc_column-inner\"><div class=\"wpb_wrapper\"><div class='q_elements_holder one_column responsive_mode_from_768' ><div class='q_elements_item' data-1024-1280='72px 40px 0 0' data-768-1024='35px 40px 0 0' data-600-768='60px 40px 0px 0' data-animation='no' data-item-class='q_elements_holder_custom_454613'><div class='q_elements_item_inner'><div class='q_elements_item_content q_elements_holder_custom_454613' style='padding:20px 40px 0 8px'>\n\t<div class=\"wpb_text_column wpb_content_element\">\n\t\t<div class=\"wpb_wrapper\">\n\t\t\t<h2>&quot;FUORA&quot; DE SPARTERM<\/h2>\n\n\t\t<\/div> \n\t<\/div> <div class=\"separator  small left\" style=\"margin-top: 28px;margin-bottom: 38px;background-color: #c7a082;height: 1px;width: 63px;\"><\/div>\n\n\t<div class=\"wpb_text_column wpb_content_element\">\n\t\t<div class=\"wpb_wrapper\">\n\t\t\t<p>Desfrute de uma lareira magn\u00edfica em qualquer oportunidade com o fog\u00e3o Fuora. Esta elegante lareira de jardim d\u00e1 ao seu jardim ou p\u00e1tio um visual estiloso. Seja em jardins, terra\u00e7os ou restaurantes, seus amigos e convidados desfrutar\u00e3o de uma aconchegante partida de fogo nas noites frias de inverno ou nas noites quentes de ver\u00e3o.<\/p>\n\n\t\t<\/div> \n\t<\/div> \t<div class=\"vc_empty_space\"  style=\"height: 32px\" ><span\n\t\t\tclass=\"vc_empty_space_inner\">\n\t\t\t<span class=\"empty_space_image\"  ><\/span>\n\t\t<\/span><\/div>\n\n<a  itemprop=\"url\" href=\"https:\/\/www.spartherm.com\/fr\/produits\/outdoor-fuora\/\" target=\"_blank\"  class=\"qbutton  default\" style=\"\">Descubra a gama<\/a><\/div><\/div><\/div><\/div><\/div><\/div><\/div><\/div><\/div><\/div><section      data-speed=\"1\" class=\"parallax_section_holder\" style = \" height:px; background-image:url('https:\/\/tarentaise-cheminees.fr\/wp-content\/uploads\/2020\/09\/BANDEAU-DEVIS-scaled.jpg');\"><div class=\"parallax_content center\"><div class='parallax_section_inner_margin clearfix'><div class=\"wpb_column vc_column_container vc_col-sm-12\"><div class=\"vc_column-inner\"><div class=\"wpb_wrapper\"><div class='q_elements_holder one_column responsive_mode_from_768' ><div class='q_elements_item' data-480-600='184px 0% 168px 0%' data-480='184px 0% 168px 0%' data-animation='no' data-item-class='q_elements_holder_custom_300220'><div class='q_elements_item_inner'><div class='q_elements_item_content q_elements_holder_custom_300220' style='padding:184px 8% 168px 8%'>\n\t<div class=\"wpb_text_column wpb_content_element\">\n\t\t<div class=\"wpb_wrapper\">\n\t\t\t<h1><span style=\"color: #ffffff;\">Obter uma cota\u00e7\u00e3o<\/span><\/h1>\n\n\t\t<\/div> \n\t<\/div> <div class=\"separator  small center\" style=\"margin-top: 25px;margin-bottom: 34px;background-color: #c7a082;height: 1px;width: 63px;\"><\/div>\n\n\t<div class=\"wpb_text_column wpb_content_element\">\n\t\t<div class=\"wpb_wrapper\">\n\t\t\t<h5><span style=\"color: #eae9e9;\">Um projeto, um desejo? Entre em contato conosco para um or\u00e7amento gratuito. Quentin ficar\u00e1 feliz em ir at\u00e9 sua casa para verificar a viabilidade do seu projeto e fornecer solu\u00e7\u00f5es t\u00e9cnicas e de design. N\u00f3s cuidamos da sua instala\u00e7\u00e3o de A a Z. Um \u00fanico contato para mais tranquilidade.<\/span><\/h5>\n<p>&nbsp;<\/p>\n<h3><span style=\"color: #ffffff;\"><a style=\"color: #ffffff;\" href=\"telefone:0479070419\"><span style=\"color: #c7a082;\">LIGUE PARA N\u00d3S<\/span><\/a><span style=\"color: #c7a082;\"> ouro <\/span><\/span><span style=\"color: #c7a082;\"><a style=\"color: #c7a082;\" href=\"https:\/\/tarentaise-cheminees.fr\/pt\/contact\/\">ESCREVA PARA N\u00d3S<\/a><\/span><\/h3>\n\n\t\t<\/div> \n\t<\/div> \t<div class=\"vc_empty_space\"  style=\"height: 35px\" ><span\n\t\t\tclass=\"vc_empty_space_inner\">\n\t\t\t<span class=\"empty_space_image\"  ><\/span>\n\t\t<\/span><\/div>\n\n<\/div><\/div><\/div><\/div><\/div><\/div><\/div><\/div><\/div><\/section>","protected":false},"excerpt":{"rendered":"Al Fresco Bioethanol, wood or gas fireplaces offer incredible charm to your exterior, in all seasons. Our partner brands below with very different styles should meet your need for softness by your pool or around your table. We will be able to guide you as...","protected":false},"author":2,"featured_media":0,"parent":0,"menu_order":0,"comment_status":"closed","ping_status":"closed","template":"full_width.php","meta":{"footnotes":""},"class_list":["post-871","page","type-page","status-publish","hentry"],"yoast_head":"<!-- This site is optimized with the Yoast SEO plugin v26.9 - https:\/\/yoast.com\/product\/yoast-seo-wordpress\/ -->\n<title>Outdoor fireplaces - Tarentaise Chemin\u00e9es - Finoptim - Ebios Fire.<\/title>\n<meta name=\"description\" content=\"Outdoor fireplaces offer warmth and charm to your exterior whether it is in your garden or by your pool with friends or family.\" \/>\n<meta name=\"robots\" content=\"index, follow, max-snippet:-1, max-image-preview:large, max-video-preview:-1\" \/>\n<link rel=\"canonical\" href=\"https:\/\/tarentaise-cheminees.fr\/pt\/lareiras-ao-ar-livre\/\" \/>\n<meta property=\"og:locale\" content=\"pt_PT\" \/>\n<meta property=\"og:type\" content=\"article\" \/>\n<meta property=\"og:title\" content=\"Outdoor fireplaces - Tarentaise Chemin\u00e9es - Finoptim - Ebios Fire.\" \/>\n<meta property=\"og:description\" content=\"Outdoor fireplaces offer warmth and charm to your exterior whether it is in your garden or by your pool with friends or family.\" \/>\n<meta property=\"og:url\" content=\"https:\/\/tarentaise-cheminees.fr\/pt\/lareiras-ao-ar-livre\/\" \/>\n<meta property=\"og:site_name\" content=\"Tarentaise Chemin\u00e9es\" \/>\n<meta property=\"article:modified_time\" content=\"2025-04-04T11:56:38+00:00\" \/>\n<meta name=\"twitter:card\" content=\"summary_large_image\" \/>\n<meta name=\"twitter:label1\" content=\"Tempo estimado de leitura\" \/>\n\t<meta name=\"twitter:data1\" content=\"5 minutos\" \/>\n<script type=\"application\/ld+json\" class=\"yoast-schema-graph\">{\"@context\":\"https:\/\/schema.org\",\"@graph\":[{\"@type\":\"WebPage\",\"@id\":\"https:\/\/tarentaise-cheminees.fr\/en\/outdoor-fireplaces\/\",\"url\":\"https:\/\/tarentaise-cheminees.fr\/en\/outdoor-fireplaces\/\",\"name\":\"Outdoor fireplaces - Tarentaise Chemin\u00e9es - Finoptim - Ebios Fire.\",\"isPartOf\":{\"@id\":\"https:\/\/tarentaise-cheminees.fr\/#website\"},\"datePublished\":\"2020-11-16T15:16:44+00:00\",\"dateModified\":\"2025-04-04T11:56:38+00:00\",\"description\":\"Outdoor fireplaces offer warmth and charm to your exterior whether it is in your garden or by your pool with friends or family.\",\"breadcrumb\":{\"@id\":\"https:\/\/tarentaise-cheminees.fr\/en\/outdoor-fireplaces\/#breadcrumb\"},\"inLanguage\":\"pt-PT\",\"potentialAction\":[{\"@type\":\"ReadAction\",\"target\":[\"https:\/\/tarentaise-cheminees.fr\/en\/outdoor-fireplaces\/\"]}]},{\"@type\":\"BreadcrumbList\",\"@id\":\"https:\/\/tarentaise-cheminees.fr\/en\/outdoor-fireplaces\/#breadcrumb\",\"itemListElement\":[{\"@type\":\"ListItem\",\"position\":1,\"name\":\"Accueil\",\"item\":\"https:\/\/tarentaise-cheminees.fr\/\"},{\"@type\":\"ListItem\",\"position\":2,\"name\":\"Outdoor\"}]},{\"@type\":\"WebSite\",\"@id\":\"https:\/\/tarentaise-cheminees.fr\/#website\",\"url\":\"https:\/\/tarentaise-cheminees.fr\/\",\"name\":\"Tarentaise Chemin\u00e9es\",\"description\":\"Le sp\u00e9cialiste de la chemin\u00e9e\",\"potentialAction\":[{\"@type\":\"SearchAction\",\"target\":{\"@type\":\"EntryPoint\",\"urlTemplate\":\"https:\/\/tarentaise-cheminees.fr\/?s={search_term_string}\"},\"query-input\":{\"@type\":\"PropertyValueSpecification\",\"valueRequired\":true,\"valueName\":\"search_term_string\"}}],\"inLanguage\":\"pt-PT\"}]}<\/script>\n<!-- \/ Yoast SEO plugin. -->","yoast_head_json":{"title":"Lareiras para exterior - Tarentaise Chemin\u00e9es - Finoptim - Ebios Fire.","description":"Lareiras externas oferecem calor e charme ao seu ambiente externo, seja no seu jardim ou na piscina com amigos ou familiares.","robots":{"index":"index","follow":"follow","max-snippet":"max-snippet:-1","max-image-preview":"max-image-preview:large","max-video-preview":"max-video-preview:-1"},"canonical":"https:\/\/tarentaise-cheminees.fr\/pt\/lareiras-ao-ar-livre\/","og_locale":"pt_PT","og_type":"article","og_title":"Outdoor fireplaces - Tarentaise Chemin\u00e9es - Finoptim - Ebios Fire.","og_description":"Outdoor fireplaces offer warmth and charm to your exterior whether it is in your garden or by your pool with friends or family.","og_url":"https:\/\/tarentaise-cheminees.fr\/pt\/lareiras-ao-ar-livre\/","og_site_name":"Tarentaise Chemin\u00e9es","article_modified_time":"2025-04-04T11:56:38+00:00","twitter_card":"summary_large_image","twitter_misc":{"Tempo estimado de leitura":"5 minutos"},"schema":{"@context":"https:\/\/schema.org","@graph":[{"@type":"WebPage","@id":"https:\/\/tarentaise-cheminees.fr\/en\/outdoor-fireplaces\/","url":"https:\/\/tarentaise-cheminees.fr\/en\/outdoor-fireplaces\/","name":"Lareiras para exterior - Tarentaise Chemin\u00e9es - Finoptim - Ebios Fire.","isPartOf":{"@id":"https:\/\/tarentaise-cheminees.fr\/#website"},"datePublished":"2020-11-16T15:16:44+00:00","dateModified":"2025-04-04T11:56:38+00:00","description":"Lareiras externas oferecem calor e charme ao seu ambiente externo, seja no seu jardim ou na piscina com amigos ou familiares.","breadcrumb":{"@id":"https:\/\/tarentaise-cheminees.fr\/en\/outdoor-fireplaces\/#breadcrumb"},"inLanguage":"pt-PT","potentialAction":[{"@type":"ReadAction","target":["https:\/\/tarentaise-cheminees.fr\/en\/outdoor-fireplaces\/"]}]},{"@type":"BreadcrumbList","@id":"https:\/\/tarentaise-cheminees.fr\/en\/outdoor-fireplaces\/#breadcrumb","itemListElement":[{"@type":"ListItem","position":1,"name":"Accueil","item":"https:\/\/tarentaise-cheminees.fr\/"},{"@type":"ListItem","position":2,"name":"Outdoor"}]},{"@type":"WebSite","@id":"https:\/\/tarentaise-cheminees.fr\/#website","url":"https:\/\/tarentaise-cheminees.fr\/","name":"Tarentaise Chemin\u00e9es","description":"O especialista em lareiras","potentialAction":[{"@type":"SearchAction","target":{"@type":"EntryPoint","urlTemplate":"https:\/\/tarentaise-cheminees.fr\/?s={search_term_string}"},"query-input":{"@type":"PropertyValueSpecification","valueRequired":true,"valueName":"search_term_string"}}],"inLanguage":"pt-PT"}]}},"_links":{"self":[{"href":"https:\/\/tarentaise-cheminees.fr\/pt\/wp-json\/wp\/v2\/pages\/871","targetHints":{"allow":["GET"]}}],"collection":[{"href":"https:\/\/tarentaise-cheminees.fr\/pt\/wp-json\/wp\/v2\/pages"}],"about":[{"href":"https:\/\/tarentaise-cheminees.fr\/pt\/wp-json\/wp\/v2\/types\/page"}],"author":[{"embeddable":true,"href":"https:\/\/tarentaise-cheminees.fr\/pt\/wp-json\/wp\/v2\/users\/2"}],"replies":[{"embeddable":true,"href":"https:\/\/tarentaise-cheminees.fr\/pt\/wp-json\/wp\/v2\/comments?post=871"}],"version-history":[{"count":4,"href":"https:\/\/tarentaise-cheminees.fr\/pt\/wp-json\/wp\/v2\/pages\/871\/revisions"}],"predecessor-version":[{"id":875,"href":"https:\/\/tarentaise-cheminees.fr\/pt\/wp-json\/wp\/v2\/pages\/871\/revisions\/875"}],"wp:attachment":[{"href":"https:\/\/tarentaise-cheminees.fr\/pt\/wp-json\/wp\/v2\/media?parent=871"}],"curies":[{"name":"wp","href":"https:\/\/api.w.org\/{rel}","templated":true}]}}