{"id":866,"date":"2020-11-16T15:25:04","date_gmt":"2020-11-16T14:25:04","guid":{"rendered":"https:\/\/tarentaise-cheminees.fr\/?page_id=866"},"modified":"2025-04-04T13:55:37","modified_gmt":"2025-04-04T11:55:37","slug":"lareiras-eletricas-e-a-etanol","status":"publish","type":"page","link":"https:\/\/tarentaise-cheminees.fr\/pt\/lareiras-eletricas-e-a-etanol\/","title":{"rendered":"Eletricidade e etanol"},"content":{"rendered":"<section      data-speed=\"1\" class=\"parallax_section_holder\" style = \" height:px; background-image:url('https:\/\/tarentaise-cheminees.fr\/wp-content\/uploads\/2020\/09\/BANDEAU-DEVIS-scaled.jpg');\"><div class=\"parallax_content center\"><div class='parallax_section_inner_margin clearfix'><div class=\"wpb_column vc_column_container vc_col-sm-12\"><div class=\"vc_column-inner\"><div class=\"wpb_wrapper\"><div class='q_elements_holder one_column responsive_mode_from_768' ><div class='q_elements_item' data-480-600='184px 0% 168px 0%' data-480='184px 0% 168px 0%' data-animation='no' data-item-class='q_elements_holder_custom_805181'><div class='q_elements_item_inner'><div class='q_elements_item_content q_elements_holder_custom_805181' style='padding:184px 8% 168px 8%'>\n\t<div class=\"wpb_text_column wpb_content_element\">\n\t\t<div class=\"wpb_wrapper\">\n\t\t\t<h2><span style=\"color: #ffffff;\">O QUE ESCOLHER<\/span><\/h2>\n\n\t\t<\/div> \n\t<\/div> <div class=\"separator  small center\" style=\"margin-top: 25px;margin-bottom: 34px;background-color: #c7a082;height: 1px;width: 63px;\"><\/div>\n\n\t<div class=\"wpb_text_column wpb_content_element\">\n\t\t<div class=\"wpb_wrapper\">\n\t\t\t<h3><span style=\"color: #ffffff;\">A lareira el\u00e9trica<\/span><\/h3>\n<h5 id=\"tw-target-text\" class=\"tw-data-text tw-text-large XcVN5d tw-ta\" dir=\"ltr\" data-placeholder=\"Traduction\"><span lang=\"en\" style=\"font-family: Helvetica; font-size: 14pt; color: #ffffff;\">Se gostamos tanto de lareiras el\u00e9tricas, \u00e9 porque s\u00e3o f\u00e1ceis de instalar, podem gerar calor ou n\u00e3o. Eles s\u00e3o baratos de operar e n\u00e3o h\u00e1 necessidade de lidar com fuma\u00e7a, fuligem e cinzas. Voc\u00ea nem precisa de isqueiro ou combust\u00edvel, ent\u00e3o n\u00e3o h\u00e1 chamas reais; o que significa que n\u00e3o h\u00e1 perigo real. Se voc\u00ea tem filhos ou animais de estima\u00e7\u00e3o, considere comprar uma lareira el\u00e9trica cujo vidro permanece frio ao toque quando em uso.<\/span><\/h5>\n<pre id=\"tw-target-text\" class=\"tw-data-text tw-text-large XcVN5d tw-ta\" dir=\"ltr\" data-placeholder=\"Traduction\"><\/pre>\n\n\t\t<\/div> \n\t<\/div> \t<div class=\"vc_empty_space\"  style=\"height: 35px\" ><span\n\t\t\tclass=\"vc_empty_space_inner\">\n\t\t\t<span class=\"empty_space_image\"  ><\/span>\n\t\t<\/span><\/div>\n\n\n\t<div class=\"wpb_text_column wpb_content_element\">\n\t\t<div class=\"wpb_wrapper\">\n\t\t\t<h3><span style=\"color: #ffffff;\">Lareiras a etanol<\/span><\/h3>\n<h5 id=\"tw-target-text\" class=\"tw-data-text tw-text-large XcVN5d tw-ta\" dir=\"ltr\" data-placeholder=\"Traduction\"><span lang=\"en\" style=\"font-family: Helvetica; font-size: 14pt; color: #ffffff;\">Eles tamb\u00e9m n\u00e3o precisam de chamin\u00e9! Como instalar uma lareira \u00e9 mais caro e exige muito trabalho e experi\u00eancia, muitos propriet\u00e1rios optam por uma lareira a etanol. O etanol utilizado n\u00e3o emite fuma\u00e7a e n\u00e3o produz cinzas. As chamas s\u00e3o limpas, ent\u00e3o n\u00e3o h\u00e1 necessidade de vento. N\u00e3o emite nenhuma part\u00edcula perigosa. As emiss\u00f5es s\u00e3o compostas de \u00e1gua, calor e uma pequena quantidade de di\u00f3xido de carbono. A quantidade de di\u00f3xido de carbono produzida \u00e9 segura e \u00e9 semelhante \u00e0 produzida por 2 velas. Este m\u00e9todo \u00e9 muito ecol\u00f3gico, porque o di\u00f3xido de carbono \u00e9 liberado no ambiente e usado pelas plantas para a fotoss\u00edntese.<\/span><\/h5>\n\n\t\t<\/div> \n\t<\/div> \t<div class=\"vc_empty_space\"  style=\"height: 35px\" ><span\n\t\t\tclass=\"vc_empty_space_inner\">\n\t\t\t<span class=\"empty_space_image\"  ><\/span>\n\t\t<\/span><\/div>\n\n\n\t<div class=\"wpb_text_column wpb_content_element\">\n\t\t<div class=\"wpb_wrapper\">\n\t\t\t<h4><span style=\"color: #ffffff;\">A etanol ou el\u00e9trico, deixe-se seduzir por uma destas duas tecnologias que v\u00e3o trazer um verdadeiro plus ao seu interior em termos de decora\u00e7\u00e3o ou aconchego.<\/span><\/h4>\n\n\t\t<\/div> \n\t<\/div> \t<div class=\"vc_empty_space\"  style=\"height: 35px\" ><span\n\t\t\tclass=\"vc_empty_space_inner\">\n\t\t\t<span class=\"empty_space_image\"  ><\/span>\n\t\t<\/span><\/div>\n\n<\/div><\/div><\/div><\/div><\/div><\/div><\/div><\/div><\/div><\/section><div      class=\"vc_row wpb_row section vc_row-fluid  grid_section\" style=' padding-top:84px; padding-bottom:130px; text-align:left;'><div class=\"section_inner clearfix\"><div class='section_inner_margin clearfix'><div class=\"wpb_column vc_column_container vc_col-sm-12 vc_col-md-7\"><div class=\"vc_column-inner\"><div class=\"wpb_wrapper\"><div class='q_elements_holder one_column responsive_mode_from_768' ><div class='q_elements_item' data-600-768='0 0px 0 0px' data-480-600='0 0px 0 0px' data-480='0 0px 0 0px' data-animation='no' data-item-class='q_elements_holder_custom_613972'><div class='q_elements_item_inner'><div class='q_elements_item_content q_elements_holder_custom_613972' style='padding:0px 9px 0 9px'>\n\t<div class=\"wpb_single_image wpb_content_element vc_align_left\">\n\t\t<div class=\"wpb_wrapper\">\n\t\t\t\n\t\t\t<div class=\"vc_single_image-wrapper   vc_box_border_grey\"><img loading=\"lazy\" decoding=\"async\" width=\"800\" height=\"523\" src=\"https:\/\/tarentaise-cheminees.fr\/wp-content\/uploads\/2020\/09\/PHOTO-STOVAX-GAZCO.jpg\" class=\"vc_single_image-img attachment-full\" alt=\"\" srcset=\"https:\/\/tarentaise-cheminees.fr\/wp-content\/uploads\/2020\/09\/PHOTO-STOVAX-GAZCO.jpg 800w, https:\/\/tarentaise-cheminees.fr\/wp-content\/uploads\/2020\/09\/PHOTO-STOVAX-GAZCO-300x196.jpg 300w, https:\/\/tarentaise-cheminees.fr\/wp-content\/uploads\/2020\/09\/PHOTO-STOVAX-GAZCO-768x502.jpg 768w, https:\/\/tarentaise-cheminees.fr\/wp-content\/uploads\/2020\/09\/PHOTO-STOVAX-GAZCO-700x458.jpg 700w\" sizes=\"auto, (max-width: 800px) 100vw, 800px\" \/><\/div>\n\t\t<\/div>\n\t<\/div>\n<\/div><\/div><\/div><\/div><\/div><\/div><\/div><div class=\"wpb_column vc_column_container vc_col-sm-12 vc_col-md-5\"><div class=\"vc_column-inner\"><div class=\"wpb_wrapper\"><div class='q_elements_holder one_column responsive_mode_from_768' ><div class='q_elements_item' data-1024-1280='72px 40px 0 0' data-768-1024='35px 40px 0 0' data-600-768='60px 40px 0px 0' data-animation='no' data-item-class='q_elements_holder_custom_624681'><div class='q_elements_item_inner'><div class='q_elements_item_content q_elements_holder_custom_624681' style='padding:20px 40px 0 8px'>\n\t<div class=\"wpb_text_column wpb_content_element\">\n\t\t<div class=\"wpb_wrapper\">\n\t\t\t<h2>STOVAX &amp; GAZCO<\/h2>\n<h3>EL\u00c9TRICO<\/h3>\n\n\t\t<\/div> \n\t<\/div> <div class=\"separator  small left\" style=\"margin-top: 28px;margin-bottom: 38px;background-color: #c7a082;height: 1px;width: 63px;\"><\/div>\n\n\t<div class=\"wpb_text_column wpb_content_element\">\n\t\t<div class=\"wpb_wrapper\">\n\t\t\t<p>A Stovax &amp; Gazco fabrica fog\u00f5es e inser\u00e7\u00f5es a lenha, multicombust\u00edveis, a g\u00e1s e el\u00e9tricos. O Stovax Group \u00e9 o maior fabricante de fog\u00f5es e lareiras do Reino Unido e tem uma ampla gama de produtos de estilo contempor\u00e2neo e tradicional para atender \u00e0s necessidades e gostos individuais.<\/p>\n\n\t\t<\/div> \n\t<\/div> \t<div class=\"vc_empty_space\"  style=\"height: 32px\" ><span\n\t\t\tclass=\"vc_empty_space_inner\">\n\t\t\t<span class=\"empty_space_image\"  ><\/span>\n\t\t<\/span><\/div>\n\n<a  itemprop=\"url\" href=\"https:\/\/www.stovax.fr\/produits\/electrique\/poeles\/\" target=\"_blank\"  class=\"qbutton  default\" style=\"\">Descubra a gama<\/a><\/div><\/div><\/div><\/div><\/div><\/div><\/div><\/div><\/div><\/div><section      data-speed=\"1\" class=\"parallax_section_holder\" style = \" height:px; background-image:url('https:\/\/tarentaise-cheminees.fr\/wp-content\/uploads\/2020\/09\/BANDEAU-DEVIS-scaled.jpg');\"><div class=\"parallax_content center\"><div class='parallax_section_inner_margin clearfix'><div class=\"wpb_column vc_column_container vc_col-sm-12\"><div class=\"vc_column-inner\"><div class=\"wpb_wrapper\"><div class='q_elements_holder one_column responsive_mode_from_768' ><div class='q_elements_item' data-480-600='184px 0% 168px 0%' data-480='184px 0% 168px 0%' data-animation='no' data-item-class='q_elements_holder_custom_159800'><div class='q_elements_item_inner'><div class='q_elements_item_content q_elements_holder_custom_159800' style='padding:184px 8% 168px 8%'>\n\t<div class=\"wpb_text_column wpb_content_element\">\n\t\t<div class=\"wpb_wrapper\">\n\t\t\t<h1><span style=\"color: #ffffff;\">Obter uma cota\u00e7\u00e3o<\/span><\/h1>\n\n\t\t<\/div> \n\t<\/div> <div class=\"separator  small center\" style=\"margin-top: 25px;margin-bottom: 34px;background-color: #c7a082;height: 1px;width: 63px;\"><\/div>\n\n\t<div class=\"wpb_text_column wpb_content_element\">\n\t\t<div class=\"wpb_wrapper\">\n\t\t\t<h5 id=\"tw-target-text\" class=\"tw-data-text tw-text-large XcVN5d tw-ta\" dir=\"ltr\" data-placeholder=\"Traduction\"><span lang=\"en\" style=\"color: #eae9e9;\">Um projeto, um desejo? Entre em contato conosco para um or\u00e7amento gratuito. Quentin ficar\u00e1 feliz em ir at\u00e9 sua casa para verificar a viabilidade do seu projeto e fornecer solu\u00e7\u00f5es t\u00e9cnicas e de design. N\u00f3s cuidamos da sua instala\u00e7\u00e3o de A a Z. Um \u00fanico contato para mais tranquilidade.<\/span><\/h5>\n<p>&nbsp;<\/p>\n<h3><span style=\"color: #ffffff;\"><a style=\"color: #ffffff;\" href=\"telefone:0479070419\"><span style=\"color: #c7a082;\">LIGUE PARA N\u00d3S<\/span><\/a><span style=\"color: #c7a082;\"> ouro <\/span><\/span><span style=\"color: #c7a082;\"><a style=\"color: #c7a082;\" href=\"https:\/\/tarentaise-cheminees.fr\/pt\/contact\/\">ESCREVA PARA N\u00d3S<\/a><\/span><\/h3>\n\n\t\t<\/div> \n\t<\/div> \t<div class=\"vc_empty_space\"  style=\"height: 35px\" ><span\n\t\t\tclass=\"vc_empty_space_inner\">\n\t\t\t<span class=\"empty_space_image\"  ><\/span>\n\t\t<\/span><\/div>\n\n<\/div><\/div><\/div><\/div><\/div><\/div><\/div><\/div><\/div><\/section>","protected":false},"excerpt":{"rendered":"WHAT TO CHOOSE The electric fireplace If we like electric fireplaces so much, it is because they are easy to install, they may or may not generate heat. They are inexpensive to operate and with them there is no need to deal with smoke, soot...","protected":false},"author":2,"featured_media":0,"parent":0,"menu_order":0,"comment_status":"closed","ping_status":"closed","template":"full_width.php","meta":{"footnotes":""},"class_list":["post-866","page","type-page","status-publish","hentry"],"yoast_head":"<!-- This site is optimized with the Yoast SEO plugin v26.9 - https:\/\/yoast.com\/product\/yoast-seo-wordpress\/ -->\n<title>Electric and ethanol fireplaces - Tarentaise Chemin\u00e9es in Aime La Plagne.<\/title>\n<meta name=\"description\" content=\"We help you choose the technology you need according to your needs. Discover the advantages of electric and ethanol fireplaces.\" \/>\n<meta name=\"robots\" content=\"index, follow, max-snippet:-1, max-image-preview:large, max-video-preview:-1\" \/>\n<link rel=\"canonical\" href=\"https:\/\/tarentaise-cheminees.fr\/pt\/eletrico-e-etanol\/\" \/>\n<meta property=\"og:locale\" content=\"pt_PT\" \/>\n<meta property=\"og:type\" content=\"article\" \/>\n<meta property=\"og:title\" content=\"Electric and ethanol fireplaces - Tarentaise Chemin\u00e9es in Aime La Plagne.\" \/>\n<meta property=\"og:description\" content=\"We help you choose the technology you need according to your needs. Discover the advantages of electric and ethanol fireplaces.\" \/>\n<meta property=\"og:url\" content=\"https:\/\/tarentaise-cheminees.fr\/pt\/eletrico-e-etanol\/\" \/>\n<meta property=\"og:site_name\" content=\"Tarentaise Chemin\u00e9es\" \/>\n<meta property=\"article:modified_time\" content=\"2025-04-04T11:55:37+00:00\" \/>\n<meta name=\"twitter:card\" content=\"summary_large_image\" \/>\n<meta name=\"twitter:label1\" content=\"Tempo estimado de leitura\" \/>\n\t<meta name=\"twitter:data1\" content=\"4 minutos\" \/>\n<script type=\"application\/ld+json\" class=\"yoast-schema-graph\">{\"@context\":\"https:\/\/schema.org\",\"@graph\":[{\"@type\":\"WebPage\",\"@id\":\"https:\/\/tarentaise-cheminees.fr\/en\/electric-and-ethanol-fireplaces\/\",\"url\":\"https:\/\/tarentaise-cheminees.fr\/en\/electric-and-ethanol-fireplaces\/\",\"name\":\"Electric and ethanol fireplaces - Tarentaise Chemin\u00e9es in Aime La Plagne.\",\"isPartOf\":{\"@id\":\"https:\/\/tarentaise-cheminees.fr\/#website\"},\"datePublished\":\"2020-11-16T14:25:04+00:00\",\"dateModified\":\"2025-04-04T11:55:37+00:00\",\"description\":\"We help you choose the technology you need according to your needs. Discover the advantages of electric and ethanol fireplaces.\",\"breadcrumb\":{\"@id\":\"https:\/\/tarentaise-cheminees.fr\/en\/electric-and-ethanol-fireplaces\/#breadcrumb\"},\"inLanguage\":\"pt-PT\",\"potentialAction\":[{\"@type\":\"ReadAction\",\"target\":[\"https:\/\/tarentaise-cheminees.fr\/en\/electric-and-ethanol-fireplaces\/\"]}]},{\"@type\":\"BreadcrumbList\",\"@id\":\"https:\/\/tarentaise-cheminees.fr\/en\/electric-and-ethanol-fireplaces\/#breadcrumb\",\"itemListElement\":[{\"@type\":\"ListItem\",\"position\":1,\"name\":\"Accueil\",\"item\":\"https:\/\/tarentaise-cheminees.fr\/\"},{\"@type\":\"ListItem\",\"position\":2,\"name\":\"Electric and ethanol\"}]},{\"@type\":\"WebSite\",\"@id\":\"https:\/\/tarentaise-cheminees.fr\/#website\",\"url\":\"https:\/\/tarentaise-cheminees.fr\/\",\"name\":\"Tarentaise Chemin\u00e9es\",\"description\":\"Le sp\u00e9cialiste de la chemin\u00e9e\",\"potentialAction\":[{\"@type\":\"SearchAction\",\"target\":{\"@type\":\"EntryPoint\",\"urlTemplate\":\"https:\/\/tarentaise-cheminees.fr\/?s={search_term_string}\"},\"query-input\":{\"@type\":\"PropertyValueSpecification\",\"valueRequired\":true,\"valueName\":\"search_term_string\"}}],\"inLanguage\":\"pt-PT\"}]}<\/script>\n<!-- \/ Yoast SEO plugin. -->","yoast_head_json":{"title":"Lareiras el\u00e9tricas e a etanol - Tarentaise Chemin\u00e9es em Aime La Plagne.","description":"Ajudamos voc\u00ea a escolher a tecnologia necess\u00e1ria de acordo com suas necessidades. Descubra as vantagens das lareiras el\u00e9tricas e a etanol.","robots":{"index":"index","follow":"follow","max-snippet":"max-snippet:-1","max-image-preview":"max-image-preview:large","max-video-preview":"max-video-preview:-1"},"canonical":"https:\/\/tarentaise-cheminees.fr\/pt\/eletrico-e-etanol\/","og_locale":"pt_PT","og_type":"article","og_title":"Electric and ethanol fireplaces - Tarentaise Chemin\u00e9es in Aime La Plagne.","og_description":"We help you choose the technology you need according to your needs. Discover the advantages of electric and ethanol fireplaces.","og_url":"https:\/\/tarentaise-cheminees.fr\/pt\/eletrico-e-etanol\/","og_site_name":"Tarentaise Chemin\u00e9es","article_modified_time":"2025-04-04T11:55:37+00:00","twitter_card":"summary_large_image","twitter_misc":{"Tempo estimado de leitura":"4 minutos"},"schema":{"@context":"https:\/\/schema.org","@graph":[{"@type":"WebPage","@id":"https:\/\/tarentaise-cheminees.fr\/en\/electric-and-ethanol-fireplaces\/","url":"https:\/\/tarentaise-cheminees.fr\/en\/electric-and-ethanol-fireplaces\/","name":"Lareiras el\u00e9tricas e a etanol - Tarentaise Chemin\u00e9es em Aime La Plagne.","isPartOf":{"@id":"https:\/\/tarentaise-cheminees.fr\/#website"},"datePublished":"2020-11-16T14:25:04+00:00","dateModified":"2025-04-04T11:55:37+00:00","description":"Ajudamos voc\u00ea a escolher a tecnologia necess\u00e1ria de acordo com suas necessidades. Descubra as vantagens das lareiras el\u00e9tricas e a etanol.","breadcrumb":{"@id":"https:\/\/tarentaise-cheminees.fr\/en\/electric-and-ethanol-fireplaces\/#breadcrumb"},"inLanguage":"pt-PT","potentialAction":[{"@type":"ReadAction","target":["https:\/\/tarentaise-cheminees.fr\/en\/electric-and-ethanol-fireplaces\/"]}]},{"@type":"BreadcrumbList","@id":"https:\/\/tarentaise-cheminees.fr\/en\/electric-and-ethanol-fireplaces\/#breadcrumb","itemListElement":[{"@type":"ListItem","position":1,"name":"Accueil","item":"https:\/\/tarentaise-cheminees.fr\/"},{"@type":"ListItem","position":2,"name":"Electric and ethanol"}]},{"@type":"WebSite","@id":"https:\/\/tarentaise-cheminees.fr\/#website","url":"https:\/\/tarentaise-cheminees.fr\/","name":"Tarentaise Chemin\u00e9es","description":"O especialista em lareiras","potentialAction":[{"@type":"SearchAction","target":{"@type":"EntryPoint","urlTemplate":"https:\/\/tarentaise-cheminees.fr\/?s={search_term_string}"},"query-input":{"@type":"PropertyValueSpecification","valueRequired":true,"valueName":"search_term_string"}}],"inLanguage":"pt-PT"}]}},"_links":{"self":[{"href":"https:\/\/tarentaise-cheminees.fr\/pt\/wp-json\/wp\/v2\/pages\/866","targetHints":{"allow":["GET"]}}],"collection":[{"href":"https:\/\/tarentaise-cheminees.fr\/pt\/wp-json\/wp\/v2\/pages"}],"about":[{"href":"https:\/\/tarentaise-cheminees.fr\/pt\/wp-json\/wp\/v2\/types\/page"}],"author":[{"embeddable":true,"href":"https:\/\/tarentaise-cheminees.fr\/pt\/wp-json\/wp\/v2\/users\/2"}],"replies":[{"embeddable":true,"href":"https:\/\/tarentaise-cheminees.fr\/pt\/wp-json\/wp\/v2\/comments?post=866"}],"version-history":[{"count":5,"href":"https:\/\/tarentaise-cheminees.fr\/pt\/wp-json\/wp\/v2\/pages\/866\/revisions"}],"predecessor-version":[{"id":9495,"href":"https:\/\/tarentaise-cheminees.fr\/pt\/wp-json\/wp\/v2\/pages\/866\/revisions\/9495"}],"wp:attachment":[{"href":"https:\/\/tarentaise-cheminees.fr\/pt\/wp-json\/wp\/v2\/media?parent=866"}],"curies":[{"name":"wp","href":"https:\/\/api.w.org\/{rel}","templated":true}]}}