{"id":477,"date":"2020-10-05T16:09:49","date_gmt":"2020-10-05T14:09:49","guid":{"rendered":"https:\/\/tarentaise-cheminees.fr\/?page_id=477"},"modified":"2025-04-03T12:10:55","modified_gmt":"2025-04-03T10:10:55","slug":"fogoes-e-grelhas","status":"publish","type":"page","link":"https:\/\/tarentaise-cheminees.fr\/pt\/fogoes-e-grelhas\/","title":{"rendered":"Fog\u00f5es e grelhas"},"content":{"rendered":"<section      data-speed=\"1\" class=\"parallax_section_holder\" style = \" height:px; background-image:url('https:\/\/tarentaise-cheminees.fr\/wp-content\/uploads\/2020\/10\/BANDEAUFEU2.jpg');\"><div class=\"parallax_content center\"><div class='parallax_section_inner_margin clearfix'><div class=\"wpb_column vc_column_container vc_col-sm-12\"><div class=\"vc_column-inner\"><div class=\"wpb_wrapper\"><div class='q_elements_holder one_column responsive_mode_from_768' ><div class='q_elements_item' data-480-600='184px 0% 168px 0%' data-480='184px 0% 168px 0%' data-animation='no' data-item-class='q_elements_holder_custom_491201'><div class='q_elements_item_inner'><div class='q_elements_item_content q_elements_holder_custom_491201' style='padding:184px 8% 168px 8%'>\n\t<div class=\"wpb_text_column wpb_content_element\">\n\t\t<div class=\"wpb_wrapper\">\n\t\t\t<h2><span style=\"color: #ffffff;\">Cozinhar em forno a lenha<\/span><\/h2>\n\n\t\t<\/div> \n\t<\/div> <div class=\"separator  small center\" style=\"margin-top: 25px;margin-bottom: 34px;background-color: #c7a082;height: 1px;width: 63px;\"><\/div>\n\n\t<div class=\"wpb_text_column wpb_content_element\">\n\t\t<div class=\"wpb_wrapper\">\n\t\t\t<h5><span style=\"color: #eae9e9; font-family: Georgia, Palatino; font-size: large;\">Os amantes da gastronomia ser\u00e3o atendidos! (n\u00e3o conseguimos evitar fazer esse trocadilho!) <\/span><\/h5>\n<h5><span style=\"color: #eae9e9; font-family: Georgia, Palatino; font-size: large;\">O <\/span><span style=\"color: #eae9e9; font-family: Georgia, Palatino; font-size: large;\">fogo de lenha \u00e9 real\u00a0<span style=\"caret-color: #eae9e9;\">m\u00e9todo<\/span>\u00a0cozinha tradicional inigual\u00e1vel. Distribui\u00e7\u00e3o de calor\u00a0<\/span><span style=\"color: #eae9e9; font-family: Georgia, Palatino; font-size: large;\">permite um cozimento cuidadoso e adiciona mais sabor aos seus pratos. <\/span><\/h5>\n<h5><span style=\"color: #eae9e9; font-family: Georgia, Palatino; font-size: large;\">Por que n\u00e3o se deliciar com uma verdadeira plancha assada em forno a lenha da Finoptim ou cozinhar seus pratos em um fog\u00e3o De Manincor?<\/span><\/h5>\n<h3><\/h3>\n\n\t\t<\/div> \n\t<\/div> \t<div class=\"vc_empty_space\"  style=\"height: 35px\" ><span\n\t\t\tclass=\"vc_empty_space_inner\">\n\t\t\t<span class=\"empty_space_image\"  ><\/span>\n\t\t<\/span><\/div>\n\n<\/div><\/div><\/div><\/div><\/div><\/div><\/div><\/div><\/div><\/section><div      class=\"vc_row wpb_row section vc_row-fluid  grid_section\" style=' padding-top:84px; padding-bottom:130px; text-align:left;'><div class=\"section_inner clearfix\"><div class='section_inner_margin clearfix'><div class=\"wpb_column vc_column_container vc_col-sm-12 vc_col-md-7\"><div class=\"vc_column-inner\"><div class=\"wpb_wrapper\"><div class='q_elements_holder one_column responsive_mode_from_768' ><div class='q_elements_item' data-600-768='0 0px 0 0px' data-480-600='0 0px 0 0px' data-480='0 0px 0 0px' data-animation='no' data-item-class='q_elements_holder_custom_378880'><div class='q_elements_item_inner'><div class='q_elements_item_content q_elements_holder_custom_378880' style='padding:0px 9px 0 9px'>\n\t<div class=\"wpb_single_image wpb_content_element vc_align_left\">\n\t\t<div class=\"wpb_wrapper\">\n\t\t\t\n\t\t\t<div class=\"vc_single_image-wrapper   vc_box_border_grey\"><img loading=\"lazy\" decoding=\"async\" width=\"800\" height=\"523\" src=\"https:\/\/tarentaise-cheminees.fr\/wp-content\/uploads\/2020\/10\/FINOPTIM-PLANCHA.jpg\" class=\"vc_single_image-img attachment-full\" alt=\"\" srcset=\"https:\/\/tarentaise-cheminees.fr\/wp-content\/uploads\/2020\/10\/FINOPTIM-PLANCHA.jpg 800w, https:\/\/tarentaise-cheminees.fr\/wp-content\/uploads\/2020\/10\/FINOPTIM-PLANCHA-300x196.jpg 300w, https:\/\/tarentaise-cheminees.fr\/wp-content\/uploads\/2020\/10\/FINOPTIM-PLANCHA-768x502.jpg 768w, https:\/\/tarentaise-cheminees.fr\/wp-content\/uploads\/2020\/10\/FINOPTIM-PLANCHA-700x458.jpg 700w\" sizes=\"auto, (max-width: 800px) 100vw, 800px\" \/><\/div>\n\t\t<\/div>\n\t<\/div>\n<\/div><\/div><\/div><\/div><\/div><\/div><\/div><div class=\"wpb_column vc_column_container vc_col-sm-12 vc_col-md-5\"><div class=\"vc_column-inner\"><div class=\"wpb_wrapper\"><div class='q_elements_holder one_column responsive_mode_from_768' ><div class='q_elements_item' data-1024-1280='72px 40px 0 0' data-768-1024='35px 40px 0 0' data-600-768='60px 40px 0px 0' data-animation='no' data-item-class='q_elements_holder_custom_889798'><div class='q_elements_item_inner'><div class='q_elements_item_content q_elements_holder_custom_889798' style='padding:25px 40px 0 8px'>\n\t<div class=\"wpb_text_column wpb_content_element\">\n\t\t<div class=\"wpb_wrapper\">\n\t\t\t<h2>FIN\u00d3PTIM<\/h2>\n\n\t\t<\/div> \n\t<\/div> <div class=\"separator  small left\" style=\"margin-top: 28px;margin-bottom: 38px;background-color: #c7a082;height: 1px;width: 63px;\"><\/div>\n\n\t<div class=\"wpb_text_column wpb_content_element\">\n\t\t<div class=\"wpb_wrapper\">\n\t\t\t<p>Diz a lenda que a centelha foi acesa junto \u00e0 lareira: o desejo de repensar o aquecimento a lenha, para preservar toda a sua nobreza, mas para criar um novo ambiente para ele, mais eficiente e refinado. Para reinventar esta arte ancestral do fogo, combinamos o conhecimento tradicional com t\u00e9cnicas de ponta. Foi assim que nasceu o inserto aberto, nossa cria\u00e7\u00e3o original, aquela que deu origem ao Finoptim. Desde ent\u00e3o, outras inova\u00e7\u00f5es surgiram. E todos eles entregam, obviamente...<\/p>\n\n\t\t<\/div> \n\t<\/div> \t<div class=\"vc_empty_space\"  style=\"height: 32px\" ><span\n\t\t\tclass=\"vc_empty_space_inner\">\n\t\t\t<span class=\"empty_space_image\"  ><\/span>\n\t\t<\/span><\/div>\n\n<a  itemprop=\"url\" href=\"https:\/\/finoptim.eu\/produits\/plancha-origine\/\" target=\"_blank\"  class=\"qbutton  default\" style=\"\">Descubra a gama<\/a><\/div><\/div><\/div><\/div><\/div><\/div><\/div><\/div><\/div><\/div><div      class=\"vc_row wpb_row section vc_row-fluid  grid_section\" style=' padding-top:84px; padding-bottom:130px; text-align:left;'><div class=\"section_inner clearfix\"><div class='section_inner_margin clearfix'><div class=\"wpb_column vc_column_container vc_col-sm-12 vc_col-md-7\"><div class=\"vc_column-inner\"><div class=\"wpb_wrapper\"><div class='q_elements_holder one_column responsive_mode_from_768' ><div class='q_elements_item' data-600-768='0 0px 0 0px' data-480-600='0 0px 0 0px' data-480='0 0px 0 0px' data-animation='no' data-item-class='q_elements_holder_custom_457344'><div class='q_elements_item_inner'><div class='q_elements_item_content q_elements_holder_custom_457344' style='padding:0px 9px 0 9px'>\n\t<div class=\"wpb_single_image wpb_content_element vc_align_left\">\n\t\t<div class=\"wpb_wrapper\">\n\t\t\t\n\t\t\t<div class=\"vc_single_image-wrapper   vc_box_border_grey\"><img loading=\"lazy\" decoding=\"async\" width=\"800\" height=\"523\" src=\"https:\/\/tarentaise-cheminees.fr\/wp-content\/uploads\/2025\/04\/manicor.jpg\" class=\"vc_single_image-img attachment-full\" alt=\"\" srcset=\"https:\/\/tarentaise-cheminees.fr\/wp-content\/uploads\/2025\/04\/manicor.jpg 800w, https:\/\/tarentaise-cheminees.fr\/wp-content\/uploads\/2025\/04\/manicor-300x196.jpg 300w, https:\/\/tarentaise-cheminees.fr\/wp-content\/uploads\/2025\/04\/manicor-768x502.jpg 768w, https:\/\/tarentaise-cheminees.fr\/wp-content\/uploads\/2025\/04\/manicor-700x458.jpg 700w\" sizes=\"auto, (max-width: 800px) 100vw, 800px\" \/><\/div>\n\t\t<\/div>\n\t<\/div>\n<\/div><\/div><\/div><\/div><\/div><\/div><\/div><div class=\"wpb_column vc_column_container vc_col-sm-12 vc_col-md-5\"><div class=\"vc_column-inner\"><div class=\"wpb_wrapper\"><div class='q_elements_holder one_column responsive_mode_from_768' ><div class='q_elements_item' data-1024-1280='72px 40px 0 0' data-768-1024='35px 40px 0 0' data-600-768='60px 40px 0px 0' data-animation='no' data-item-class='q_elements_holder_custom_841784'><div class='q_elements_item_inner'><div class='q_elements_item_content q_elements_holder_custom_841784' style='padding:20px 40px 0 8px'>\n\t<div class=\"wpb_text_column wpb_content_element\">\n\t\t<div class=\"wpb_wrapper\">\n\t\t\t<h2>DA MANINCOR<\/h2>\n\n\t\t<\/div> \n\t<\/div> <div class=\"separator  small left\" style=\"margin-top: 28px;margin-bottom: 38px;background-color: #c7a082;height: 1px;width: 63px;\"><\/div>\n\n\t<div class=\"wpb_text_column wpb_content_element\">\n\t\t<div class=\"wpb_wrapper\">\n\t\t\t<p>Fog\u00f5es a lenha, termofog\u00f5es e termoestufas Fog\u00f5es a g\u00e1s e el\u00e9tricos, monoblocos combinados a lenha e g\u00e1s e coifas: qualquer que seja o produto DeManincor que voc\u00ea escolher, garantimos a tradi\u00e7\u00e3o da cozinha italiana, na sua vers\u00e3o mais moderna.<br \/>\nConfiabilidade, aten\u00e7\u00e3o aos detalhes e artesanato s\u00e3o o resultado de mais de 180 anos de experi\u00eancia. Alto desempenho, baixo consumo, escolha de materiais de excel\u00eancia s\u00e3o os trunfos que hoje somamos \u00e0 nossa hist\u00f3ria.<\/p>\n\n\t\t<\/div> \n\t<\/div> \t<div class=\"vc_empty_space\"  style=\"height: 32px\" ><span\n\t\t\tclass=\"vc_empty_space_inner\">\n\t\t\t<span class=\"empty_space_image\"  ><\/span>\n\t\t<\/span><\/div>\n\n<a  itemprop=\"url\" href=\"http:\/\/cuisinieresabois.demanincor.com\/fr\/\" target=\"_blank\"  class=\"qbutton  default\" style=\"\">Descubra a gama<\/a><\/div><\/div><\/div><\/div><\/div><\/div><\/div><\/div><\/div><\/div><div      class=\"vc_row wpb_row section vc_row-fluid  grid_section\" style=' padding-top:84px; padding-bottom:130px; text-align:left;'><div class=\"section_inner clearfix\"><div class='section_inner_margin clearfix'><div class=\"wpb_column vc_column_container vc_col-sm-12 vc_col-md-7\"><div class=\"vc_column-inner\"><div class=\"wpb_wrapper\"><div class='q_elements_holder one_column responsive_mode_from_768' ><div class='q_elements_item' data-600-768='0 0px 0 0px' data-480-600='0 0px 0 0px' data-480='0 0px 0 0px' data-animation='no' data-item-class='q_elements_holder_custom_386648'><div class='q_elements_item_inner'><div class='q_elements_item_content q_elements_holder_custom_386648' style='padding:0px 9px 0 9px'>\n\t<div class=\"wpb_single_image wpb_content_element vc_align_left\">\n\t\t<div class=\"wpb_wrapper\">\n\t\t\t\n\t\t\t<div class=\"vc_single_image-wrapper   vc_box_border_grey\"><img loading=\"lazy\" decoding=\"async\" width=\"800\" height=\"523\" src=\"https:\/\/tarentaise-cheminees.fr\/wp-content\/uploads\/2025\/04\/nobis.jpg\" class=\"vc_single_image-img attachment-full\" alt=\"\" srcset=\"https:\/\/tarentaise-cheminees.fr\/wp-content\/uploads\/2025\/04\/nobis.jpg 800w, https:\/\/tarentaise-cheminees.fr\/wp-content\/uploads\/2025\/04\/nobis-300x196.jpg 300w, https:\/\/tarentaise-cheminees.fr\/wp-content\/uploads\/2025\/04\/nobis-768x502.jpg 768w, https:\/\/tarentaise-cheminees.fr\/wp-content\/uploads\/2025\/04\/nobis-700x458.jpg 700w\" sizes=\"auto, (max-width: 800px) 100vw, 800px\" \/><\/div>\n\t\t<\/div>\n\t<\/div>\n<\/div><\/div><\/div><\/div><\/div><\/div><\/div><div class=\"wpb_column vc_column_container vc_col-sm-12 vc_col-md-5\"><div class=\"vc_column-inner\"><div class=\"wpb_wrapper\"><div class='q_elements_holder one_column responsive_mode_from_768' ><div class='q_elements_item' data-1024-1280='72px 40px 0 0' data-768-1024='35px 40px 0 0' data-600-768='60px 40px 0px 0' data-animation='no' data-item-class='q_elements_holder_custom_360492'><div class='q_elements_item_inner'><div class='q_elements_item_content q_elements_holder_custom_360492' style='padding:20px 40px 0 8px'>\n\t<div class=\"wpb_text_column wpb_content_element\">\n\t\t<div class=\"wpb_wrapper\">\n\t\t\t<h2>NOBIS<\/h2>\n\n\t\t<\/div> \n\t<\/div> <div class=\"separator  small left\" style=\"margin-top: 28px;margin-bottom: 38px;background-color: #c7a082;height: 1px;width: 63px;\"><\/div>\n\n\t<div class=\"wpb_text_column wpb_content_element\">\n\t\t<div class=\"wpb_wrapper\">\n\t\t\t<p>Nossos fog\u00f5es\u00a0<strong>fog\u00f5es a lenha<\/strong>\u00a0combinam m\u00e9todos modernos de aquecimento com a tradi\u00e7\u00e3o dos fog\u00f5es cl\u00e1ssicos, usados para cozinhar alimentos e, ao mesmo tempo, para aquecer o ambiente.<\/p>\n<p>O cheiro da madeira se combina com os aromas liberados pelo cozimento no forno e em pratos quentes.<\/p>\n<p><strong>Nossos fog\u00f5es a lenha<\/strong>\u00a0<strong>fornos e nossos fog\u00f5es<\/strong>\u00a0tamb\u00e9m economizam madeira e reduzem emiss\u00f5es gra\u00e7as ao gerenciamento separado do ar prim\u00e1rio e secund\u00e1rio. Dessa forma, o desempenho do cozimento \u00e9 otimizado.<\/p>\n\n\t\t<\/div> \n\t<\/div> \t<div class=\"vc_empty_space\"  style=\"height: 32px\" ><span\n\t\t\tclass=\"vc_empty_space_inner\">\n\t\t\t<span class=\"empty_space_image\"  ><\/span>\n\t\t<\/span><\/div>\n\n<a  itemprop=\"url\" href=\"https:\/\/www.nobisfire.it\/fr\/gamma-prodotti\/cucine\/\" target=\"_blank\"  class=\"qbutton  default\" style=\"\">Descubra a gama<\/a><\/div><\/div><\/div><\/div><\/div><\/div><\/div><\/div><\/div><\/div><section      data-speed=\"1\" class=\"parallax_section_holder\" style = \" height:px; background-image:url('https:\/\/tarentaise-cheminees.fr\/wp-content\/uploads\/2020\/09\/BANDEAU-DEVIS-scaled.jpg');\"><div class=\"parallax_content center\"><div class='parallax_section_inner_margin clearfix'><div class=\"wpb_column vc_column_container vc_col-sm-12\"><div class=\"vc_column-inner\"><div class=\"wpb_wrapper\"><div class='q_elements_holder one_column responsive_mode_from_768' ><div class='q_elements_item' data-480-600='184px 0% 168px 0%' data-480='184px 0% 168px 0%' data-animation='no' data-item-class='q_elements_holder_custom_685514'><div class='q_elements_item_inner'><div class='q_elements_item_content q_elements_holder_custom_685514' style='padding:184px 8% 168px 8%'>\n\t<div class=\"wpb_text_column wpb_content_element\">\n\t\t<div class=\"wpb_wrapper\">\n\t\t\t<h1><span style=\"color: #ffffff;\">Obter uma cota\u00e7\u00e3o<\/span><\/h1>\n\n\t\t<\/div> \n\t<\/div> <div class=\"separator  small center\" style=\"margin-top: 25px;margin-bottom: 34px;background-color: #c7a082;height: 1px;width: 63px;\"><\/div>\n\n\t<div class=\"wpb_text_column wpb_content_element\">\n\t\t<div class=\"wpb_wrapper\">\n\t\t\t<h5><span style=\"color: #eae9e9;\">Um projeto, um desejo? Entre em contato conosco para um or\u00e7amento gratuito. Quentin ficar\u00e1 feliz em ir at\u00e9 sua casa para verificar a viabilidade do seu projeto e fornecer solu\u00e7\u00f5es t\u00e9cnicas e de design. N\u00f3s cuidamos da sua instala\u00e7\u00e3o de A a Z. Um \u00fanico ponto de contato para maior tranquilidade.<\/span><\/h5>\n<p>&nbsp;<\/p>\n<h3><span style=\"color: #ffffff;\"><a style=\"color: #ffffff;\" href=\"telefone:0479070419\"><span style=\"color: #c7a082;\">LIGUE PARA N\u00d3S<\/span><\/a><span style=\"color: #c7a082;\">\u00a0Ou <\/span><\/span><span style=\"color: #c7a082;\"><a style=\"color: #c7a082;\" href=\"https:\/\/tarentaise-cheminees.fr\/pt\/contact\/\">ESCREVA PARA N\u00d3S<\/a><\/span><\/h3>\n\n\t\t<\/div> \n\t<\/div> \t<div class=\"vc_empty_space\"  style=\"height: 35px\" ><span\n\t\t\tclass=\"vc_empty_space_inner\">\n\t\t\t<span class=\"empty_space_image\"  ><\/span>\n\t\t<\/span><\/div>\n\n<\/div><\/div><\/div><\/div><\/div><\/div><\/div><\/div><\/div><\/section>","protected":false},"excerpt":{"rendered":"La cuisine au feu de bois Les amoureux de la cuisine vont \u00eatre servis ! (nous n'avons pas pu nous emp\u00eacher de faire ce jeu de mots !) Le feu de bois est une v\u00e9ritable\u00a0m\u00e9thode\u00a0de cuisson traditionnelle in\u00e9gal\u00e9e. La r\u00e9partition de chaleur\u00a0permet une cuisson sage...","protected":false},"author":2,"featured_media":0,"parent":0,"menu_order":0,"comment_status":"closed","ping_status":"closed","template":"full_width.php","meta":{"footnotes":""},"class_list":["post-477","page","type-page","status-publish","hentry"],"yoast_head":"<!-- This site is optimized with the Yoast SEO plugin v26.9 - https:\/\/yoast.com\/product\/yoast-seo-wordpress\/ -->\n<title>Cuisini\u00e8res et planchas - Tarentaise Chemin\u00e9es - Finoptim - De Manicor<\/title>\n<meta name=\"description\" content=\"Au bois ou \u00e9lectriques, nos cuisini\u00e8res et planchas Finoptim ou De Manicor sont disponibles \u00e0 notre show-room \u00e0 Aime La Plagne.\" \/>\n<meta name=\"robots\" content=\"index, follow, max-snippet:-1, max-image-preview:large, max-video-preview:-1\" \/>\n<link rel=\"canonical\" href=\"https:\/\/tarentaise-cheminees.fr\/pt\/fogoes-e-grelhas\/\" \/>\n<meta property=\"og:locale\" content=\"pt_PT\" \/>\n<meta property=\"og:type\" content=\"article\" \/>\n<meta property=\"og:title\" content=\"Cuisini\u00e8res et planchas - Tarentaise Chemin\u00e9es - Finoptim - De Manicor\" \/>\n<meta property=\"og:description\" content=\"Au bois ou \u00e9lectriques, nos cuisini\u00e8res et planchas Finoptim ou De Manicor sont disponibles \u00e0 notre show-room \u00e0 Aime La Plagne.\" \/>\n<meta property=\"og:url\" content=\"https:\/\/tarentaise-cheminees.fr\/pt\/fogoes-e-grelhas\/\" \/>\n<meta property=\"og:site_name\" content=\"Tarentaise Chemin\u00e9es\" \/>\n<meta property=\"article:modified_time\" content=\"2025-04-03T10:10:55+00:00\" \/>\n<meta name=\"twitter:card\" content=\"summary_large_image\" \/>\n<meta name=\"twitter:label1\" content=\"Tempo estimado de leitura\" \/>\n\t<meta name=\"twitter:data1\" content=\"4 minutos\" \/>\n<script type=\"application\/ld+json\" class=\"yoast-schema-graph\">{\"@context\":\"https:\/\/schema.org\",\"@graph\":[{\"@type\":\"WebPage\",\"@id\":\"https:\/\/tarentaise-cheminees.fr\/cuisinieres-et-planchas\/\",\"url\":\"https:\/\/tarentaise-cheminees.fr\/cuisinieres-et-planchas\/\",\"name\":\"Cuisini\u00e8res et planchas - Tarentaise Chemin\u00e9es - Finoptim - De Manicor\",\"isPartOf\":{\"@id\":\"https:\/\/tarentaise-cheminees.fr\/#website\"},\"datePublished\":\"2020-10-05T14:09:49+00:00\",\"dateModified\":\"2025-04-03T10:10:55+00:00\",\"description\":\"Au bois ou \u00e9lectriques, nos cuisini\u00e8res et planchas Finoptim ou De Manicor sont disponibles \u00e0 notre show-room \u00e0 Aime La Plagne.\",\"breadcrumb\":{\"@id\":\"https:\/\/tarentaise-cheminees.fr\/cuisinieres-et-planchas\/#breadcrumb\"},\"inLanguage\":\"pt-PT\",\"potentialAction\":[{\"@type\":\"ReadAction\",\"target\":[\"https:\/\/tarentaise-cheminees.fr\/cuisinieres-et-planchas\/\"]}]},{\"@type\":\"BreadcrumbList\",\"@id\":\"https:\/\/tarentaise-cheminees.fr\/cuisinieres-et-planchas\/#breadcrumb\",\"itemListElement\":[{\"@type\":\"ListItem\",\"position\":1,\"name\":\"Accueil\",\"item\":\"https:\/\/tarentaise-cheminees.fr\/\"},{\"@type\":\"ListItem\",\"position\":2,\"name\":\"Cuisini\u00e8res et planchas\"}]},{\"@type\":\"WebSite\",\"@id\":\"https:\/\/tarentaise-cheminees.fr\/#website\",\"url\":\"https:\/\/tarentaise-cheminees.fr\/\",\"name\":\"Tarentaise Chemin\u00e9es\",\"description\":\"Le sp\u00e9cialiste de la chemin\u00e9e\",\"potentialAction\":[{\"@type\":\"SearchAction\",\"target\":{\"@type\":\"EntryPoint\",\"urlTemplate\":\"https:\/\/tarentaise-cheminees.fr\/?s={search_term_string}\"},\"query-input\":{\"@type\":\"PropertyValueSpecification\",\"valueRequired\":true,\"valueName\":\"search_term_string\"}}],\"inLanguage\":\"pt-PT\"}]}<\/script>\n<!-- \/ Yoast SEO plugin. -->","yoast_head_json":{"title":"Fog\u00f5es e planchas - Tarentaise Chemin\u00e9es - Finoptim - De Manicor","description":"Sejam a lenha ou el\u00e9tricos, nossos fog\u00f5es e chapas Finoptim ou De Manicor est\u00e3o dispon\u00edveis em nosso showroom na Aime La Plagne.","robots":{"index":"index","follow":"follow","max-snippet":"max-snippet:-1","max-image-preview":"max-image-preview:large","max-video-preview":"max-video-preview:-1"},"canonical":"https:\/\/tarentaise-cheminees.fr\/pt\/fogoes-e-grelhas\/","og_locale":"pt_PT","og_type":"article","og_title":"Cuisini\u00e8res et planchas - Tarentaise Chemin\u00e9es - Finoptim - De Manicor","og_description":"Au bois ou \u00e9lectriques, nos cuisini\u00e8res et planchas Finoptim ou De Manicor sont disponibles \u00e0 notre show-room \u00e0 Aime La Plagne.","og_url":"https:\/\/tarentaise-cheminees.fr\/pt\/fogoes-e-grelhas\/","og_site_name":"Tarentaise Chemin\u00e9es","article_modified_time":"2025-04-03T10:10:55+00:00","twitter_card":"summary_large_image","twitter_misc":{"Tempo estimado de leitura":"4 minutos"},"schema":{"@context":"https:\/\/schema.org","@graph":[{"@type":"WebPage","@id":"https:\/\/tarentaise-cheminees.fr\/cuisinieres-et-planchas\/","url":"https:\/\/tarentaise-cheminees.fr\/cuisinieres-et-planchas\/","name":"Fog\u00f5es e planchas - Tarentaise Chemin\u00e9es - Finoptim - De Manicor","isPartOf":{"@id":"https:\/\/tarentaise-cheminees.fr\/#website"},"datePublished":"2020-10-05T14:09:49+00:00","dateModified":"2025-04-03T10:10:55+00:00","description":"Sejam a lenha ou el\u00e9tricos, nossos fog\u00f5es e chapas Finoptim ou De Manicor est\u00e3o dispon\u00edveis em nosso showroom na Aime La Plagne.","breadcrumb":{"@id":"https:\/\/tarentaise-cheminees.fr\/cuisinieres-et-planchas\/#breadcrumb"},"inLanguage":"pt-PT","potentialAction":[{"@type":"ReadAction","target":["https:\/\/tarentaise-cheminees.fr\/cuisinieres-et-planchas\/"]}]},{"@type":"BreadcrumbList","@id":"https:\/\/tarentaise-cheminees.fr\/cuisinieres-et-planchas\/#breadcrumb","itemListElement":[{"@type":"ListItem","position":1,"name":"Accueil","item":"https:\/\/tarentaise-cheminees.fr\/"},{"@type":"ListItem","position":2,"name":"Cuisini\u00e8res et planchas"}]},{"@type":"WebSite","@id":"https:\/\/tarentaise-cheminees.fr\/#website","url":"https:\/\/tarentaise-cheminees.fr\/","name":"Tarentaise Chemin\u00e9es","description":"O especialista em lareiras","potentialAction":[{"@type":"SearchAction","target":{"@type":"EntryPoint","urlTemplate":"https:\/\/tarentaise-cheminees.fr\/?s={search_term_string}"},"query-input":{"@type":"PropertyValueSpecification","valueRequired":true,"valueName":"search_term_string"}}],"inLanguage":"pt-PT"}]}},"_links":{"self":[{"href":"https:\/\/tarentaise-cheminees.fr\/pt\/wp-json\/wp\/v2\/pages\/477","targetHints":{"allow":["GET"]}}],"collection":[{"href":"https:\/\/tarentaise-cheminees.fr\/pt\/wp-json\/wp\/v2\/pages"}],"about":[{"href":"https:\/\/tarentaise-cheminees.fr\/pt\/wp-json\/wp\/v2\/types\/page"}],"author":[{"embeddable":true,"href":"https:\/\/tarentaise-cheminees.fr\/pt\/wp-json\/wp\/v2\/users\/2"}],"replies":[{"embeddable":true,"href":"https:\/\/tarentaise-cheminees.fr\/pt\/wp-json\/wp\/v2\/comments?post=477"}],"version-history":[{"count":20,"href":"https:\/\/tarentaise-cheminees.fr\/pt\/wp-json\/wp\/v2\/pages\/477\/revisions"}],"predecessor-version":[{"id":9550,"href":"https:\/\/tarentaise-cheminees.fr\/pt\/wp-json\/wp\/v2\/pages\/477\/revisions\/9550"}],"wp:attachment":[{"href":"https:\/\/tarentaise-cheminees.fr\/pt\/wp-json\/wp\/v2\/media?parent=477"}],"curies":[{"name":"wp","href":"https:\/\/api.w.org\/{rel}","templated":true}]}}