{"id":423,"date":"2020-10-05T14:20:31","date_gmt":"2020-10-05T12:20:31","guid":{"rendered":"https:\/\/tarentaise-cheminees.fr\/?page_id=423"},"modified":"2024-11-27T11:48:00","modified_gmt":"2024-11-27T10:48:00","slug":"limpeza-de-chamines","status":"publish","type":"page","link":"https:\/\/tarentaise-cheminees.fr\/pt\/limpeza-de-chamines\/","title":{"rendered":"Nossos servi\u00e7os"},"content":{"rendered":"<section      data-speed=\"1\" class=\"parallax_section_holder\" style = \" height:px; background-image:url('https:\/\/tarentaise-cheminees.fr\/wp-content\/uploads\/2020\/10\/BANDEAUFEU2.jpg');\"><div class=\"parallax_content center\"><div class='parallax_section_inner_margin clearfix'><div class=\"wpb_column vc_column_container vc_col-sm-12\"><div class=\"vc_column-inner\"><div class=\"wpb_wrapper\"><div class='q_elements_holder one_column responsive_mode_from_768' ><div class='q_elements_item' data-480-600='184px 0% 168px 0%' data-480='184px 0% 168px 0%' data-animation='no' data-item-class='q_elements_holder_custom_195207'><div class='q_elements_item_inner'><div class='q_elements_item_content q_elements_holder_custom_195207' style='padding:184px 8% 168px 8%'>\n\t<div class=\"wpb_text_column wpb_content_element\">\n\t\t<div class=\"wpb_wrapper\">\n\t\t\t<h1><span style=\"color: #ffffff;\">Suporte ao cliente durante todo o ano<\/span><\/h1>\n\n\t\t<\/div> \n\t<\/div> <div class=\"separator  small center\" style=\"margin-top: 25px;margin-bottom: 34px;background-color: #c7a082;height: 1px;width: 63px;\"><\/div>\n\n\t<div class=\"wpb_text_column wpb_content_element\">\n\t\t<div class=\"wpb_wrapper\">\n\t\t\t<h5><span style=\"color: #ffffff; font-size: 14pt;\">Verdadeira parceira de seus clientes, a Tarentaise Chemin\u00e9es aconselha, auxilia e apoia voc\u00ea durante todo o ciclo do seu projeto.<\/span><\/h5>\n<p>&nbsp;<\/p>\n<h3><\/h3>\n\n\t\t<\/div> \n\t<\/div> \t<div class=\"vc_empty_space\"  style=\"height: 35px\" ><span\n\t\t\tclass=\"vc_empty_space_inner\">\n\t\t\t<span class=\"empty_space_image\"  ><\/span>\n\t\t<\/span><\/div>\n\n<\/div><\/div><\/div><\/div><\/div><\/div><\/div><\/div><\/div><\/section><section      data-speed=\"1\" class=\"parallax_section_holder\" style = \" height:px; background-image:url('');\"><div class=\"parallax_content_full_width center\" ><div class='parallax_section_inner_margin clearfix'><div class=\"wpb_column vc_column_container vc_col-sm-12\"><div class=\"vc_column-inner\"><div class=\"wpb_wrapper\"><div class='q_elements_holder one_column responsive_mode_from_768' ><div class='q_elements_item' data-480-600='184px 0% 168px 0%' data-480='184px 0% 168px 0%' data-animation='no' data-item-class='q_elements_holder_custom_824953' style='background-color:#2c87a0;'><div class='q_elements_item_inner'><div class='q_elements_item_content q_elements_holder_custom_824953' style='padding:184px 8% 168px 8%'>\n\t<div class=\"wpb_text_column wpb_content_element\">\n\t\t<div class=\"wpb_wrapper\">\n\t\t\t<h1><span style=\"color: #ffffff;\"><img loading=\"lazy\" decoding=\"async\" class=\"alignnone size-full wp-image-548\" src=\"https:\/\/tarentaise-cheminees.fr\/wp-content\/uploads\/2020\/10\/feu5.png\" alt=\"\" width=\"150\" height=\"150\" \/><\/span><\/h1>\n<h1><span style=\"color: #ffffff;\">INSTALA\u00c7\u00c3O<\/span><\/h1>\n\n\t\t<\/div> \n\t<\/div> <div class=\"separator  small center\" style=\"margin-top: 25px;margin-bottom: 34px;background-color: #c7a082;height: 1px;width: 63px;\"><\/div>\n\t<div class=\"vc_empty_space\"  style=\"height: 50px\" ><span\n\t\t\tclass=\"vc_empty_space_inner\">\n\t\t\t<span class=\"empty_space_image\"  ><\/span>\n\t\t<\/span><\/div>\n\n\n\t<div class=\"wpb_text_column wpb_content_element\">\n\t\t<div class=\"wpb_wrapper\">\n\t\t\t<h5><span style=\"font-family: Helvetica; font-size: 14pt; color: #ffffff;\">Nossa principal especialidade: Feito sob medida!<\/span><\/h5>\n<h5><span style=\"font-family: Helvetica; font-size: 14pt; color: #ffffff;\">Vamos reservar um tempo juntos para escolher o dispositivo que mais combina com voc\u00ea, de acordo com seu estilo de vida!\u00a0<\/span><\/h5>\n<h5><span style=\"font-family: Helvetica; font-size: 14pt; color: #ffffff;\">Desenvolveremos seu projeto juntos e aconselharemos sobre os produtos mais adequados.<\/span><\/h5>\n<h5><span style=\"font-family: Helvetica; font-size: 14pt; color: #ffffff;\">Ser\u00e1 feito um or\u00e7amento gratuito na loja, por e-mail ou telefone para lhe dar uma ideia do or\u00e7amento global que a sua instala\u00e7\u00e3o representa.<\/span><\/h5>\n<h5><span style=\"font-family: Helvetica; font-size: 14pt; color: #ffffff;\">Em seguida, Quentin vai diretamente ao local da instala\u00e7\u00e3o para lhe dar um or\u00e7amento mais preciso.<\/span><\/h5>\n<h5><span style=\"font-family: Helvetica; font-size: 14pt; color: #ffffff;\">Esta visita t\u00e9cnica no local \u00e9 paga e o custo varia dependendo da localiza\u00e7\u00e3o geogr\u00e1fica de \u20ac 40 a \u20ac 60, incluindo impostos.<\/span><\/h5>\n<h5><span style=\"font-family: Helvetica; font-size: 14pt; color: #ffffff;\">! Esta fatura de visita t\u00e9cnica \u00e9 dedut\u00edvel do valor total, incluindo impostos, do or\u00e7amento, se assinada!<\/span><\/h5>\n<h5><span style=\"font-family: Helvetica; font-size: 14pt; color: #ffffff;\">Por que cobrar por um or\u00e7amento no local? Bem, por v\u00e1rias raz\u00f5es:<\/span><\/h5>\n<h5><span style=\"font-family: Helvetica; font-size: 14pt; color: #ffffff;\">Porque somos dois na empresa: Quentin e C\u00e9line.\u00a0<\/span><\/h5>\n<h5><span style=\"font-family: Helvetica; font-size: 14pt; color: #ffffff;\">&gt; Quentin instala eletrodom\u00e9sticos e constr\u00f3i todos os seus projetos personalizados: do corte de pedras \u00e0 instala\u00e7\u00e3o de madeira, incluindo a cria\u00e7\u00e3o de tocos e tudo relacionado ao espa\u00e7o da lareira. Ele realiza a manuten\u00e7\u00e3o e o monitoramento de nossas instala\u00e7\u00f5es, o servi\u00e7o p\u00f3s-venda e tamb\u00e9m or\u00e7amentos e consequentemente visitas t\u00e9cnicas.\u00a0<\/span><\/h5>\n<h5><span style=\"font-family: Helvetica; font-size: 14pt; color: #ffffff;\">&gt; No caso de C\u00e9line, ela \u00e9 a primeira pessoa com quem voc\u00ea ter\u00e1 contato na loja ou por telefone. Ela cuida do desenvolvimento do seu projeto, bem como da parte administrativa (seus or\u00e7amentos, faturas, datas de instala\u00e7\u00e3o, servi\u00e7o p\u00f3s-venda, pedidos especiais, etc.)\u00a0<\/span><\/h5>\n<h5><span style=\"font-family: Helvetica; font-size: 14pt; color: #ffffff;\">Isso economiza tempo para voc\u00ea e para n\u00f3s! Nada de viagens desnecess\u00e1rias para casa por causa de um projeto mal pensado!<\/span><\/h5>\n<p>&nbsp;<\/p>\n<h5><span style=\"color: #ffffff;\"><strong>SUAS NECESSIDADES: NOSSA EXPERI\u00caNCIA<\/strong><\/span><\/h5>\n\n\t\t<\/div> \n\t<\/div> \t<div class=\"vc_empty_space\"  style=\"height: 35px\" ><span\n\t\t\tclass=\"vc_empty_space_inner\">\n\t\t\t<span class=\"empty_space_image\"  ><\/span>\n\t\t<\/span><\/div>\n\n<\/div><\/div><\/div><\/div><\/div><\/div><\/div><\/div><\/div><\/section><section      data-speed=\"1\" class=\"parallax_section_holder\" style = \" height:px; background-image:url('');\"><div class=\"parallax_content_full_width center\" ><div class='parallax_section_inner_margin clearfix'><div class=\"wpb_column vc_column_container vc_col-sm-12\"><div class=\"vc_column-inner\"><div class=\"wpb_wrapper\"><div class='q_elements_holder one_column responsive_mode_from_768' ><div class='q_elements_item' data-480-600='184px 0% 168px 0%' data-480='184px 0% 168px 0%' data-animation='no' data-item-class='q_elements_holder_custom_680630' style='background-color:#87243e;'><div class='q_elements_item_inner'><div class='q_elements_item_content q_elements_holder_custom_680630' style='padding:184px 8% 168px 8%'>\n\t<div class=\"wpb_text_column wpb_content_element\">\n\t\t<div class=\"wpb_wrapper\">\n\t\t\t<h1><img loading=\"lazy\" decoding=\"async\" class=\"alignnone size-full wp-image-545\" src=\"https:\/\/tarentaise-cheminees.fr\/wp-content\/uploads\/2020\/10\/feu2.png\" alt=\"\" width=\"150\" height=\"150\" \/><\/h1>\n<h1><span style=\"color: #ffffff;\">CONSELHO<\/span><\/h1>\n\n\t\t<\/div> \n\t<\/div> <div class=\"separator  small center\" style=\"margin-top: 25px;margin-bottom: 34px;background-color: #c7a082;height: 1px;width: 63px;\"><\/div>\n\n\t<div class=\"wpb_text_column wpb_content_element\">\n\t\t<div class=\"wpb_wrapper\">\n\t\t\t<h5><span style=\"font-family: Helvetica; font-size: 14pt; color: #ffffff;\">Nosso trabalho tamb\u00e9m consiste em compartilhar nossa perspectiva profissional com voc\u00ea para orient\u00e1-lo em suas escolhas. Com base na an\u00e1lise de crit\u00e9rios como instala\u00e7\u00e3o, efici\u00eancia, utiliza\u00e7\u00e3o, armazenamento, est\u00e9tica e or\u00e7amento, poderemos orient\u00e1-lo para a melhor solu\u00e7\u00e3o poss\u00edvel.\u00a0<\/span><\/h5>\n\n\t\t<\/div> \n\t<\/div> \t<div class=\"vc_empty_space\"  style=\"height: 35px\" ><span\n\t\t\tclass=\"vc_empty_space_inner\">\n\t\t\t<span class=\"empty_space_image\"  ><\/span>\n\t\t<\/span><\/div>\n\n<\/div><\/div><\/div><\/div><\/div><\/div><\/div><\/div><\/div><\/section><section      data-speed=\"1\" class=\"parallax_section_holder\" style = \" height:px; background-image:url('');\"><div class=\"parallax_content_full_width center\" ><div class='parallax_section_inner_margin clearfix'><div class=\"wpb_column vc_column_container vc_col-sm-12\"><div class=\"vc_column-inner\"><div class=\"wpb_wrapper\"><div class='q_elements_holder one_column responsive_mode_from_768' ><div class='q_elements_item' data-480-600='184px 0% 168px 0%' data-480='184px 0% 168px 0%' data-animation='no' data-item-class='q_elements_holder_custom_232643' style='background-color:#22706d;'><div class='q_elements_item_inner'><div class='q_elements_item_content q_elements_holder_custom_232643' style='padding:184px 8% 168px 8%'>\t<div class=\"vc_empty_space\"  style=\"height: 35px\" ><span\n\t\t\tclass=\"vc_empty_space_inner\">\n\t\t\t<span class=\"empty_space_image\"  ><\/span>\n\t\t<\/span><\/div>\n\n\n\t<div class=\"wpb_text_column wpb_content_element\">\n\t\t<div class=\"wpb_wrapper\">\n\t\t\t<h1><span style=\"color: #ffffff;\"><img loading=\"lazy\" decoding=\"async\" class=\"alignnone size-full wp-image-547\" src=\"https:\/\/tarentaise-cheminees.fr\/wp-content\/uploads\/2020\/10\/feu4.png\" alt=\"\" width=\"150\" height=\"150\" \/><\/span><\/h1>\n<h1><span style=\"color: #ffffff;\">AJUDA<\/span><\/h1>\n\n\t\t<\/div> \n\t<\/div> <div class=\"separator  small center\" style=\"margin-top: 25px;margin-bottom: 34px;background-color: #c7a082;height: 1px;width: 63px;\"><\/div>\n\n\t<div class=\"wpb_text_column wpb_content_element\">\n\t\t<div class=\"wpb_wrapper\">\n\t\t\t<h5><span style=\"color: #ffffff; font-size: 14pt;\"><span style=\"font-family: Helvetica;\">Cr\u00e9ditos fiscais, empr\u00e9stimos ecol\u00f3gicos sem juros, assist\u00eancia Anah, cheques de energia, b\u00f4nus de energia... n\u00e3o perca a ajuda que pode reduzir o custo do seu projeto. C\u00e9line poder\u00e1 orient\u00e1-lo para lhe proporcionar benef\u00edcios<\/span><\/span><span style=\"font-family: Helvetica;\"><span style=\"color: #ffffff; font-size: 14pt;\">beneficiar.<\/span><\/span><\/h5>\n\n\t\t<\/div> \n\t<\/div> \t<div class=\"vc_empty_space\"  style=\"height: 35px\" ><span\n\t\t\tclass=\"vc_empty_space_inner\">\n\t\t\t<span class=\"empty_space_image\"  ><\/span>\n\t\t<\/span><\/div>\n\n<\/div><\/div><\/div><\/div><\/div><\/div><\/div><\/div><\/div><\/section><section      data-speed=\"1\" class=\"parallax_section_holder\" style = \" height:px; background-image:url('');\"><div class=\"parallax_content_full_width center\" ><div class='parallax_section_inner_margin clearfix'><div class=\"wpb_column vc_column_container vc_col-sm-12\"><div class=\"vc_column-inner\"><div class=\"wpb_wrapper\"><div class='q_elements_holder one_column responsive_mode_from_768' ><div class='q_elements_item' data-480-600='184px 0% 168px 0%' data-480='184px 0% 168px 0%' data-animation='no' data-item-class='q_elements_holder_custom_140957' style='background-color:#133349;'><div class='q_elements_item_inner'><div class='q_elements_item_content q_elements_holder_custom_140957' style='padding:184px 8% 168px 8%'>\n\t<div class=\"wpb_text_column wpb_content_element\">\n\t\t<div class=\"wpb_wrapper\">\n\t\t\t<h1><span style=\"color: #ffffff;\"><img loading=\"lazy\" decoding=\"async\" class=\"alignnone size-full wp-image-546\" src=\"https:\/\/tarentaise-cheminees.fr\/wp-content\/uploads\/2020\/10\/feu3.png\" alt=\"\" width=\"150\" height=\"150\" \/><\/span><\/h1>\n<h1><span style=\"color: #ffffff;\">SEGUIR<\/span><\/h1>\n\n\t\t<\/div> \n\t<\/div> <div class=\"separator  small center\" style=\"margin-top: 25px;margin-bottom: 34px;background-color: #c7a082;height: 1px;width: 63px;\"><\/div>\n\n\t<div class=\"wpb_text_column wpb_content_element\">\n\t\t<div class=\"wpb_wrapper\">\n\t\t\t<h5><span style=\"color: #ffffff; font-size: large;\"><span style=\"font-family: Helvetica;\">Oferecemos servi\u00e7o p\u00f3s-venda, monitoramento de garantia e manuten\u00e7\u00e3o para todas as nossas instala\u00e7\u00f5es durante todo o ano. <\/span><\/span><\/h5>\n<h5><span style=\"color: #ffffff; font-size: large;\"><span style=\"font-family: Helvetica;\">Assim garantimos a sua\u00a0<\/span><\/span><span style=\"color: #ffffff; font-family: Helvetica; font-size: large;\"><span style=\"caret-color: #ffffff;\">tranquilidade e belas noites perto da lareira!<\/span><\/span><\/h5>\n<h3><\/h3>\n\n\t\t<\/div> \n\t<\/div> \t<div class=\"vc_empty_space\"  style=\"height: 35px\" ><span\n\t\t\tclass=\"vc_empty_space_inner\">\n\t\t\t<span class=\"empty_space_image\"  ><\/span>\n\t\t<\/span><\/div>\n\n<\/div><\/div><\/div><\/div><\/div><\/div><\/div><\/div><\/div><\/section><section      data-speed=\"1\" class=\"parallax_section_holder\" style = \" height:px; background-image:url('https:\/\/tarentaise-cheminees.fr\/wp-content\/uploads\/2020\/09\/BANDEAU-DEVIS-scaled.jpg');\"><div class=\"parallax_content center\"><div class='parallax_section_inner_margin clearfix'><div class=\"wpb_column vc_column_container vc_col-sm-12\"><div class=\"vc_column-inner\"><div class=\"wpb_wrapper\"><div class='q_elements_holder one_column responsive_mode_from_768' ><div class='q_elements_item' data-480-600='184px 0% 168px 0%' data-480='184px 0% 168px 0%' data-animation='no' data-item-class='q_elements_holder_custom_309376'><div class='q_elements_item_inner'><div class='q_elements_item_content q_elements_holder_custom_309376' style='padding:184px 8% 168px 8%'>\n\t<div class=\"wpb_text_column wpb_content_element\">\n\t\t<div class=\"wpb_wrapper\">\n\t\t\t<h1><span style=\"color: #ffffff;\">Obter uma cota\u00e7\u00e3o<\/span><\/h1>\n\n\t\t<\/div> \n\t<\/div> <div class=\"separator  small center\" style=\"margin-top: 25px;margin-bottom: 34px;background-color: #c7a082;height: 1px;width: 63px;\"><\/div>\n\n\t<div class=\"wpb_text_column wpb_content_element\">\n\t\t<div class=\"wpb_wrapper\">\n\t\t\t<h5><span style=\"color: #eae9e9;\">Um projeto, um desejo? Entre em contato conosco para um or\u00e7amento gratuito. Quentin ficar\u00e1 feliz em ir at\u00e9 sua casa para verificar a viabilidade do seu projeto e fornecer solu\u00e7\u00f5es t\u00e9cnicas e de design. N\u00f3s cuidamos da sua instala\u00e7\u00e3o de A a Z. Um \u00fanico ponto de contato para maior tranquilidade.<\/span><\/h5>\n<p>&nbsp;<\/p>\n<h3><span style=\"color: #ffffff;\"><a style=\"color: #ffffff;\" href=\"telefone:0479070419\"><span style=\"color: #c7a082;\">LIGUE PARA N\u00d3S<\/span><\/a><span style=\"color: #c7a082;\">\u00a0Ou <\/span><\/span><span style=\"color: #c7a082;\"><a style=\"color: #c7a082;\" href=\"https:\/\/tarentaise-cheminees.fr\/pt\/contact\/\">ESCREVA PARA N\u00d3S<\/a><\/span><\/h3>\n\n\t\t<\/div> \n\t<\/div> \t<div class=\"vc_empty_space\"  style=\"height: 35px\" ><span\n\t\t\tclass=\"vc_empty_space_inner\">\n\t\t\t<span class=\"empty_space_image\"  ><\/span>\n\t\t<\/span><\/div>\n\n<\/div><\/div><\/div><\/div><\/div><\/div><\/div><\/div><\/div><\/section>","protected":false},"excerpt":{"rendered":"Un suivi client\u00e8le \u00e0 l'ann\u00e9e R\u00e9el partenaire de ses clients, Tarentaise Chemin\u00e9es vous conseil, vous aide et vous suit tout au long du cycle de votre projet. &nbsp; INSTALLATION Notre savoir-faire principal : Le sur mesure ! Prenons le temps, ensemble, de choisir l'appareil qui...","protected":false},"author":2,"featured_media":0,"parent":0,"menu_order":0,"comment_status":"closed","ping_status":"closed","template":"full_width.php","meta":{"footnotes":""},"class_list":["post-423","page","type-page","status-publish","hentry"],"yoast_head":"<!-- This site is optimized with the Yoast SEO plugin v26.9 - https:\/\/yoast.com\/product\/yoast-seo-wordpress\/ -->\n<title>Installation, d\u00e9bistrage, maintenance - Tarentaise Chemin\u00e9es<\/title>\n<meta name=\"description\" content=\"Le ramonage de votre chemin\u00e9e est obligatoire deux fois par an. Pour votre s\u00e9curit\u00e9 faites appel \u00e0 Tarentaise Chemin\u00e9es \u00e0 Aime La Plagne.\" \/>\n<meta name=\"robots\" content=\"index, follow, max-snippet:-1, max-image-preview:large, max-video-preview:-1\" \/>\n<link rel=\"canonical\" href=\"https:\/\/tarentaise-cheminees.fr\/pt\/limpeza-de-chamines\/\" \/>\n<meta property=\"og:locale\" content=\"pt_PT\" \/>\n<meta property=\"og:type\" content=\"article\" \/>\n<meta property=\"og:title\" content=\"Installation, d\u00e9bistrage, maintenance - Tarentaise Chemin\u00e9es\" \/>\n<meta property=\"og:description\" content=\"Le ramonage de votre chemin\u00e9e est obligatoire deux fois par an. Pour votre s\u00e9curit\u00e9 faites appel \u00e0 Tarentaise Chemin\u00e9es \u00e0 Aime La Plagne.\" \/>\n<meta property=\"og:url\" content=\"https:\/\/tarentaise-cheminees.fr\/pt\/limpeza-de-chamines\/\" \/>\n<meta property=\"og:site_name\" content=\"Tarentaise Chemin\u00e9es\" \/>\n<meta property=\"article:modified_time\" content=\"2024-11-27T10:48:00+00:00\" \/>\n<meta property=\"og:image\" content=\"https:\/\/tarentaise-cheminees.fr\/wp-content\/uploads\/2020\/10\/feu5.png\" \/>\n<meta name=\"twitter:card\" content=\"summary_large_image\" \/>\n<meta name=\"twitter:label1\" content=\"Tempo estimado de leitura\" \/>\n\t<meta name=\"twitter:data1\" content=\"5 minutos\" \/>\n<script type=\"application\/ld+json\" class=\"yoast-schema-graph\">{\"@context\":\"https:\/\/schema.org\",\"@graph\":[{\"@type\":\"WebPage\",\"@id\":\"https:\/\/tarentaise-cheminees.fr\/ramonage\/\",\"url\":\"https:\/\/tarentaise-cheminees.fr\/ramonage\/\",\"name\":\"Installation, d\u00e9bistrage, maintenance - Tarentaise Chemin\u00e9es\",\"isPartOf\":{\"@id\":\"https:\/\/tarentaise-cheminees.fr\/#website\"},\"primaryImageOfPage\":{\"@id\":\"https:\/\/tarentaise-cheminees.fr\/ramonage\/#primaryimage\"},\"image\":{\"@id\":\"https:\/\/tarentaise-cheminees.fr\/ramonage\/#primaryimage\"},\"thumbnailUrl\":\"https:\/\/tarentaise-cheminees.fr\/wp-content\/uploads\/2020\/10\/feu5.png\",\"datePublished\":\"2020-10-05T12:20:31+00:00\",\"dateModified\":\"2024-11-27T10:48:00+00:00\",\"description\":\"Le ramonage de votre chemin\u00e9e est obligatoire deux fois par an. Pour votre s\u00e9curit\u00e9 faites appel \u00e0 Tarentaise Chemin\u00e9es \u00e0 Aime La Plagne.\",\"breadcrumb\":{\"@id\":\"https:\/\/tarentaise-cheminees.fr\/ramonage\/#breadcrumb\"},\"inLanguage\":\"pt-PT\",\"potentialAction\":[{\"@type\":\"ReadAction\",\"target\":[\"https:\/\/tarentaise-cheminees.fr\/ramonage\/\"]}]},{\"@type\":\"ImageObject\",\"inLanguage\":\"pt-PT\",\"@id\":\"https:\/\/tarentaise-cheminees.fr\/ramonage\/#primaryimage\",\"url\":\"https:\/\/tarentaise-cheminees.fr\/wp-content\/uploads\/2020\/10\/feu5.png\",\"contentUrl\":\"https:\/\/tarentaise-cheminees.fr\/wp-content\/uploads\/2020\/10\/feu5.png\"},{\"@type\":\"BreadcrumbList\",\"@id\":\"https:\/\/tarentaise-cheminees.fr\/ramonage\/#breadcrumb\",\"itemListElement\":[{\"@type\":\"ListItem\",\"position\":1,\"name\":\"Accueil\",\"item\":\"https:\/\/tarentaise-cheminees.fr\/\"},{\"@type\":\"ListItem\",\"position\":2,\"name\":\"Nos services\"}]},{\"@type\":\"WebSite\",\"@id\":\"https:\/\/tarentaise-cheminees.fr\/#website\",\"url\":\"https:\/\/tarentaise-cheminees.fr\/\",\"name\":\"Tarentaise Chemin\u00e9es\",\"description\":\"Le sp\u00e9cialiste de la chemin\u00e9e\",\"potentialAction\":[{\"@type\":\"SearchAction\",\"target\":{\"@type\":\"EntryPoint\",\"urlTemplate\":\"https:\/\/tarentaise-cheminees.fr\/?s={search_term_string}\"},\"query-input\":{\"@type\":\"PropertyValueSpecification\",\"valueRequired\":true,\"valueName\":\"search_term_string\"}}],\"inLanguage\":\"pt-PT\"}]}<\/script>\n<!-- \/ Yoast SEO plugin. -->","yoast_head_json":{"title":"Instala\u00e7\u00e3o, remo\u00e7\u00e3o, manuten\u00e7\u00e3o - Tarentaise Chemin\u00e9es","description":"\u00c9 obrigat\u00f3rio varrer a chamin\u00e9 duas vezes por ano. Para sua seguran\u00e7a, ligue de Tarentaise Chemin\u00e9es a Aime La Plagne.","robots":{"index":"index","follow":"follow","max-snippet":"max-snippet:-1","max-image-preview":"max-image-preview:large","max-video-preview":"max-video-preview:-1"},"canonical":"https:\/\/tarentaise-cheminees.fr\/pt\/limpeza-de-chamines\/","og_locale":"pt_PT","og_type":"article","og_title":"Installation, d\u00e9bistrage, maintenance - Tarentaise Chemin\u00e9es","og_description":"Le ramonage de votre chemin\u00e9e est obligatoire deux fois par an. Pour votre s\u00e9curit\u00e9 faites appel \u00e0 Tarentaise Chemin\u00e9es \u00e0 Aime La Plagne.","og_url":"https:\/\/tarentaise-cheminees.fr\/pt\/limpeza-de-chamines\/","og_site_name":"Tarentaise Chemin\u00e9es","article_modified_time":"2024-11-27T10:48:00+00:00","og_image":[{"url":"https:\/\/tarentaise-cheminees.fr\/wp-content\/uploads\/2020\/10\/feu5.png","type":"","width":"","height":""}],"twitter_card":"summary_large_image","twitter_misc":{"Tempo estimado de leitura":"5 minutos"},"schema":{"@context":"https:\/\/schema.org","@graph":[{"@type":"WebPage","@id":"https:\/\/tarentaise-cheminees.fr\/ramonage\/","url":"https:\/\/tarentaise-cheminees.fr\/ramonage\/","name":"Instala\u00e7\u00e3o, remo\u00e7\u00e3o, manuten\u00e7\u00e3o - Tarentaise Chemin\u00e9es","isPartOf":{"@id":"https:\/\/tarentaise-cheminees.fr\/#website"},"primaryImageOfPage":{"@id":"https:\/\/tarentaise-cheminees.fr\/ramonage\/#primaryimage"},"image":{"@id":"https:\/\/tarentaise-cheminees.fr\/ramonage\/#primaryimage"},"thumbnailUrl":"https:\/\/tarentaise-cheminees.fr\/wp-content\/uploads\/2020\/10\/feu5.png","datePublished":"2020-10-05T12:20:31+00:00","dateModified":"2024-11-27T10:48:00+00:00","description":"\u00c9 obrigat\u00f3rio varrer a chamin\u00e9 duas vezes por ano. Para sua seguran\u00e7a, ligue de Tarentaise Chemin\u00e9es a Aime La Plagne.","breadcrumb":{"@id":"https:\/\/tarentaise-cheminees.fr\/ramonage\/#breadcrumb"},"inLanguage":"pt-PT","potentialAction":[{"@type":"ReadAction","target":["https:\/\/tarentaise-cheminees.fr\/ramonage\/"]}]},{"@type":"ImageObject","inLanguage":"pt-PT","@id":"https:\/\/tarentaise-cheminees.fr\/ramonage\/#primaryimage","url":"https:\/\/tarentaise-cheminees.fr\/wp-content\/uploads\/2020\/10\/feu5.png","contentUrl":"https:\/\/tarentaise-cheminees.fr\/wp-content\/uploads\/2020\/10\/feu5.png"},{"@type":"BreadcrumbList","@id":"https:\/\/tarentaise-cheminees.fr\/ramonage\/#breadcrumb","itemListElement":[{"@type":"ListItem","position":1,"name":"Accueil","item":"https:\/\/tarentaise-cheminees.fr\/"},{"@type":"ListItem","position":2,"name":"Nos services"}]},{"@type":"WebSite","@id":"https:\/\/tarentaise-cheminees.fr\/#website","url":"https:\/\/tarentaise-cheminees.fr\/","name":"Tarentaise Chemin\u00e9es","description":"O especialista em lareiras","potentialAction":[{"@type":"SearchAction","target":{"@type":"EntryPoint","urlTemplate":"https:\/\/tarentaise-cheminees.fr\/?s={search_term_string}"},"query-input":{"@type":"PropertyValueSpecification","valueRequired":true,"valueName":"search_term_string"}}],"inLanguage":"pt-PT"}]}},"_links":{"self":[{"href":"https:\/\/tarentaise-cheminees.fr\/pt\/wp-json\/wp\/v2\/pages\/423","targetHints":{"allow":["GET"]}}],"collection":[{"href":"https:\/\/tarentaise-cheminees.fr\/pt\/wp-json\/wp\/v2\/pages"}],"about":[{"href":"https:\/\/tarentaise-cheminees.fr\/pt\/wp-json\/wp\/v2\/types\/page"}],"author":[{"embeddable":true,"href":"https:\/\/tarentaise-cheminees.fr\/pt\/wp-json\/wp\/v2\/users\/2"}],"replies":[{"embeddable":true,"href":"https:\/\/tarentaise-cheminees.fr\/pt\/wp-json\/wp\/v2\/comments?post=423"}],"version-history":[{"count":30,"href":"https:\/\/tarentaise-cheminees.fr\/pt\/wp-json\/wp\/v2\/pages\/423\/revisions"}],"predecessor-version":[{"id":9527,"href":"https:\/\/tarentaise-cheminees.fr\/pt\/wp-json\/wp\/v2\/pages\/423\/revisions\/9527"}],"wp:attachment":[{"href":"https:\/\/tarentaise-cheminees.fr\/pt\/wp-json\/wp\/v2\/media?parent=423"}],"curies":[{"name":"wp","href":"https:\/\/api.w.org\/{rel}","templated":true}]}}