{"id":3,"date":"2020-09-23T10:43:39","date_gmt":"2020-09-23T08:43:39","guid":{"rendered":"https:\/\/tarentaise-cheminees.fr\/?page_id=3"},"modified":"2020-10-22T16:27:36","modified_gmt":"2020-10-22T14:27:36","slug":"avisos-legais","status":"publish","type":"page","link":"https:\/\/tarentaise-cheminees.fr\/pt\/avisos-legais\/","title":{"rendered":"Avisos legais"},"content":{"rendered":"<h3 class=\"wp-block-heading\">WEBDESIGN E DESENVOLVIMENTO<\/h3>\n\n\n\n<p>SQUID \u2013 www.agencesquid.com<\/p>\n\n\n\n<h3 class=\"wp-block-heading\">1. Informa\u00e7\u00f5es legais<\/h3>\n\n\n\n<p>O editor do Site \u00e9 a empresa Tarentaise Chemin\u00e9es, SARL com capital social de \u20ac 7.000, inscrita no registo comercial e de empresas de Chamb\u00e9ry e cujo n\u00famero de h\u00edfen \u00e9 51291305400015<br>A sede est\u00e1 localizada: <a>59 RTE DE LA FORTUNE 73210 AIME-LA-PLAGNE<\/a><br>Telefone: +33 (1) 07 50 65 74 78<br>E-mail: Tarentaise.cheminees73@gmail.com<br>Diretor de publica\u00e7\u00e3o: Quentin Chanudet<\/p>\n\n\n\n<h3 class=\"wp-block-heading\">2. Hospedagem do site<\/h3>\n\n\n\n<p>O site tarentaise-cheminees.fr. \u00e9 hospedado pela empresa OVH, SAS com capital de 10.000.000 euros, registrada no RCS de Roubaix-Tourcoing sob o n\u00famero 424 761 419 00045.<br>Sede: 2 rue Kellerman 59100 Roubaix Fran\u00e7a<\/p>\n\n\n\n<h3 class=\"wp-block-heading\">3. Direitos de Propriedade Intelectual<\/h3>\n\n\n\n<p>O Site e todo o seu conte\u00fado (em particular as marcas registradas, logotipos, qualquer elemento gr\u00e1fico, textual e de computador do Site, incluindo, em particular, as estruturas em \u00e1rvore, formata\u00e7\u00e3o, artigos, apresenta\u00e7\u00f5es, ilustra\u00e7\u00f5es, fotografias e\/ou qualquer outro documento) s\u00e3o protegidos pelas leis francesas e internacionais sobre direitos autorais e propriedade intelectual.<br>Nenhuma interpreta\u00e7\u00e3o pode ser feita em favor de uma licen\u00e7a de uso ou qualquer direito de uso desses elementos.<br>Como tal, as suas representa\u00e7\u00f5es, reprodu\u00e7\u00f5es, imbrica\u00e7\u00f5es, distribui\u00e7\u00f5es e redistribui\u00e7\u00f5es, parciais ou totais, s\u00e3o proibidas (artigo L. 122-4 do C\u00f3digo da Propriedade Intelectual). Qualquer pessoa que o fa\u00e7a sem poder apresentar prova de autoriza\u00e7\u00e3o pr\u00e9via e expressa do titular desses direitos est\u00e1 sujeita \u00e0s san\u00e7\u00f5es relativas ao crime de contrafa\u00e7\u00e3o (artigos L. 335-2 e seguintes do C\u00f3digo da Propriedade Intelectual). Les Br\u00e9vi\u00e8res pode usar seus direitos, em particular direitos de propriedade intelectual, para iniciar procedimentos, incluindo processos criminais.<br>Les Br\u00e9vi\u00e8res reserva-se o direito de melhorar ou modificar a qualquer momento as informa\u00e7\u00f5es, produtos, programas ou condi\u00e7\u00f5es de uso descritos no Site, sem incorrer em qualquer responsabilidade como resultado. As condi\u00e7\u00f5es e avisos aplic\u00e1veis ser\u00e3o aqueles em vigor na data em que voc\u00ea se conectar ao Site.<\/p>\n\n\n\n<h3 class=\"wp-block-heading\">4. Links de hipertexto<\/h3>\n\n\n\n<p>O usu\u00e1rio que for redirecionado para um site de terceiros por meio de um hiperlink estabelecido para outros sites reconhece que Les Br\u00e9vi\u00e8res n\u00e3o controla o conte\u00fado, as informa\u00e7\u00f5es, os produtos e os servi\u00e7os oferecidos nesses sites. Consequentemente, Les Br\u00e9vi\u00e8res n\u00e3o poder\u00e1, em nenhuma circunst\u00e2ncia, ser responsabilizada por qualquer dano direto ou indireto resultante da utiliza\u00e7\u00e3o de sites acess\u00edveis atrav\u00e9s de links de hipertexto.<br>Les Br\u00e9vi\u00e8res tamb\u00e9m n\u00e3o \u00e9 respons\u00e1vel por links de hipertexto que apontam para o Site.<br>Qualquer pessoa que deseje criar links de hipertexto que apontem para o Site deve obter autoriza\u00e7\u00e3o pr\u00e9via por escrito da Les Br\u00e9vi\u00e8res.<\/p>\n\n\n\n<h3 class=\"wp-block-heading\">5. Limita\u00e7\u00e3o da garantia<\/h3>\n\n\n\n<p>Les Br\u00e9vi\u00e8res lembra aos internautas as caracter\u00edsticas e limita\u00e7\u00f5es da rede Internet. Les Br\u00e9vi\u00e8res n\u00e3o poder\u00e1 ser responsabilizada por qualquer dano resultante do acesso ao Site ou, pelo contr\u00e1rio, da impossibilidade de acesso ao mesmo. Les Br\u00e9vi\u00e8res n\u00e3o poder\u00e1 ser responsabilizada de forma alguma em caso de indisponibilidade do Site, seja qual for o motivo (falha t\u00e9cnica, congestionamento da rede, etc.).<br>O usu\u00e1rio reconhece expressamente que utiliza o Site por sua conta e risco e sob sua exclusiva responsabilidade. Les Br\u00e9vi\u00e8res n\u00e3o poder\u00e1 ser responsabilizada por quaisquer danos, diretos ou indiretos, materiais ou imateriais, causados aos utilizadores, aos seus equipamentos inform\u00e1ticos ou de telecomunica\u00e7\u00f5es, aos dados a\u00ed armazenados e \u00e0s consequ\u00eancias que da\u00ed possam advir para a sua atividade pessoal, profissional ou comercial.<br>As informa\u00e7\u00f5es no Site s\u00e3o fornecidas apenas para fins informativos. As informa\u00e7\u00f5es publicadas neste Site s\u00e3o atualizadas e verificadas periodicamente, mas ainda podem conter erros. Em qualquer caso, as informa\u00e7\u00f5es devem ser levadas em considera\u00e7\u00e3o no momento em que s\u00e3o colocadas online e n\u00e3o no momento da consulta do Site (esses dados podem ter sido atualizados entre o momento em que voc\u00ea os baixou e o momento em que os leu). Em qualquer caso, o Le BSM n\u00e3o pode ser responsabilizado por essas informa\u00e7\u00f5es.<\/p>\n\n\n\n<h3 class=\"wp-block-heading\">6. Utiliza\u00e7\u00e3o do site<\/h3>\n\n\n\n<p>Les Br\u00e9vi\u00e8res oferece o Site principalmente para uso de seus clientes e de qualquer pessoa que deseje aprender e comprar seus produtos e servi\u00e7os.<br>Quando voc\u00ea se conecta ao Site:<br>\u2013 voc\u00ea concorda em cumprir estes termos e condi\u00e7\u00f5es e, de forma mais geral, com a legisla\u00e7\u00e3o aplic\u00e1vel,<br>\u2013 abster-se de qualquer recolha ou utiliza\u00e7\u00e3o indevida, em particular de informa\u00e7\u00f5es pessoais a que possa ter acesso e, em geral, de qualquer ato suscet\u00edvel de prejudicar terceiros.<br>Ao preencher um formul\u00e1rio e fornecer informa\u00e7\u00f5es, voc\u00ea concorda em:<br>\u2013 fornecer informa\u00e7\u00f5es reais, precisas e atualizadas no momento da inscri\u00e7\u00e3o e, em particular, n\u00e3o usar nomes, t\u00edtulos ou endere\u00e7os falsos, ou nomes, t\u00edtulos ou endere\u00e7os sem autoriza\u00e7\u00e3o,<br>\u2013 manter os dados cadastrais atualizados para garantir que sejam sempre reais e precisos,<br>\u2013 n\u00e3o disponibilizar ou distribuir quaisquer informa\u00e7\u00f5es, programas ou elementos que sejam ilegais, repreens\u00edveis ou prejudiciais (como v\u00edrus, hacking ou c\u00f3pia de software).<br>\u2013 n\u00e3o difundir coment\u00e1rios, opini\u00f5es ou informa\u00e7\u00f5es de natureza difamat\u00f3ria, obscena, violenta, racista e, de modo geral, contr\u00e1rias \u00e0s leis e regulamentos em vigor, aos direitos individuais e \u00e0 moral.<br>Em caso de viola\u00e7\u00e3o destas disposi\u00e7\u00f5es, Les Br\u00e9vi\u00e8res reserva-se o direito de proibir o acesso ao Site ou aos servi\u00e7os oferecidos, por sua conta e risco e sem preju\u00edzo de qualquer a\u00e7\u00e3o de responsabilidade.<\/p>\n\n\n\n<p>Utiliza\u00e7\u00e3o dos dados pessoais recolhidos<\/p>\n\n\n\n<h3 class=\"wp-block-heading\">7. Coment\u00e1rios<\/h3>\n\n\n\n<p>Quando voc\u00ea deixa um coment\u00e1rio em nosso site, os dados inseridos no formul\u00e1rio de coment\u00e1rios, mas tamb\u00e9m seu endere\u00e7o IP e o agente do usu\u00e1rio do seu navegador s\u00e3o coletados para nos ajudar a detectar coment\u00e1rios indesejados.<\/p>\n\n\n\n<p>Uma sequ\u00eancia de caracteres anonimizada criada a partir do seu endere\u00e7o de e-mail (tamb\u00e9m chamada de hash) pode ser fornecida ao servi\u00e7o Gravatar para verificar se voc\u00ea o est\u00e1 utilizando. A pol\u00edtica de privacidade do servi\u00e7o Gravatar est\u00e1 dispon\u00edvel aqui: https:\/\/automattic.com\/privacy\/. Ap\u00f3s a valida\u00e7\u00e3o do seu coment\u00e1rio, sua foto de perfil ficar\u00e1 vis\u00edvel publicamente ao lado do seu coment\u00e1rio.8. M\u00eddia<\/p>\n\n\n\n<p>Se voc\u00ea for um usu\u00e1rio registrado e estiver enviando imagens para o site, recomendamos evitar enviar imagens que contenham dados de coordenadas EXIF GPS. Os visitantes do seu site podem baixar e extrair dados de localiza\u00e7\u00e3o dessas imagens.<\/p>\n\n\n\n<h3 class=\"wp-block-heading\">8. Biscoitos<\/h3>\n\n\n\n<p>Se voc\u00ea deixar um coment\u00e1rio em nosso site, voc\u00ea pode optar por salvar seu nome, endere\u00e7o de e-mail e site em cookies. Elas s\u00e3o para sua conveni\u00eancia, para que voc\u00ea n\u00e3o precise preencher seus dados novamente caso deixe outro coment\u00e1rio mais tarde. Esses cookies expiram ap\u00f3s um ano.<\/p>\n\n\n\n<p>Se voc\u00ea tiver uma conta e fizer login neste site, um cookie tempor\u00e1rio ser\u00e1 criado para determinar se seu navegador aceita cookies. Ele n\u00e3o cont\u00e9m nenhum dado pessoal e ser\u00e1 exclu\u00eddo automaticamente quando voc\u00ea fechar o navegador.<\/p>\n\n\n\n<p>Quando voc\u00ea fizer login, configuraremos v\u00e1rios cookies para salvar suas informa\u00e7\u00f5es de login e suas op\u00e7\u00f5es de exibi\u00e7\u00e3o de tela. A vida \u00fatil de um cookie de login \u00e9 de dois dias, a de um cookie de op\u00e7\u00e3o de tela \u00e9 de um ano. Se voc\u00ea marcar &quot;Lembrar de mim&quot;, seu cookie de login ser\u00e1 mantido por duas semanas. Se voc\u00ea sair da sua conta, o cookie de login ser\u00e1 exclu\u00eddo.<\/p>\n\n\n\n<p>Ao editar ou publicar um artigo, um cookie adicional ser\u00e1 salvo no seu navegador. Este cookie n\u00e3o inclui nenhum dado pessoal. Ele simplesmente indica o ID do artigo que voc\u00ea acabou de editar. Ele expira ap\u00f3s um dia.<\/p>\n\n\n\n<h3 class=\"wp-block-heading\">9. Conte\u00fado incorporado de outros sites<\/h3>\n\n\n\n<p>Os artigos neste site podem incluir conte\u00fado incorporado (por exemplo, v\u00eddeos, imagens, artigos, etc.). Conte\u00fado incorporado de outros sites se comporta exatamente da mesma maneira como se o visitante tivesse visitado o outro site.<\/p>\n\n\n\n<p>Esses sites podem coletar dados sobre voc\u00ea, usar cookies, incorporar ferramentas de rastreamento de terceiros e rastrear suas intera\u00e7\u00f5es com esse conte\u00fado incorporado se voc\u00ea tiver uma conta e estiver conectado a esse site.<\/p>\n\n\n\n<h3 class=\"wp-block-heading\">10. Dura\u00e7\u00e3o do armazenamento dos seus dados<\/h3>\n\n\n\n<p>Se voc\u00ea deixar um coment\u00e1rio, o coment\u00e1rio e seus metadados ser\u00e3o retidos indefinidamente. Isso nos permite reconhecer e aprovar automaticamente coment\u00e1rios subsequentes em vez de deix\u00e1-los na fila de modera\u00e7\u00e3o.<\/p>\n\n\n\n<p>Para usu\u00e1rios que se registram em nosso site (se aplic\u00e1vel), tamb\u00e9m armazenamos os dados pessoais indicados em seu perfil. Todos os usu\u00e1rios podem ver, editar ou excluir suas informa\u00e7\u00f5es pessoais a qualquer momento (exceto seu nome de usu\u00e1rio). Os gerentes do site tamb\u00e9m podem visualizar e editar essas informa\u00e7\u00f5es.<\/p>\n\n\n\n<h3 class=\"wp-block-heading\">11. Os direitos que voc\u00ea tem sobre seus dados<\/h3>\n\n\n\n<p>Se voc\u00ea tiver uma conta ou tiver deixado coment\u00e1rios no site, poder\u00e1 solicitar o recebimento de um arquivo contendo todos os dados pessoais que temos sobre voc\u00ea, incluindo quaisquer dados que voc\u00ea nos forneceu. Voc\u00ea tamb\u00e9m pode solicitar a exclus\u00e3o de dados pessoais relativos a voc\u00ea. Isso n\u00e3o inclui dados armazenados para fins administrativos, legais ou de seguran\u00e7a.<\/p>\n\n\n\n<h3 class=\"wp-block-heading\">12. Transmiss\u00e3o dos seus dados pessoais<\/h3>\n\n\n\n<p>Os coment\u00e1rios dos visitantes podem ser verificados por meio de um servi\u00e7o automatizado de detec\u00e7\u00e3o de spam.<\/p>\n\n\n\n<p><\/p>\n\n\n\n<p><\/p>","protected":false},"excerpt":{"rendered":"<p>WEBDESIGN &amp; D\u00c9VELOPPEMENT SQUID &#8211; www.agencesquid.com 1. Informations l\u00e9gales L\u2019\u00e9diteur du Site est la soci\u00e9t\u00e9 Tarentaise Chemin\u00e9es, SARL au capital social de 7000 \u20ac, immatricul\u00e9e au registre du commerce et des soci\u00e9t\u00e9s de Chamb\u00e9ry et dont le n\u00b0 de tiret est 51291305400015Le si\u00e8ge social est&#8230;<\/p>","protected":false},"author":2,"featured_media":0,"parent":0,"menu_order":0,"comment_status":"closed","ping_status":"closed","template":"","meta":{"footnotes":""},"class_list":["post-3","page","type-page","status-publish","hentry"],"yoast_head":"<!-- This site is optimized with the Yoast SEO plugin v26.9 - https:\/\/yoast.com\/product\/yoast-seo-wordpress\/ -->\n<title>Mentions l\u00e9gales - Tarentaise Chemin\u00e9es<\/title>\n<meta name=\"robots\" content=\"index, follow, max-snippet:-1, max-image-preview:large, max-video-preview:-1\" \/>\n<link rel=\"canonical\" href=\"https:\/\/tarentaise-cheminees.fr\/pt\/avisos-legais\/\" \/>\n<meta property=\"og:locale\" content=\"pt_PT\" \/>\n<meta property=\"og:type\" content=\"article\" \/>\n<meta property=\"og:title\" content=\"Mentions l\u00e9gales - Tarentaise Chemin\u00e9es\" \/>\n<meta property=\"og:description\" content=\"WEBDESIGN &amp; D\u00c9VELOPPEMENT SQUID &#8211; www.agencesquid.com 1. Informations l\u00e9gales L\u2019\u00e9diteur du Site est la soci\u00e9t\u00e9 Tarentaise Chemin\u00e9es, SARL au capital social de 7000 \u20ac, immatricul\u00e9e au registre du commerce et des soci\u00e9t\u00e9s de Chamb\u00e9ry et dont le n\u00b0 de tiret est 51291305400015Le si\u00e8ge social est...\" \/>\n<meta property=\"og:url\" content=\"https:\/\/tarentaise-cheminees.fr\/pt\/avisos-legais\/\" \/>\n<meta property=\"og:site_name\" content=\"Tarentaise Chemin\u00e9es\" \/>\n<meta property=\"article:modified_time\" content=\"2020-10-22T14:27:36+00:00\" \/>\n<meta name=\"twitter:card\" content=\"summary_large_image\" \/>\n<meta name=\"twitter:label1\" content=\"Tempo estimado de leitura\" \/>\n\t<meta name=\"twitter:data1\" content=\"9 minutos\" \/>\n<script type=\"application\/ld+json\" class=\"yoast-schema-graph\">{\"@context\":\"https:\/\/schema.org\",\"@graph\":[{\"@type\":\"WebPage\",\"@id\":\"https:\/\/tarentaise-cheminees.fr\/en\/mentions-legales\/\",\"url\":\"https:\/\/tarentaise-cheminees.fr\/en\/mentions-legales\/\",\"name\":\"Mentions l\u00e9gales - Tarentaise Chemin\u00e9es\",\"isPartOf\":{\"@id\":\"https:\/\/tarentaise-cheminees.fr\/#website\"},\"datePublished\":\"2020-09-23T08:43:39+00:00\",\"dateModified\":\"2020-10-22T14:27:36+00:00\",\"breadcrumb\":{\"@id\":\"https:\/\/tarentaise-cheminees.fr\/en\/mentions-legales\/#breadcrumb\"},\"inLanguage\":\"pt-PT\",\"potentialAction\":[{\"@type\":\"ReadAction\",\"target\":[\"https:\/\/tarentaise-cheminees.fr\/en\/mentions-legales\/\"]}]},{\"@type\":\"BreadcrumbList\",\"@id\":\"https:\/\/tarentaise-cheminees.fr\/en\/mentions-legales\/#breadcrumb\",\"itemListElement\":[{\"@type\":\"ListItem\",\"position\":1,\"name\":\"Accueil\",\"item\":\"https:\/\/tarentaise-cheminees.fr\/\"},{\"@type\":\"ListItem\",\"position\":2,\"name\":\"Mentions l\u00e9gales\"}]},{\"@type\":\"WebSite\",\"@id\":\"https:\/\/tarentaise-cheminees.fr\/#website\",\"url\":\"https:\/\/tarentaise-cheminees.fr\/\",\"name\":\"Tarentaise Chemin\u00e9es\",\"description\":\"Le sp\u00e9cialiste de la chemin\u00e9e\",\"potentialAction\":[{\"@type\":\"SearchAction\",\"target\":{\"@type\":\"EntryPoint\",\"urlTemplate\":\"https:\/\/tarentaise-cheminees.fr\/?s={search_term_string}\"},\"query-input\":{\"@type\":\"PropertyValueSpecification\",\"valueRequired\":true,\"valueName\":\"search_term_string\"}}],\"inLanguage\":\"pt-PT\"}]}<\/script>\n<!-- \/ Yoast SEO plugin. -->","yoast_head_json":{"title":"Avisos Legais - Tarentaise Chemin\u00e9es","robots":{"index":"index","follow":"follow","max-snippet":"max-snippet:-1","max-image-preview":"max-image-preview:large","max-video-preview":"max-video-preview:-1"},"canonical":"https:\/\/tarentaise-cheminees.fr\/pt\/avisos-legais\/","og_locale":"pt_PT","og_type":"article","og_title":"Mentions l\u00e9gales - Tarentaise Chemin\u00e9es","og_description":"WEBDESIGN &amp; D\u00c9VELOPPEMENT SQUID &#8211; www.agencesquid.com 1. Informations l\u00e9gales L\u2019\u00e9diteur du Site est la soci\u00e9t\u00e9 Tarentaise Chemin\u00e9es, SARL au capital social de 7000 \u20ac, immatricul\u00e9e au registre du commerce et des soci\u00e9t\u00e9s de Chamb\u00e9ry et dont le n\u00b0 de tiret est 51291305400015Le si\u00e8ge social est...","og_url":"https:\/\/tarentaise-cheminees.fr\/pt\/avisos-legais\/","og_site_name":"Tarentaise Chemin\u00e9es","article_modified_time":"2020-10-22T14:27:36+00:00","twitter_card":"summary_large_image","twitter_misc":{"Tempo estimado de leitura":"9 minutos"},"schema":{"@context":"https:\/\/schema.org","@graph":[{"@type":"WebPage","@id":"https:\/\/tarentaise-cheminees.fr\/en\/mentions-legales\/","url":"https:\/\/tarentaise-cheminees.fr\/en\/mentions-legales\/","name":"Avisos Legais - Tarentaise Chemin\u00e9es","isPartOf":{"@id":"https:\/\/tarentaise-cheminees.fr\/#website"},"datePublished":"2020-09-23T08:43:39+00:00","dateModified":"2020-10-22T14:27:36+00:00","breadcrumb":{"@id":"https:\/\/tarentaise-cheminees.fr\/en\/mentions-legales\/#breadcrumb"},"inLanguage":"pt-PT","potentialAction":[{"@type":"ReadAction","target":["https:\/\/tarentaise-cheminees.fr\/en\/mentions-legales\/"]}]},{"@type":"BreadcrumbList","@id":"https:\/\/tarentaise-cheminees.fr\/en\/mentions-legales\/#breadcrumb","itemListElement":[{"@type":"ListItem","position":1,"name":"Accueil","item":"https:\/\/tarentaise-cheminees.fr\/"},{"@type":"ListItem","position":2,"name":"Mentions l\u00e9gales"}]},{"@type":"WebSite","@id":"https:\/\/tarentaise-cheminees.fr\/#website","url":"https:\/\/tarentaise-cheminees.fr\/","name":"Tarentaise Chemin\u00e9es","description":"O especialista em lareiras","potentialAction":[{"@type":"SearchAction","target":{"@type":"EntryPoint","urlTemplate":"https:\/\/tarentaise-cheminees.fr\/?s={search_term_string}"},"query-input":{"@type":"PropertyValueSpecification","valueRequired":true,"valueName":"search_term_string"}}],"inLanguage":"pt-PT"}]}},"_links":{"self":[{"href":"https:\/\/tarentaise-cheminees.fr\/pt\/wp-json\/wp\/v2\/pages\/3","targetHints":{"allow":["GET"]}}],"collection":[{"href":"https:\/\/tarentaise-cheminees.fr\/pt\/wp-json\/wp\/v2\/pages"}],"about":[{"href":"https:\/\/tarentaise-cheminees.fr\/pt\/wp-json\/wp\/v2\/types\/page"}],"author":[{"embeddable":true,"href":"https:\/\/tarentaise-cheminees.fr\/pt\/wp-json\/wp\/v2\/users\/2"}],"replies":[{"embeddable":true,"href":"https:\/\/tarentaise-cheminees.fr\/pt\/wp-json\/wp\/v2\/comments?post=3"}],"version-history":[{"count":5,"href":"https:\/\/tarentaise-cheminees.fr\/pt\/wp-json\/wp\/v2\/pages\/3\/revisions"}],"predecessor-version":[{"id":931,"href":"https:\/\/tarentaise-cheminees.fr\/pt\/wp-json\/wp\/v2\/pages\/3\/revisions\/931"}],"wp:attachment":[{"href":"https:\/\/tarentaise-cheminees.fr\/pt\/wp-json\/wp\/v2\/media?parent=3"}],"curies":[{"name":"wp","href":"https:\/\/api.w.org\/{rel}","templated":true}]}}