{"id":842,"date":"2020-11-13T13:34:19","date_gmt":"2020-11-13T12:34:19","guid":{"rendered":"https:\/\/tarentaise-cheminees.fr\/?page_id=842"},"modified":"2025-04-04T13:55:11","modified_gmt":"2025-04-04T11:55:11","slug":"accessoires-en-decoratie-2","status":"publish","type":"page","link":"https:\/\/tarentaise-cheminees.fr\/nl\/accessoires-en-decoratie-2\/","title":{"rendered":"Accessoires en decoratie"},"content":{"rendered":"<section      data-speed=\"1\" class=\"parallax_section_holder\" style = \" height:px; background-image:url('https:\/\/tarentaise-cheminees.fr\/wp-content\/uploads\/2020\/09\/BANDEAU-DEVIS-scaled.jpg');\"><div class=\"parallax_content center\"><div class='parallax_section_inner_margin clearfix'><div class=\"wpb_column vc_column_container vc_col-sm-12\"><div class=\"vc_column-inner\"><div class=\"wpb_wrapper\"><div class='q_elements_holder one_column responsive_mode_from_768' ><div class='q_elements_item' data-480-600='184px 0% 168px 0%' data-480='184px 0% 168px 0%' data-animation='no' data-item-class='q_elements_holder_custom_598419'><div class='q_elements_item_inner'><div class='q_elements_item_content q_elements_holder_custom_598419' style='padding:184px 8% 168px 8%'>\n\t<div class=\"wpb_text_column wpb_content_element\">\n\t\t<div class=\"wpb_wrapper\">\n\t\t\t<h2><span style=\"color: #ffffff;\">Klassiek, modern, rustiek of industrieel\u2026 Kies uw stijl!<\/span><\/h2>\n\n\t\t<\/div> \n\t<\/div> <div class=\"separator  small center\" style=\"margin-top: 25px;margin-bottom: 34px;background-color: #c7a082;height: 1px;width: 63px;\"><\/div>\n\n\t<div class=\"wpb_text_column wpb_content_element\">\n\t\t<div class=\"wpb_wrapper\">\n\t\t\t<h5 id=\"tw-target-text\" class=\"tw-data-text tw-text-large XcVN5d tw-ta\" dir=\"ltr\" data-placeholder=\"Traduction\"><span lang=\"en\" style=\"font-size: 14pt; color: #ffffff;\">Dixneuf is de beste Franse leverancier van accessoires voor haarden en kachels. Heel simpel: wij werken alleen met hen!<\/span><\/h5>\n<h5><span style=\"font-size: 14pt; font-family: Georgia, Palatino; color: #ffffff;\">\u00a0<\/span><\/h5>\n<p>&nbsp;<\/p>\n<h3><\/h3>\n\n\t\t<\/div> \n\t<\/div> \t<div class=\"vc_empty_space\"  style=\"height: 35px\" ><span\n\t\t\tclass=\"vc_empty_space_inner\">\n\t\t\t<span class=\"empty_space_image\"  ><\/span>\n\t\t<\/span><\/div>\n\n<\/div><\/div><\/div><\/div><\/div><\/div><\/div><\/div><\/div><\/section><div      class=\"vc_row wpb_row section vc_row-fluid  grid_section\" style=' padding-top:84px; padding-bottom:130px; text-align:left;'><div class=\"section_inner clearfix\"><div class='section_inner_margin clearfix'><div class=\"wpb_column vc_column_container vc_col-sm-12 vc_col-md-7\"><div class=\"vc_column-inner\"><div class=\"wpb_wrapper\"><div class='q_elements_holder one_column responsive_mode_from_768' ><div class='q_elements_item' data-600-768='0 0px 0 0px' data-480-600='0 0px 0 0px' data-480='0 0px 0 0px' data-animation='no' data-item-class='q_elements_holder_custom_775117'><div class='q_elements_item_inner'><div class='q_elements_item_content q_elements_holder_custom_775117' style='padding:0px 9px 0 9px'>\n\t<div class=\"wpb_single_image wpb_content_element vc_align_left\">\n\t\t<div class=\"wpb_wrapper\">\n\t\t\t\n\t\t\t<div class=\"vc_single_image-wrapper   vc_box_border_grey\"><img loading=\"lazy\" decoding=\"async\" width=\"800\" height=\"523\" src=\"https:\/\/tarentaise-cheminees.fr\/wp-content\/uploads\/2020\/10\/DIXNEUF.jpg\" class=\"vc_single_image-img attachment-full\" alt=\"\" srcset=\"https:\/\/tarentaise-cheminees.fr\/wp-content\/uploads\/2020\/10\/DIXNEUF.jpg 800w, https:\/\/tarentaise-cheminees.fr\/wp-content\/uploads\/2020\/10\/DIXNEUF-300x196.jpg 300w, https:\/\/tarentaise-cheminees.fr\/wp-content\/uploads\/2020\/10\/DIXNEUF-768x502.jpg 768w, https:\/\/tarentaise-cheminees.fr\/wp-content\/uploads\/2020\/10\/DIXNEUF-700x458.jpg 700w\" sizes=\"auto, (max-width: 800px) 100vw, 800px\" \/><\/div>\n\t\t<\/div>\n\t<\/div>\n<\/div><\/div><\/div><\/div><\/div><\/div><\/div><div class=\"wpb_column vc_column_container vc_col-sm-12 vc_col-md-5\"><div class=\"vc_column-inner\"><div class=\"wpb_wrapper\"><div class='q_elements_holder one_column responsive_mode_from_768' ><div class='q_elements_item' data-1024-1280='72px 40px 0 0' data-768-1024='35px 40px 0 0' data-600-768='60px 40px 0px 0' data-animation='no' data-item-class='q_elements_holder_custom_337468'><div class='q_elements_item_inner'><div class='q_elements_item_content q_elements_holder_custom_337468' style='padding:20px 40px 0 8px'>\n\t<div class=\"wpb_text_column wpb_content_element\">\n\t\t<div class=\"wpb_wrapper\">\n\t\t\t<h2>NEGENTIEN<\/h2>\n\n\t\t<\/div> \n\t<\/div> <div class=\"separator  small left\" style=\"margin-top: 28px;margin-bottom: 38px;background-color: #c7a082;height: 1px;width: 63px;\"><\/div>\n\n\t<div class=\"wpb_text_column wpb_content_element\">\n\t\t<div class=\"wpb_wrapper\">\n\t\t\t<p id=\"tw-target-text\" class=\"tw-data-text tw-text-large XcVN5d tw-ta\" dir=\"ltr\" data-placeholder=\"Traduction\"><span lang=\"en\">In particuliere woningen, in energiezuinige en passieve huizen, in luxe appartementen en serres \u2013 onze water-fire\u00ae bio-ethanol haarden voelen zich thuis op elke plek waar stijl, sfeer en flair op prijs worden gesteld, omdat ze geen schoorsteen of rookkanaal nodig hebben<\/span><\/p>\n\n\t\t<\/div> \n\t<\/div> \t<div class=\"vc_empty_space\"  style=\"height: 32px\" ><span\n\t\t\tclass=\"vc_empty_space_inner\">\n\t\t\t<span class=\"empty_space_image\"  ><\/span>\n\t\t<\/span><\/div>\n\n<a  itemprop=\"url\" href=\"https:\/\/www.dixneuf.com\" target=\"_blank\"  class=\"qbutton  default\" style=\"\">Ontdek het assortiment<\/a><\/div><\/div><\/div><\/div><\/div><\/div><\/div><\/div><\/div><\/div><section      data-speed=\"1\" class=\"parallax_section_holder\" style = \" height:px; background-image:url('https:\/\/tarentaise-cheminees.fr\/wp-content\/uploads\/2020\/09\/BANDEAU-DEVIS-scaled.jpg');\"><div class=\"parallax_content center\"><div class='parallax_section_inner_margin clearfix'><div class=\"wpb_column vc_column_container vc_col-sm-12\"><div class=\"vc_column-inner\"><div class=\"wpb_wrapper\"><div class='q_elements_holder one_column responsive_mode_from_768' ><div class='q_elements_item' data-480-600='184px 0% 168px 0%' data-480='184px 0% 168px 0%' data-animation='no' data-item-class='q_elements_holder_custom_279878'><div class='q_elements_item_inner'><div class='q_elements_item_content q_elements_holder_custom_279878' style='padding:184px 8% 168px 8%'>\n\t<div class=\"wpb_text_column wpb_content_element\">\n\t\t<div class=\"wpb_wrapper\">\n\t\t\t<h1><span style=\"color: #ffffff;\">Vraag een offerte aan<\/span><\/h1>\n\n\t\t<\/div> \n\t<\/div> <div class=\"separator  small center\" style=\"margin-top: 25px;margin-bottom: 34px;background-color: #c7a082;height: 1px;width: 63px;\"><\/div>\n\n\t<div class=\"wpb_text_column wpb_content_element\">\n\t\t<div class=\"wpb_wrapper\">\n\t\t\t<h5 id=\"tw-target-text\" class=\"tw-data-text tw-text-large XcVN5d tw-ta\" dir=\"ltr\" data-placeholder=\"Traduction\"><span lang=\"en\" style=\"color: #eae9e9;\">Een project, een verlangen? Neem contact met ons op voor een gratis offerte. Quentin komt graag bij u langs om de haalbaarheid van uw project te bespreken en u technische en ontwerpmatige oplossingen aan te bieden. Wij verzorgen uw installatie van A tot Z. E\u00e9n aanspreekpunt voor meer gemoedsrust.<\/span><\/h5>\n<p>&nbsp;<\/p>\n<h3><span style=\"color: #ffffff;\"><a style=\"color: #ffffff;\" href=\"telefoon: +33479070419\"><span style=\"color: #c7a082;\">BEL ONS<\/span><\/a><span style=\"color: #c7a082;\">\u00a0goud\u00a0<\/span><\/span><span style=\"color: #c7a082;\"><a style=\"color: #c7a082;\" href=\"https:\/\/tarentaise-cheminees.fr\/nl\/contact\/\">SCHRIJF ONS<\/a><\/span><\/h3>\n\n\t\t<\/div> \n\t<\/div> \t<div class=\"vc_empty_space\"  style=\"height: 35px\" ><span\n\t\t\tclass=\"vc_empty_space_inner\">\n\t\t\t<span class=\"empty_space_image\"  ><\/span>\n\t\t<\/span><\/div>\n\n<\/div><\/div><\/div><\/div><\/div><\/div><\/div><\/div><\/div><\/section>","protected":false},"excerpt":{"rendered":"Klassiek, modern, rustiek of industrieel... Kies uw stijl! Dixneuf is d\u00e9 Franse leverancier van accessoires voor haarden en kachels. Heel simpel: wij werken uitsluitend met hen! DIXNEUF: in particuliere woningen, in energiezuinige en passieve huizen, in luxe appartementen en tuinen...","protected":false},"author":2,"featured_media":0,"parent":0,"menu_order":0,"comment_status":"closed","ping_status":"closed","template":"full_width.php","meta":{"footnotes":""},"class_list":["post-842","page","type-page","status-publish","hentry"],"yoast_head":"<!-- This site is optimized with the Yoast SEO plugin v26.9 - https:\/\/yoast.com\/product\/yoast-seo-wordpress\/ -->\n<title>Accessories and decoration - Tarentaise Chemin\u00e9es \u00e0 Aime La plagne<\/title>\n<meta name=\"description\" content=\"D\u00e9couvrez notre gamme d&#039;accessoires et d\u00e9coration pour chemin\u00e9es, po\u00eales et inserts de notre marque partenaire fran\u00e7aise Dixneuf.\" \/>\n<meta name=\"robots\" content=\"index, follow, max-snippet:-1, max-image-preview:large, max-video-preview:-1\" \/>\n<link rel=\"canonical\" href=\"https:\/\/tarentaise-cheminees.fr\/nl\/accessoires-en-decoratie-2\/\" \/>\n<meta property=\"og:locale\" content=\"nl_NL\" \/>\n<meta property=\"og:type\" content=\"article\" \/>\n<meta property=\"og:title\" content=\"Accessories and decoration - Tarentaise Chemin\u00e9es \u00e0 Aime La plagne\" \/>\n<meta property=\"og:description\" content=\"D\u00e9couvrez notre gamme d&#039;accessoires et d\u00e9coration pour chemin\u00e9es, po\u00eales et inserts de notre marque partenaire fran\u00e7aise Dixneuf.\" \/>\n<meta property=\"og:url\" content=\"https:\/\/tarentaise-cheminees.fr\/nl\/accessoires-en-decoratie-2\/\" \/>\n<meta property=\"og:site_name\" content=\"Tarentaise Chemin\u00e9es\" \/>\n<meta property=\"article:modified_time\" content=\"2025-04-04T11:55:11+00:00\" \/>\n<meta name=\"twitter:card\" content=\"summary_large_image\" \/>\n<meta name=\"twitter:label1\" content=\"Geschatte leestijd\" \/>\n\t<meta name=\"twitter:data1\" content=\"3 minuten\" \/>\n<script type=\"application\/ld+json\" class=\"yoast-schema-graph\">{\"@context\":\"https:\/\/schema.org\",\"@graph\":[{\"@type\":\"WebPage\",\"@id\":\"https:\/\/tarentaise-cheminees.fr\/en\/accessories-and-decoration\/\",\"url\":\"https:\/\/tarentaise-cheminees.fr\/en\/accessories-and-decoration\/\",\"name\":\"Accessories and decoration - Tarentaise Chemin\u00e9es \u00e0 Aime La plagne\",\"isPartOf\":{\"@id\":\"https:\/\/tarentaise-cheminees.fr\/#website\"},\"datePublished\":\"2020-11-13T12:34:19+00:00\",\"dateModified\":\"2025-04-04T11:55:11+00:00\",\"description\":\"D\u00e9couvrez notre gamme d'accessoires et d\u00e9coration pour chemin\u00e9es, po\u00eales et inserts de notre marque partenaire fran\u00e7aise Dixneuf.\",\"breadcrumb\":{\"@id\":\"https:\/\/tarentaise-cheminees.fr\/en\/accessories-and-decoration\/#breadcrumb\"},\"inLanguage\":\"nl-NL\",\"potentialAction\":[{\"@type\":\"ReadAction\",\"target\":[\"https:\/\/tarentaise-cheminees.fr\/en\/accessories-and-decoration\/\"]}]},{\"@type\":\"BreadcrumbList\",\"@id\":\"https:\/\/tarentaise-cheminees.fr\/en\/accessories-and-decoration\/#breadcrumb\",\"itemListElement\":[{\"@type\":\"ListItem\",\"position\":1,\"name\":\"Accueil\",\"item\":\"https:\/\/tarentaise-cheminees.fr\/\"},{\"@type\":\"ListItem\",\"position\":2,\"name\":\"Accessories and decoration\"}]},{\"@type\":\"WebSite\",\"@id\":\"https:\/\/tarentaise-cheminees.fr\/#website\",\"url\":\"https:\/\/tarentaise-cheminees.fr\/\",\"name\":\"Tarentaise Chemin\u00e9es\",\"description\":\"Le sp\u00e9cialiste de la chemin\u00e9e\",\"potentialAction\":[{\"@type\":\"SearchAction\",\"target\":{\"@type\":\"EntryPoint\",\"urlTemplate\":\"https:\/\/tarentaise-cheminees.fr\/?s={search_term_string}\"},\"query-input\":{\"@type\":\"PropertyValueSpecification\",\"valueRequired\":true,\"valueName\":\"search_term_string\"}}],\"inLanguage\":\"nl-NL\"}]}<\/script>\n<!-- \/ Yoast SEO plugin. -->","yoast_head_json":{"title":"Accessoires en decoratie - Tarentaise Chemin\u00e9es in Aime La Plagne","description":"Ontdek ons assortiment accessoires en decoraties voor haarden, kachels en inzethaarden van ons Franse partnermerk Dixneuf.","robots":{"index":"index","follow":"follow","max-snippet":"max-snippet:-1","max-image-preview":"max-image-preview:large","max-video-preview":"max-video-preview:-1"},"canonical":"https:\/\/tarentaise-cheminees.fr\/nl\/accessoires-en-decoratie-2\/","og_locale":"nl_NL","og_type":"article","og_title":"Accessories and decoration - Tarentaise Chemin\u00e9es \u00e0 Aime La plagne","og_description":"D\u00e9couvrez notre gamme d'accessoires et d\u00e9coration pour chemin\u00e9es, po\u00eales et inserts de notre marque partenaire fran\u00e7aise Dixneuf.","og_url":"https:\/\/tarentaise-cheminees.fr\/nl\/accessoires-en-decoratie-2\/","og_site_name":"Tarentaise Chemin\u00e9es","article_modified_time":"2025-04-04T11:55:11+00:00","twitter_card":"summary_large_image","twitter_misc":{"Geschatte leestijd":"3 minuten"},"schema":{"@context":"https:\/\/schema.org","@graph":[{"@type":"WebPage","@id":"https:\/\/tarentaise-cheminees.fr\/en\/accessories-and-decoration\/","url":"https:\/\/tarentaise-cheminees.fr\/en\/accessories-and-decoration\/","name":"Accessoires en decoratie - Tarentaise Chemin\u00e9es in Aime La Plagne","isPartOf":{"@id":"https:\/\/tarentaise-cheminees.fr\/#website"},"datePublished":"2020-11-13T12:34:19+00:00","dateModified":"2025-04-04T11:55:11+00:00","description":"Ontdek ons assortiment accessoires en decoraties voor haarden, kachels en inzethaarden van ons Franse partnermerk Dixneuf.","breadcrumb":{"@id":"https:\/\/tarentaise-cheminees.fr\/en\/accessories-and-decoration\/#breadcrumb"},"inLanguage":"nl-NL","potentialAction":[{"@type":"ReadAction","target":["https:\/\/tarentaise-cheminees.fr\/en\/accessories-and-decoration\/"]}]},{"@type":"BreadcrumbList","@id":"https:\/\/tarentaise-cheminees.fr\/en\/accessories-and-decoration\/#breadcrumb","itemListElement":[{"@type":"ListItem","position":1,"name":"Accueil","item":"https:\/\/tarentaise-cheminees.fr\/"},{"@type":"ListItem","position":2,"name":"Accessories and decoration"}]},{"@type":"WebSite","@id":"https:\/\/tarentaise-cheminees.fr\/#website","url":"https:\/\/tarentaise-cheminees.fr\/","name":"Tarentaise Chemin\u00e9es","description":"De specialist in haarden","potentialAction":[{"@type":"SearchAction","target":{"@type":"EntryPoint","urlTemplate":"https:\/\/tarentaise-cheminees.fr\/?s={search_term_string}"},"query-input":{"@type":"PropertyValueSpecification","valueRequired":true,"valueName":"search_term_string"}}],"inLanguage":"nl-NL"}]}},"_links":{"self":[{"href":"https:\/\/tarentaise-cheminees.fr\/nl\/wp-json\/wp\/v2\/pages\/842","targetHints":{"allow":["GET"]}}],"collection":[{"href":"https:\/\/tarentaise-cheminees.fr\/nl\/wp-json\/wp\/v2\/pages"}],"about":[{"href":"https:\/\/tarentaise-cheminees.fr\/nl\/wp-json\/wp\/v2\/types\/page"}],"author":[{"embeddable":true,"href":"https:\/\/tarentaise-cheminees.fr\/nl\/wp-json\/wp\/v2\/users\/2"}],"replies":[{"embeddable":true,"href":"https:\/\/tarentaise-cheminees.fr\/nl\/wp-json\/wp\/v2\/comments?post=842"}],"version-history":[{"count":3,"href":"https:\/\/tarentaise-cheminees.fr\/nl\/wp-json\/wp\/v2\/pages\/842\/revisions"}],"predecessor-version":[{"id":845,"href":"https:\/\/tarentaise-cheminees.fr\/nl\/wp-json\/wp\/v2\/pages\/842\/revisions\/845"}],"wp:attachment":[{"href":"https:\/\/tarentaise-cheminees.fr\/nl\/wp-json\/wp\/v2\/media?parent=842"}],"curies":[{"name":"wp","href":"https:\/\/api.w.org\/{rel}","templated":true}]}}