{"id":477,"date":"2020-10-05T16:09:49","date_gmt":"2020-10-05T14:09:49","guid":{"rendered":"https:\/\/tarentaise-cheminees.fr\/?page_id=477"},"modified":"2025-04-03T12:10:55","modified_gmt":"2025-04-03T10:10:55","slug":"kooktoestellen-en-bakplaten","status":"publish","type":"page","link":"https:\/\/tarentaise-cheminees.fr\/nl\/kooktoestellen-en-bakplaten\/","title":{"rendered":"Kachels en bakplaten"},"content":{"rendered":"<section      data-speed=\"1\" class=\"parallax_section_holder\" style = \" height:px; background-image:url('https:\/\/tarentaise-cheminees.fr\/wp-content\/uploads\/2020\/10\/BANDEAUFEU2.jpg');\"><div class=\"parallax_content center\"><div class='parallax_section_inner_margin clearfix'><div class=\"wpb_column vc_column_container vc_col-sm-12\"><div class=\"vc_column-inner\"><div class=\"wpb_wrapper\"><div class='q_elements_holder one_column responsive_mode_from_768' ><div class='q_elements_item' data-480-600='184px 0% 168px 0%' data-480='184px 0% 168px 0%' data-animation='no' data-item-class='q_elements_holder_custom_323654'><div class='q_elements_item_inner'><div class='q_elements_item_content q_elements_holder_custom_323654' style='padding:184px 8% 168px 8%'>\n\t<div class=\"wpb_text_column wpb_content_element\">\n\t\t<div class=\"wpb_wrapper\">\n\t\t\t<h2><span style=\"color: #ffffff;\">Koken op houtvuur<\/span><\/h2>\n\n\t\t<\/div> \n\t<\/div> <div class=\"separator  small center\" style=\"margin-top: 25px;margin-bottom: 34px;background-color: #c7a082;height: 1px;width: 63px;\"><\/div>\n\n\t<div class=\"wpb_text_column wpb_content_element\">\n\t\t<div class=\"wpb_wrapper\">\n\t\t\t<h5><span style=\"color: #eae9e9; font-family: Georgia, Palatino; font-size: large;\">Liefhebbers van lekker eten zullen blij zijn! (we konden het niet laten om deze woordspeling te maken!) <\/span><\/h5>\n<h5><span style=\"color: #eae9e9; font-family: Georgia, Palatino; font-size: large;\">DE <\/span><span style=\"color: #eae9e9; font-family: Georgia, Palatino; font-size: large;\">houtvuur is een echte\u00a0<span style=\"caret-color: #eae9e9;\">methode<\/span>\u00a0onge\u00ebvenaarde traditionele keuken. Warmteverdeling\u00a0<\/span><span style=\"color: #eae9e9; font-family: Georgia, Palatino; font-size: large;\">zorgt voor een zorgvuldige bereiding en voegt meer smaak toe aan uw gerechten. <\/span><\/h5>\n<h5><span style=\"color: #eae9e9; font-family: Georgia, Palatino; font-size: large;\">Trakteer uzelf op een echte houtgestookte plancha van Finoptim of laat uw gerechten sudderen op een fornuis van De Manincor.<\/span><\/h5>\n<h3><\/h3>\n\n\t\t<\/div> \n\t<\/div> \t<div class=\"vc_empty_space\"  style=\"height: 35px\" ><span\n\t\t\tclass=\"vc_empty_space_inner\">\n\t\t\t<span class=\"empty_space_image\"  ><\/span>\n\t\t<\/span><\/div>\n\n<\/div><\/div><\/div><\/div><\/div><\/div><\/div><\/div><\/div><\/section><div      class=\"vc_row wpb_row section vc_row-fluid  grid_section\" style=' padding-top:84px; padding-bottom:130px; text-align:left;'><div class=\"section_inner clearfix\"><div class='section_inner_margin clearfix'><div class=\"wpb_column vc_column_container vc_col-sm-12 vc_col-md-7\"><div class=\"vc_column-inner\"><div class=\"wpb_wrapper\"><div class='q_elements_holder one_column responsive_mode_from_768' ><div class='q_elements_item' data-600-768='0 0px 0 0px' data-480-600='0 0px 0 0px' data-480='0 0px 0 0px' data-animation='no' data-item-class='q_elements_holder_custom_977015'><div class='q_elements_item_inner'><div class='q_elements_item_content q_elements_holder_custom_977015' style='padding:0px 9px 0 9px'>\n\t<div class=\"wpb_single_image wpb_content_element vc_align_left\">\n\t\t<div class=\"wpb_wrapper\">\n\t\t\t\n\t\t\t<div class=\"vc_single_image-wrapper   vc_box_border_grey\"><img loading=\"lazy\" decoding=\"async\" width=\"800\" height=\"523\" src=\"https:\/\/tarentaise-cheminees.fr\/wp-content\/uploads\/2020\/10\/FINOPTIM-PLANCHA.jpg\" class=\"vc_single_image-img attachment-full\" alt=\"\" srcset=\"https:\/\/tarentaise-cheminees.fr\/wp-content\/uploads\/2020\/10\/FINOPTIM-PLANCHA.jpg 800w, https:\/\/tarentaise-cheminees.fr\/wp-content\/uploads\/2020\/10\/FINOPTIM-PLANCHA-300x196.jpg 300w, https:\/\/tarentaise-cheminees.fr\/wp-content\/uploads\/2020\/10\/FINOPTIM-PLANCHA-768x502.jpg 768w, https:\/\/tarentaise-cheminees.fr\/wp-content\/uploads\/2020\/10\/FINOPTIM-PLANCHA-700x458.jpg 700w\" sizes=\"auto, (max-width: 800px) 100vw, 800px\" \/><\/div>\n\t\t<\/div>\n\t<\/div>\n<\/div><\/div><\/div><\/div><\/div><\/div><\/div><div class=\"wpb_column vc_column_container vc_col-sm-12 vc_col-md-5\"><div class=\"vc_column-inner\"><div class=\"wpb_wrapper\"><div class='q_elements_holder one_column responsive_mode_from_768' ><div class='q_elements_item' data-1024-1280='72px 40px 0 0' data-768-1024='35px 40px 0 0' data-600-768='60px 40px 0px 0' data-animation='no' data-item-class='q_elements_holder_custom_194409'><div class='q_elements_item_inner'><div class='q_elements_item_content q_elements_holder_custom_194409' style='padding:25px 40px 0 8px'>\n\t<div class=\"wpb_text_column wpb_content_element\">\n\t\t<div class=\"wpb_wrapper\">\n\t\t\t<h2>GESLOTEN<\/h2>\n\n\t\t<\/div> \n\t<\/div> <div class=\"separator  small left\" style=\"margin-top: 28px;margin-bottom: 38px;background-color: #c7a082;height: 1px;width: 63px;\"><\/div>\n\n\t<div class=\"wpb_text_column wpb_content_element\">\n\t\t<div class=\"wpb_wrapper\">\n\t\t\t<p>Volgens de legende ontstond de vonk bij het haardvuur: de wens om houtverwarming opnieuw uit te vinden, om de nobele eigenschappen ervan te behouden, maar om er een nieuwe omgeving voor te cre\u00ebren die zowel effici\u00ebnter als verfijnder was. Om deze eeuwenoude vuurkunst opnieuw uit te vinden, combineren we traditionele kennis met geavanceerde technieken. Zo ontstond de open insert, onze eerste creatie, die aan de basis stond van Finoptim. Sindsdien zijn er nog meer innovaties gevolgd. En ze doen het allemaal, uiteraard...<\/p>\n\n\t\t<\/div> \n\t<\/div> \t<div class=\"vc_empty_space\"  style=\"height: 32px\" ><span\n\t\t\tclass=\"vc_empty_space_inner\">\n\t\t\t<span class=\"empty_space_image\"  ><\/span>\n\t\t<\/span><\/div>\n\n<a  itemprop=\"url\" href=\"https:\/\/finoptim.eu\/produits\/plancha-origine\/\" target=\"_blank\"  class=\"qbutton  default\" style=\"\">Ontdek het assortiment<\/a><\/div><\/div><\/div><\/div><\/div><\/div><\/div><\/div><\/div><\/div><div      class=\"vc_row wpb_row section vc_row-fluid  grid_section\" style=' padding-top:84px; padding-bottom:130px; text-align:left;'><div class=\"section_inner clearfix\"><div class='section_inner_margin clearfix'><div class=\"wpb_column vc_column_container vc_col-sm-12 vc_col-md-7\"><div class=\"vc_column-inner\"><div class=\"wpb_wrapper\"><div class='q_elements_holder one_column responsive_mode_from_768' ><div class='q_elements_item' data-600-768='0 0px 0 0px' data-480-600='0 0px 0 0px' data-480='0 0px 0 0px' data-animation='no' data-item-class='q_elements_holder_custom_561229'><div class='q_elements_item_inner'><div class='q_elements_item_content q_elements_holder_custom_561229' style='padding:0px 9px 0 9px'>\n\t<div class=\"wpb_single_image wpb_content_element vc_align_left\">\n\t\t<div class=\"wpb_wrapper\">\n\t\t\t\n\t\t\t<div class=\"vc_single_image-wrapper   vc_box_border_grey\"><img loading=\"lazy\" decoding=\"async\" width=\"800\" height=\"523\" src=\"https:\/\/tarentaise-cheminees.fr\/wp-content\/uploads\/2025\/04\/manicor.jpg\" class=\"vc_single_image-img attachment-full\" alt=\"\" srcset=\"https:\/\/tarentaise-cheminees.fr\/wp-content\/uploads\/2025\/04\/manicor.jpg 800w, https:\/\/tarentaise-cheminees.fr\/wp-content\/uploads\/2025\/04\/manicor-300x196.jpg 300w, https:\/\/tarentaise-cheminees.fr\/wp-content\/uploads\/2025\/04\/manicor-768x502.jpg 768w, https:\/\/tarentaise-cheminees.fr\/wp-content\/uploads\/2025\/04\/manicor-700x458.jpg 700w\" sizes=\"auto, (max-width: 800px) 100vw, 800px\" \/><\/div>\n\t\t<\/div>\n\t<\/div>\n<\/div><\/div><\/div><\/div><\/div><\/div><\/div><div class=\"wpb_column vc_column_container vc_col-sm-12 vc_col-md-5\"><div class=\"vc_column-inner\"><div class=\"wpb_wrapper\"><div class='q_elements_holder one_column responsive_mode_from_768' ><div class='q_elements_item' data-1024-1280='72px 40px 0 0' data-768-1024='35px 40px 0 0' data-600-768='60px 40px 0px 0' data-animation='no' data-item-class='q_elements_holder_custom_320060'><div class='q_elements_item_inner'><div class='q_elements_item_content q_elements_holder_custom_320060' style='padding:20px 40px 0 8px'>\n\t<div class=\"wpb_text_column wpb_content_element\">\n\t\t<div class=\"wpb_wrapper\">\n\t\t\t<h2>VAN MANINCOR<\/h2>\n\n\t\t<\/div> \n\t<\/div> <div class=\"separator  small left\" style=\"margin-top: 28px;margin-bottom: 38px;background-color: #c7a082;height: 1px;width: 63px;\"><\/div>\n\n\t<div class=\"wpb_text_column wpb_content_element\">\n\t\t<div class=\"wpb_wrapper\">\n\t\t\t<p>Houtkachels, thermokokers en thermokachels, gas- en elektrische kookplaten, gecombineerde monoblok hout-gasfornuizen en afzuigkappen: welk DeManincor-product u ook kiest, wij garanderen de traditie van de Italiaanse keuken in zijn meest moderne vorm.<br \/>\nBetrouwbaarheid, oog voor detail en vakmanschap zijn het resultaat van meer dan 180 jaar ervaring. Hoge prestaties, laag verbruik en de keuze van uitstekende materialen zijn de troeven die wij vandaag aan onze geschiedenis toevoegen.<\/p>\n\n\t\t<\/div> \n\t<\/div> \t<div class=\"vc_empty_space\"  style=\"height: 32px\" ><span\n\t\t\tclass=\"vc_empty_space_inner\">\n\t\t\t<span class=\"empty_space_image\"  ><\/span>\n\t\t<\/span><\/div>\n\n<a  itemprop=\"url\" href=\"http:\/\/cuisinieresabois.demanincor.com\/fr\/\" target=\"_blank\"  class=\"qbutton  default\" style=\"\">Ontdek het assortiment<\/a><\/div><\/div><\/div><\/div><\/div><\/div><\/div><\/div><\/div><\/div><div      class=\"vc_row wpb_row section vc_row-fluid  grid_section\" style=' padding-top:84px; padding-bottom:130px; text-align:left;'><div class=\"section_inner clearfix\"><div class='section_inner_margin clearfix'><div class=\"wpb_column vc_column_container vc_col-sm-12 vc_col-md-7\"><div class=\"vc_column-inner\"><div class=\"wpb_wrapper\"><div class='q_elements_holder one_column responsive_mode_from_768' ><div class='q_elements_item' data-600-768='0 0px 0 0px' data-480-600='0 0px 0 0px' data-480='0 0px 0 0px' data-animation='no' data-item-class='q_elements_holder_custom_782173'><div class='q_elements_item_inner'><div class='q_elements_item_content q_elements_holder_custom_782173' style='padding:0px 9px 0 9px'>\n\t<div class=\"wpb_single_image wpb_content_element vc_align_left\">\n\t\t<div class=\"wpb_wrapper\">\n\t\t\t\n\t\t\t<div class=\"vc_single_image-wrapper   vc_box_border_grey\"><img loading=\"lazy\" decoding=\"async\" width=\"800\" height=\"523\" src=\"https:\/\/tarentaise-cheminees.fr\/wp-content\/uploads\/2025\/04\/nobis.jpg\" class=\"vc_single_image-img attachment-full\" alt=\"\" srcset=\"https:\/\/tarentaise-cheminees.fr\/wp-content\/uploads\/2025\/04\/nobis.jpg 800w, https:\/\/tarentaise-cheminees.fr\/wp-content\/uploads\/2025\/04\/nobis-300x196.jpg 300w, https:\/\/tarentaise-cheminees.fr\/wp-content\/uploads\/2025\/04\/nobis-768x502.jpg 768w, https:\/\/tarentaise-cheminees.fr\/wp-content\/uploads\/2025\/04\/nobis-700x458.jpg 700w\" sizes=\"auto, (max-width: 800px) 100vw, 800px\" \/><\/div>\n\t\t<\/div>\n\t<\/div>\n<\/div><\/div><\/div><\/div><\/div><\/div><\/div><div class=\"wpb_column vc_column_container vc_col-sm-12 vc_col-md-5\"><div class=\"vc_column-inner\"><div class=\"wpb_wrapper\"><div class='q_elements_holder one_column responsive_mode_from_768' ><div class='q_elements_item' data-1024-1280='72px 40px 0 0' data-768-1024='35px 40px 0 0' data-600-768='60px 40px 0px 0' data-animation='no' data-item-class='q_elements_holder_custom_310080'><div class='q_elements_item_inner'><div class='q_elements_item_content q_elements_holder_custom_310080' style='padding:20px 40px 0 8px'>\n\t<div class=\"wpb_text_column wpb_content_element\">\n\t\t<div class=\"wpb_wrapper\">\n\t\t\t<h2>GEEN BIS<\/h2>\n\n\t\t<\/div> \n\t<\/div> <div class=\"separator  small left\" style=\"margin-top: 28px;margin-bottom: 38px;background-color: #c7a082;height: 1px;width: 63px;\"><\/div>\n\n\t<div class=\"wpb_text_column wpb_content_element\">\n\t\t<div class=\"wpb_wrapper\">\n\t\t\t<p>Onze kachels\u00a0<strong>Houtkachels<\/strong>\u00a0combineren moderne verwarmingsmethoden met de traditie van klassieke kachels, die gebruikt worden om voedsel te koken en tegelijkertijd de kamer te verwarmen.<\/p>\n<p>De geur van hout combineert met de aroma&#039;s die vrijkomen bij het koken in de oven en op hete platen.<\/p>\n<p><strong>Onze houtkachels<\/strong>\u00a0<strong>ovens en onze kookplaten<\/strong>\u00a0Bovendien bespaart u hout en vermindert u de uitstoot dankzij het gescheiden beheer van primaire en secundaire lucht. Hierdoor worden de kookprestaties geoptimaliseerd.<\/p>\n\n\t\t<\/div> \n\t<\/div> \t<div class=\"vc_empty_space\"  style=\"height: 32px\" ><span\n\t\t\tclass=\"vc_empty_space_inner\">\n\t\t\t<span class=\"empty_space_image\"  ><\/span>\n\t\t<\/span><\/div>\n\n<a  itemprop=\"url\" href=\"https:\/\/www.nobisfire.it\/fr\/gamma-prodotti\/cucine\/\" target=\"_blank\"  class=\"qbutton  default\" style=\"\">Ontdek het assortiment<\/a><\/div><\/div><\/div><\/div><\/div><\/div><\/div><\/div><\/div><\/div><section      data-speed=\"1\" class=\"parallax_section_holder\" style = \" height:px; background-image:url('https:\/\/tarentaise-cheminees.fr\/wp-content\/uploads\/2020\/09\/BANDEAU-DEVIS-scaled.jpg');\"><div class=\"parallax_content center\"><div class='parallax_section_inner_margin clearfix'><div class=\"wpb_column vc_column_container vc_col-sm-12\"><div class=\"vc_column-inner\"><div class=\"wpb_wrapper\"><div class='q_elements_holder one_column responsive_mode_from_768' ><div class='q_elements_item' data-480-600='184px 0% 168px 0%' data-480='184px 0% 168px 0%' data-animation='no' data-item-class='q_elements_holder_custom_123220'><div class='q_elements_item_inner'><div class='q_elements_item_content q_elements_holder_custom_123220' style='padding:184px 8% 168px 8%'>\n\t<div class=\"wpb_text_column wpb_content_element\">\n\t\t<div class=\"wpb_wrapper\">\n\t\t\t<h1><span style=\"color: #ffffff;\">Vraag een offerte aan<\/span><\/h1>\n\n\t\t<\/div> \n\t<\/div> <div class=\"separator  small center\" style=\"margin-top: 25px;margin-bottom: 34px;background-color: #c7a082;height: 1px;width: 63px;\"><\/div>\n\n\t<div class=\"wpb_text_column wpb_content_element\">\n\t\t<div class=\"wpb_wrapper\">\n\t\t\t<h5><span style=\"color: #eae9e9;\">Een project, een verlangen? Neem contact met ons op voor een gratis offerte. Quentin komt graag bij u thuis langs om de haalbaarheid van uw project te beoordelen en u technische en ontwerpmatige oplossingen aan te bieden. Wij verzorgen uw installatie van A tot Z. E\u00e9n aanspreekpunt voor meer gemoedsrust.<\/span><\/h5>\n<p>&nbsp;<\/p>\n<h3><span style=\"color: #ffffff;\"><a style=\"color: #ffffff;\" href=\"telefoon:0479070419\"><span style=\"color: #c7a082;\">BEL ONS<\/span><\/a><span style=\"color: #c7a082;\">\u00a0Of <\/span><\/span><span style=\"color: #c7a082;\"><a style=\"color: #c7a082;\" href=\"https:\/\/tarentaise-cheminees.fr\/nl\/contact\/\">SCHRIJF ONS<\/a><\/span><\/h3>\n\n\t\t<\/div> \n\t<\/div> \t<div class=\"vc_empty_space\"  style=\"height: 35px\" ><span\n\t\t\tclass=\"vc_empty_space_inner\">\n\t\t\t<span class=\"empty_space_image\"  ><\/span>\n\t\t<\/span><\/div>\n\n<\/div><\/div><\/div><\/div><\/div><\/div><\/div><\/div><\/div><\/section>","protected":false},"excerpt":{"rendered":"La cuisine au feu de bois Les amoureux de la cuisine vont \u00eatre servis ! (nous n'avons pas pu nous emp\u00eacher de faire ce jeu de mots !) Le feu de bois est une v\u00e9ritable\u00a0m\u00e9thode\u00a0de cuisson traditionnelle in\u00e9gal\u00e9e. La r\u00e9partition de chaleur\u00a0permet une cuisson sage...","protected":false},"author":2,"featured_media":0,"parent":0,"menu_order":0,"comment_status":"closed","ping_status":"closed","template":"full_width.php","meta":{"footnotes":""},"class_list":["post-477","page","type-page","status-publish","hentry"],"yoast_head":"<!-- This site is optimized with the Yoast SEO plugin v26.9 - https:\/\/yoast.com\/product\/yoast-seo-wordpress\/ -->\n<title>Cuisini\u00e8res et planchas - Tarentaise Chemin\u00e9es - Finoptim - De Manicor<\/title>\n<meta name=\"description\" content=\"Au bois ou \u00e9lectriques, nos cuisini\u00e8res et planchas Finoptim ou De Manicor sont disponibles \u00e0 notre show-room \u00e0 Aime La Plagne.\" \/>\n<meta name=\"robots\" content=\"index, follow, max-snippet:-1, max-image-preview:large, max-video-preview:-1\" \/>\n<link rel=\"canonical\" href=\"https:\/\/tarentaise-cheminees.fr\/nl\/kooktoestellen-en-bakplaten\/\" \/>\n<meta property=\"og:locale\" content=\"nl_NL\" \/>\n<meta property=\"og:type\" content=\"article\" \/>\n<meta property=\"og:title\" content=\"Cuisini\u00e8res et planchas - Tarentaise Chemin\u00e9es - Finoptim - De Manicor\" \/>\n<meta property=\"og:description\" content=\"Au bois ou \u00e9lectriques, nos cuisini\u00e8res et planchas Finoptim ou De Manicor sont disponibles \u00e0 notre show-room \u00e0 Aime La Plagne.\" \/>\n<meta property=\"og:url\" content=\"https:\/\/tarentaise-cheminees.fr\/nl\/kooktoestellen-en-bakplaten\/\" \/>\n<meta property=\"og:site_name\" content=\"Tarentaise Chemin\u00e9es\" \/>\n<meta property=\"article:modified_time\" content=\"2025-04-03T10:10:55+00:00\" \/>\n<meta name=\"twitter:card\" content=\"summary_large_image\" \/>\n<meta name=\"twitter:label1\" content=\"Geschatte leestijd\" \/>\n\t<meta name=\"twitter:data1\" content=\"4 minuten\" \/>\n<script type=\"application\/ld+json\" class=\"yoast-schema-graph\">{\"@context\":\"https:\/\/schema.org\",\"@graph\":[{\"@type\":\"WebPage\",\"@id\":\"https:\/\/tarentaise-cheminees.fr\/cuisinieres-et-planchas\/\",\"url\":\"https:\/\/tarentaise-cheminees.fr\/cuisinieres-et-planchas\/\",\"name\":\"Cuisini\u00e8res et planchas - Tarentaise Chemin\u00e9es - Finoptim - De Manicor\",\"isPartOf\":{\"@id\":\"https:\/\/tarentaise-cheminees.fr\/#website\"},\"datePublished\":\"2020-10-05T14:09:49+00:00\",\"dateModified\":\"2025-04-03T10:10:55+00:00\",\"description\":\"Au bois ou \u00e9lectriques, nos cuisini\u00e8res et planchas Finoptim ou De Manicor sont disponibles \u00e0 notre show-room \u00e0 Aime La Plagne.\",\"breadcrumb\":{\"@id\":\"https:\/\/tarentaise-cheminees.fr\/cuisinieres-et-planchas\/#breadcrumb\"},\"inLanguage\":\"nl-NL\",\"potentialAction\":[{\"@type\":\"ReadAction\",\"target\":[\"https:\/\/tarentaise-cheminees.fr\/cuisinieres-et-planchas\/\"]}]},{\"@type\":\"BreadcrumbList\",\"@id\":\"https:\/\/tarentaise-cheminees.fr\/cuisinieres-et-planchas\/#breadcrumb\",\"itemListElement\":[{\"@type\":\"ListItem\",\"position\":1,\"name\":\"Accueil\",\"item\":\"https:\/\/tarentaise-cheminees.fr\/\"},{\"@type\":\"ListItem\",\"position\":2,\"name\":\"Cuisini\u00e8res et planchas\"}]},{\"@type\":\"WebSite\",\"@id\":\"https:\/\/tarentaise-cheminees.fr\/#website\",\"url\":\"https:\/\/tarentaise-cheminees.fr\/\",\"name\":\"Tarentaise Chemin\u00e9es\",\"description\":\"Le sp\u00e9cialiste de la chemin\u00e9e\",\"potentialAction\":[{\"@type\":\"SearchAction\",\"target\":{\"@type\":\"EntryPoint\",\"urlTemplate\":\"https:\/\/tarentaise-cheminees.fr\/?s={search_term_string}\"},\"query-input\":{\"@type\":\"PropertyValueSpecification\",\"valueRequired\":true,\"valueName\":\"search_term_string\"}}],\"inLanguage\":\"nl-NL\"}]}<\/script>\n<!-- \/ Yoast SEO plugin. -->","yoast_head_json":{"title":"Fornuizen en plancha&#039;s - Tarentaise Chemin\u00e9es - Finoptim - De Manicor","description":"Onze Finoptim- of De Manicor-fornuizen en bakplaten zijn verkrijgbaar in onze showroom op Aime La Plagne, zowel op hout als op elektriciteit.","robots":{"index":"index","follow":"follow","max-snippet":"max-snippet:-1","max-image-preview":"max-image-preview:large","max-video-preview":"max-video-preview:-1"},"canonical":"https:\/\/tarentaise-cheminees.fr\/nl\/kooktoestellen-en-bakplaten\/","og_locale":"nl_NL","og_type":"article","og_title":"Cuisini\u00e8res et planchas - Tarentaise Chemin\u00e9es - Finoptim - De Manicor","og_description":"Au bois ou \u00e9lectriques, nos cuisini\u00e8res et planchas Finoptim ou De Manicor sont disponibles \u00e0 notre show-room \u00e0 Aime La Plagne.","og_url":"https:\/\/tarentaise-cheminees.fr\/nl\/kooktoestellen-en-bakplaten\/","og_site_name":"Tarentaise Chemin\u00e9es","article_modified_time":"2025-04-03T10:10:55+00:00","twitter_card":"summary_large_image","twitter_misc":{"Geschatte leestijd":"4 minuten"},"schema":{"@context":"https:\/\/schema.org","@graph":[{"@type":"WebPage","@id":"https:\/\/tarentaise-cheminees.fr\/cuisinieres-et-planchas\/","url":"https:\/\/tarentaise-cheminees.fr\/cuisinieres-et-planchas\/","name":"Fornuizen en plancha&#039;s - Tarentaise Chemin\u00e9es - Finoptim - De Manicor","isPartOf":{"@id":"https:\/\/tarentaise-cheminees.fr\/#website"},"datePublished":"2020-10-05T14:09:49+00:00","dateModified":"2025-04-03T10:10:55+00:00","description":"Onze Finoptim- of De Manicor-fornuizen en bakplaten zijn verkrijgbaar in onze showroom op Aime La Plagne, zowel op hout als op elektriciteit.","breadcrumb":{"@id":"https:\/\/tarentaise-cheminees.fr\/cuisinieres-et-planchas\/#breadcrumb"},"inLanguage":"nl-NL","potentialAction":[{"@type":"ReadAction","target":["https:\/\/tarentaise-cheminees.fr\/cuisinieres-et-planchas\/"]}]},{"@type":"BreadcrumbList","@id":"https:\/\/tarentaise-cheminees.fr\/cuisinieres-et-planchas\/#breadcrumb","itemListElement":[{"@type":"ListItem","position":1,"name":"Accueil","item":"https:\/\/tarentaise-cheminees.fr\/"},{"@type":"ListItem","position":2,"name":"Cuisini\u00e8res et planchas"}]},{"@type":"WebSite","@id":"https:\/\/tarentaise-cheminees.fr\/#website","url":"https:\/\/tarentaise-cheminees.fr\/","name":"Tarentaise Chemin\u00e9es","description":"De specialist in haarden","potentialAction":[{"@type":"SearchAction","target":{"@type":"EntryPoint","urlTemplate":"https:\/\/tarentaise-cheminees.fr\/?s={search_term_string}"},"query-input":{"@type":"PropertyValueSpecification","valueRequired":true,"valueName":"search_term_string"}}],"inLanguage":"nl-NL"}]}},"_links":{"self":[{"href":"https:\/\/tarentaise-cheminees.fr\/nl\/wp-json\/wp\/v2\/pages\/477","targetHints":{"allow":["GET"]}}],"collection":[{"href":"https:\/\/tarentaise-cheminees.fr\/nl\/wp-json\/wp\/v2\/pages"}],"about":[{"href":"https:\/\/tarentaise-cheminees.fr\/nl\/wp-json\/wp\/v2\/types\/page"}],"author":[{"embeddable":true,"href":"https:\/\/tarentaise-cheminees.fr\/nl\/wp-json\/wp\/v2\/users\/2"}],"replies":[{"embeddable":true,"href":"https:\/\/tarentaise-cheminees.fr\/nl\/wp-json\/wp\/v2\/comments?post=477"}],"version-history":[{"count":20,"href":"https:\/\/tarentaise-cheminees.fr\/nl\/wp-json\/wp\/v2\/pages\/477\/revisions"}],"predecessor-version":[{"id":9550,"href":"https:\/\/tarentaise-cheminees.fr\/nl\/wp-json\/wp\/v2\/pages\/477\/revisions\/9550"}],"wp:attachment":[{"href":"https:\/\/tarentaise-cheminees.fr\/nl\/wp-json\/wp\/v2\/media?parent=477"}],"curies":[{"name":"wp","href":"https:\/\/api.w.org\/{rel}","templated":true}]}}