{"id":475,"date":"2020-10-05T16:08:56","date_gmt":"2020-10-05T14:08:56","guid":{"rendered":"https:\/\/tarentaise-cheminees.fr\/?page_id=475"},"modified":"2025-04-03T12:32:44","modified_gmt":"2025-04-03T10:32:44","slug":"inzetstukken-en-open-haarden","status":"publish","type":"page","link":"https:\/\/tarentaise-cheminees.fr\/nl\/inzetstukken-en-open-haarden\/","title":{"rendered":"Inbouwhaarden en open haarden"},"content":{"rendered":"<section      data-speed=\"1\" class=\"parallax_section_holder\" style = \" height:px; background-image:url('https:\/\/tarentaise-cheminees.fr\/wp-content\/uploads\/2020\/10\/BANDEAUFEU2.jpg');\"><div class=\"parallax_content center\"><div class='parallax_section_inner_margin clearfix'><div class=\"wpb_column vc_column_container vc_col-sm-12\"><div class=\"vc_column-inner\"><div class=\"wpb_wrapper\"><div class='q_elements_holder one_column responsive_mode_from_768' ><div class='q_elements_item' data-480-600='184px 0% 168px 0%' data-480='184px 0% 168px 0%' data-animation='no' data-item-class='q_elements_holder_custom_497620'><div class='q_elements_item_inner'><div class='q_elements_item_content q_elements_holder_custom_497620' style='padding:184px 8% 168px 8%'>\n\t<div class=\"wpb_text_column wpb_content_element\">\n\t\t<div class=\"wpb_wrapper\">\n\t\t\t<h2><span style=\"color: #ffffff;\">HOXTER EN BODART &amp; GONAY<\/span><\/h2>\n\n\t\t<\/div> \n\t<\/div> <div class=\"separator  small center\" style=\"margin-top: 25px;margin-bottom: 34px;background-color: #c7a082;height: 1px;width: 63px;\"><\/div>\n\n\t<div class=\"wpb_text_column wpb_content_element\">\n\t\t<div class=\"wpb_wrapper\">\n\t\t\t<div><span style=\"font-size: 14pt; color: #ffffff;\">Wij bieden u een aantal zeer mooie merken inserts aan waar wij mee werken. <\/span><\/div>\n<div><span style=\"font-size: 14pt; color: #ffffff;\">Afhankelijk van uw project kunnen wij ook haarden op maat maken.<\/span><\/div>\n<div><span style=\"font-size: 14pt; color: #ffffff;\">Enkel-, twee- of driezijdig, hefraam, draaideur, warmteaccumulatie, er zijn vele variaties mogelijk. Zo kunt u uw haarden personaliseren op basis van hun afmetingen en alle beschikbare opties (binnenkleur, keuze van handgreep, type kader, enz.).<\/span><\/div>\n<div><\/div>\n<div><span style=\"font-size: 14pt; color: #ffffff;\">Tegenwoordig is de markt voor houtenergie enorm gegroeid. De apparaten zijn zeer effici\u00ebnt en hebben een hoog verwarmingsvermogen.<\/span><\/div>\n<div><span style=\"font-size: 14pt; color: #ffffff;\">De technieken worden steeds nauwkeuriger, waardoor de opbrengsten van betere kwaliteit zijn, de vensters minder vaak donker worden en de titratie-instelling uiterst nauwkeurig is.<\/span><\/div>\n<div><span style=\"font-size: 14pt; color: #ffffff;\">Dit type open haarden zijn meestal inbouwhaarden. Wij kunnen de bekleding op maat maken, geheel afgestemd op uw wensen.<\/span><\/div>\n<p>&nbsp;<\/p>\n<h3><\/h3>\n\n\t\t<\/div> \n\t<\/div> \t<div class=\"vc_empty_space\"  style=\"height: 35px\" ><span\n\t\t\tclass=\"vc_empty_space_inner\">\n\t\t\t<span class=\"empty_space_image\"  ><\/span>\n\t\t<\/span><\/div>\n\n<\/div><\/div><\/div><\/div><\/div><\/div><\/div><\/div><\/div><\/section><div      class=\"vc_row wpb_row section vc_row-fluid  grid_section\" style=' padding-top:84px; padding-bottom:130px; text-align:left;'><div class=\"section_inner clearfix\"><div class='section_inner_margin clearfix'><div class=\"wpb_column vc_column_container vc_col-sm-12 vc_col-md-7\"><div class=\"vc_column-inner\"><div class=\"wpb_wrapper\"><div class='q_elements_holder one_column responsive_mode_from_768' ><div class='q_elements_item' data-600-768='0 0px 0 0px' data-480-600='0 0px 0 0px' data-480='0 0px 0 0px' data-animation='no' data-item-class='q_elements_holder_custom_913073'><div class='q_elements_item_inner'><div class='q_elements_item_content q_elements_holder_custom_913073' style='padding:0px 9px 0 9px'>\n\t<div class=\"wpb_single_image wpb_content_element vc_align_left\">\n\t\t<div class=\"wpb_wrapper\">\n\t\t\t\n\t\t\t<div class=\"vc_single_image-wrapper   vc_box_border_grey\"><img loading=\"lazy\" decoding=\"async\" width=\"800\" height=\"523\" src=\"https:\/\/tarentaise-cheminees.fr\/wp-content\/uploads\/2020\/10\/HOXTER.jpg\" class=\"vc_single_image-img attachment-full\" alt=\"\" srcset=\"https:\/\/tarentaise-cheminees.fr\/wp-content\/uploads\/2020\/10\/HOXTER.jpg 800w, https:\/\/tarentaise-cheminees.fr\/wp-content\/uploads\/2020\/10\/HOXTER-300x196.jpg 300w, https:\/\/tarentaise-cheminees.fr\/wp-content\/uploads\/2020\/10\/HOXTER-768x502.jpg 768w, https:\/\/tarentaise-cheminees.fr\/wp-content\/uploads\/2020\/10\/HOXTER-700x458.jpg 700w\" sizes=\"auto, (max-width: 800px) 100vw, 800px\" \/><\/div>\n\t\t<\/div>\n\t<\/div>\n<\/div><\/div><\/div><\/div><\/div><\/div><\/div><div class=\"wpb_column vc_column_container vc_col-sm-12 vc_col-md-5\"><div class=\"vc_column-inner\"><div class=\"wpb_wrapper\"><div class='q_elements_holder one_column responsive_mode_from_768' ><div class='q_elements_item' data-1024-1280='72px 40px 0 0' data-768-1024='35px 40px 0 0' data-600-768='60px 40px 0px 0' data-animation='no' data-item-class='q_elements_holder_custom_752483'><div class='q_elements_item_inner'><div class='q_elements_item_content q_elements_holder_custom_752483' style='padding:20px 40px 0 8px'>\n\t<div class=\"wpb_text_column wpb_content_element\">\n\t\t<div class=\"wpb_wrapper\">\n\t\t\t<h2>HOXTER<\/h2>\n\n\t\t<\/div> \n\t<\/div> <div class=\"separator  small left\" style=\"margin-top: 28px;margin-bottom: 38px;background-color: #c7a082;height: 1px;width: 63px;\"><\/div>\n\n\t<div class=\"wpb_text_column wpb_content_element\">\n\t\t<div class=\"wpb_wrapper\">\n\t\t\t<p>Sinds 2009 worden Hoxter-producten in 23 landen in Europa verkocht. Onze filosofie is om authentiek te zijn, zonder pompeuze schijn, kunstmatige strategie\u00ebn of omwegen. Door traditionele waarden te behouden, wordt het eenvoudiger en effici\u00ebnter om te opereren. Wij komen na wat wij beloven, zowel schriftelijk als mondeling. Onze handdruk staat garant voor kwaliteit en vertrouwen. Wij werken volgens het motto: &quot;Wij willen niet de grootste zijn, maar wel de beste en de populairste.&quot;<\/p>\n\n\t\t<\/div> \n\t<\/div> \t<div class=\"vc_empty_space\"  style=\"height: 32px\" ><span\n\t\t\tclass=\"vc_empty_space_inner\">\n\t\t\t<span class=\"empty_space_image\"  ><\/span>\n\t\t<\/span><\/div>\n\n<a  itemprop=\"url\" href=\"https:\/\/www.hoxter.cz\/fr\/bois\/products\/inserts-de-cheminee\" target=\"_blank\"  class=\"qbutton  default\" style=\"\">Ontdek het assortiment<\/a><\/div><\/div><\/div><\/div><\/div><\/div><\/div><\/div><\/div><\/div><div      class=\"vc_row wpb_row section vc_row-fluid  grid_section\" style=' padding-top:84px; padding-bottom:130px; text-align:left;'><div class=\"section_inner clearfix\"><div class='section_inner_margin clearfix'><div class=\"wpb_column vc_column_container vc_col-sm-12 vc_col-md-7\"><div class=\"vc_column-inner\"><div class=\"wpb_wrapper\"><div class='q_elements_holder one_column responsive_mode_from_768' ><div class='q_elements_item' data-600-768='0 0px 0 0px' data-480-600='0 0px 0 0px' data-480='0 0px 0 0px' data-animation='no' data-item-class='q_elements_holder_custom_238098'><div class='q_elements_item_inner'><div class='q_elements_item_content q_elements_holder_custom_238098' style='padding:0px 9px 0 9px'>\n\t<div class=\"wpb_single_image wpb_content_element vc_align_left\">\n\t\t<div class=\"wpb_wrapper\">\n\t\t\t\n\t\t\t<div class=\"vc_single_image-wrapper   vc_box_border_grey\"><img loading=\"lazy\" decoding=\"async\" width=\"800\" height=\"523\" src=\"https:\/\/tarentaise-cheminees.fr\/wp-content\/uploads\/2025\/04\/totem.jpg\" class=\"vc_single_image-img attachment-full\" alt=\"\" srcset=\"https:\/\/tarentaise-cheminees.fr\/wp-content\/uploads\/2025\/04\/totem.jpg 800w, https:\/\/tarentaise-cheminees.fr\/wp-content\/uploads\/2025\/04\/totem-300x196.jpg 300w, https:\/\/tarentaise-cheminees.fr\/wp-content\/uploads\/2025\/04\/totem-768x502.jpg 768w, https:\/\/tarentaise-cheminees.fr\/wp-content\/uploads\/2025\/04\/totem-700x458.jpg 700w\" sizes=\"auto, (max-width: 800px) 100vw, 800px\" \/><\/div>\n\t\t<\/div>\n\t<\/div>\n<\/div><\/div><\/div><\/div><\/div><\/div><\/div><div class=\"wpb_column vc_column_container vc_col-sm-12 vc_col-md-5\"><div class=\"vc_column-inner\"><div class=\"wpb_wrapper\"><div class='q_elements_holder one_column responsive_mode_from_768' ><div class='q_elements_item' data-1024-1280='72px 40px 0 0' data-768-1024='35px 40px 0 0' data-600-768='60px 40px 0px 0' data-animation='no' data-item-class='q_elements_holder_custom_413343'><div class='q_elements_item_inner'><div class='q_elements_item_content q_elements_holder_custom_413343' style='padding:20px 40px 0 8px'>\n\t<div class=\"wpb_text_column wpb_content_element\">\n\t\t<div class=\"wpb_wrapper\">\n\t\t\t<h2>TOTEM<\/h2>\n\n\t\t<\/div> \n\t<\/div> <div class=\"separator  small left\" style=\"margin-top: 28px;margin-bottom: 38px;background-color: #c7a082;height: 1px;width: 63px;\"><\/div>\n\n\t<div class=\"wpb_text_column wpb_content_element\">\n\t\t<div class=\"wpb_wrapper\">\n\t\t\t<p>Een bedrijf op mensenmaat, volledig toegewijd aan <strong>\u00e9\u00e9n baan en \u00e9\u00e9n alleen<\/strong> : de vervaardiging van <strong>open haarden<\/strong> van <strong>hoge kwaliteit<\/strong>.<br \/>\nOnze technische expertise ligt op het gebied van de productie van ketelbouwstaalsoorten. Deze blijven van nature ambachtelijk, ook al vertrouwen we op geavanceerde technieken als lasersnijden van plaatmetaal of computerondersteund ontwerp.<\/p>\n\n\t\t<\/div> \n\t<\/div> \t<div class=\"vc_empty_space\"  style=\"height: 32px\" ><span\n\t\t\tclass=\"vc_empty_space_inner\">\n\t\t\t<span class=\"empty_space_image\"  ><\/span>\n\t\t<\/span><\/div>\n\n<a  itemprop=\"url\" href=\"https:\/\/www.totemfire.com\" target=\"_blank\"  class=\"qbutton  default\" style=\"\">Ontdek het assortiment<\/a><\/div><\/div><\/div><\/div><\/div><\/div><\/div><\/div><\/div><\/div><div      class=\"vc_row wpb_row section vc_row-fluid  grid_section\" style=' padding-top:84px; padding-bottom:130px; text-align:left;'><div class=\"section_inner clearfix\"><div class='section_inner_margin clearfix'><div class=\"wpb_column vc_column_container vc_col-sm-12 vc_col-md-7\"><div class=\"vc_column-inner\"><div class=\"wpb_wrapper\"><div class='q_elements_holder one_column responsive_mode_from_768' ><div class='q_elements_item' data-600-768='0 0px 0 0px' data-480-600='0 0px 0 0px' data-480='0 0px 0 0px' data-animation='no' data-item-class='q_elements_holder_custom_898116'><div class='q_elements_item_inner'><div class='q_elements_item_content q_elements_holder_custom_898116' style='padding:0px 9px 0 9px'>\n\t<div class=\"wpb_single_image wpb_content_element vc_align_left\">\n\t\t<div class=\"wpb_wrapper\">\n\t\t\t\n\t\t\t<div class=\"vc_single_image-wrapper   vc_box_border_grey\"><img loading=\"lazy\" decoding=\"async\" width=\"800\" height=\"523\" src=\"https:\/\/tarentaise-cheminees.fr\/wp-content\/uploads\/2020\/11\/stuv.jpg\" class=\"vc_single_image-img attachment-full\" alt=\"\" srcset=\"https:\/\/tarentaise-cheminees.fr\/wp-content\/uploads\/2020\/11\/stuv.jpg 800w, https:\/\/tarentaise-cheminees.fr\/wp-content\/uploads\/2020\/11\/stuv-300x196.jpg 300w, https:\/\/tarentaise-cheminees.fr\/wp-content\/uploads\/2020\/11\/stuv-768x502.jpg 768w, https:\/\/tarentaise-cheminees.fr\/wp-content\/uploads\/2020\/11\/stuv-700x458.jpg 700w\" sizes=\"auto, (max-width: 800px) 100vw, 800px\" \/><\/div>\n\t\t<\/div>\n\t<\/div>\n<\/div><\/div><\/div><\/div><\/div><\/div><\/div><div class=\"wpb_column vc_column_container vc_col-sm-12 vc_col-md-5\"><div class=\"vc_column-inner\"><div class=\"wpb_wrapper\"><div class='q_elements_holder one_column responsive_mode_from_768' ><div class='q_elements_item' data-1024-1280='72px 40px 0 0' data-768-1024='35px 40px 0 0' data-600-768='60px 40px 0px 0' data-animation='no' data-item-class='q_elements_holder_custom_666710'><div class='q_elements_item_inner'><div class='q_elements_item_content q_elements_holder_custom_666710' style='padding:20px 40px 0 8px'>\n\t<div class=\"wpb_text_column wpb_content_element\">\n\t\t<div class=\"wpb_wrapper\">\n\t\t\t<h2>STUV<\/h2>\n\n\t\t<\/div> \n\t<\/div> <div class=\"separator  small left\" style=\"margin-top: 28px;margin-bottom: 38px;background-color: #c7a082;height: 1px;width: 63px;\"><\/div>\n\n\t<div class=\"wpb_text_column wpb_content_element\">\n\t\t<div class=\"wpb_wrapper\">\n\t\t\t<p>St\u00fbv ontwerpt en produceert houtkachels, pelletkachels, inbouwhaarden op hout en inbouwhaarden op gas, met als doel vuur in zijn functionele, emotionele en architecturale dimensies tot zijn recht te laten komen. Een St\u00fbv moet een bron van gezelligheid zijn, waar we samenkomen rond het plezier van vuur, een effici\u00ebnte manier om ons op een milieuvriendelijke manier te verwarmen en die bijdraagt aan de blijvende schoonheid van onze woning.<\/p>\n\n\t\t<\/div> \n\t<\/div> \t<div class=\"vc_empty_space\"  style=\"height: 32px\" ><span\n\t\t\tclass=\"vc_empty_space_inner\">\n\t\t\t<span class=\"empty_space_image\"  ><\/span>\n\t\t<\/span><\/div>\n\n<a  itemprop=\"url\" href=\"https:\/\/www.stuv.com\/fr\/inserts-a-bois\" target=\"_blank\"  class=\"qbutton  default\" style=\"\">Ontdek het assortiment<\/a><\/div><\/div><\/div><\/div><\/div><\/div><\/div><\/div><\/div><\/div><section      data-speed=\"1\" class=\"parallax_section_holder\" style = \" height:px; background-image:url('https:\/\/tarentaise-cheminees.fr\/wp-content\/uploads\/2020\/09\/BANDEAU-DEVIS-scaled.jpg');\"><div class=\"parallax_content center\"><div class='parallax_section_inner_margin clearfix'><div class=\"wpb_column vc_column_container vc_col-sm-12\"><div class=\"vc_column-inner\"><div class=\"wpb_wrapper\"><div class='q_elements_holder one_column responsive_mode_from_768' ><div class='q_elements_item' data-480-600='184px 0% 168px 0%' data-480='184px 0% 168px 0%' data-animation='no' data-item-class='q_elements_holder_custom_411998'><div class='q_elements_item_inner'><div class='q_elements_item_content q_elements_holder_custom_411998' style='padding:184px 8% 168px 8%'>\n\t<div class=\"wpb_text_column wpb_content_element\">\n\t\t<div class=\"wpb_wrapper\">\n\t\t\t<h1><span style=\"color: #ffffff;\">Vraag een offerte aan<\/span><\/h1>\n\n\t\t<\/div> \n\t<\/div> <div class=\"separator  small center\" style=\"margin-top: 25px;margin-bottom: 34px;background-color: #c7a082;height: 1px;width: 63px;\"><\/div>\n\n\t<div class=\"wpb_text_column wpb_content_element\">\n\t\t<div class=\"wpb_wrapper\">\n\t\t\t<h5><span style=\"color: #ffffff; font-size: 14pt;\">Een project, een verlangen? Neem contact met ons op voor een gratis offerte. Quentin komt graag bij u thuis langs om de haalbaarheid van uw project te beoordelen en u technische en ontwerpmatige oplossingen aan te bieden. Wij verzorgen uw installatie van A tot Z. E\u00e9n aanspreekpunt voor meer gemoedsrust.<\/span><\/h5>\n<p>&nbsp;<\/p>\n<h3><span style=\"color: #ffffff;\"><a style=\"color: #ffffff;\" href=\"telefoon:0479070419\"><span style=\"color: #c7a082;\">BEL ONS<\/span><\/a><span style=\"color: #c7a082;\">\u00a0Of <\/span><\/span><span style=\"color: #c7a082;\"><a style=\"color: #c7a082;\" href=\"https:\/\/tarentaise-cheminees.fr\/nl\/contact\/\">SCHRIJF ONS<\/a><\/span><\/h3>\n\n\t\t<\/div> \n\t<\/div> \t<div class=\"vc_empty_space\"  style=\"height: 35px\" ><span\n\t\t\tclass=\"vc_empty_space_inner\">\n\t\t\t<span class=\"empty_space_image\"  ><\/span>\n\t\t<\/span><\/div>\n\n<\/div><\/div><\/div><\/div><\/div><\/div><\/div><\/div><\/div><\/section>","protected":false},"excerpt":{"rendered":"HOXTER ET BODART &amp; GONAY Nous vous proposons de tr\u00e8s belles marques d'inserts avec lesquelles nous travaillons. Selon votre projet, nous pouvons \u00e9galement\u00a0r\u00e9aliser des foyers sur mesure. Simple, double ou trois faces, vitre relevable, porte battante, accumulation de chaleur, de nombreuses d\u00e9clinaisons sont possibles. Vous...","protected":false},"author":2,"featured_media":0,"parent":0,"menu_order":0,"comment_status":"closed","ping_status":"closed","template":"full_width.php","meta":{"footnotes":""},"class_list":["post-475","page","type-page","status-publish","hentry"],"yoast_head":"<!-- This site is optimized with the Yoast SEO plugin v26.9 - https:\/\/yoast.com\/product\/yoast-seo-wordpress\/ -->\n<title>Inserts et chemin\u00e9es - Tarentaise Chemin\u00e9es - Aime La Plagne.<\/title>\n<meta name=\"description\" content=\"Vous recherchez inserts et chemin\u00e9es en Savoie ? HOXTER et BODART &amp; GONAY sont nos marques partenaires de qualit\u00e9.\" \/>\n<meta name=\"robots\" content=\"index, follow, max-snippet:-1, max-image-preview:large, max-video-preview:-1\" \/>\n<link rel=\"canonical\" href=\"https:\/\/tarentaise-cheminees.fr\/nl\/inzetstukken-en-open-haarden\/\" \/>\n<meta property=\"og:locale\" content=\"nl_NL\" \/>\n<meta property=\"og:type\" content=\"article\" \/>\n<meta property=\"og:title\" content=\"Inserts et chemin\u00e9es - Tarentaise Chemin\u00e9es - Aime La Plagne.\" \/>\n<meta property=\"og:description\" content=\"Vous recherchez inserts et chemin\u00e9es en Savoie ? HOXTER et BODART &amp; GONAY sont nos marques partenaires de qualit\u00e9.\" \/>\n<meta property=\"og:url\" content=\"https:\/\/tarentaise-cheminees.fr\/nl\/inzetstukken-en-open-haarden\/\" \/>\n<meta property=\"og:site_name\" content=\"Tarentaise Chemin\u00e9es\" \/>\n<meta property=\"article:modified_time\" content=\"2025-04-03T10:32:44+00:00\" \/>\n<meta name=\"twitter:card\" content=\"summary_large_image\" \/>\n<meta name=\"twitter:label1\" content=\"Geschatte leestijd\" \/>\n\t<meta name=\"twitter:data1\" content=\"4 minuten\" \/>\n<script type=\"application\/ld+json\" class=\"yoast-schema-graph\">{\"@context\":\"https:\/\/schema.org\",\"@graph\":[{\"@type\":\"WebPage\",\"@id\":\"https:\/\/tarentaise-cheminees.fr\/inserts-et-cheminees\/\",\"url\":\"https:\/\/tarentaise-cheminees.fr\/inserts-et-cheminees\/\",\"name\":\"Inserts et chemin\u00e9es - Tarentaise Chemin\u00e9es - Aime La Plagne.\",\"isPartOf\":{\"@id\":\"https:\/\/tarentaise-cheminees.fr\/#website\"},\"datePublished\":\"2020-10-05T14:08:56+00:00\",\"dateModified\":\"2025-04-03T10:32:44+00:00\",\"description\":\"Vous recherchez inserts et chemin\u00e9es en Savoie ? HOXTER et BODART & GONAY sont nos marques partenaires de qualit\u00e9.\",\"breadcrumb\":{\"@id\":\"https:\/\/tarentaise-cheminees.fr\/inserts-et-cheminees\/#breadcrumb\"},\"inLanguage\":\"nl-NL\",\"potentialAction\":[{\"@type\":\"ReadAction\",\"target\":[\"https:\/\/tarentaise-cheminees.fr\/inserts-et-cheminees\/\"]}]},{\"@type\":\"BreadcrumbList\",\"@id\":\"https:\/\/tarentaise-cheminees.fr\/inserts-et-cheminees\/#breadcrumb\",\"itemListElement\":[{\"@type\":\"ListItem\",\"position\":1,\"name\":\"Accueil\",\"item\":\"https:\/\/tarentaise-cheminees.fr\/\"},{\"@type\":\"ListItem\",\"position\":2,\"name\":\"Inserts et chemin\u00e9es\"}]},{\"@type\":\"WebSite\",\"@id\":\"https:\/\/tarentaise-cheminees.fr\/#website\",\"url\":\"https:\/\/tarentaise-cheminees.fr\/\",\"name\":\"Tarentaise Chemin\u00e9es\",\"description\":\"Le sp\u00e9cialiste de la chemin\u00e9e\",\"potentialAction\":[{\"@type\":\"SearchAction\",\"target\":{\"@type\":\"EntryPoint\",\"urlTemplate\":\"https:\/\/tarentaise-cheminees.fr\/?s={search_term_string}\"},\"query-input\":{\"@type\":\"PropertyValueSpecification\",\"valueRequired\":true,\"valueName\":\"search_term_string\"}}],\"inLanguage\":\"nl-NL\"}]}<\/script>\n<!-- \/ Yoast SEO plugin. -->","yoast_head_json":{"title":"Inbouwhaarden en haarden - Tarentaise Chemin\u00e9es - Aime La Plagne.","description":"Bent u op zoek naar inzethaarden en open haarden in Savoie? HOXTER en BODART &amp; GONAY zijn onze kwaliteitspartnermerken.","robots":{"index":"index","follow":"follow","max-snippet":"max-snippet:-1","max-image-preview":"max-image-preview:large","max-video-preview":"max-video-preview:-1"},"canonical":"https:\/\/tarentaise-cheminees.fr\/nl\/inzetstukken-en-open-haarden\/","og_locale":"nl_NL","og_type":"article","og_title":"Inserts et chemin\u00e9es - Tarentaise Chemin\u00e9es - Aime La Plagne.","og_description":"Vous recherchez inserts et chemin\u00e9es en Savoie ? HOXTER et BODART & GONAY sont nos marques partenaires de qualit\u00e9.","og_url":"https:\/\/tarentaise-cheminees.fr\/nl\/inzetstukken-en-open-haarden\/","og_site_name":"Tarentaise Chemin\u00e9es","article_modified_time":"2025-04-03T10:32:44+00:00","twitter_card":"summary_large_image","twitter_misc":{"Geschatte leestijd":"4 minuten"},"schema":{"@context":"https:\/\/schema.org","@graph":[{"@type":"WebPage","@id":"https:\/\/tarentaise-cheminees.fr\/inserts-et-cheminees\/","url":"https:\/\/tarentaise-cheminees.fr\/inserts-et-cheminees\/","name":"Inbouwhaarden en haarden - Tarentaise Chemin\u00e9es - Aime La Plagne.","isPartOf":{"@id":"https:\/\/tarentaise-cheminees.fr\/#website"},"datePublished":"2020-10-05T14:08:56+00:00","dateModified":"2025-04-03T10:32:44+00:00","description":"Bent u op zoek naar inzethaarden en open haarden in Savoie? HOXTER en BODART &amp; GONAY zijn onze kwaliteitspartnermerken.","breadcrumb":{"@id":"https:\/\/tarentaise-cheminees.fr\/inserts-et-cheminees\/#breadcrumb"},"inLanguage":"nl-NL","potentialAction":[{"@type":"ReadAction","target":["https:\/\/tarentaise-cheminees.fr\/inserts-et-cheminees\/"]}]},{"@type":"BreadcrumbList","@id":"https:\/\/tarentaise-cheminees.fr\/inserts-et-cheminees\/#breadcrumb","itemListElement":[{"@type":"ListItem","position":1,"name":"Accueil","item":"https:\/\/tarentaise-cheminees.fr\/"},{"@type":"ListItem","position":2,"name":"Inserts et chemin\u00e9es"}]},{"@type":"WebSite","@id":"https:\/\/tarentaise-cheminees.fr\/#website","url":"https:\/\/tarentaise-cheminees.fr\/","name":"Tarentaise Chemin\u00e9es","description":"De specialist in haarden","potentialAction":[{"@type":"SearchAction","target":{"@type":"EntryPoint","urlTemplate":"https:\/\/tarentaise-cheminees.fr\/?s={search_term_string}"},"query-input":{"@type":"PropertyValueSpecification","valueRequired":true,"valueName":"search_term_string"}}],"inLanguage":"nl-NL"}]}},"_links":{"self":[{"href":"https:\/\/tarentaise-cheminees.fr\/nl\/wp-json\/wp\/v2\/pages\/475","targetHints":{"allow":["GET"]}}],"collection":[{"href":"https:\/\/tarentaise-cheminees.fr\/nl\/wp-json\/wp\/v2\/pages"}],"about":[{"href":"https:\/\/tarentaise-cheminees.fr\/nl\/wp-json\/wp\/v2\/types\/page"}],"author":[{"embeddable":true,"href":"https:\/\/tarentaise-cheminees.fr\/nl\/wp-json\/wp\/v2\/users\/2"}],"replies":[{"embeddable":true,"href":"https:\/\/tarentaise-cheminees.fr\/nl\/wp-json\/wp\/v2\/comments?post=475"}],"version-history":[{"count":24,"href":"https:\/\/tarentaise-cheminees.fr\/nl\/wp-json\/wp\/v2\/pages\/475\/revisions"}],"predecessor-version":[{"id":9559,"href":"https:\/\/tarentaise-cheminees.fr\/nl\/wp-json\/wp\/v2\/pages\/475\/revisions\/9559"}],"wp:attachment":[{"href":"https:\/\/tarentaise-cheminees.fr\/nl\/wp-json\/wp\/v2\/media?parent=475"}],"curies":[{"name":"wp","href":"https:\/\/api.w.org\/{rel}","templated":true}]}}