{"id":423,"date":"2020-10-05T14:20:31","date_gmt":"2020-10-05T12:20:31","guid":{"rendered":"https:\/\/tarentaise-cheminees.fr\/?page_id=423"},"modified":"2024-11-27T11:48:00","modified_gmt":"2024-11-27T10:48:00","slug":"schoorsteenvegen","status":"publish","type":"page","link":"https:\/\/tarentaise-cheminees.fr\/nl\/schoorsteenvegen\/","title":{"rendered":"Onze diensten"},"content":{"rendered":"<section      data-speed=\"1\" class=\"parallax_section_holder\" style = \" height:px; background-image:url('https:\/\/tarentaise-cheminees.fr\/wp-content\/uploads\/2020\/10\/BANDEAUFEU2.jpg');\"><div class=\"parallax_content center\"><div class='parallax_section_inner_margin clearfix'><div class=\"wpb_column vc_column_container vc_col-sm-12\"><div class=\"vc_column-inner\"><div class=\"wpb_wrapper\"><div class='q_elements_holder one_column responsive_mode_from_768' ><div class='q_elements_item' data-480-600='184px 0% 168px 0%' data-480='184px 0% 168px 0%' data-animation='no' data-item-class='q_elements_holder_custom_156002'><div class='q_elements_item_inner'><div class='q_elements_item_content q_elements_holder_custom_156002' style='padding:184px 8% 168px 8%'>\n\t<div class=\"wpb_text_column wpb_content_element\">\n\t\t<div class=\"wpb_wrapper\">\n\t\t\t<h1><span style=\"color: #ffffff;\">Klantenservice het hele jaar door<\/span><\/h1>\n\n\t\t<\/div> \n\t<\/div> <div class=\"separator  small center\" style=\"margin-top: 25px;margin-bottom: 34px;background-color: #c7a082;height: 1px;width: 63px;\"><\/div>\n\n\t<div class=\"wpb_text_column wpb_content_element\">\n\t\t<div class=\"wpb_wrapper\">\n\t\t\t<h5><span style=\"color: #ffffff; font-size: 14pt;\">Tarentaise Chemin\u00e9es is een echte partner voor haar klanten: wij adviseren, helpen en ondersteunen u gedurende de hele projectcyclus.<\/span><\/h5>\n<p>&nbsp;<\/p>\n<h3><\/h3>\n\n\t\t<\/div> \n\t<\/div> \t<div class=\"vc_empty_space\"  style=\"height: 35px\" ><span\n\t\t\tclass=\"vc_empty_space_inner\">\n\t\t\t<span class=\"empty_space_image\"  ><\/span>\n\t\t<\/span><\/div>\n\n<\/div><\/div><\/div><\/div><\/div><\/div><\/div><\/div><\/div><\/section><section      data-speed=\"1\" class=\"parallax_section_holder\" style = \" height:px; background-image:url('');\"><div class=\"parallax_content_full_width center\" ><div class='parallax_section_inner_margin clearfix'><div class=\"wpb_column vc_column_container vc_col-sm-12\"><div class=\"vc_column-inner\"><div class=\"wpb_wrapper\"><div class='q_elements_holder one_column responsive_mode_from_768' ><div class='q_elements_item' data-480-600='184px 0% 168px 0%' data-480='184px 0% 168px 0%' data-animation='no' data-item-class='q_elements_holder_custom_755271' style='background-color:#2c87a0;'><div class='q_elements_item_inner'><div class='q_elements_item_content q_elements_holder_custom_755271' style='padding:184px 8% 168px 8%'>\n\t<div class=\"wpb_text_column wpb_content_element\">\n\t\t<div class=\"wpb_wrapper\">\n\t\t\t<h1><span style=\"color: #ffffff;\"><img loading=\"lazy\" decoding=\"async\" class=\"alignnone size-full wp-image-548\" src=\"https:\/\/tarentaise-cheminees.fr\/wp-content\/uploads\/2020\/10\/feu5.png\" alt=\"\" width=\"150\" height=\"150\" \/><\/span><\/h1>\n<h1><span style=\"color: #ffffff;\">FACILITEIT<\/span><\/h1>\n\n\t\t<\/div> \n\t<\/div> <div class=\"separator  small center\" style=\"margin-top: 25px;margin-bottom: 34px;background-color: #c7a082;height: 1px;width: 63px;\"><\/div>\n\t<div class=\"vc_empty_space\"  style=\"height: 50px\" ><span\n\t\t\tclass=\"vc_empty_space_inner\">\n\t\t\t<span class=\"empty_space_image\"  ><\/span>\n\t\t<\/span><\/div>\n\n\n\t<div class=\"wpb_text_column wpb_content_element\">\n\t\t<div class=\"wpb_wrapper\">\n\t\t\t<h5><span style=\"font-family: Helvetica; font-size: 14pt; color: #ffffff;\">Onze expertise: Maatwerk!<\/span><\/h5>\n<h5><span style=\"font-family: Helvetica; font-size: 14pt; color: #ffffff;\">Neem samen de tijd om het apparaat te kiezen dat het beste bij u past, afhankelijk van uw levensstijl!\u00a0<\/span><\/h5>\n<h5><span style=\"font-family: Helvetica; font-size: 14pt; color: #ffffff;\">Samen met u werken wij uw project uit en adviseren wij u over de meest geschikte producten.<\/span><\/h5>\n<h5><span style=\"font-family: Helvetica; font-size: 14pt; color: #ffffff;\">Wij maken gratis een prijsopgave in de winkel, per e-mail of telefonisch, zodat u een idee krijgt van het totale budget dat uw installatie vertegenwoordigt.<\/span><\/h5>\n<h5><span style=\"font-family: Helvetica; font-size: 14pt; color: #ffffff;\">Vervolgens komt Quentin direct naar de installatielocatie om u een nauwkeurigere offerte te geven.<\/span><\/h5>\n<h5><span style=\"font-family: Helvetica; font-size: 14pt; color: #ffffff;\">Dit technische bezoek op locatie is betalend en de kosten vari\u00ebren afhankelijk van de geografische locatie van \u20ac 40 tot \u20ac 60 inclusief belasting.<\/span><\/h5>\n<h5><span style=\"font-family: Helvetica; font-size: 14pt; color: #ffffff;\">! Deze factuur voor het technisch bezoek is aftrekbaar van het totaalbedrag inclusief btw van de ondertekende offerte!<\/span><\/h5>\n<h5><span style=\"font-family: Helvetica; font-size: 14pt; color: #ffffff;\">Waarom zou ik kosten in rekening brengen voor een offerte op locatie? Om verschillende redenen:<\/span><\/h5>\n<h5><span style=\"font-family: Helvetica; font-size: 14pt; color: #ffffff;\">Omdat we met z\u2019n twee\u00ebn zijn in het bedrijf: Quentin en C\u00e9line.\u00a0<\/span><\/h5>\n<h5><span style=\"font-family: Helvetica; font-size: 14pt; color: #ffffff;\">&gt; Quentin installeert apparaten en bouwt al uw maatwerkprojecten: van het zagen van stenen tot het leggen van hout, inclusief het maken van stronken en alles wat met de open haard te maken heeft. Hij verzorgt het onderhoud en de controle van onze installaties, verzorgt de aftersalesservice en verzorgt ook offertes en dus ook technische bezoeken.\u00a0<\/span><\/h5>\n<h5><span style=\"font-family: Helvetica; font-size: 14pt; color: #ffffff;\">&gt; Voor C\u00e9line is zij degene met wie u in de winkel of telefonisch het eerste contact hebt. Zij verzorgt de uitwerking van uw project en ook de administratieve kant ervan (uw offertes, facturen, installatiedata, aftersalesservice, speciale verzoeken, enz.).\u00a0<\/span><\/h5>\n<h5><span style=\"font-family: Helvetica; font-size: 14pt; color: #ffffff;\">Dit bespaart u en ons tijd! Geen onnodige ritjes naar huis voor een ondoordacht project!<\/span><\/h5>\n<p>&nbsp;<\/p>\n<h5><span style=\"color: #ffffff;\"><strong>UW EISEN: ONZE EXPERTISE<\/strong><\/span><\/h5>\n\n\t\t<\/div> \n\t<\/div> \t<div class=\"vc_empty_space\"  style=\"height: 35px\" ><span\n\t\t\tclass=\"vc_empty_space_inner\">\n\t\t\t<span class=\"empty_space_image\"  ><\/span>\n\t\t<\/span><\/div>\n\n<\/div><\/div><\/div><\/div><\/div><\/div><\/div><\/div><\/div><\/section><section      data-speed=\"1\" class=\"parallax_section_holder\" style = \" height:px; background-image:url('');\"><div class=\"parallax_content_full_width center\" ><div class='parallax_section_inner_margin clearfix'><div class=\"wpb_column vc_column_container vc_col-sm-12\"><div class=\"vc_column-inner\"><div class=\"wpb_wrapper\"><div class='q_elements_holder one_column responsive_mode_from_768' ><div class='q_elements_item' data-480-600='184px 0% 168px 0%' data-480='184px 0% 168px 0%' data-animation='no' data-item-class='q_elements_holder_custom_158210' style='background-color:#87243e;'><div class='q_elements_item_inner'><div class='q_elements_item_content q_elements_holder_custom_158210' style='padding:184px 8% 168px 8%'>\n\t<div class=\"wpb_text_column wpb_content_element\">\n\t\t<div class=\"wpb_wrapper\">\n\t\t\t<h1><img loading=\"lazy\" decoding=\"async\" class=\"alignnone size-full wp-image-545\" src=\"https:\/\/tarentaise-cheminees.fr\/wp-content\/uploads\/2020\/10\/feu2.png\" alt=\"\" width=\"150\" height=\"150\" \/><\/h1>\n<h1><span style=\"color: #ffffff;\">ADVIES<\/span><\/h1>\n\n\t\t<\/div> \n\t<\/div> <div class=\"separator  small center\" style=\"margin-top: 25px;margin-bottom: 34px;background-color: #c7a082;height: 1px;width: 63px;\"><\/div>\n\n\t<div class=\"wpb_text_column wpb_content_element\">\n\t\t<div class=\"wpb_wrapper\">\n\t\t\t<h5><span style=\"font-family: Helvetica; font-size: 14pt; color: #ffffff;\">Wij delen ook graag ons professionele perspectief met u, zodat u bij uw keuzes wordt begeleid. Op basis van de analyse van criteria zoals installatie, effici\u00ebntie, gebruik, opslag, esthetiek en budget, kunnen wij u begeleiden naar de best mogelijke oplossing.\u00a0<\/span><\/h5>\n\n\t\t<\/div> \n\t<\/div> \t<div class=\"vc_empty_space\"  style=\"height: 35px\" ><span\n\t\t\tclass=\"vc_empty_space_inner\">\n\t\t\t<span class=\"empty_space_image\"  ><\/span>\n\t\t<\/span><\/div>\n\n<\/div><\/div><\/div><\/div><\/div><\/div><\/div><\/div><\/div><\/section><section      data-speed=\"1\" class=\"parallax_section_holder\" style = \" height:px; background-image:url('');\"><div class=\"parallax_content_full_width center\" ><div class='parallax_section_inner_margin clearfix'><div class=\"wpb_column vc_column_container vc_col-sm-12\"><div class=\"vc_column-inner\"><div class=\"wpb_wrapper\"><div class='q_elements_holder one_column responsive_mode_from_768' ><div class='q_elements_item' data-480-600='184px 0% 168px 0%' data-480='184px 0% 168px 0%' data-animation='no' data-item-class='q_elements_holder_custom_316571' style='background-color:#22706d;'><div class='q_elements_item_inner'><div class='q_elements_item_content q_elements_holder_custom_316571' style='padding:184px 8% 168px 8%'>\t<div class=\"vc_empty_space\"  style=\"height: 35px\" ><span\n\t\t\tclass=\"vc_empty_space_inner\">\n\t\t\t<span class=\"empty_space_image\"  ><\/span>\n\t\t<\/span><\/div>\n\n\n\t<div class=\"wpb_text_column wpb_content_element\">\n\t\t<div class=\"wpb_wrapper\">\n\t\t\t<h1><span style=\"color: #ffffff;\"><img loading=\"lazy\" decoding=\"async\" class=\"alignnone size-full wp-image-547\" src=\"https:\/\/tarentaise-cheminees.fr\/wp-content\/uploads\/2020\/10\/feu4.png\" alt=\"\" width=\"150\" height=\"150\" \/><\/span><\/h1>\n<h1><span style=\"color: #ffffff;\">HULP<\/span><\/h1>\n\n\t\t<\/div> \n\t<\/div> <div class=\"separator  small center\" style=\"margin-top: 25px;margin-bottom: 34px;background-color: #c7a082;height: 1px;width: 63px;\"><\/div>\n\n\t<div class=\"wpb_text_column wpb_content_element\">\n\t\t<div class=\"wpb_wrapper\">\n\t\t\t<h5><span style=\"color: #ffffff; font-size: 14pt;\"><span style=\"font-family: Helvetica;\">Belastingvoordelen, eco-leningen met nul rente, Anah-hulp, energiecheques, energiebonussen... mis de hulp niet die de kosten van uw project kan verlagen. C\u00e9line kan u begeleiden om u voordelen te bieden<\/span><\/span><span style=\"font-family: Helvetica;\"><span style=\"color: #ffffff; font-size: 14pt;\">voordeel.<\/span><\/span><\/h5>\n\n\t\t<\/div> \n\t<\/div> \t<div class=\"vc_empty_space\"  style=\"height: 35px\" ><span\n\t\t\tclass=\"vc_empty_space_inner\">\n\t\t\t<span class=\"empty_space_image\"  ><\/span>\n\t\t<\/span><\/div>\n\n<\/div><\/div><\/div><\/div><\/div><\/div><\/div><\/div><\/div><\/section><section      data-speed=\"1\" class=\"parallax_section_holder\" style = \" height:px; background-image:url('');\"><div class=\"parallax_content_full_width center\" ><div class='parallax_section_inner_margin clearfix'><div class=\"wpb_column vc_column_container vc_col-sm-12\"><div class=\"vc_column-inner\"><div class=\"wpb_wrapper\"><div class='q_elements_holder one_column responsive_mode_from_768' ><div class='q_elements_item' data-480-600='184px 0% 168px 0%' data-480='184px 0% 168px 0%' data-animation='no' data-item-class='q_elements_holder_custom_411603' style='background-color:#133349;'><div class='q_elements_item_inner'><div class='q_elements_item_content q_elements_holder_custom_411603' style='padding:184px 8% 168px 8%'>\n\t<div class=\"wpb_text_column wpb_content_element\">\n\t\t<div class=\"wpb_wrapper\">\n\t\t\t<h1><span style=\"color: #ffffff;\"><img loading=\"lazy\" decoding=\"async\" class=\"alignnone size-full wp-image-546\" src=\"https:\/\/tarentaise-cheminees.fr\/wp-content\/uploads\/2020\/10\/feu3.png\" alt=\"\" width=\"150\" height=\"150\" \/><\/span><\/h1>\n<h1><span style=\"color: #ffffff;\">VOLG UP<\/span><\/h1>\n\n\t\t<\/div> \n\t<\/div> <div class=\"separator  small center\" style=\"margin-top: 25px;margin-bottom: 34px;background-color: #c7a082;height: 1px;width: 63px;\"><\/div>\n\n\t<div class=\"wpb_text_column wpb_content_element\">\n\t\t<div class=\"wpb_wrapper\">\n\t\t\t<h5><span style=\"color: #ffffff; font-size: large;\"><span style=\"font-family: Helvetica;\">Wij bieden het hele jaar door aftersalesservice, garantiebewaking en onderhoud voor al onze installaties. <\/span><\/span><\/h5>\n<h5><span style=\"color: #ffffff; font-size: large;\"><span style=\"font-family: Helvetica;\">Wij garanderen u dus\u00a0<\/span><\/span><span style=\"color: #ffffff; font-family: Helvetica; font-size: large;\"><span style=\"caret-color: #ffffff;\">rust en mooie avonden bij het vuur!<\/span><\/span><\/h5>\n<h3><\/h3>\n\n\t\t<\/div> \n\t<\/div> \t<div class=\"vc_empty_space\"  style=\"height: 35px\" ><span\n\t\t\tclass=\"vc_empty_space_inner\">\n\t\t\t<span class=\"empty_space_image\"  ><\/span>\n\t\t<\/span><\/div>\n\n<\/div><\/div><\/div><\/div><\/div><\/div><\/div><\/div><\/div><\/section><section      data-speed=\"1\" class=\"parallax_section_holder\" style = \" height:px; background-image:url('https:\/\/tarentaise-cheminees.fr\/wp-content\/uploads\/2020\/09\/BANDEAU-DEVIS-scaled.jpg');\"><div class=\"parallax_content center\"><div class='parallax_section_inner_margin clearfix'><div class=\"wpb_column vc_column_container vc_col-sm-12\"><div class=\"vc_column-inner\"><div class=\"wpb_wrapper\"><div class='q_elements_holder one_column responsive_mode_from_768' ><div class='q_elements_item' data-480-600='184px 0% 168px 0%' data-480='184px 0% 168px 0%' data-animation='no' data-item-class='q_elements_holder_custom_871225'><div class='q_elements_item_inner'><div class='q_elements_item_content q_elements_holder_custom_871225' style='padding:184px 8% 168px 8%'>\n\t<div class=\"wpb_text_column wpb_content_element\">\n\t\t<div class=\"wpb_wrapper\">\n\t\t\t<h1><span style=\"color: #ffffff;\">Vraag een offerte aan<\/span><\/h1>\n\n\t\t<\/div> \n\t<\/div> <div class=\"separator  small center\" style=\"margin-top: 25px;margin-bottom: 34px;background-color: #c7a082;height: 1px;width: 63px;\"><\/div>\n\n\t<div class=\"wpb_text_column wpb_content_element\">\n\t\t<div class=\"wpb_wrapper\">\n\t\t\t<h5><span style=\"color: #eae9e9;\">Een project, een verlangen? Neem contact met ons op voor een gratis offerte. Quentin komt graag bij u thuis langs om de haalbaarheid van uw project te beoordelen en u technische en ontwerpmatige oplossingen aan te bieden. Wij verzorgen uw installatie van A tot Z. E\u00e9n aanspreekpunt voor meer gemoedsrust.<\/span><\/h5>\n<p>&nbsp;<\/p>\n<h3><span style=\"color: #ffffff;\"><a style=\"color: #ffffff;\" href=\"telefoon:0479070419\"><span style=\"color: #c7a082;\">BEL ONS<\/span><\/a><span style=\"color: #c7a082;\">\u00a0Of <\/span><\/span><span style=\"color: #c7a082;\"><a style=\"color: #c7a082;\" href=\"https:\/\/tarentaise-cheminees.fr\/nl\/contact\/\">SCHRIJF ONS<\/a><\/span><\/h3>\n\n\t\t<\/div> \n\t<\/div> \t<div class=\"vc_empty_space\"  style=\"height: 35px\" ><span\n\t\t\tclass=\"vc_empty_space_inner\">\n\t\t\t<span class=\"empty_space_image\"  ><\/span>\n\t\t<\/span><\/div>\n\n<\/div><\/div><\/div><\/div><\/div><\/div><\/div><\/div><\/div><\/section>","protected":false},"excerpt":{"rendered":"Un suivi client\u00e8le \u00e0 l'ann\u00e9e R\u00e9el partenaire de ses clients, Tarentaise Chemin\u00e9es vous conseil, vous aide et vous suit tout au long du cycle de votre projet. &nbsp; INSTALLATION Notre savoir-faire principal : Le sur mesure ! Prenons le temps, ensemble, de choisir l'appareil qui...","protected":false},"author":2,"featured_media":0,"parent":0,"menu_order":0,"comment_status":"closed","ping_status":"closed","template":"full_width.php","meta":{"footnotes":""},"class_list":["post-423","page","type-page","status-publish","hentry"],"yoast_head":"<!-- This site is optimized with the Yoast SEO plugin v26.9 - https:\/\/yoast.com\/product\/yoast-seo-wordpress\/ -->\n<title>Installation, d\u00e9bistrage, maintenance - Tarentaise Chemin\u00e9es<\/title>\n<meta name=\"description\" content=\"Le ramonage de votre chemin\u00e9e est obligatoire deux fois par an. Pour votre s\u00e9curit\u00e9 faites appel \u00e0 Tarentaise Chemin\u00e9es \u00e0 Aime La Plagne.\" \/>\n<meta name=\"robots\" content=\"index, follow, max-snippet:-1, max-image-preview:large, max-video-preview:-1\" \/>\n<link rel=\"canonical\" href=\"https:\/\/tarentaise-cheminees.fr\/nl\/schoorsteenvegen\/\" \/>\n<meta property=\"og:locale\" content=\"nl_NL\" \/>\n<meta property=\"og:type\" content=\"article\" \/>\n<meta property=\"og:title\" content=\"Installation, d\u00e9bistrage, maintenance - Tarentaise Chemin\u00e9es\" \/>\n<meta property=\"og:description\" content=\"Le ramonage de votre chemin\u00e9e est obligatoire deux fois par an. Pour votre s\u00e9curit\u00e9 faites appel \u00e0 Tarentaise Chemin\u00e9es \u00e0 Aime La Plagne.\" \/>\n<meta property=\"og:url\" content=\"https:\/\/tarentaise-cheminees.fr\/nl\/schoorsteenvegen\/\" \/>\n<meta property=\"og:site_name\" content=\"Tarentaise Chemin\u00e9es\" \/>\n<meta property=\"article:modified_time\" content=\"2024-11-27T10:48:00+00:00\" \/>\n<meta property=\"og:image\" content=\"https:\/\/tarentaise-cheminees.fr\/wp-content\/uploads\/2020\/10\/feu5.png\" \/>\n<meta name=\"twitter:card\" content=\"summary_large_image\" \/>\n<meta name=\"twitter:label1\" content=\"Geschatte leestijd\" \/>\n\t<meta name=\"twitter:data1\" content=\"5 minuten\" \/>\n<script type=\"application\/ld+json\" class=\"yoast-schema-graph\">{\"@context\":\"https:\/\/schema.org\",\"@graph\":[{\"@type\":\"WebPage\",\"@id\":\"https:\/\/tarentaise-cheminees.fr\/ramonage\/\",\"url\":\"https:\/\/tarentaise-cheminees.fr\/ramonage\/\",\"name\":\"Installation, d\u00e9bistrage, maintenance - Tarentaise Chemin\u00e9es\",\"isPartOf\":{\"@id\":\"https:\/\/tarentaise-cheminees.fr\/#website\"},\"primaryImageOfPage\":{\"@id\":\"https:\/\/tarentaise-cheminees.fr\/ramonage\/#primaryimage\"},\"image\":{\"@id\":\"https:\/\/tarentaise-cheminees.fr\/ramonage\/#primaryimage\"},\"thumbnailUrl\":\"https:\/\/tarentaise-cheminees.fr\/wp-content\/uploads\/2020\/10\/feu5.png\",\"datePublished\":\"2020-10-05T12:20:31+00:00\",\"dateModified\":\"2024-11-27T10:48:00+00:00\",\"description\":\"Le ramonage de votre chemin\u00e9e est obligatoire deux fois par an. Pour votre s\u00e9curit\u00e9 faites appel \u00e0 Tarentaise Chemin\u00e9es \u00e0 Aime La Plagne.\",\"breadcrumb\":{\"@id\":\"https:\/\/tarentaise-cheminees.fr\/ramonage\/#breadcrumb\"},\"inLanguage\":\"nl-NL\",\"potentialAction\":[{\"@type\":\"ReadAction\",\"target\":[\"https:\/\/tarentaise-cheminees.fr\/ramonage\/\"]}]},{\"@type\":\"ImageObject\",\"inLanguage\":\"nl-NL\",\"@id\":\"https:\/\/tarentaise-cheminees.fr\/ramonage\/#primaryimage\",\"url\":\"https:\/\/tarentaise-cheminees.fr\/wp-content\/uploads\/2020\/10\/feu5.png\",\"contentUrl\":\"https:\/\/tarentaise-cheminees.fr\/wp-content\/uploads\/2020\/10\/feu5.png\"},{\"@type\":\"BreadcrumbList\",\"@id\":\"https:\/\/tarentaise-cheminees.fr\/ramonage\/#breadcrumb\",\"itemListElement\":[{\"@type\":\"ListItem\",\"position\":1,\"name\":\"Accueil\",\"item\":\"https:\/\/tarentaise-cheminees.fr\/\"},{\"@type\":\"ListItem\",\"position\":2,\"name\":\"Nos services\"}]},{\"@type\":\"WebSite\",\"@id\":\"https:\/\/tarentaise-cheminees.fr\/#website\",\"url\":\"https:\/\/tarentaise-cheminees.fr\/\",\"name\":\"Tarentaise Chemin\u00e9es\",\"description\":\"Le sp\u00e9cialiste de la chemin\u00e9e\",\"potentialAction\":[{\"@type\":\"SearchAction\",\"target\":{\"@type\":\"EntryPoint\",\"urlTemplate\":\"https:\/\/tarentaise-cheminees.fr\/?s={search_term_string}\"},\"query-input\":{\"@type\":\"PropertyValueSpecification\",\"valueRequired\":true,\"valueName\":\"search_term_string\"}}],\"inLanguage\":\"nl-NL\"}]}<\/script>\n<!-- \/ Yoast SEO plugin. -->","yoast_head_json":{"title":"Installatie, verwijdering, onderhoud - Tarentaise Chemin\u00e9es","description":"Het is verplicht om uw schoorsteen twee keer per jaar te laten vegen. Voor uw veiligheid belt u Tarentaise Chemin\u00e9es tot Aime La Plagne.","robots":{"index":"index","follow":"follow","max-snippet":"max-snippet:-1","max-image-preview":"max-image-preview:large","max-video-preview":"max-video-preview:-1"},"canonical":"https:\/\/tarentaise-cheminees.fr\/nl\/schoorsteenvegen\/","og_locale":"nl_NL","og_type":"article","og_title":"Installation, d\u00e9bistrage, maintenance - Tarentaise Chemin\u00e9es","og_description":"Le ramonage de votre chemin\u00e9e est obligatoire deux fois par an. Pour votre s\u00e9curit\u00e9 faites appel \u00e0 Tarentaise Chemin\u00e9es \u00e0 Aime La Plagne.","og_url":"https:\/\/tarentaise-cheminees.fr\/nl\/schoorsteenvegen\/","og_site_name":"Tarentaise Chemin\u00e9es","article_modified_time":"2024-11-27T10:48:00+00:00","og_image":[{"url":"https:\/\/tarentaise-cheminees.fr\/wp-content\/uploads\/2020\/10\/feu5.png","type":"","width":"","height":""}],"twitter_card":"summary_large_image","twitter_misc":{"Geschatte leestijd":"5 minuten"},"schema":{"@context":"https:\/\/schema.org","@graph":[{"@type":"WebPage","@id":"https:\/\/tarentaise-cheminees.fr\/ramonage\/","url":"https:\/\/tarentaise-cheminees.fr\/ramonage\/","name":"Installatie, verwijdering, onderhoud - Tarentaise Chemin\u00e9es","isPartOf":{"@id":"https:\/\/tarentaise-cheminees.fr\/#website"},"primaryImageOfPage":{"@id":"https:\/\/tarentaise-cheminees.fr\/ramonage\/#primaryimage"},"image":{"@id":"https:\/\/tarentaise-cheminees.fr\/ramonage\/#primaryimage"},"thumbnailUrl":"https:\/\/tarentaise-cheminees.fr\/wp-content\/uploads\/2020\/10\/feu5.png","datePublished":"2020-10-05T12:20:31+00:00","dateModified":"2024-11-27T10:48:00+00:00","description":"Het is verplicht om uw schoorsteen twee keer per jaar te laten vegen. Voor uw veiligheid belt u Tarentaise Chemin\u00e9es tot Aime La Plagne.","breadcrumb":{"@id":"https:\/\/tarentaise-cheminees.fr\/ramonage\/#breadcrumb"},"inLanguage":"nl-NL","potentialAction":[{"@type":"ReadAction","target":["https:\/\/tarentaise-cheminees.fr\/ramonage\/"]}]},{"@type":"ImageObject","inLanguage":"nl-NL","@id":"https:\/\/tarentaise-cheminees.fr\/ramonage\/#primaryimage","url":"https:\/\/tarentaise-cheminees.fr\/wp-content\/uploads\/2020\/10\/feu5.png","contentUrl":"https:\/\/tarentaise-cheminees.fr\/wp-content\/uploads\/2020\/10\/feu5.png"},{"@type":"BreadcrumbList","@id":"https:\/\/tarentaise-cheminees.fr\/ramonage\/#breadcrumb","itemListElement":[{"@type":"ListItem","position":1,"name":"Accueil","item":"https:\/\/tarentaise-cheminees.fr\/"},{"@type":"ListItem","position":2,"name":"Nos services"}]},{"@type":"WebSite","@id":"https:\/\/tarentaise-cheminees.fr\/#website","url":"https:\/\/tarentaise-cheminees.fr\/","name":"Tarentaise Chemin\u00e9es","description":"De specialist in haarden","potentialAction":[{"@type":"SearchAction","target":{"@type":"EntryPoint","urlTemplate":"https:\/\/tarentaise-cheminees.fr\/?s={search_term_string}"},"query-input":{"@type":"PropertyValueSpecification","valueRequired":true,"valueName":"search_term_string"}}],"inLanguage":"nl-NL"}]}},"_links":{"self":[{"href":"https:\/\/tarentaise-cheminees.fr\/nl\/wp-json\/wp\/v2\/pages\/423","targetHints":{"allow":["GET"]}}],"collection":[{"href":"https:\/\/tarentaise-cheminees.fr\/nl\/wp-json\/wp\/v2\/pages"}],"about":[{"href":"https:\/\/tarentaise-cheminees.fr\/nl\/wp-json\/wp\/v2\/types\/page"}],"author":[{"embeddable":true,"href":"https:\/\/tarentaise-cheminees.fr\/nl\/wp-json\/wp\/v2\/users\/2"}],"replies":[{"embeddable":true,"href":"https:\/\/tarentaise-cheminees.fr\/nl\/wp-json\/wp\/v2\/comments?post=423"}],"version-history":[{"count":30,"href":"https:\/\/tarentaise-cheminees.fr\/nl\/wp-json\/wp\/v2\/pages\/423\/revisions"}],"predecessor-version":[{"id":9527,"href":"https:\/\/tarentaise-cheminees.fr\/nl\/wp-json\/wp\/v2\/pages\/423\/revisions\/9527"}],"wp:attachment":[{"href":"https:\/\/tarentaise-cheminees.fr\/nl\/wp-json\/wp\/v2\/media?parent=423"}],"curies":[{"name":"wp","href":"https:\/\/api.w.org\/{rel}","templated":true}]}}