{"id":181,"date":"2018-03-30T09:31:35","date_gmt":"2018-03-30T09:31:35","guid":{"rendered":"https:\/\/bridge198.qodeinteractive.com\/?page_id=181"},"modified":"2024-11-27T12:00:38","modified_gmt":"2024-11-27T11:00:38","slug":"contact-tarentaise-schoorstenen","status":"publish","type":"page","link":"https:\/\/tarentaise-cheminees.fr\/nl\/contact-tarentaise-schoorstenen\/","title":{"rendered":"Contact"},"content":{"rendered":"<div      class=\"vc_row wpb_row section vc_row-fluid  grid_section\" style=' padding-top:109px; padding-bottom:87px; text-align:center;'><div class=\"section_inner clearfix\"><div class='section_inner_margin clearfix'><div class=\"wpb_column vc_column_container vc_col-sm-12\"><div class=\"vc_column-inner\"><div class=\"wpb_wrapper\"><div class='q_elements_holder one_column responsive_mode_from_768' ><div class='q_elements_item' data-600-768='0 0% 48px 0%' data-480-600='0 0% 48px 0%' data-480='0 0% 48px 0%' data-animation='no' data-item-class='q_elements_holder_custom_929156'><div class='q_elements_item_inner'><div class='q_elements_item_content q_elements_holder_custom_929156' style='padding:0 28% 48px 28%'>\n\t<div class=\"wpb_text_column wpb_content_element\">\n\t\t<div class=\"wpb_wrapper\">\n\t\t\t<h2>Neem contact met ons op<\/h2>\n\n\t\t<\/div> \n\t<\/div> <div class=\"separator  small center\" style=\"margin-top: 24px;margin-bottom: 31px;background-color: #c7a082;height: 1px;width: 63px;\"><\/div>\n\n\t<div class=\"wpb_text_column wpb_content_element\">\n\t\t<div class=\"wpb_wrapper\">\n\t\t\t<p style=\"text-align: center;\"><span style=\"font-size: 18pt;\">Telefoon: 04.79.07.04.19, <\/span><\/p>\n<p style=\"text-align: center;\"><span style=\"font-size: 18pt;\">E-mailadres: Tarentaise.cheminees73@gmail.com<\/span><\/p>\n\n\t\t<\/div> \n\t<\/div> <\/div><\/div><\/div><\/div><\/div><\/div><\/div><\/div><\/div><\/div><div      class=\"vc_row wpb_row section vc_row-fluid  grid_section\" style=' padding-bottom:20px; text-align:center;'><div class=\"section_inner clearfix\"><div class='section_inner_margin clearfix'><div class=\"wpb_column vc_column_container vc_col-sm-12\"><div class=\"vc_column-inner\"><div class=\"wpb_wrapper\"><div class='q_elements_holder one_column responsive_mode_from_768' ><div class='q_elements_item' data-600-768='0 0% 48px 0%' data-480-600='0 0% 48px 0%' data-480='0 0% 48px 0%' data-animation='no' data-item-class='q_elements_holder_custom_213467'><div class='q_elements_item_inner'><div class='q_elements_item_content q_elements_holder_custom_213467' style='padding:0 28% 48px 28%'>\n\t<div class=\"wpb_text_column wpb_content_element\">\n\t\t<div class=\"wpb_wrapper\">\n\t\t\t<h2>Kom naar de showroom<\/h2>\n\n\t\t<\/div> \n\t<\/div> <div class=\"separator  small center\" style=\"margin-top: 24px;margin-bottom: 31px;background-color: #c7a082;height: 1px;width: 63px;\"><\/div>\n\n\t<div class=\"wpb_text_column wpb_content_element\">\n\t\t<div class=\"wpb_wrapper\">\n\t\t\t<p style=\"text-align: center;\"><span style=\"font-size: 18pt;\">Adres: 59, Route de la Fortune, 73210 Aime La Plagne<\/span><\/p>\n\n\t\t<\/div> \n\t<\/div> <\/div><\/div><\/div><\/div><\/div><\/div><\/div><\/div><\/div><\/div><div      class=\"vc_row wpb_row section vc_row-fluid\" style=' text-align:left;'><div class=\"full_section_inner clearfix\"><div class=\"wpb_column vc_column_container vc_col-sm-12\"><div class=\"vc_column-inner\"><div class=\"wpb_wrapper\"><div class=\"wpb_gmaps_widget wpb_content_element\"><div class=\"wpb_wrapper\"><div class=\"wpb_map_wraper\"><iframe loading=\"lazy\" src=\"https:\/\/www.google.com\/maps\/embed?pb=!1m18!1m12!1m3!1d1453.2712332010844!2d6.640538356781912!3d45.55489213540835!2m3!1f0!2f0!3f0!3m2!1i1024!2i768!4f13.1!3m3!1m2!1s0x47897cb5fbfae413%3A0x2615996d4cbaa7ca!2s59%20Route%20de%20la%20Fortune%2C%2073210%20Aime!5e1!3m2!1sfr!2sfr!4v1600954095093!5m2!1sfr!2sfr\" width=\"600\" height=\"450\" frameborder=\"0\" style=\"border:0;\" allowfullscreen=\"\" aria-hidden=\"false\" tabindex=\"0\"><\/iframe><\/div><\/div><\/div>\t<div class=\"vc_empty_space\"  style=\"height: 32px\" ><span\n\t\t\tclass=\"vc_empty_space_inner\">\n\t\t\t<span class=\"empty_space_image\"  ><\/span>\n\t\t<\/span><\/div>\n\n<\/div><\/div><\/div><\/div><\/div>","protected":false},"excerpt":{"rendered":"Nous contacter T\u00e9l\u00e9phone: 04.79.07.04.19, Email: Tarentaise.cheminees73@gmail.com Venir au showroom Adresse: 59, Route de la Fortune, 73210 Aime La Plagne","protected":false},"author":2,"featured_media":0,"parent":0,"menu_order":0,"comment_status":"closed","ping_status":"closed","template":"full_width.php","meta":{"footnotes":""},"class_list":["post-181","page","type-page","status-publish","hentry"],"yoast_head":"<!-- This site is optimized with the Yoast SEO plugin v26.9 - https:\/\/yoast.com\/product\/yoast-seo-wordpress\/ -->\n<title>Contact Tarentaise Chemin\u00e9es - Installation - Ramonage en Tarentaise<\/title>\n<meta name=\"description\" content=\"Besoin d&#039;unstaller ou de faire ramoner votre chemin\u00e9e ? Contact Tarentaise Chemin\u00e9es : 04 79 07 04 19 \/ tarentaise.cheminees73@gmail.com\" \/>\n<meta name=\"robots\" content=\"index, follow, max-snippet:-1, max-image-preview:large, max-video-preview:-1\" \/>\n<link rel=\"canonical\" href=\"https:\/\/tarentaise-cheminees.fr\/nl\/contact-tarentaise-schoorstenen\/\" \/>\n<meta property=\"og:locale\" content=\"nl_NL\" \/>\n<meta property=\"og:type\" content=\"article\" \/>\n<meta property=\"og:title\" content=\"Contact Tarentaise Chemin\u00e9es - Installation - Ramonage en Tarentaise\" \/>\n<meta property=\"og:description\" content=\"Besoin d&#039;unstaller ou de faire ramoner votre chemin\u00e9e ? Contact Tarentaise Chemin\u00e9es : 04 79 07 04 19 \/ tarentaise.cheminees73@gmail.com\" \/>\n<meta property=\"og:url\" content=\"https:\/\/tarentaise-cheminees.fr\/nl\/contact-tarentaise-schoorstenen\/\" \/>\n<meta property=\"og:site_name\" content=\"Tarentaise Chemin\u00e9es\" \/>\n<meta property=\"article:modified_time\" content=\"2024-11-27T11:00:38+00:00\" \/>\n<meta name=\"twitter:card\" content=\"summary_large_image\" \/>\n<meta name=\"twitter:label1\" content=\"Geschatte leestijd\" \/>\n\t<meta name=\"twitter:data1\" content=\"1 minuut\" \/>\n<script type=\"application\/ld+json\" class=\"yoast-schema-graph\">{\"@context\":\"https:\/\/schema.org\",\"@graph\":[{\"@type\":\"WebPage\",\"@id\":\"https:\/\/tarentaise-cheminees.fr\/contact-tarentaise-cheminees\/\",\"url\":\"https:\/\/tarentaise-cheminees.fr\/contact-tarentaise-cheminees\/\",\"name\":\"Contact Tarentaise Chemin\u00e9es - Installation - Ramonage en Tarentaise\",\"isPartOf\":{\"@id\":\"https:\/\/tarentaise-cheminees.fr\/#website\"},\"datePublished\":\"2018-03-30T09:31:35+00:00\",\"dateModified\":\"2024-11-27T11:00:38+00:00\",\"description\":\"Besoin d'unstaller ou de faire ramoner votre chemin\u00e9e ? Contact Tarentaise Chemin\u00e9es : 04 79 07 04 19 \/ tarentaise.cheminees73@gmail.com\",\"breadcrumb\":{\"@id\":\"https:\/\/tarentaise-cheminees.fr\/contact-tarentaise-cheminees\/#breadcrumb\"},\"inLanguage\":\"nl-NL\",\"potentialAction\":[{\"@type\":\"ReadAction\",\"target\":[\"https:\/\/tarentaise-cheminees.fr\/contact-tarentaise-cheminees\/\"]}]},{\"@type\":\"BreadcrumbList\",\"@id\":\"https:\/\/tarentaise-cheminees.fr\/contact-tarentaise-cheminees\/#breadcrumb\",\"itemListElement\":[{\"@type\":\"ListItem\",\"position\":1,\"name\":\"Accueil\",\"item\":\"https:\/\/tarentaise-cheminees.fr\/\"},{\"@type\":\"ListItem\",\"position\":2,\"name\":\"Contact\"}]},{\"@type\":\"WebSite\",\"@id\":\"https:\/\/tarentaise-cheminees.fr\/#website\",\"url\":\"https:\/\/tarentaise-cheminees.fr\/\",\"name\":\"Tarentaise Chemin\u00e9es\",\"description\":\"Le sp\u00e9cialiste de la chemin\u00e9e\",\"potentialAction\":[{\"@type\":\"SearchAction\",\"target\":{\"@type\":\"EntryPoint\",\"urlTemplate\":\"https:\/\/tarentaise-cheminees.fr\/?s={search_term_string}\"},\"query-input\":{\"@type\":\"PropertyValueSpecification\",\"valueRequired\":true,\"valueName\":\"search_term_string\"}}],\"inLanguage\":\"nl-NL\"}]}<\/script>\n<!-- \/ Yoast SEO plugin. -->","yoast_head_json":{"title":"Contacteer Tarentaise Chemin\u00e9es - Installatie - Schoorsteenvegen in Tarentaise","description":"Moet uw schoorsteen worden gedemonteerd of geveegd? Contactpersoon Tarentaise Chemin\u00e9es: 04 79 07 04 19 \/ tarentaise.cheminees73@gmail.com","robots":{"index":"index","follow":"follow","max-snippet":"max-snippet:-1","max-image-preview":"max-image-preview:large","max-video-preview":"max-video-preview:-1"},"canonical":"https:\/\/tarentaise-cheminees.fr\/nl\/contact-tarentaise-schoorstenen\/","og_locale":"nl_NL","og_type":"article","og_title":"Contact Tarentaise Chemin\u00e9es - Installation - Ramonage en Tarentaise","og_description":"Besoin d'unstaller ou de faire ramoner votre chemin\u00e9e ? Contact Tarentaise Chemin\u00e9es : 04 79 07 04 19 \/ tarentaise.cheminees73@gmail.com","og_url":"https:\/\/tarentaise-cheminees.fr\/nl\/contact-tarentaise-schoorstenen\/","og_site_name":"Tarentaise Chemin\u00e9es","article_modified_time":"2024-11-27T11:00:38+00:00","twitter_card":"summary_large_image","twitter_misc":{"Geschatte leestijd":"1 minuut"},"schema":{"@context":"https:\/\/schema.org","@graph":[{"@type":"WebPage","@id":"https:\/\/tarentaise-cheminees.fr\/contact-tarentaise-cheminees\/","url":"https:\/\/tarentaise-cheminees.fr\/contact-tarentaise-cheminees\/","name":"Contacteer Tarentaise Chemin\u00e9es - Installatie - Schoorsteenvegen in Tarentaise","isPartOf":{"@id":"https:\/\/tarentaise-cheminees.fr\/#website"},"datePublished":"2018-03-30T09:31:35+00:00","dateModified":"2024-11-27T11:00:38+00:00","description":"Moet uw schoorsteen worden gedemonteerd of geveegd? Contactpersoon Tarentaise Chemin\u00e9es: 04 79 07 04 19 \/ tarentaise.cheminees73@gmail.com","breadcrumb":{"@id":"https:\/\/tarentaise-cheminees.fr\/contact-tarentaise-cheminees\/#breadcrumb"},"inLanguage":"nl-NL","potentialAction":[{"@type":"ReadAction","target":["https:\/\/tarentaise-cheminees.fr\/contact-tarentaise-cheminees\/"]}]},{"@type":"BreadcrumbList","@id":"https:\/\/tarentaise-cheminees.fr\/contact-tarentaise-cheminees\/#breadcrumb","itemListElement":[{"@type":"ListItem","position":1,"name":"Accueil","item":"https:\/\/tarentaise-cheminees.fr\/"},{"@type":"ListItem","position":2,"name":"Contact"}]},{"@type":"WebSite","@id":"https:\/\/tarentaise-cheminees.fr\/#website","url":"https:\/\/tarentaise-cheminees.fr\/","name":"Tarentaise Chemin\u00e9es","description":"De specialist in haarden","potentialAction":[{"@type":"SearchAction","target":{"@type":"EntryPoint","urlTemplate":"https:\/\/tarentaise-cheminees.fr\/?s={search_term_string}"},"query-input":{"@type":"PropertyValueSpecification","valueRequired":true,"valueName":"search_term_string"}}],"inLanguage":"nl-NL"}]}},"_links":{"self":[{"href":"https:\/\/tarentaise-cheminees.fr\/nl\/wp-json\/wp\/v2\/pages\/181","targetHints":{"allow":["GET"]}}],"collection":[{"href":"https:\/\/tarentaise-cheminees.fr\/nl\/wp-json\/wp\/v2\/pages"}],"about":[{"href":"https:\/\/tarentaise-cheminees.fr\/nl\/wp-json\/wp\/v2\/types\/page"}],"author":[{"embeddable":true,"href":"https:\/\/tarentaise-cheminees.fr\/nl\/wp-json\/wp\/v2\/users\/2"}],"replies":[{"embeddable":true,"href":"https:\/\/tarentaise-cheminees.fr\/nl\/wp-json\/wp\/v2\/comments?post=181"}],"version-history":[{"count":19,"href":"https:\/\/tarentaise-cheminees.fr\/nl\/wp-json\/wp\/v2\/pages\/181\/revisions"}],"predecessor-version":[{"id":9528,"href":"https:\/\/tarentaise-cheminees.fr\/nl\/wp-json\/wp\/v2\/pages\/181\/revisions\/9528"}],"wp:attachment":[{"href":"https:\/\/tarentaise-cheminees.fr\/nl\/wp-json\/wp\/v2\/media?parent=181"}],"curies":[{"name":"wp","href":"https:\/\/api.w.org\/{rel}","templated":true}]}}