{"id":892,"date":"2020-11-17T10:26:47","date_gmt":"2020-11-17T09:26:47","guid":{"rendered":"https:\/\/tarentaise-cheminees.fr\/?page_id=892"},"modified":"2025-04-04T13:56:30","modified_gmt":"2025-04-04T11:56:30","slug":"installazione-di-caminetti-e-inserti","status":"publish","type":"page","link":"https:\/\/tarentaise-cheminees.fr\/it\/installazione-di-caminetti-e-inserti\/","title":{"rendered":"La nostra storia"},"content":{"rendered":"<div      class=\"vc_row wpb_row section vc_row-fluid  grid_section\" style=' padding-top:102px; padding-bottom:119px; text-align:left;'><div class=\"section_inner clearfix\"><div class='section_inner_margin clearfix'><div class=\"wpb_column vc_column_container vc_col-sm-12\"><div class=\"vc_column-inner\"><div class=\"wpb_wrapper\"><div class=\"qode-horizontal-timeline qode-timeline-top\">\n\t<div class=\"qode-timeline\">\n\t    <div class=\"qode-events-wrapper\">\n\t        <div class=\"qode-events\">\n\t            <ol>\n\t                \t                    <li><a href=\"javascript:void(0)\" data-date=\"14\/08\/2003\"><span class=\"qode-event-text\">2003<\/span><span class=\"circle-outer\"><span class=\"circle-inner\"><\/span><\/span><\/a><\/li>\n\t                \t                    <li><a href=\"javascript:void(0)\" data-date=\"21\/02\/2005\"><span class=\"qode-event-text\">2006<\/span><span class=\"circle-outer\"><span class=\"circle-inner\"><\/span><\/span><\/a><\/li>\n\t                \t                    <li><a href=\"javascript:void(0)\" data-date=\"03\/02\/2007\"><span class=\"qode-event-text\">2020<\/span><span class=\"circle-outer\"><span class=\"circle-inner\"><\/span><\/span><\/a><\/li>\n\t                \t            <\/ol>\n\t            <span class=\"qode-filling-line\" aria-hidden=\"true\"><\/span>\n\t            <div class=\"qode-dots\"><\/div>\n\t        <\/div>\n\t    <\/div>\n\t    <ul class=\"qode-timeline-navigation\">\n\t        <li><a href=\"#0\" class=\"qode-prev inactive\"><\/a><\/li>\n\t        <li><a href=\"#0\" class=\"qode-next\"><\/a><\/li>\n\t    <\/ul>\n\t<\/div>\n\t<div class=\"qode-events-content\">\n\t    <ol>\n\t        <li class=\"qode-hti-content\" data-date=\"14\/08\/2003\">\n\t<div class=\"qode-hti-content-inner qode-timeline-has-image\">\n\t\t<div class='qode-hti-content-inner-shadow'>\n\t\t\t\t\t\t\t<div class='qode-hti-content-image'>\n\t\t\t\t\t<img loading=\"lazy\" decoding=\"async\" width=\"350\" height=\"240\" src=\"https:\/\/tarentaise-cheminees.fr\/wp-content\/uploads\/2020\/10\/papa-e1602857336357.jpg\" class=\"attachment-full size-full\" alt=\"\" \/>\t\t\t\t<\/div>\n\t\t\t\t\t\t<div class='qode-hti-content-value'>\n\t\t\t\t<div class=\"separator  transparent\" style=\"margin-top: -36px;\"><\/div>\n\n\t<div class=\"wpb_text_column wpb_content_element\">\n\t\t<div class=\"wpb_wrapper\">\n\t\t\t<h2>L&#039;AVVENTURA INIZIA<\/h2>\n\n\t\t<\/div> \n\t<\/div> <div class=\"separator  small left\" style=\"margin-top: 31px;margin-bottom: 31px;background-color: #c7a082;height: 1px;width: 63px;\"><\/div>\n\n\t<div class=\"wpb_text_column wpb_content_element\">\n\t\t<div class=\"wpb_wrapper\">\n\t\t\t<p>Christian Chanudet ha creato Tarentaise Chemin\u00e9es. Nel corso di 17 anni, Christian installer\u00e0 nella regione centinaia di caminetti, stufe, inserti... ed eseguir\u00e0 centinaia di pulizie. Come ama dire, il suo lavoro lo porta a entrare nella vita delle persone e a partecipare al loro benessere, anche se in modo umile.<\/p>\n\n\t\t<\/div> \n\t<\/div> \t<div class=\"vc_empty_space\"  style=\"height: 20px\" ><span\n\t\t\tclass=\"vc_empty_space_inner\">\n\t\t\t<span class=\"empty_space_image\"  ><\/span>\n\t\t<\/span><\/div>\n\n\t\t\t<\/div>\n\t\t<\/div>\n\t<\/div>\n<\/li><li class=\"qode-hti-content\" data-date=\"21\/02\/2005\">\n\t<div class=\"qode-hti-content-inner qode-timeline-has-image\">\n\t\t<div class='qode-hti-content-inner-shadow'>\n\t\t\t\t\t\t\t<div class='qode-hti-content-image'>\n\t\t\t\t\t<img loading=\"lazy\" decoding=\"async\" width=\"580\" height=\"397\" src=\"https:\/\/tarentaise-cheminees.fr\/wp-content\/uploads\/2020\/09\/showroom.jpg\" class=\"attachment-full size-full\" alt=\"\" srcset=\"https:\/\/tarentaise-cheminees.fr\/wp-content\/uploads\/2020\/09\/showroom.jpg 580w, https:\/\/tarentaise-cheminees.fr\/wp-content\/uploads\/2020\/09\/showroom-300x205.jpg 300w\" sizes=\"auto, (max-width: 580px) 100vw, 580px\" \/>\t\t\t\t<\/div>\n\t\t\t\t\t\t<div class='qode-hti-content-value'>\n\t\t\t\t<div class=\"separator  transparent\" style=\"margin-top: -36px;\"><\/div>\n\n\t<div class=\"wpb_text_column wpb_content_element\">\n\t\t<div class=\"wpb_wrapper\">\n\t\t\t<h2>LA SALA MOSTRA<\/h2>\n\n\t\t<\/div> \n\t<\/div> <div class=\"separator  small left\" style=\"margin-top: 31px;margin-bottom: 31px;background-color: #c7a082;height: 1px;width: 63px;\"><\/div>\n\n\t<div class=\"wpb_text_column wpb_content_element\">\n\t\t<div class=\"wpb_wrapper\">\n\t\t\t<p>Tarentaise Chemin\u00e9es dispone di uno showroom di 100 m2 dove potrete vedere l&#039;ampiezza dell&#039;offerta dell&#039;azienda e dove oggi sarete accolti da C\u00e9line e Maverick, il loro carismatico Bulldog inglese che, come potrete vedere, \u00e8 molto gentile!<\/p>\n\n\t\t<\/div> \n\t<\/div> \t<div class=\"vc_empty_space\"  style=\"height: 20px\" ><span\n\t\t\tclass=\"vc_empty_space_inner\">\n\t\t\t<span class=\"empty_space_image\"  ><\/span>\n\t\t<\/span><\/div>\n\n\t\t\t<\/div>\n\t\t<\/div>\n\t<\/div>\n<\/li><li class=\"qode-hti-content\" data-date=\"03\/02\/2007\">\n\t<div class=\"qode-hti-content-inner qode-timeline-has-image\">\n\t\t<div class='qode-hti-content-inner-shadow'>\n\t\t\t\t\t\t\t<div class='qode-hti-content-image'>\n\t\t\t\t\t<img loading=\"lazy\" decoding=\"async\" width=\"580\" height=\"397\" src=\"https:\/\/tarentaise-cheminees.fr\/wp-content\/uploads\/2020\/09\/lesgerants.jpg\" class=\"attachment-full size-full\" alt=\"\" srcset=\"https:\/\/tarentaise-cheminees.fr\/wp-content\/uploads\/2020\/09\/lesgerants.jpg 580w, https:\/\/tarentaise-cheminees.fr\/wp-content\/uploads\/2020\/09\/lesgerants-300x205.jpg 300w\" sizes=\"auto, (max-width: 580px) 100vw, 580px\" \/>\t\t\t\t<\/div>\n\t\t\t\t\t\t<div class='qode-hti-content-value'>\n\t\t\t\t<div class=\"separator  transparent\" style=\"margin-top: -36px;\"><\/div>\n\n\t<div class=\"wpb_text_column wpb_content_element\">\n\t\t<div class=\"wpb_wrapper\">\n\t\t\t<h2>L&#039;AVVENTURA CONTINUA<\/h2>\n\n\t\t<\/div> \n\t<\/div> <div class=\"separator  small left\" style=\"margin-top: 31px;margin-bottom: 31px;background-color: #c7a082;height: 1px;width: 63px;\"><\/div>\n\n\t<div class=\"wpb_text_column wpb_content_element\">\n\t\t<div class=\"wpb_wrapper\">\n\t\t\t<p>Quentin, figlio di Christian Chanudet, e la sua socia C\u00e9line rilevano l&#039;azienda di famiglia. Quentin, fin da piccolo, ha sempre apprezzato il lavoro del padre, che in seguito lo insegner\u00e0 a questo mestiere, basandosi sulle parole chiave: ascolto, passione, consigli e disponibilit\u00e0.<\/p>\n\n\t\t<\/div> \n\t<\/div> \t<div class=\"vc_empty_space\"  style=\"height: 20px\" ><span\n\t\t\tclass=\"vc_empty_space_inner\">\n\t\t\t<span class=\"empty_space_image\"  ><\/span>\n\t\t<\/span><\/div>\n\n\t\t\t<\/div>\n\t\t<\/div>\n\t<\/div>\n<\/li>\t    <\/ol>\n\t<\/div>\n<\/div><\/div><\/div><\/div><\/div><\/div><\/div>","protected":false},"excerpt":{"rendered":"2003 2006 2020 THE ADVENTURE BEGINS Christian Chanudet created Tarentaise Chemin\u00e9es. During 17 years, Christian will install in the region hundreds of fireplaces, stoves, inserts ... will perform hundreds of sweeps. As he likes to say, his work brings him into the lives of people...","protected":false},"author":2,"featured_media":0,"parent":0,"menu_order":0,"comment_status":"closed","ping_status":"closed","template":"full_width.php","meta":{"footnotes":""},"class_list":["post-892","page","type-page","status-publish","hentry"],"yoast_head":"<!-- This site is optimized with the Yoast SEO plugin v26.9 - https:\/\/yoast.com\/product\/yoast-seo-wordpress\/ -->\n<title>Fireplaces and inserts installer - Tarentaise Chemin\u00e9es - Our story.<\/title>\n<meta name=\"description\" content=\"Chimney sweep and installer of fireplaces, inserts and stoves since 2003, we are based in Aime La Plagne, in the heart of the Tarentaise.\" \/>\n<meta name=\"robots\" content=\"index, follow, max-snippet:-1, max-image-preview:large, max-video-preview:-1\" \/>\n<link rel=\"canonical\" href=\"https:\/\/tarentaise-cheminees.fr\/it\/installatore-di-caminetti\/\" \/>\n<meta property=\"og:locale\" content=\"it_IT\" \/>\n<meta property=\"og:type\" content=\"article\" \/>\n<meta property=\"og:title\" content=\"Fireplaces and inserts installer - Tarentaise Chemin\u00e9es - Our story.\" \/>\n<meta property=\"og:description\" content=\"Chimney sweep and installer of fireplaces, inserts and stoves since 2003, we are based in Aime La Plagne, in the heart of the Tarentaise.\" \/>\n<meta property=\"og:url\" content=\"https:\/\/tarentaise-cheminees.fr\/it\/installatore-di-caminetti\/\" \/>\n<meta property=\"og:site_name\" content=\"Tarentaise Chemin\u00e9es\" \/>\n<meta property=\"article:modified_time\" content=\"2025-04-04T11:56:30+00:00\" \/>\n<meta name=\"twitter:card\" content=\"summary_large_image\" \/>\n<meta name=\"twitter:label1\" content=\"Tempo di lettura stimato\" \/>\n\t<meta name=\"twitter:data1\" content=\"2 minuti\" \/>\n<script type=\"application\/ld+json\" class=\"yoast-schema-graph\">{\"@context\":\"https:\/\/schema.org\",\"@graph\":[{\"@type\":\"WebPage\",\"@id\":\"https:\/\/tarentaise-cheminees.fr\/en\/fireplaces-and-inserts-installer\/\",\"url\":\"https:\/\/tarentaise-cheminees.fr\/en\/fireplaces-and-inserts-installer\/\",\"name\":\"Fireplaces and inserts installer - Tarentaise Chemin\u00e9es - Our story.\",\"isPartOf\":{\"@id\":\"https:\/\/tarentaise-cheminees.fr\/#website\"},\"datePublished\":\"2020-11-17T09:26:47+00:00\",\"dateModified\":\"2025-04-04T11:56:30+00:00\",\"description\":\"Chimney sweep and installer of fireplaces, inserts and stoves since 2003, we are based in Aime La Plagne, in the heart of the Tarentaise.\",\"breadcrumb\":{\"@id\":\"https:\/\/tarentaise-cheminees.fr\/en\/fireplaces-and-inserts-installer\/#breadcrumb\"},\"inLanguage\":\"it-IT\",\"potentialAction\":[{\"@type\":\"ReadAction\",\"target\":[\"https:\/\/tarentaise-cheminees.fr\/en\/fireplaces-and-inserts-installer\/\"]}]},{\"@type\":\"BreadcrumbList\",\"@id\":\"https:\/\/tarentaise-cheminees.fr\/en\/fireplaces-and-inserts-installer\/#breadcrumb\",\"itemListElement\":[{\"@type\":\"ListItem\",\"position\":1,\"name\":\"Accueil\",\"item\":\"https:\/\/tarentaise-cheminees.fr\/\"},{\"@type\":\"ListItem\",\"position\":2,\"name\":\"Our story\"}]},{\"@type\":\"WebSite\",\"@id\":\"https:\/\/tarentaise-cheminees.fr\/#website\",\"url\":\"https:\/\/tarentaise-cheminees.fr\/\",\"name\":\"Tarentaise Chemin\u00e9es\",\"description\":\"Le sp\u00e9cialiste de la chemin\u00e9e\",\"potentialAction\":[{\"@type\":\"SearchAction\",\"target\":{\"@type\":\"EntryPoint\",\"urlTemplate\":\"https:\/\/tarentaise-cheminees.fr\/?s={search_term_string}\"},\"query-input\":{\"@type\":\"PropertyValueSpecification\",\"valueRequired\":true,\"valueName\":\"search_term_string\"}}],\"inLanguage\":\"it-IT\"}]}<\/script>\n<!-- \/ Yoast SEO plugin. -->","yoast_head_json":{"title":"Installatore di caminetti e inserti - Tarentaise Chemin\u00e9es - La nostra storia.","description":"Spazzacamino e installatore di caminetti, inserti e stufe dal 2003, la nostra sede \u00e8 a Aime La Plagne, nel cuore della Tarentaise.","robots":{"index":"index","follow":"follow","max-snippet":"max-snippet:-1","max-image-preview":"max-image-preview:large","max-video-preview":"max-video-preview:-1"},"canonical":"https:\/\/tarentaise-cheminees.fr\/it\/installatore-di-caminetti\/","og_locale":"it_IT","og_type":"article","og_title":"Fireplaces and inserts installer - Tarentaise Chemin\u00e9es - Our story.","og_description":"Chimney sweep and installer of fireplaces, inserts and stoves since 2003, we are based in Aime La Plagne, in the heart of the Tarentaise.","og_url":"https:\/\/tarentaise-cheminees.fr\/it\/installatore-di-caminetti\/","og_site_name":"Tarentaise Chemin\u00e9es","article_modified_time":"2025-04-04T11:56:30+00:00","twitter_card":"summary_large_image","twitter_misc":{"Tempo di lettura stimato":"2 minuti"},"schema":{"@context":"https:\/\/schema.org","@graph":[{"@type":"WebPage","@id":"https:\/\/tarentaise-cheminees.fr\/en\/fireplaces-and-inserts-installer\/","url":"https:\/\/tarentaise-cheminees.fr\/en\/fireplaces-and-inserts-installer\/","name":"Installatore di caminetti e inserti - Tarentaise Chemin\u00e9es - La nostra storia.","isPartOf":{"@id":"https:\/\/tarentaise-cheminees.fr\/#website"},"datePublished":"2020-11-17T09:26:47+00:00","dateModified":"2025-04-04T11:56:30+00:00","description":"Spazzacamino e installatore di caminetti, inserti e stufe dal 2003, la nostra sede \u00e8 a Aime La Plagne, nel cuore della Tarentaise.","breadcrumb":{"@id":"https:\/\/tarentaise-cheminees.fr\/en\/fireplaces-and-inserts-installer\/#breadcrumb"},"inLanguage":"it-IT","potentialAction":[{"@type":"ReadAction","target":["https:\/\/tarentaise-cheminees.fr\/en\/fireplaces-and-inserts-installer\/"]}]},{"@type":"BreadcrumbList","@id":"https:\/\/tarentaise-cheminees.fr\/en\/fireplaces-and-inserts-installer\/#breadcrumb","itemListElement":[{"@type":"ListItem","position":1,"name":"Accueil","item":"https:\/\/tarentaise-cheminees.fr\/"},{"@type":"ListItem","position":2,"name":"Our story"}]},{"@type":"WebSite","@id":"https:\/\/tarentaise-cheminees.fr\/#website","url":"https:\/\/tarentaise-cheminees.fr\/","name":"Tarentaise Chemin\u00e9es","description":"Lo specialista del camino","potentialAction":[{"@type":"SearchAction","target":{"@type":"EntryPoint","urlTemplate":"https:\/\/tarentaise-cheminees.fr\/?s={search_term_string}"},"query-input":{"@type":"PropertyValueSpecification","valueRequired":true,"valueName":"search_term_string"}}],"inLanguage":"it-IT"}]}},"_links":{"self":[{"href":"https:\/\/tarentaise-cheminees.fr\/it\/wp-json\/wp\/v2\/pages\/892","targetHints":{"allow":["GET"]}}],"collection":[{"href":"https:\/\/tarentaise-cheminees.fr\/it\/wp-json\/wp\/v2\/pages"}],"about":[{"href":"https:\/\/tarentaise-cheminees.fr\/it\/wp-json\/wp\/v2\/types\/page"}],"author":[{"embeddable":true,"href":"https:\/\/tarentaise-cheminees.fr\/it\/wp-json\/wp\/v2\/users\/2"}],"replies":[{"embeddable":true,"href":"https:\/\/tarentaise-cheminees.fr\/it\/wp-json\/wp\/v2\/comments?post=892"}],"version-history":[{"count":3,"href":"https:\/\/tarentaise-cheminees.fr\/it\/wp-json\/wp\/v2\/pages\/892\/revisions"}],"predecessor-version":[{"id":895,"href":"https:\/\/tarentaise-cheminees.fr\/it\/wp-json\/wp\/v2\/pages\/892\/revisions\/895"}],"wp:attachment":[{"href":"https:\/\/tarentaise-cheminees.fr\/it\/wp-json\/wp\/v2\/media?parent=892"}],"curies":[{"name":"parola chiave","href":"https:\/\/api.w.org\/{rel}","templated":true}]}}