{"id":682,"date":"2020-10-22T10:59:57","date_gmt":"2020-10-22T08:59:57","guid":{"rendered":"https:\/\/tarentaise-cheminees.fr\/?page_id=682"},"modified":"2023-09-28T12:14:15","modified_gmt":"2023-09-28T10:14:15","slug":"i-nostri-prodotti","status":"publish","type":"page","link":"https:\/\/tarentaise-cheminees.fr\/it\/i-nostri-prodotti\/","title":{"rendered":"I nostri prodotti"},"content":{"rendered":"<div      class=\"vc_row wpb_row section vc_row-fluid  full_screen_section\" style=' padding-top:75px; padding-bottom:20px; text-align:center;'><div class=\"full_section_inner clearfix\"><div class=\"wpb_column vc_column_container vc_col-sm-12 vc_col-md-4\"><div class=\"vc_column-inner\"><div class=\"wpb_wrapper\"><div class=\"qode-banner qode-banner-va-top\"><a class=\"qode-banner-link\" href=\"https:\/\/tarentaise-cheminees.fr\/it\/inserti-e-caminetti\/\" target=\"_blank\"><\/a><div class=\"qode-banner-image\"><img decoding=\"async\" itemprop=\"image\" src=\"https:\/\/tarentaise-cheminees.fr\/wp-content\/uploads\/2020\/11\/Spartherm-insert.jpg\" alt=\"\" \/><\/div><div class=\"qode-banner-content\"><div class=\"qode-banner-content-inner\"><div class=\"qode-banner-text-holder\">\n<h3><span style=\"color: #ffffff;\">INSERTI E CAMINI<\/span><\/h3>\n<h6><\/h6>\n<\/div><\/div><\/div><\/div>\t<div class=\"vc_empty_space\"  style=\"height: 30px\" ><span\n\t\t\tclass=\"vc_empty_space_inner\">\n\t\t\t<span class=\"empty_space_image\"  ><\/span>\n\t\t<\/span><\/div>\n\n<\/div><\/div><\/div><div class=\"wpb_column vc_column_container vc_col-sm-12 vc_col-md-4\"><div class=\"vc_column-inner\"><div class=\"wpb_wrapper\"><div class=\"qode-banner qode-banner-va-top\"><a class=\"qode-banner-link\" href=\"https:\/\/tarentaise-cheminees.fr\/it\/stufe-a-legna\/\" target=\"_self\"><\/a><div class=\"qode-banner-image\"><img decoding=\"async\" itemprop=\"image\" src=\"https:\/\/tarentaise-cheminees.fr\/wp-content\/uploads\/2020\/09\/poele-a-bois-2.jpg\" alt=\"\" \/><\/div><div class=\"qode-banner-content\"><div class=\"qode-banner-content-inner\"><div class=\"qode-banner-text-holder\">\n<h3><span style=\"color: #ffffff;\">STUFE A LEGNA\u00a0<\/span><\/h3>\n<h6><\/h6>\n<\/div><\/div><\/div><\/div>\t<div class=\"vc_empty_space\"  style=\"height: 30px\" ><span\n\t\t\tclass=\"vc_empty_space_inner\">\n\t\t\t<span class=\"empty_space_image\"  ><\/span>\n\t\t<\/span><\/div>\n\n<\/div><\/div><\/div><div class=\"wpb_column vc_column_container vc_col-sm-12 vc_col-md-4\"><div class=\"vc_column-inner\"><div class=\"wpb_wrapper\"><div class=\"qode-banner qode-banner-va-top\"><a class=\"qode-banner-link\" href=\"https:\/\/tarentaise-cheminees.fr\/it\/stufe-a-pellet\/\" target=\"_blank\"><\/a><div class=\"qode-banner-image\"><img decoding=\"async\" itemprop=\"image\" src=\"https:\/\/tarentaise-cheminees.fr\/wp-content\/uploads\/2020\/11\/rikahomepage.jpg\" alt=\"\" \/><\/div><div class=\"qode-banner-content\"><div class=\"qode-banner-content-inner\"><div class=\"qode-banner-text-holder\">\n<h3><span style=\"color: #ffffff;\">STUFE A PELLET<\/span><\/h3>\n<h6><\/h6>\n<\/div><\/div><\/div><\/div>\t<div class=\"vc_empty_space\"  style=\"height: 30px\" ><span\n\t\t\tclass=\"vc_empty_space_inner\">\n\t\t\t<span class=\"empty_space_image\"  ><\/span>\n\t\t<\/span><\/div>\n\n<\/div><\/div><\/div><\/div><\/div><div      class=\"vc_row wpb_row section vc_row-fluid  full_screen_section\" style=' padding-top:20px; padding-bottom:94px; text-align:center;'><div class=\"full_section_inner clearfix\"><div class=\"wpb_column vc_column_container vc_col-sm-12 vc_col-md-4\"><div class=\"vc_column-inner\"><div class=\"wpb_wrapper\"><div class=\"qode-banner qode-banner-va-top\"><a class=\"qode-banner-link\" href=\"https:\/\/tarentaise-cheminees.fr\/it\/stufe-miste\/\" target=\"_blank\"><\/a><div class=\"qode-banner-image\"><img decoding=\"async\" itemprop=\"image\" src=\"https:\/\/tarentaise-cheminees.fr\/wp-content\/uploads\/2020\/10\/poele-granules-rika-induo.jpg\" alt=\"\" \/><\/div><div class=\"qode-banner-content\"><div class=\"qode-banner-content-inner\"><div class=\"qode-banner-text-holder\">\n<h3><span style=\"color: #ffffff;\">STUFE MISTE LEGNA\/PELLET<\/span><\/h3>\n<\/div><\/div><\/div><\/div><\/div><\/div><\/div><div class=\"wpb_column vc_column_container vc_col-sm-12 vc_col-md-4\"><div class=\"vc_column-inner\"><div class=\"wpb_wrapper\"><div class=\"qode-banner qode-banner-va-top\"><a class=\"qode-banner-link\" href=\"https:\/\/tarentaise-cheminees.fr\/it\/cucine-e-piastre\/\" target=\"_blank\"><\/a><div class=\"qode-banner-image\"><img decoding=\"async\" itemprop=\"image\" src=\"https:\/\/tarentaise-cheminees.fr\/wp-content\/uploads\/2020\/09\/CUICIONIERE.jpg\" alt=\"\" \/><\/div><div class=\"qode-banner-content\"><div class=\"qode-banner-content-inner\"><div class=\"qode-banner-text-holder\">\n<h3><span style=\"color: #ffffff;\">CUCINA E GRIGLIE<\/span><\/h3>\n<h6><\/h6>\n<\/div><\/div><\/div><\/div><\/div><\/div><\/div><div class=\"wpb_column vc_column_container vc_col-sm-12 vc_col-md-4\"><div class=\"vc_column-inner\"><div class=\"wpb_wrapper\"><div class=\"qode-banner qode-banner-va-top\"><a class=\"qode-banner-link\" href=\"https:\/\/tarentaise-cheminees.fr\/it\/exterieur\/\" target=\"_blank\"><\/a><div class=\"qode-banner-image\"><img decoding=\"async\" itemprop=\"image\" src=\"https:\/\/tarentaise-cheminees.fr\/wp-content\/uploads\/2020\/10\/ecterieur-fanotim.jpg\" alt=\"\" \/><\/div><div class=\"qode-banner-content\"><div class=\"qode-banner-content-inner\"><div class=\"qode-banner-text-holder\">\n<h3><span style=\"color: #ffffff;\">AL DI FUORI<\/span><\/h3>\n<h6><\/h6>\n<\/div><\/div><\/div><\/div><\/div><\/div><\/div><\/div><\/div><div      class=\"vc_row wpb_row section vc_row-fluid  full_screen_section\" style=' padding-bottom:94px; text-align:center;'><div class=\"full_section_inner clearfix\"><div class=\"wpb_column vc_column_container vc_col-sm-12 vc_col-md-4\"><div class=\"vc_column-inner\"><div class=\"wpb_wrapper\"><div class=\"qode-banner qode-banner-va-top\"><a class=\"qode-banner-link\" href=\"https:\/\/tarentaise-cheminees.fr\/it\/elettrico-ed-etanolo\/\" target=\"_blank\"><\/a><div class=\"qode-banner-image\"><img decoding=\"async\" itemprop=\"image\" src=\"https:\/\/tarentaise-cheminees.fr\/wp-content\/uploads\/2020\/09\/POELE-ELECTRIQUE.jpg\" alt=\"\" \/><\/div><div class=\"qode-banner-content\"><div class=\"qode-banner-content-inner\"><div class=\"qode-banner-text-holder\">\n<h3><span style=\"color: #ffffff;\">FORNELLI ELETTRICI<\/span><\/h3>\n<\/div><\/div><\/div><\/div>\t<div class=\"vc_empty_space\"  style=\"height: 30px\" ><span\n\t\t\tclass=\"vc_empty_space_inner\">\n\t\t\t<span class=\"empty_space_image\"  ><\/span>\n\t\t<\/span><\/div>\n\n<\/div><\/div><\/div><div class=\"wpb_column vc_column_container vc_col-sm-12 vc_col-md-4\"><div class=\"vc_column-inner\"><div class=\"wpb_wrapper\"><div class=\"qode-banner qode-banner-va-top\"><a class=\"qode-banner-link\" href=\"https:\/\/tarentaise-cheminees.fr\/it\/decoration\/\" target=\"_blank\"><\/a><div class=\"qode-banner-image\"><img decoding=\"async\" itemprop=\"image\" src=\"https:\/\/tarentaise-cheminees.fr\/wp-content\/uploads\/2020\/10\/dixneuf2.jpg\" alt=\"\" \/><\/div><div class=\"qode-banner-content\"><div class=\"qode-banner-content-inner\"><div class=\"qode-banner-text-holder\">\n<h3><span style=\"color: #ffffff;\"><span style=\"caret-color: #ffffff;\">ACCESSORI E DECORAZIONE<\/span><\/span><\/h3>\n<\/div><\/div><\/div><\/div>\t<div class=\"vc_empty_space\"  style=\"height: 30px\" ><span\n\t\t\tclass=\"vc_empty_space_inner\">\n\t\t\t<span class=\"empty_space_image\"  ><\/span>\n\t\t<\/span><\/div>\n\n<\/div><\/div><\/div><div class=\"wpb_column vc_column_container vc_col-sm-12 vc_col-md-4\"><div class=\"vc_column-inner\"><div class=\"wpb_wrapper\"><div class=\"qode-banner qode-banner-va-center\"><a class=\"qode-banner-link\" href=\"https:\/\/tarentaise-cheminees.fr\/it\/contact\/\" target=\"_blank\"><\/a><div class=\"qode-banner-image\"><img decoding=\"async\" itemprop=\"image\" src=\"https:\/\/tarentaise-cheminees.fr\/wp-content\/uploads\/2020\/10\/fond-couleur-tarentaise-cheminees.jpg\" alt=\"\" \/><\/div><div class=\"qode-banner-content\"><div class=\"qode-banner-content-inner\"><div class=\"qode-banner-text-holder\">\n<h3><span style=\"color: #ffffff;\">VUOI UN CONSIGLIO PER SCEGLIERE LA SOLUZIONE GIUSTA PER LA TUA CASA?\u00a0<\/span><\/h3>\n<h3><span style=\"color: #ffffff;\">NON RIESCI A TROVARE QUELLO CHE STAI CERCANDO?<\/span><\/h3>\n<h3><span style=\"color: #ffffff;\">CONTATTACI!<\/span><\/h3>\n<\/div><\/div><\/div><\/div>\t<div class=\"vc_empty_space\"  style=\"height: 30px\" ><span\n\t\t\tclass=\"vc_empty_space_inner\">\n\t\t\t<span class=\"empty_space_image\"  ><\/span>\n\t\t<\/span><\/div>\n\n<\/div><\/div><\/div><\/div><\/div>","protected":false},"excerpt":{"rendered":"INSERTI E CAMINI STUFE A LEGNA STUFE A PELLET STUFE MISTI LEGNA\/PELLET CUCINE E GRILL DA ESTERNO STUFE ELETTRICHE ACCESSORI E DECORAZIONI VUOI UN CONSIGLIO PER SCEGLIERE LA SOLUZIONE GIUSTA PER LA TUA CASA? NON TROVI QUELLO CHE CERCAVI...","protected":false},"author":2,"featured_media":0,"parent":0,"menu_order":0,"comment_status":"closed","ping_status":"closed","template":"full_width.php","meta":{"footnotes":""},"class_list":["post-682","page","type-page","status-publish","hentry"],"yoast_head":"<!-- This site is optimized with the Yoast SEO plugin v26.9 - https:\/\/yoast.com\/product\/yoast-seo-wordpress\/ -->\n<title>Nos produits - Tarentaise Chemin\u00e9es - Inserts, chemin\u00e9es, po\u00eales, planchas<\/title>\n<meta name=\"description\" content=\"La liste de nos produits issus des meilleures marques est disponible en ligne ou \u00e0 notre showroom \u00e0 Aime La Plagne.\" \/>\n<meta name=\"robots\" content=\"index, follow, max-snippet:-1, max-image-preview:large, max-video-preview:-1\" \/>\n<link rel=\"canonical\" href=\"https:\/\/tarentaise-cheminees.fr\/it\/i-nostri-prodotti\/\" \/>\n<meta property=\"og:locale\" content=\"it_IT\" \/>\n<meta property=\"og:type\" content=\"article\" \/>\n<meta property=\"og:title\" content=\"Nos produits - Tarentaise Chemin\u00e9es - Inserts, chemin\u00e9es, po\u00eales, planchas\" \/>\n<meta property=\"og:description\" content=\"La liste de nos produits issus des meilleures marques est disponible en ligne ou \u00e0 notre showroom \u00e0 Aime La Plagne.\" \/>\n<meta property=\"og:url\" content=\"https:\/\/tarentaise-cheminees.fr\/it\/i-nostri-prodotti\/\" \/>\n<meta property=\"og:site_name\" content=\"Tarentaise Chemin\u00e9es\" \/>\n<meta property=\"article:modified_time\" content=\"2023-09-28T10:14:15+00:00\" \/>\n<meta name=\"twitter:card\" content=\"summary_large_image\" \/>\n<meta name=\"twitter:label1\" content=\"Tempo di lettura stimato\" \/>\n\t<meta name=\"twitter:data1\" content=\"1 minuto\" \/>\n<script type=\"application\/ld+json\" class=\"yoast-schema-graph\">{\"@context\":\"https:\/\/schema.org\",\"@graph\":[{\"@type\":\"WebPage\",\"@id\":\"https:\/\/tarentaise-cheminees.fr\/nos-produits\/\",\"url\":\"https:\/\/tarentaise-cheminees.fr\/nos-produits\/\",\"name\":\"Nos produits - Tarentaise Chemin\u00e9es - Inserts, chemin\u00e9es, po\u00eales, planchas\",\"isPartOf\":{\"@id\":\"https:\/\/tarentaise-cheminees.fr\/#website\"},\"datePublished\":\"2020-10-22T08:59:57+00:00\",\"dateModified\":\"2023-09-28T10:14:15+00:00\",\"description\":\"La liste de nos produits issus des meilleures marques est disponible en ligne ou \u00e0 notre showroom \u00e0 Aime La Plagne.\",\"breadcrumb\":{\"@id\":\"https:\/\/tarentaise-cheminees.fr\/nos-produits\/#breadcrumb\"},\"inLanguage\":\"it-IT\",\"potentialAction\":[{\"@type\":\"ReadAction\",\"target\":[\"https:\/\/tarentaise-cheminees.fr\/nos-produits\/\"]}]},{\"@type\":\"BreadcrumbList\",\"@id\":\"https:\/\/tarentaise-cheminees.fr\/nos-produits\/#breadcrumb\",\"itemListElement\":[{\"@type\":\"ListItem\",\"position\":1,\"name\":\"Accueil\",\"item\":\"https:\/\/tarentaise-cheminees.fr\/\"},{\"@type\":\"ListItem\",\"position\":2,\"name\":\"Nos produits\"}]},{\"@type\":\"WebSite\",\"@id\":\"https:\/\/tarentaise-cheminees.fr\/#website\",\"url\":\"https:\/\/tarentaise-cheminees.fr\/\",\"name\":\"Tarentaise Chemin\u00e9es\",\"description\":\"Le sp\u00e9cialiste de la chemin\u00e9e\",\"potentialAction\":[{\"@type\":\"SearchAction\",\"target\":{\"@type\":\"EntryPoint\",\"urlTemplate\":\"https:\/\/tarentaise-cheminees.fr\/?s={search_term_string}\"},\"query-input\":{\"@type\":\"PropertyValueSpecification\",\"valueRequired\":true,\"valueName\":\"search_term_string\"}}],\"inLanguage\":\"it-IT\"}]}<\/script>\n<!-- \/ Yoast SEO plugin. -->","yoast_head_json":{"title":"I nostri prodotti - Tarentaise Chemin\u00e9es - Inserti, caminetti, stufe, piastre","description":"Il nostro elenco di prodotti delle migliori marche \u00e8 disponibile online o presso il nostro showroom in Aime La Plagne.","robots":{"index":"index","follow":"follow","max-snippet":"max-snippet:-1","max-image-preview":"max-image-preview:large","max-video-preview":"max-video-preview:-1"},"canonical":"https:\/\/tarentaise-cheminees.fr\/it\/i-nostri-prodotti\/","og_locale":"it_IT","og_type":"article","og_title":"Nos produits - Tarentaise Chemin\u00e9es - Inserts, chemin\u00e9es, po\u00eales, planchas","og_description":"La liste de nos produits issus des meilleures marques est disponible en ligne ou \u00e0 notre showroom \u00e0 Aime La Plagne.","og_url":"https:\/\/tarentaise-cheminees.fr\/it\/i-nostri-prodotti\/","og_site_name":"Tarentaise Chemin\u00e9es","article_modified_time":"2023-09-28T10:14:15+00:00","twitter_card":"summary_large_image","twitter_misc":{"Tempo di lettura stimato":"1 minuto"},"schema":{"@context":"https:\/\/schema.org","@graph":[{"@type":"WebPage","@id":"https:\/\/tarentaise-cheminees.fr\/nos-produits\/","url":"https:\/\/tarentaise-cheminees.fr\/nos-produits\/","name":"I nostri prodotti - Tarentaise Chemin\u00e9es - Inserti, caminetti, stufe, piastre","isPartOf":{"@id":"https:\/\/tarentaise-cheminees.fr\/#website"},"datePublished":"2020-10-22T08:59:57+00:00","dateModified":"2023-09-28T10:14:15+00:00","description":"Il nostro elenco di prodotti delle migliori marche \u00e8 disponibile online o presso il nostro showroom in Aime La Plagne.","breadcrumb":{"@id":"https:\/\/tarentaise-cheminees.fr\/nos-produits\/#breadcrumb"},"inLanguage":"it-IT","potentialAction":[{"@type":"ReadAction","target":["https:\/\/tarentaise-cheminees.fr\/nos-produits\/"]}]},{"@type":"BreadcrumbList","@id":"https:\/\/tarentaise-cheminees.fr\/nos-produits\/#breadcrumb","itemListElement":[{"@type":"ListItem","position":1,"name":"Accueil","item":"https:\/\/tarentaise-cheminees.fr\/"},{"@type":"ListItem","position":2,"name":"Nos produits"}]},{"@type":"WebSite","@id":"https:\/\/tarentaise-cheminees.fr\/#website","url":"https:\/\/tarentaise-cheminees.fr\/","name":"Tarentaise Chemin\u00e9es","description":"Lo specialista del camino","potentialAction":[{"@type":"SearchAction","target":{"@type":"EntryPoint","urlTemplate":"https:\/\/tarentaise-cheminees.fr\/?s={search_term_string}"},"query-input":{"@type":"PropertyValueSpecification","valueRequired":true,"valueName":"search_term_string"}}],"inLanguage":"it-IT"}]}},"_links":{"self":[{"href":"https:\/\/tarentaise-cheminees.fr\/it\/wp-json\/wp\/v2\/pages\/682","targetHints":{"allow":["GET"]}}],"collection":[{"href":"https:\/\/tarentaise-cheminees.fr\/it\/wp-json\/wp\/v2\/pages"}],"about":[{"href":"https:\/\/tarentaise-cheminees.fr\/it\/wp-json\/wp\/v2\/types\/page"}],"author":[{"embeddable":true,"href":"https:\/\/tarentaise-cheminees.fr\/it\/wp-json\/wp\/v2\/users\/2"}],"replies":[{"embeddable":true,"href":"https:\/\/tarentaise-cheminees.fr\/it\/wp-json\/wp\/v2\/comments?post=682"}],"version-history":[{"count":12,"href":"https:\/\/tarentaise-cheminees.fr\/it\/wp-json\/wp\/v2\/pages\/682\/revisions"}],"predecessor-version":[{"id":9489,"href":"https:\/\/tarentaise-cheminees.fr\/it\/wp-json\/wp\/v2\/pages\/682\/revisions\/9489"}],"wp:attachment":[{"href":"https:\/\/tarentaise-cheminees.fr\/it\/wp-json\/wp\/v2\/media?parent=682"}],"curies":[{"name":"parola chiave","href":"https:\/\/api.w.org\/{rel}","templated":true}]}}