{"id":471,"date":"2020-10-05T16:04:50","date_gmt":"2020-10-05T14:04:50","guid":{"rendered":"https:\/\/tarentaise-cheminees.fr\/?page_id=471"},"modified":"2025-11-08T17:43:24","modified_gmt":"2025-11-08T16:43:24","slug":"stufe-a-pellet","status":"publish","type":"page","link":"https:\/\/tarentaise-cheminees.fr\/it\/stufe-a-pellet\/","title":{"rendered":"Stufe a pellet"},"content":{"rendered":"<section      data-speed=\"1\" class=\"parallax_section_holder\" style = \" height:px; background-image:url('https:\/\/tarentaise-cheminees.fr\/wp-content\/uploads\/2020\/10\/BANDEAUFEU2.jpg');\"><div class=\"parallax_content center\"><div class='parallax_section_inner_margin clearfix'><div class=\"wpb_column vc_column_container vc_col-sm-12\"><div class=\"vc_column-inner\"><div class=\"wpb_wrapper\"><div class='q_elements_holder one_column responsive_mode_from_768' ><div class='q_elements_item' data-480-600='184px 0% 168px 0%' data-480='184px 0% 168px 0%' data-animation='no' data-item-class='q_elements_holder_custom_786759'><div class='q_elements_item_inner'><div class='q_elements_item_content q_elements_holder_custom_786759' style='padding:184px 8% 168px 8%'>\n\t<div class=\"wpb_text_column wpb_content_element\">\n\t\t<div class=\"wpb_wrapper\">\n\t\t\t<h2><span style=\"color: #ffffff;\">Un sistema eco-responsabile<\/span><\/h2>\n\n\t\t<\/div> \n\t<\/div> <div class=\"separator  small center\" style=\"margin-top: 25px;margin-bottom: 34px;background-color: #c7a082;height: 1px;width: 63px;\"><\/div>\n\n\t<div class=\"wpb_text_column wpb_content_element\">\n\t\t<div class=\"wpb_wrapper\">\n\t\t\t<h5><span style=\"color: #ffffff;\"><span style=\"font-size: 14pt;\">Le stufe a pellet o a granuli, in rapida espansione, offrono un comfort termico incomparabile. La sua forza risiede nei suoi numerosi asset: A<\/span><span style=\"font-size: 14pt;\">autonomia,\u00a0<\/span><span style=\"font-size: 14pt;\">prestazioni, facilit\u00e0 d&#039;uso, costi di carburante, ecologia... Abbiamo selezionato i nostri marchi per garantirvi apparecchi ad alte prestazioni, silenziosi e con molteplici design. <\/span><\/span><\/h5>\n<h5><span style=\"font-size: 14pt; color: #ffffff;\">Cosa sono i pellet? Questi biocarburanti sono costituiti da diversi tipi di legno compattato. Per garantire il corretto funzionamento della stufa nel lungo periodo \u00e8 importante utilizzare pellet di qualit\u00e0. Il loro imballaggio consente una conservazione pulita e salvaspazio.\u00a0<\/span><\/h5>\n<h5><span style=\"font-size: 14pt; color: #ffffff;\">Pi\u00f9 costosa di una stufa a legna, la stufa a pellet \u00e8 dotata di una tecnologia che consente l&#039;alimentazione automatica e quindi la programmazione dell&#039;accensione, delle fasce orarie, della potenza termica, ecc. \u00c8 addirittura possibile controllarla da remoto grazie all&#039;opzione Wi-Fi!\u00a0<\/span><\/h5>\n<h3><\/h3>\n\n\t\t<\/div> \n\t<\/div> \t<div class=\"vc_empty_space\"  style=\"height: 35px\" ><span\n\t\t\tclass=\"vc_empty_space_inner\">\n\t\t\t<span class=\"empty_space_image\"  ><\/span>\n\t\t<\/span><\/div>\n\n<\/div><\/div><\/div><\/div><\/div><\/div><\/div><\/div><\/div><\/section><div      class=\"vc_row wpb_row section vc_row-fluid  grid_section\" style=' padding-top:84px; padding-bottom:130px; text-align:left;'><div class=\"section_inner clearfix\"><div class='section_inner_margin clearfix'><div class=\"wpb_column vc_column_container vc_col-sm-12 vc_col-md-7\"><div class=\"vc_column-inner\"><div class=\"wpb_wrapper\"><div class='q_elements_holder one_column responsive_mode_from_768' ><div class='q_elements_item' data-600-768='0 0px 0 0px' data-480-600='0 0px 0 0px' data-480='0 0px 0 0px' data-animation='no' data-item-class='q_elements_holder_custom_173898'><div class='q_elements_item_inner'><div class='q_elements_item_content q_elements_holder_custom_173898' style='padding:0px 9px 0 9px'>\n\t<div class=\"wpb_single_image wpb_content_element vc_align_left\">\n\t\t<div class=\"wpb_wrapper\">\n\t\t\t\n\t\t\t<div class=\"vc_single_image-wrapper   vc_box_border_grey\"><img loading=\"lazy\" decoding=\"async\" width=\"800\" height=\"523\" src=\"https:\/\/tarentaise-cheminees.fr\/wp-content\/uploads\/2024\/11\/rika.jpg\" class=\"vc_single_image-img attachment-full\" alt=\"\" srcset=\"https:\/\/tarentaise-cheminees.fr\/wp-content\/uploads\/2024\/11\/rika.jpg 800w, https:\/\/tarentaise-cheminees.fr\/wp-content\/uploads\/2024\/11\/rika-300x196.jpg 300w, https:\/\/tarentaise-cheminees.fr\/wp-content\/uploads\/2024\/11\/rika-768x502.jpg 768w, https:\/\/tarentaise-cheminees.fr\/wp-content\/uploads\/2024\/11\/rika-700x458.jpg 700w\" sizes=\"auto, (max-width: 800px) 100vw, 800px\" \/><\/div>\n\t\t<\/div>\n\t<\/div>\n<\/div><\/div><\/div><\/div><\/div><\/div><\/div><div class=\"wpb_column vc_column_container vc_col-sm-12 vc_col-md-5\"><div class=\"vc_column-inner\"><div class=\"wpb_wrapper\"><div class='q_elements_holder one_column responsive_mode_from_768' ><div class='q_elements_item' data-1024-1280='72px 40px 0 0' data-768-1024='35px 40px 0 0' data-600-768='60px 40px 0px 0' data-animation='no' data-item-class='q_elements_holder_custom_766337'><div class='q_elements_item_inner'><div class='q_elements_item_content q_elements_holder_custom_766337' style='padding:50px 40px 0 8px'>\n\t<div class=\"wpb_text_column wpb_content_element\">\n\t\t<div class=\"wpb_wrapper\">\n\t\t\t<h2>Rika<\/h2>\n\n\t\t<\/div> \n\t<\/div> <div class=\"separator  small left\" style=\"margin-top: 28px;margin-bottom: 38px;background-color: #c7a082;height: 1px;width: 63px;\"><\/div>\n\n\t<div class=\"wpb_text_column wpb_content_element\">\n\t\t<div class=\"wpb_wrapper\">\n\t\t\t<div role=\"document\">\n<div id=\"Item.MessagePartBody\" class=\"_rp_T4\">\n<div id=\"Item.MessageUniqueBody\" class=\"_rp_U4 ms-font-weight-regular ms-font-color-neutralDark rpHighlightAllClass rpHighlightBodyClass\">\n<div>\n<div>\n<div dir=\"ltr\">\n<div><span style=\"color: #515151; font-family: Lato,sans-serif; font-size: small;\">Immergiti nell&#039;universo RIKA. Un marchio austriaco di alta gamma con design moderno<\/span><\/div>\n<\/div>\n<\/div>\n<\/div>\n<\/div>\n<\/div>\n<div class=\"_pe_d _pe_62\" tabindex=\"-1\" aria-expanded=\"false\" aria-haspopup=\"false\"><\/div>\n<\/div>\n<div class=\"_rp_Z4\"><\/div>\n<div class=\"_rp_65\">\n<div class=\"_rp_75 ms-bg-color-neutralLighter\"><\/div>\n<\/div>\n<div><\/div>\n<p>.<\/p>\n\n\t\t<\/div> \n\t<\/div> \t<div class=\"vc_empty_space\"  style=\"height: 32px\" ><span\n\t\t\tclass=\"vc_empty_space_inner\">\n\t\t\t<span class=\"empty_space_image\"  ><\/span>\n\t\t<\/span><\/div>\n\n<a  itemprop=\"url\" href=\"https:\/\/www.rika.fr\/stoves\/pellet\" target=\"_blank\"  class=\"qbutton  default\" style=\"\">Scopri la gamma<\/a><\/div><\/div><\/div><\/div><\/div><\/div><\/div><\/div><\/div><\/div><div      class=\"vc_row wpb_row section vc_row-fluid  grid_section\" style=' padding-top:84px; padding-bottom:130px; text-align:left;'><div class=\"section_inner clearfix\"><div class='section_inner_margin clearfix'><div class=\"wpb_column vc_column_container vc_col-sm-12 vc_col-md-7\"><div class=\"vc_column-inner\"><div class=\"wpb_wrapper\"><div class='q_elements_holder one_column responsive_mode_from_768' ><div class='q_elements_item' data-600-768='0 0px 0 0px' data-480-600='0 0px 0 0px' data-480='0 0px 0 0px' data-animation='no' data-item-class='q_elements_holder_custom_327726'><div class='q_elements_item_inner'><div class='q_elements_item_content q_elements_holder_custom_327726' style='padding:0px 9px 0 9px'>\n\t<div class=\"wpb_single_image wpb_content_element vc_align_left\">\n\t\t<div class=\"wpb_wrapper\">\n\t\t\t\n\t\t\t<div class=\"vc_single_image-wrapper   vc_box_border_grey\"><img loading=\"lazy\" decoding=\"async\" width=\"800\" height=\"523\" src=\"https:\/\/tarentaise-cheminees.fr\/wp-content\/uploads\/2020\/10\/AUSTROFLAMM-PELLET.jpg\" class=\"vc_single_image-img attachment-full\" alt=\"\" srcset=\"https:\/\/tarentaise-cheminees.fr\/wp-content\/uploads\/2020\/10\/AUSTROFLAMM-PELLET.jpg 800w, https:\/\/tarentaise-cheminees.fr\/wp-content\/uploads\/2020\/10\/AUSTROFLAMM-PELLET-300x196.jpg 300w, https:\/\/tarentaise-cheminees.fr\/wp-content\/uploads\/2020\/10\/AUSTROFLAMM-PELLET-768x502.jpg 768w, https:\/\/tarentaise-cheminees.fr\/wp-content\/uploads\/2020\/10\/AUSTROFLAMM-PELLET-700x458.jpg 700w\" sizes=\"auto, (max-width: 800px) 100vw, 800px\" \/><\/div>\n\t\t<\/div>\n\t<\/div>\n<\/div><\/div><\/div><\/div><\/div><\/div><\/div><div class=\"wpb_column vc_column_container vc_col-sm-12 vc_col-md-5\"><div class=\"vc_column-inner\"><div class=\"wpb_wrapper\"><div class='q_elements_holder one_column responsive_mode_from_768' ><div class='q_elements_item' data-1024-1280='72px 40px 0 0' data-768-1024='35px 40px 0 0' data-600-768='60px 40px 0px 0' data-animation='no' data-item-class='q_elements_holder_custom_642692'><div class='q_elements_item_inner'><div class='q_elements_item_content q_elements_holder_custom_642692' style='padding:20px 40px 0 8px'>\n\t<div class=\"wpb_text_column wpb_content_element\">\n\t\t<div class=\"wpb_wrapper\">\n\t\t\t<h2>AUSTROMALMA<\/h2>\n\n\t\t<\/div> \n\t<\/div> <div class=\"separator  small left\" style=\"margin-top: 28px;margin-bottom: 38px;background-color: #c7a082;height: 1px;width: 63px;\"><\/div>\n\n\t<div class=\"wpb_text_column wpb_content_element\">\n\t\t<div class=\"wpb_wrapper\">\n\t\t\t<p>Un marchio austriaco dal design elegante e unico. Cercate una stufa a pellet ad alte prestazioni con una bella vista della fiamma? Siete nel posto giusto.<\/p>\n\n\t\t<\/div> \n\t<\/div> \t<div class=\"vc_empty_space\"  style=\"height: 32px\" ><span\n\t\t\tclass=\"vc_empty_space_inner\">\n\t\t\t<span class=\"empty_space_image\"  ><\/span>\n\t\t<\/span><\/div>\n\n<a  itemprop=\"url\" href=\"https:\/\/www.austroflamm.com\/fr\/nos-poeles\/poeles-a-pellets\" target=\"_blank\"  class=\"qbutton  default\" style=\"\">Scopri la gamma<\/a><\/div><\/div><\/div><\/div><\/div><\/div><\/div><\/div><\/div><\/div><div      class=\"vc_row wpb_row section vc_row-fluid  grid_section\" style=' padding-top:84px; padding-bottom:130px; text-align:left;'><div class=\"section_inner clearfix\"><div class='section_inner_margin clearfix'><div class=\"wpb_column vc_column_container vc_col-sm-12 vc_col-md-7\"><div class=\"vc_column-inner\"><div class=\"wpb_wrapper\"><div class='q_elements_holder one_column responsive_mode_from_768' ><div class='q_elements_item' data-600-768='0 0px 0 0px' data-480-600='0 0px 0 0px' data-480='0 0px 0 0px' data-animation='no' data-item-class='q_elements_holder_custom_332814'><div class='q_elements_item_inner'><div class='q_elements_item_content q_elements_holder_custom_332814' style='padding:0px 9px 0 9px'>\n\t<div class=\"wpb_single_image wpb_content_element vc_align_left\">\n\t\t<div class=\"wpb_wrapper\">\n\t\t\t\n\t\t\t<div class=\"vc_single_image-wrapper   vc_box_border_grey\"><img loading=\"lazy\" decoding=\"async\" width=\"800\" height=\"523\" src=\"https:\/\/tarentaise-cheminees.fr\/wp-content\/uploads\/2024\/11\/stuv.jpg\" class=\"vc_single_image-img attachment-full\" alt=\"\" srcset=\"https:\/\/tarentaise-cheminees.fr\/wp-content\/uploads\/2024\/11\/stuv.jpg 800w, https:\/\/tarentaise-cheminees.fr\/wp-content\/uploads\/2024\/11\/stuv-300x196.jpg 300w, https:\/\/tarentaise-cheminees.fr\/wp-content\/uploads\/2024\/11\/stuv-768x502.jpg 768w, https:\/\/tarentaise-cheminees.fr\/wp-content\/uploads\/2024\/11\/stuv-700x458.jpg 700w\" sizes=\"auto, (max-width: 800px) 100vw, 800px\" \/><\/div>\n\t\t<\/div>\n\t<\/div>\n<\/div><\/div><\/div><\/div><\/div><\/div><\/div><div class=\"wpb_column vc_column_container vc_col-sm-12 vc_col-md-5\"><div class=\"vc_column-inner\"><div class=\"wpb_wrapper\"><div class='q_elements_holder one_column responsive_mode_from_768' ><div class='q_elements_item' data-1024-1280='72px 40px 0 0' data-768-1024='35px 40px 0 0' data-600-768='60px 40px 0px 0' data-animation='no' data-item-class='q_elements_holder_custom_561489'><div class='q_elements_item_inner'><div class='q_elements_item_content q_elements_holder_custom_561489' style='padding:20px 40px 0 8px'>\n\t<div class=\"wpb_text_column wpb_content_element\">\n\t\t<div class=\"wpb_wrapper\">\n\t\t\t<h2>STUV<\/h2>\n\n\t\t<\/div> \n\t<\/div> <div class=\"separator  small left\" style=\"margin-top: 28px;margin-bottom: 38px;background-color: #c7a082;height: 1px;width: 63px;\"><\/div>\n\n\t<div class=\"wpb_text_column wpb_content_element\">\n\t\t<div class=\"wpb_wrapper\">\n\t\t\t<p>Una gamma di stufe a pellet innovative e brevettate che non troverete da nessun&#039;altra parte!<\/p>\n\n\t\t<\/div> \n\t<\/div> \t<div class=\"vc_empty_space\"  style=\"height: 32px\" ><span\n\t\t\tclass=\"vc_empty_space_inner\">\n\t\t\t<span class=\"empty_space_image\"  ><\/span>\n\t\t<\/span><\/div>\n\n<a  itemprop=\"url\" href=\"https:\/\/www.stuv.com\/fr\/poeles-a-pellets?_gl=1*y1mmsu*_up*MQ..*_gs*MQ..&amp;gclid=Cj0KCQjwjL3HBhCgARIsAPUg7a6-GO4_yT_wtN2xozkq-CzbHfl8LMv-XEyC88KDQtNmCyyrqCJxGR0aAvhWEALw_wcB&amp;gbraid=0AAAAADq3UkQK8yixQlWRmg-d8HuJAyfX7\" target=\"_blank\"  class=\"qbutton  default\" style=\"\">Scopri la gamma<\/a><\/div><\/div><\/div><\/div><\/div><\/div><\/div><\/div><\/div><\/div><div      class=\"vc_row wpb_row section vc_row-fluid  grid_section\" style=' padding-top:84px; padding-bottom:130px; text-align:left;'><div class=\"section_inner clearfix\"><div class='section_inner_margin clearfix'><div class=\"wpb_column vc_column_container vc_col-sm-12 vc_col-md-7\"><div class=\"vc_column-inner\"><div class=\"wpb_wrapper\"><div class='q_elements_holder one_column responsive_mode_from_768' ><div class='q_elements_item' data-600-768='0 0px 0 0px' data-480-600='0 0px 0 0px' data-480='0 0px 0 0px' data-animation='no' data-item-class='q_elements_holder_custom_193592'><div class='q_elements_item_inner'><div class='q_elements_item_content q_elements_holder_custom_193592' style='padding:0px 9px 0 9px'>\n\t<div class=\"wpb_single_image wpb_content_element vc_align_left\">\n\t\t<div class=\"wpb_wrapper\">\n\t\t\t\n\t\t\t<div class=\"vc_single_image-wrapper   vc_box_border_grey\"><img loading=\"lazy\" decoding=\"async\" width=\"800\" height=\"523\" src=\"https:\/\/tarentaise-cheminees.fr\/wp-content\/uploads\/2024\/11\/nobis.jpg\" class=\"vc_single_image-img attachment-full\" alt=\"\" srcset=\"https:\/\/tarentaise-cheminees.fr\/wp-content\/uploads\/2024\/11\/nobis.jpg 800w, https:\/\/tarentaise-cheminees.fr\/wp-content\/uploads\/2024\/11\/nobis-300x196.jpg 300w, https:\/\/tarentaise-cheminees.fr\/wp-content\/uploads\/2024\/11\/nobis-768x502.jpg 768w, https:\/\/tarentaise-cheminees.fr\/wp-content\/uploads\/2024\/11\/nobis-700x458.jpg 700w\" sizes=\"auto, (max-width: 800px) 100vw, 800px\" \/><\/div>\n\t\t<\/div>\n\t<\/div>\n<\/div><\/div><\/div><\/div><\/div><\/div><\/div><div class=\"wpb_column vc_column_container vc_col-sm-12 vc_col-md-5\"><div class=\"vc_column-inner\"><div class=\"wpb_wrapper\"><div class='q_elements_holder one_column responsive_mode_from_768' ><div class='q_elements_item' data-1024-1280='72px 40px 0 0' data-768-1024='35px 40px 0 0' data-600-768='60px 40px 0px 0' data-animation='no' data-item-class='q_elements_holder_custom_902979'><div class='q_elements_item_inner'><div class='q_elements_item_content q_elements_holder_custom_902979' style='padding:20px 40px 0 8px'>\n\t<div class=\"wpb_text_column wpb_content_element\">\n\t\t<div class=\"wpb_wrapper\">\n\t\t\t<h2>NOBIS<\/h2>\n\n\t\t<\/div> \n\t<\/div> <div class=\"separator  small left\" style=\"margin-top: 28px;margin-bottom: 38px;background-color: #c7a082;height: 1px;width: 63px;\"><\/div>\n\n\t<div class=\"wpb_text_column wpb_content_element\">\n\t\t<div class=\"wpb_wrapper\">\n\t\t\t<p>Questa linea di <strong>stufe a pellet italiane<\/strong> offre prestazioni eccellenti coniugando modernit\u00e0 e competenza. Gli scambiatori in ghisa garantiscono una <strong>massimo silenzio<\/strong> e un flusso d&#039;aria naturale senza sollevare fastidiose polveri. Una gamma disponibile con condotti singoli o doppi fino a 8 metri, di serie o con letto opzionale per riscaldare in modo indipendente altri ambienti. Si tratta di <strong>stufe a pellet con Wi-Fi installato<\/strong> di serie su quasi tutti i modelli. Grazie all\u2019applicazione per smartphone \u00e8 possibile gestire la stufa da remoto, controllarne i valori e regolare le funzioni del cronotermostato.<\/p>\n\n\t\t<\/div> \n\t<\/div> \t<div class=\"vc_empty_space\"  style=\"height: 32px\" ><span\n\t\t\tclass=\"vc_empty_space_inner\">\n\t\t\t<span class=\"empty_space_image\"  ><\/span>\n\t\t<\/span><\/div>\n\n<a  itemprop=\"url\" href=\"https:\/\/www.nobisfire.it\/fr\/gamma-prodotti\/stufe-a-pellet\/\" target=\"_blank\"  class=\"qbutton  default\" style=\"\">Scopri la gamma<\/a><\/div><\/div><\/div><\/div><\/div><\/div><\/div><\/div><\/div><\/div><section      data-speed=\"1\" class=\"parallax_section_holder\" style = \" height:px; background-image:url('https:\/\/tarentaise-cheminees.fr\/wp-content\/uploads\/2020\/09\/BANDEAU-DEVIS-scaled.jpg');\"><div class=\"parallax_content center\"><div class='parallax_section_inner_margin clearfix'><div class=\"wpb_column vc_column_container vc_col-sm-12\"><div class=\"vc_column-inner\"><div class=\"wpb_wrapper\"><div class='q_elements_holder one_column responsive_mode_from_768' ><div class='q_elements_item' data-480-600='184px 0% 168px 0%' data-480='184px 0% 168px 0%' data-animation='no' data-item-class='q_elements_holder_custom_261268'><div class='q_elements_item_inner'><div class='q_elements_item_content q_elements_holder_custom_261268' style='padding:184px 8% 168px 8%'>\n\t<div class=\"wpb_text_column wpb_content_element\">\n\t\t<div class=\"wpb_wrapper\">\n\t\t\t<h1><span style=\"color: #ffffff;\">Richiedi un preventivo<\/span><\/h1>\n\n\t\t<\/div> \n\t<\/div> <div class=\"separator  small center\" style=\"margin-top: 25px;margin-bottom: 34px;background-color: #c7a082;height: 1px;width: 63px;\"><\/div>\n\n\t<div class=\"wpb_text_column wpb_content_element\">\n\t\t<div class=\"wpb_wrapper\">\n\t\t\t<h5><span style=\"color: #eae9e9;\">Un progetto, un desiderio? Contattateci per un preventivo gratuito. Quentin sar\u00e0 lieto di venire a incontrarvi presso il vostro domicilio per verificare la fattibilit\u00e0 del vostro progetto e fornirvi soluzioni tecniche e progettuali. Ci prendiamo cura della tua installazione dalla A alla Z. Un unico referente per una maggiore tranquillit\u00e0.<\/span><\/h5>\n<p>&nbsp;<\/p>\n<h3><span style=\"color: #ffffff;\"><a style=\"color: #ffffff;\" href=\"tel:0479070419\"><span style=\"color: #c7a082;\">CHIAMACI<\/span><\/a><span style=\"color: #c7a082;\">\u00a0O <\/span><\/span><span style=\"color: #c7a082;\"><a style=\"color: #c7a082;\" href=\"https:\/\/tarentaise-cheminees.fr\/it\/contact\/\">SCRIVICI<\/a><\/span><\/h3>\n\n\t\t<\/div> \n\t<\/div> \t<div class=\"vc_empty_space\"  style=\"height: 35px\" ><span\n\t\t\tclass=\"vc_empty_space_inner\">\n\t\t\t<span class=\"empty_space_image\"  ><\/span>\n\t\t<\/span><\/div>\n\n<\/div><\/div><\/div><\/div><\/div><\/div><\/div><\/div><\/div><\/section>","protected":false},"excerpt":{"rendered":"Un syst\u00e8me \u00e9co-responsable En pleine expansion, le po\u00eale \u00e0 pellets ou \u00e0 granul\u00e9s permet un confort de chauffe incomparable. De nombreux atouts font sa force : Autonomie,\u00a0rendement, facilit\u00e9 d'utilisation, co\u00fbt du combustible, \u00e9cologie... Nous avons s\u00e9lectionn\u00e9 nos marques afin de vous garantir des appareils performants,...","protected":false},"author":2,"featured_media":0,"parent":0,"menu_order":0,"comment_status":"closed","ping_status":"closed","template":"full_width.php","meta":{"footnotes":""},"class_list":["post-471","page","type-page","status-publish","hentry"],"yoast_head":"<!-- This site is optimized with the Yoast SEO plugin v26.9 - https:\/\/yoast.com\/product\/yoast-seo-wordpress\/ -->\n<title>Nos po\u00eales \u00e0 pellets - Tarentaise Chemin\u00e9es - Aime La Plagne<\/title>\n<meta name=\"description\" content=\"Nous installons et asssurons la maintenance de vos po\u00eales \u00e0 pellets depuis 2003 et sommes bas\u00e9s \u00e0 Aime La Plagne. Rika, Austroflamm et Nobis..\" \/>\n<meta name=\"robots\" content=\"index, follow, max-snippet:-1, max-image-preview:large, max-video-preview:-1\" \/>\n<link rel=\"canonical\" href=\"https:\/\/tarentaise-cheminees.fr\/it\/stufe-a-pellet\/\" \/>\n<meta property=\"og:locale\" content=\"it_IT\" \/>\n<meta property=\"og:type\" content=\"article\" \/>\n<meta property=\"og:title\" content=\"Nos po\u00eales \u00e0 pellets - Tarentaise Chemin\u00e9es - Aime La Plagne\" \/>\n<meta property=\"og:description\" content=\"Nous installons et asssurons la maintenance de vos po\u00eales \u00e0 pellets depuis 2003 et sommes bas\u00e9s \u00e0 Aime La Plagne. Rika, Austroflamm et Nobis..\" \/>\n<meta property=\"og:url\" content=\"https:\/\/tarentaise-cheminees.fr\/it\/stufe-a-pellet\/\" \/>\n<meta property=\"og:site_name\" content=\"Tarentaise Chemin\u00e9es\" \/>\n<meta property=\"article:modified_time\" content=\"2025-11-08T16:43:24+00:00\" \/>\n<meta name=\"twitter:card\" content=\"summary_large_image\" \/>\n<meta name=\"twitter:label1\" content=\"Tempo di lettura stimato\" \/>\n\t<meta name=\"twitter:data1\" content=\"4 minuti\" \/>\n<script type=\"application\/ld+json\" class=\"yoast-schema-graph\">{\"@context\":\"https:\/\/schema.org\",\"@graph\":[{\"@type\":\"WebPage\",\"@id\":\"https:\/\/tarentaise-cheminees.fr\/poeles-a-pellets\/\",\"url\":\"https:\/\/tarentaise-cheminees.fr\/poeles-a-pellets\/\",\"name\":\"Nos po\u00eales \u00e0 pellets - Tarentaise Chemin\u00e9es - Aime La Plagne\",\"isPartOf\":{\"@id\":\"https:\/\/tarentaise-cheminees.fr\/#website\"},\"datePublished\":\"2020-10-05T14:04:50+00:00\",\"dateModified\":\"2025-11-08T16:43:24+00:00\",\"description\":\"Nous installons et asssurons la maintenance de vos po\u00eales \u00e0 pellets depuis 2003 et sommes bas\u00e9s \u00e0 Aime La Plagne. Rika, Austroflamm et Nobis..\",\"breadcrumb\":{\"@id\":\"https:\/\/tarentaise-cheminees.fr\/poeles-a-pellets\/#breadcrumb\"},\"inLanguage\":\"it-IT\",\"potentialAction\":[{\"@type\":\"ReadAction\",\"target\":[\"https:\/\/tarentaise-cheminees.fr\/poeles-a-pellets\/\"]}]},{\"@type\":\"BreadcrumbList\",\"@id\":\"https:\/\/tarentaise-cheminees.fr\/poeles-a-pellets\/#breadcrumb\",\"itemListElement\":[{\"@type\":\"ListItem\",\"position\":1,\"name\":\"Accueil\",\"item\":\"https:\/\/tarentaise-cheminees.fr\/\"},{\"@type\":\"ListItem\",\"position\":2,\"name\":\"Po\u00eales \u00e0 pellets\"}]},{\"@type\":\"WebSite\",\"@id\":\"https:\/\/tarentaise-cheminees.fr\/#website\",\"url\":\"https:\/\/tarentaise-cheminees.fr\/\",\"name\":\"Tarentaise Chemin\u00e9es\",\"description\":\"Le sp\u00e9cialiste de la chemin\u00e9e\",\"potentialAction\":[{\"@type\":\"SearchAction\",\"target\":{\"@type\":\"EntryPoint\",\"urlTemplate\":\"https:\/\/tarentaise-cheminees.fr\/?s={search_term_string}\"},\"query-input\":{\"@type\":\"PropertyValueSpecification\",\"valueRequired\":true,\"valueName\":\"search_term_string\"}}],\"inLanguage\":\"it-IT\"}]}<\/script>\n<!-- \/ Yoast SEO plugin. -->","yoast_head_json":{"title":"Le nostre stufe a pellet - Tarentaise Chemin\u00e9es - Aime La Plagne","description":"Ci occupiamo dell&#039;installazione e della manutenzione delle vostre stufe a pellet dal 2003 e abbiamo sede a Aime La Plagne. Rika, Austroflamm e Nobis..","robots":{"index":"index","follow":"follow","max-snippet":"max-snippet:-1","max-image-preview":"max-image-preview:large","max-video-preview":"max-video-preview:-1"},"canonical":"https:\/\/tarentaise-cheminees.fr\/it\/stufe-a-pellet\/","og_locale":"it_IT","og_type":"article","og_title":"Nos po\u00eales \u00e0 pellets - Tarentaise Chemin\u00e9es - Aime La Plagne","og_description":"Nous installons et asssurons la maintenance de vos po\u00eales \u00e0 pellets depuis 2003 et sommes bas\u00e9s \u00e0 Aime La Plagne. Rika, Austroflamm et Nobis..","og_url":"https:\/\/tarentaise-cheminees.fr\/it\/stufe-a-pellet\/","og_site_name":"Tarentaise Chemin\u00e9es","article_modified_time":"2025-11-08T16:43:24+00:00","twitter_card":"summary_large_image","twitter_misc":{"Tempo di lettura stimato":"4 minuti"},"schema":{"@context":"https:\/\/schema.org","@graph":[{"@type":"WebPage","@id":"https:\/\/tarentaise-cheminees.fr\/poeles-a-pellets\/","url":"https:\/\/tarentaise-cheminees.fr\/poeles-a-pellets\/","name":"Le nostre stufe a pellet - Tarentaise Chemin\u00e9es - Aime La Plagne","isPartOf":{"@id":"https:\/\/tarentaise-cheminees.fr\/#website"},"datePublished":"2020-10-05T14:04:50+00:00","dateModified":"2025-11-08T16:43:24+00:00","description":"Ci occupiamo dell&#039;installazione e della manutenzione delle vostre stufe a pellet dal 2003 e abbiamo sede a Aime La Plagne. Rika, Austroflamm e Nobis..","breadcrumb":{"@id":"https:\/\/tarentaise-cheminees.fr\/poeles-a-pellets\/#breadcrumb"},"inLanguage":"it-IT","potentialAction":[{"@type":"ReadAction","target":["https:\/\/tarentaise-cheminees.fr\/poeles-a-pellets\/"]}]},{"@type":"BreadcrumbList","@id":"https:\/\/tarentaise-cheminees.fr\/poeles-a-pellets\/#breadcrumb","itemListElement":[{"@type":"ListItem","position":1,"name":"Accueil","item":"https:\/\/tarentaise-cheminees.fr\/"},{"@type":"ListItem","position":2,"name":"Po\u00eales \u00e0 pellets"}]},{"@type":"WebSite","@id":"https:\/\/tarentaise-cheminees.fr\/#website","url":"https:\/\/tarentaise-cheminees.fr\/","name":"Tarentaise Chemin\u00e9es","description":"Lo specialista del camino","potentialAction":[{"@type":"SearchAction","target":{"@type":"EntryPoint","urlTemplate":"https:\/\/tarentaise-cheminees.fr\/?s={search_term_string}"},"query-input":{"@type":"PropertyValueSpecification","valueRequired":true,"valueName":"search_term_string"}}],"inLanguage":"it-IT"}]}},"_links":{"self":[{"href":"https:\/\/tarentaise-cheminees.fr\/it\/wp-json\/wp\/v2\/pages\/471","targetHints":{"allow":["GET"]}}],"collection":[{"href":"https:\/\/tarentaise-cheminees.fr\/it\/wp-json\/wp\/v2\/pages"}],"about":[{"href":"https:\/\/tarentaise-cheminees.fr\/it\/wp-json\/wp\/v2\/types\/page"}],"author":[{"embeddable":true,"href":"https:\/\/tarentaise-cheminees.fr\/it\/wp-json\/wp\/v2\/users\/2"}],"replies":[{"embeddable":true,"href":"https:\/\/tarentaise-cheminees.fr\/it\/wp-json\/wp\/v2\/comments?post=471"}],"version-history":[{"count":18,"href":"https:\/\/tarentaise-cheminees.fr\/it\/wp-json\/wp\/v2\/pages\/471\/revisions"}],"predecessor-version":[{"id":9637,"href":"https:\/\/tarentaise-cheminees.fr\/it\/wp-json\/wp\/v2\/pages\/471\/revisions\/9637"}],"wp:attachment":[{"href":"https:\/\/tarentaise-cheminees.fr\/it\/wp-json\/wp\/v2\/media?parent=471"}],"curies":[{"name":"parola chiave","href":"https:\/\/api.w.org\/{rel}","templated":true}]}}