{"id":3,"date":"2020-09-23T10:43:39","date_gmt":"2020-09-23T08:43:39","guid":{"rendered":"https:\/\/tarentaise-cheminees.fr\/?page_id=3"},"modified":"2020-10-22T16:27:36","modified_gmt":"2020-10-22T14:27:36","slug":"note-legali","status":"publish","type":"page","link":"https:\/\/tarentaise-cheminees.fr\/it\/note-legali\/","title":{"rendered":"Note legali"},"content":{"rendered":"<h3 class=\"wp-block-heading\">WEB DESIGN E SVILUPPO<\/h3>\n\n\n\n<p>CALAMARI \u2013 www.agencesquid.com<\/p>\n\n\n\n<h3 class=\"wp-block-heading\">1. Informazioni legali<\/h3>\n\n\n\n<p>L&#039;editore del Sito \u00e8 la societ\u00e0 Tarentaise Chemin\u00e9es, SARL con capitale sociale di 7.000 \u20ac, iscritta al registro del commercio e delle societ\u00e0 di Chamb\u00e9ry e il cui numero di trattino \u00e8 51291305400015<br>La sede centrale si trova: <a>59 RTE DE LA FORTUNE 73210 AIME-LA-PLAGNE<\/a><br>Tel: +33 (1) 07 50 65 74 78<br>E-mail: Tarentaise.cheminees73@gmail.com<br>Direttore della pubblicazione: Quentin Chanudet<\/p>\n\n\n\n<h3 class=\"wp-block-heading\">2. Hosting del sito<\/h3>\n\n\n\n<p>Il sito web tarentaise-cheminees.fr. \u00e8 ospitato dalla societ\u00e0 OVH, SAS con capitale di 10.000.000 di euro, registrata presso il RCS di Roubaix-Tourcoing con il numero 424 761 419 00045.<br>Sede legale: 2 rue Kellerman 59100 Roubaix Francia<\/p>\n\n\n\n<h3 class=\"wp-block-heading\">3. Diritti di propriet\u00e0 intellettuale<\/h3>\n\n\n\n<p>Il Sito e tutti i suoi contenuti (in particolare i marchi, i loghi, qualsiasi elemento grafico, testuale e informatico del Sito, comprese in particolare le strutture ad albero, la formattazione, gli articoli, le presentazioni, le illustrazioni, le fotografie e\/o qualsiasi altro documento) sono protetti dalle leggi francesi e internazionali sul diritto d&#039;autore e sulla propriet\u00e0 intellettuale.<br>Non pu\u00f2 essere fatta alcuna interpretazione a favore di una licenza d&#039;uso o di un diritto di utilizzo di questi elementi.<br>A tal fine, sono vietate le loro rappresentazioni, riproduzioni, integrazioni, distribuzioni e ridistribuzioni, parziali o totali (articolo L. 122-4 del Codice della propriet\u00e0 intellettuale). Chiunque agisca in tal senso senza poter fornire la prova dell&#039;autorizzazione preventiva ed espressa del titolare di tali diritti \u00e8 passibile delle sanzioni relative al reato di contraffazione (articoli L. 335-2 e seguenti del Codice della propriet\u00e0 intellettuale). Les Br\u00e9vi\u00e8res potr\u00e0 avvalersi dei propri diritti, in particolare dei diritti di propriet\u00e0 intellettuale, per avviare procedimenti, anche penali.<br>Les Br\u00e9vi\u00e8res si riserva il diritto di migliorare o modificare in qualsiasi momento le informazioni, i prodotti, i programmi o le condizioni d&#039;uso descritti nel Sito, senza che ci\u00f2 possa comportare alcuna responsabilit\u00e0. Le condizioni e gli avvisi applicabili saranno quelli in vigore alla data di connessione al Sito.<\/p>\n\n\n\n<h3 class=\"wp-block-heading\">4. Collegamenti ipertestuali<\/h3>\n\n\n\n<p>L&#039;utente che viene reindirizzato verso un sito di terzi tramite un collegamento ipertestuale stabilito verso altri siti riconosce che Les Br\u00e9vi\u00e8res non controlla il contenuto, le informazioni, i prodotti e i servizi proposti su tali siti. Di conseguenza, Les Br\u00e9vi\u00e8res non potr\u00e0 in nessun caso essere ritenuta responsabile per eventuali danni diretti o indiretti derivanti dall&#039;utilizzo di siti accessibili tramite collegamenti ipertestuali.<br>Les Br\u00e9vi\u00e8res non \u00e8 inoltre responsabile dei collegamenti ipertestuali che rimandano al Sito.<br>Chiunque desideri creare dei collegamenti ipertestuali che rimandino al Sito dovr\u00e0 ottenere la preventiva autorizzazione scritta di Les Br\u00e9vi\u00e8res.<\/p>\n\n\n\n<h3 class=\"wp-block-heading\">5. Limitazione della garanzia<\/h3>\n\n\n\n<p>Les Br\u00e9vi\u00e8res ricorda agli internauti le caratteristiche e i limiti della rete Internet. Les Br\u00e9vi\u00e8res non potr\u00e0 essere ritenuta responsabile per eventuali danni derivanti dall&#039;accesso al Sito o, al contrario, dall&#039;impossibilit\u00e0 di accedervi. Les Br\u00e9vi\u00e8res non potr\u00e0 in alcun modo essere ritenuta responsabile in caso di indisponibilit\u00e0 del Sito, per qualsiasi motivo (guasto tecnico, congestione della rete, ecc.).<br>L&#039;utente riconosce espressamente che utilizza il Sito a proprio rischio e sotto la sua esclusiva responsabilit\u00e0. Les Br\u00e9vi\u00e8res non potr\u00e0 essere ritenuta responsabile di alcun danno, diretto o indiretto, materiale o immateriale, causato agli utenti, alle loro apparecchiature informatiche o di telecomunicazione, ai dati ivi memorizzati e alle conseguenze che ne potrebbero derivare sulla loro attivit\u00e0 personale, professionale o commerciale.<br>Le informazioni presenti sul Sito sono fornite esclusivamente a scopo informativo. Le informazioni pubblicate su questo Sito vengono aggiornate e verificate periodicamente, ma potrebbero comunque contenere degli errori. In ogni caso, le informazioni devono essere considerate al momento della loro messa online e non al momento della consultazione del Sito (tali dati potrebbero essere stati aggiornati nel periodo intercorrente tra il momento del download e quello della lettura). In ogni caso, Le BSM non pu\u00f2 essere ritenuto responsabile di queste informazioni.<\/p>\n\n\n\n<h3 class=\"wp-block-heading\">6. Utilizzo del sito<\/h3>\n\n\n\n<p>Les Br\u00e9vi\u00e8res offre il Sito principalmente ai propri clienti e a chiunque desideri conoscere e acquistare i suoi prodotti e servizi.<br>Quando ti connetti al Sito:<br>\u2013 accetti di rispettare i presenti termini e condizioni e, pi\u00f9 in generale, la legislazione applicabile,<br>\u2013 ti astieni da qualsiasi raccolta o uso improprio, in particolare delle informazioni personali alle quali potresti avere accesso e, in generale, da qualsiasi atto che possa arrecare danno a terzi.<br>Quando compili un modulo e fornisci informazioni, accetti di:<br>\u2013 fornire informazioni reali, accurate e aggiornate al momento dell\u2019iscrizione e in particolare non utilizzare nomi, titoli o indirizzi falsi, o nomi, titoli o indirizzi senza autorizzazione,<br>\u2013 mantenere aggiornati i dati di registrazione per garantire che siano sempre reali e accurati,<br>\u2013 non rendere disponibile o distribuire informazioni, programmi o elementi illegali, riprovevoli o dannosi (come virus, software di hacking o di copia).<br>\u2013 non diffondere commenti, opinioni o informazioni di natura diffamatoria, oscena, violenta, razzista e pi\u00f9 in generale contraria alle leggi e ai regolamenti vigenti, ai diritti delle persone e al buon costume.<br>In caso di violazione delle presenti disposizioni, Les Br\u00e9vi\u00e8res si riserva il diritto di vietarvi l&#039;accesso al Sito o ai servizi proposti, a vostro esclusivo rischio e senza pregiudizio di ogni azione di responsabilit\u00e0.<\/p>\n\n\n\n<p>Utilizzo dei dati personali raccolti<\/p>\n\n\n\n<h3 class=\"wp-block-heading\">7. Commenti<\/h3>\n\n\n\n<p>Quando lasci un commento sul nostro sito web, vengono raccolti i dati inseriti nel modulo dei commenti, ma anche il tuo indirizzo IP e lo user agent del tuo browser per aiutarci a rilevare commenti indesiderati.<\/p>\n\n\n\n<p>Una stringa anonima creata a partire dal tuo indirizzo email (chiamata anche hash) potrebbe essere fornita al servizio Gravatar per vedere se lo stai utilizzando. L&#039;informativa sulla privacy del servizio Gravatar \u00e8 disponibile qui: https:\/\/automattic.com\/privacy\/. Dopo la convalida del tuo commento, la tua immagine del profilo sar\u00e0 visibile pubblicamente accanto al tuo commento.8. Media<\/p>\n\n\n\n<p>Se sei un utente registrato e carichi immagini sul sito web, ti consigliamo di evitare di caricare immagini contenenti dati EXIF delle coordinate GPS. I visitatori del tuo sito web possono scaricare ed estrarre dati sulla posizione da queste immagini.<\/p>\n\n\n\n<h3 class=\"wp-block-heading\">8. Biscotti<\/h3>\n\n\n\n<p>Se lasci un commento sul nostro sito, puoi scegliere di salvare il tuo nome, indirizzo email e sito web nei cookie. Questi sono per la tua comodit\u00e0 in modo che tu non debba inserire nuovamente i tuoi dati se lasci un altro commento in seguito. Questi cookie scadono dopo un anno.<\/p>\n\n\n\n<p>Se hai un account e accedi a questo sito, verr\u00e0 creato un cookie temporaneo per determinare se il tuo browser accetta i cookie. Non contiene dati personali e verr\u00e0 eliminato automaticamente alla chiusura del browser.<\/p>\n\n\n\n<p>Quando effettui l&#039;accesso, verranno impostati diversi cookie per salvare le tue informazioni di accesso e le tue scelte di visualizzazione dello schermo. La durata di vita di un cookie di accesso \u00e8 di due giorni, mentre quella di un cookie delle opzioni dello schermo \u00e8 di un anno. Se selezioni &quot;Ricordami&quot;, il tuo cookie di accesso verr\u00e0 conservato per due settimane. Se esci dal tuo account, il cookie di accesso verr\u00e0 eliminato.<\/p>\n\n\n\n<p>Modificando o pubblicando un articolo, un cookie aggiuntivo verr\u00e0 salvato nel tuo browser. Questo cookie non include dati personali. Indica semplicemente l&#039;ID dell&#039;articolo appena modificato. Scade dopo un giorno.<\/p>\n\n\n\n<h3 class=\"wp-block-heading\">9. Contenuto incorporato da altri siti<\/h3>\n\n\n\n<p>Gli articoli su questo sito possono includere contenuti incorporati (ad esempio video, immagini, articoli, ecc.). I contenuti incorporati da altri siti web si comportano esattamente nello stesso modo come se il visitatore avesse visitato l&#039;altro sito web.<\/p>\n\n\n\n<p>Questi siti web potrebbero raccogliere dati su di te, utilizzare cookie, integrare strumenti di tracciamento di terze parti e tracciare le tue interazioni con tali contenuti incorporati se hai un account e hai effettuato l&#039;accesso a quel sito web.<\/p>\n\n\n\n<h3 class=\"wp-block-heading\">10. Durata della conservazione dei tuoi dati<\/h3>\n\n\n\n<p>Se lasci un commento, il commento e i relativi metadati vengono conservati a tempo indeterminato. Ci\u00f2 ci consente di riconoscere e approvare automaticamente i commenti successivi, anzich\u00e9 lasciarli nella coda di moderazione.<\/p>\n\n\n\n<p>Per gli utenti che si registrano sul nostro sito (se applicabile), memorizziamo anche i dati personali indicati nel loro profilo. Tutti gli utenti possono vedere, modificare o cancellare i propri dati personali in qualsiasi momento (tranne il nome utente). Anche gli amministratori del sito possono visualizzare e modificare queste informazioni.<\/p>\n\n\n\n<h3 class=\"wp-block-heading\">11. I diritti che hai sui tuoi dati<\/h3>\n\n\n\n<p>Se hai un account o hai lasciato commenti sul sito, puoi richiedere di ricevere un file contenente tutti i dati personali che abbiamo su di te, compresi i dati che ci hai fornito. Puoi anche richiedere la cancellazione dei dati personali che ti riguardano. Sono esclusi i dati archiviati per scopi amministrativi, legali o di sicurezza.<\/p>\n\n\n\n<h3 class=\"wp-block-heading\">12. Trasmissione dei tuoi dati personali<\/h3>\n\n\n\n<p>I commenti dei visitatori potrebbero essere controllati tramite un servizio di rilevamento automatico dello spam.<\/p>\n\n\n\n<p><\/p>\n\n\n\n<p><\/p>","protected":false},"excerpt":{"rendered":"<p>WEBDESIGN &amp; D\u00c9VELOPPEMENT SQUID &#8211; www.agencesquid.com 1. Informations l\u00e9gales L\u2019\u00e9diteur du Site est la soci\u00e9t\u00e9 Tarentaise Chemin\u00e9es, SARL au capital social de 7000 \u20ac, immatricul\u00e9e au registre du commerce et des soci\u00e9t\u00e9s de Chamb\u00e9ry et dont le n\u00b0 de tiret est 51291305400015Le si\u00e8ge social est&#8230;<\/p>","protected":false},"author":2,"featured_media":0,"parent":0,"menu_order":0,"comment_status":"closed","ping_status":"closed","template":"","meta":{"footnotes":""},"class_list":["post-3","page","type-page","status-publish","hentry"],"yoast_head":"<!-- This site is optimized with the Yoast SEO plugin v26.9 - https:\/\/yoast.com\/product\/yoast-seo-wordpress\/ -->\n<title>Mentions l\u00e9gales - Tarentaise Chemin\u00e9es<\/title>\n<meta name=\"robots\" content=\"index, follow, max-snippet:-1, max-image-preview:large, max-video-preview:-1\" \/>\n<link rel=\"canonical\" href=\"https:\/\/tarentaise-cheminees.fr\/it\/note-legali\/\" \/>\n<meta property=\"og:locale\" content=\"it_IT\" \/>\n<meta property=\"og:type\" content=\"article\" \/>\n<meta property=\"og:title\" content=\"Mentions l\u00e9gales - Tarentaise Chemin\u00e9es\" \/>\n<meta property=\"og:description\" content=\"WEBDESIGN &amp; D\u00c9VELOPPEMENT SQUID &#8211; www.agencesquid.com 1. Informations l\u00e9gales L\u2019\u00e9diteur du Site est la soci\u00e9t\u00e9 Tarentaise Chemin\u00e9es, SARL au capital social de 7000 \u20ac, immatricul\u00e9e au registre du commerce et des soci\u00e9t\u00e9s de Chamb\u00e9ry et dont le n\u00b0 de tiret est 51291305400015Le si\u00e8ge social est...\" \/>\n<meta property=\"og:url\" content=\"https:\/\/tarentaise-cheminees.fr\/it\/note-legali\/\" \/>\n<meta property=\"og:site_name\" content=\"Tarentaise Chemin\u00e9es\" \/>\n<meta property=\"article:modified_time\" content=\"2020-10-22T14:27:36+00:00\" \/>\n<meta name=\"twitter:card\" content=\"summary_large_image\" \/>\n<meta name=\"twitter:label1\" content=\"Tempo di lettura stimato\" \/>\n\t<meta name=\"twitter:data1\" content=\"9 minuti\" \/>\n<script type=\"application\/ld+json\" class=\"yoast-schema-graph\">{\"@context\":\"https:\/\/schema.org\",\"@graph\":[{\"@type\":\"WebPage\",\"@id\":\"https:\/\/tarentaise-cheminees.fr\/en\/mentions-legales\/\",\"url\":\"https:\/\/tarentaise-cheminees.fr\/en\/mentions-legales\/\",\"name\":\"Mentions l\u00e9gales - Tarentaise Chemin\u00e9es\",\"isPartOf\":{\"@id\":\"https:\/\/tarentaise-cheminees.fr\/#website\"},\"datePublished\":\"2020-09-23T08:43:39+00:00\",\"dateModified\":\"2020-10-22T14:27:36+00:00\",\"breadcrumb\":{\"@id\":\"https:\/\/tarentaise-cheminees.fr\/en\/mentions-legales\/#breadcrumb\"},\"inLanguage\":\"it-IT\",\"potentialAction\":[{\"@type\":\"ReadAction\",\"target\":[\"https:\/\/tarentaise-cheminees.fr\/en\/mentions-legales\/\"]}]},{\"@type\":\"BreadcrumbList\",\"@id\":\"https:\/\/tarentaise-cheminees.fr\/en\/mentions-legales\/#breadcrumb\",\"itemListElement\":[{\"@type\":\"ListItem\",\"position\":1,\"name\":\"Accueil\",\"item\":\"https:\/\/tarentaise-cheminees.fr\/\"},{\"@type\":\"ListItem\",\"position\":2,\"name\":\"Mentions l\u00e9gales\"}]},{\"@type\":\"WebSite\",\"@id\":\"https:\/\/tarentaise-cheminees.fr\/#website\",\"url\":\"https:\/\/tarentaise-cheminees.fr\/\",\"name\":\"Tarentaise Chemin\u00e9es\",\"description\":\"Le sp\u00e9cialiste de la chemin\u00e9e\",\"potentialAction\":[{\"@type\":\"SearchAction\",\"target\":{\"@type\":\"EntryPoint\",\"urlTemplate\":\"https:\/\/tarentaise-cheminees.fr\/?s={search_term_string}\"},\"query-input\":{\"@type\":\"PropertyValueSpecification\",\"valueRequired\":true,\"valueName\":\"search_term_string\"}}],\"inLanguage\":\"it-IT\"}]}<\/script>\n<!-- \/ Yoast SEO plugin. -->","yoast_head_json":{"title":"Note legali - Tarentaise Chemin\u00e9es","robots":{"index":"index","follow":"follow","max-snippet":"max-snippet:-1","max-image-preview":"max-image-preview:large","max-video-preview":"max-video-preview:-1"},"canonical":"https:\/\/tarentaise-cheminees.fr\/it\/note-legali\/","og_locale":"it_IT","og_type":"article","og_title":"Mentions l\u00e9gales - Tarentaise Chemin\u00e9es","og_description":"WEBDESIGN &amp; D\u00c9VELOPPEMENT SQUID &#8211; www.agencesquid.com 1. Informations l\u00e9gales L\u2019\u00e9diteur du Site est la soci\u00e9t\u00e9 Tarentaise Chemin\u00e9es, SARL au capital social de 7000 \u20ac, immatricul\u00e9e au registre du commerce et des soci\u00e9t\u00e9s de Chamb\u00e9ry et dont le n\u00b0 de tiret est 51291305400015Le si\u00e8ge social est...","og_url":"https:\/\/tarentaise-cheminees.fr\/it\/note-legali\/","og_site_name":"Tarentaise Chemin\u00e9es","article_modified_time":"2020-10-22T14:27:36+00:00","twitter_card":"summary_large_image","twitter_misc":{"Tempo di lettura stimato":"9 minuti"},"schema":{"@context":"https:\/\/schema.org","@graph":[{"@type":"WebPage","@id":"https:\/\/tarentaise-cheminees.fr\/en\/mentions-legales\/","url":"https:\/\/tarentaise-cheminees.fr\/en\/mentions-legales\/","name":"Note legali - Tarentaise Chemin\u00e9es","isPartOf":{"@id":"https:\/\/tarentaise-cheminees.fr\/#website"},"datePublished":"2020-09-23T08:43:39+00:00","dateModified":"2020-10-22T14:27:36+00:00","breadcrumb":{"@id":"https:\/\/tarentaise-cheminees.fr\/en\/mentions-legales\/#breadcrumb"},"inLanguage":"it-IT","potentialAction":[{"@type":"ReadAction","target":["https:\/\/tarentaise-cheminees.fr\/en\/mentions-legales\/"]}]},{"@type":"BreadcrumbList","@id":"https:\/\/tarentaise-cheminees.fr\/en\/mentions-legales\/#breadcrumb","itemListElement":[{"@type":"ListItem","position":1,"name":"Accueil","item":"https:\/\/tarentaise-cheminees.fr\/"},{"@type":"ListItem","position":2,"name":"Mentions l\u00e9gales"}]},{"@type":"WebSite","@id":"https:\/\/tarentaise-cheminees.fr\/#website","url":"https:\/\/tarentaise-cheminees.fr\/","name":"Tarentaise Chemin\u00e9es","description":"Lo specialista del camino","potentialAction":[{"@type":"SearchAction","target":{"@type":"EntryPoint","urlTemplate":"https:\/\/tarentaise-cheminees.fr\/?s={search_term_string}"},"query-input":{"@type":"PropertyValueSpecification","valueRequired":true,"valueName":"search_term_string"}}],"inLanguage":"it-IT"}]}},"_links":{"self":[{"href":"https:\/\/tarentaise-cheminees.fr\/it\/wp-json\/wp\/v2\/pages\/3","targetHints":{"allow":["GET"]}}],"collection":[{"href":"https:\/\/tarentaise-cheminees.fr\/it\/wp-json\/wp\/v2\/pages"}],"about":[{"href":"https:\/\/tarentaise-cheminees.fr\/it\/wp-json\/wp\/v2\/types\/page"}],"author":[{"embeddable":true,"href":"https:\/\/tarentaise-cheminees.fr\/it\/wp-json\/wp\/v2\/users\/2"}],"replies":[{"embeddable":true,"href":"https:\/\/tarentaise-cheminees.fr\/it\/wp-json\/wp\/v2\/comments?post=3"}],"version-history":[{"count":5,"href":"https:\/\/tarentaise-cheminees.fr\/it\/wp-json\/wp\/v2\/pages\/3\/revisions"}],"predecessor-version":[{"id":931,"href":"https:\/\/tarentaise-cheminees.fr\/it\/wp-json\/wp\/v2\/pages\/3\/revisions\/931"}],"wp:attachment":[{"href":"https:\/\/tarentaise-cheminees.fr\/it\/wp-json\/wp\/v2\/media?parent=3"}],"curies":[{"name":"parola chiave","href":"https:\/\/api.w.org\/{rel}","templated":true}]}}