{"id":908,"date":"2020-11-17T11:06:40","date_gmt":"2020-11-17T10:06:40","guid":{"rendered":"https:\/\/tarentaise-cheminees.fr\/?page_id=908"},"modified":"2025-04-04T13:56:25","modified_gmt":"2025-04-04T11:56:25","slug":"general","status":"publish","type":"page","link":"https:\/\/tarentaise-cheminees.fr\/es\/general\/","title":{"rendered":"Nuestros servicios"},"content":{"rendered":"<section      data-speed=\"1\" class=\"parallax_section_holder\" style = \" height:px; background-image:url('https:\/\/tarentaise-cheminees.fr\/wp-content\/uploads\/2020\/10\/BANDEAUFEU2.jpg');\"><div class=\"parallax_content center\"><div class='parallax_section_inner_margin clearfix'><div class=\"wpb_column vc_column_container vc_col-sm-12\"><div class=\"vc_column-inner\"><div class=\"wpb_wrapper\"><div class='q_elements_holder one_column responsive_mode_from_768' ><div class='q_elements_item' data-480-600='184px 0% 168px 0%' data-480='184px 0% 168px 0%' data-animation='no' data-item-class='q_elements_holder_custom_426432'><div class='q_elements_item_inner'><div class='q_elements_item_content q_elements_holder_custom_426432' style='padding:184px 8% 168px 8%'>\n\t<div class=\"wpb_text_column wpb_content_element\">\n\t\t<div class=\"wpb_wrapper\">\n\t\t\t<h1><span style=\"color: #ffffff;\">Atenci\u00f3n al cliente durante todo el a\u00f1o<\/span><\/h1>\n\n\t\t<\/div> \n\t<\/div> <div class=\"separator  small center\" style=\"margin-top: 25px;margin-bottom: 34px;background-color: #c7a082;height: 1px;width: 63px;\"><\/div>\n\n\t<div class=\"wpb_text_column wpb_content_element\">\n\t\t<div class=\"wpb_wrapper\">\n\t\t\t<h5 id=\"tw-target-text\" class=\"tw-data-text tw-text-large XcVN5d tw-ta\" dir=\"ltr\" data-placeholder=\"Traduction\"><span lang=\"en\" style=\"font-size: 14pt; color: #ffffff;\">Aut\u00e9ntico socio de sus clientes, Tarentaise Chemin\u00e9es le asesora, le ayuda y le sigue durante todo el ciclo de su proyecto.<\/span><\/h5>\n\n\t\t<\/div> \n\t<\/div> \t<div class=\"vc_empty_space\"  style=\"height: 35px\" ><span\n\t\t\tclass=\"vc_empty_space_inner\">\n\t\t\t<span class=\"empty_space_image\"  ><\/span>\n\t\t<\/span><\/div>\n\n<\/div><\/div><\/div><\/div><\/div><\/div><\/div><\/div><\/div><\/section><section      data-speed=\"1\" class=\"parallax_section_holder\" style = \" height:px; background-image:url('');\"><div class=\"parallax_content_full_width center\" ><div class='parallax_section_inner_margin clearfix'><div class=\"wpb_column vc_column_container vc_col-sm-12\"><div class=\"vc_column-inner\"><div class=\"wpb_wrapper\"><div class='q_elements_holder one_column responsive_mode_from_768' ><div class='q_elements_item' data-480-600='184px 0% 168px 0%' data-480='184px 0% 168px 0%' data-animation='no' data-item-class='q_elements_holder_custom_701157' style='background-color:#2c87a0;'><div class='q_elements_item_inner'><div class='q_elements_item_content q_elements_holder_custom_701157' style='padding:184px 8% 168px 8%'>\n\t<div class=\"wpb_text_column wpb_content_element\">\n\t\t<div class=\"wpb_wrapper\">\n\t\t\t<h1><span style=\"color: #ffffff;\"><img loading=\"lazy\" decoding=\"async\" class=\"alignnone size-full wp-image-548\" src=\"https:\/\/tarentaise-cheminees.fr\/wp-content\/uploads\/2020\/10\/feu5.png\" alt=\"\" width=\"150\" height=\"150\" \/><\/span><\/h1>\n<h1><span style=\"color: #ffffff;\">INSTALACI\u00d3N<\/span><\/h1>\n\n\t\t<\/div> \n\t<\/div> <div class=\"separator  small center\" style=\"margin-top: 25px;margin-bottom: 34px;background-color: #c7a082;height: 1px;width: 63px;\"><\/div>\n\n\t<div class=\"wpb_text_column wpb_content_element\">\n\t\t<div class=\"wpb_wrapper\">\n\t\t\t<h5 style=\"text-align: left;\"><span style=\"font-family: Helvetica; font-size: 14pt; color: #ffffff;\">Nuestro principal saber hacer: \u00a1Hecho a medida!<\/span><br \/>\n<span style=\"font-family: Helvetica; font-size: 14pt; color: #ffffff;\">\u00a1Tom\u00e9monos el tiempo, juntos, para elegir el dispositivo que mejor se adapte a ti personalmente en funci\u00f3n de tu estilo de vida! <\/span><br \/>\n<span style=\"font-family: Helvetica; font-size: 14pt; color: #ffffff;\">Desarrollaremos juntos tu proyecto y podremos asesorarte sobre los productos m\u00e1s adecuados.<\/span><br \/>\n<span style=\"font-family: Helvetica; font-size: 14pt; color: #ffffff;\">Se realizar\u00e1 un presupuesto gratuito en tienda, por email o tel\u00e9fono para que usted tenga una idea del presupuesto global que representa su instalaci\u00f3n.<\/span><br \/>\n<span style=\"font-family: Helvetica; font-size: 14pt; color: #ffffff;\">Luego, Quentin va directamente al lugar de instalaci\u00f3n para darle una cotizaci\u00f3n m\u00e1s precisa.<\/span><br \/>\n<span style=\"font-family: Helvetica; font-size: 14pt; color: #ffffff;\">Esta visita t\u00e9cnica in situ tiene un coste que var\u00eda en funci\u00f3n de la ubicaci\u00f3n geogr\u00e1fica entre 40\u20ac y 60\u20ac IVA incluido.<\/span><br \/>\n<span style=\"font-family: Helvetica; font-size: 14pt; color: #ffffff;\">! \u00a1Esta factura de visita t\u00e9cnica es deducible del importe total incluido impuestos del presupuesto si se firma!<\/span><br \/>\n<span style=\"font-family: Helvetica; font-size: 14pt; color: #ffffff;\">\u00bfPor qu\u00e9 cobrar por una cotizaci\u00f3n en sitio? Bueno por varias razones:<\/span><br \/>\n<span style=\"font-family: Helvetica; font-size: 14pt; color: #ffffff;\">Porque en la empresa somos dos: Quentin y C\u00e9line. <\/span><br \/>\n<span style=\"font-family: Helvetica; font-size: 14pt; color: #ffffff;\">&gt; Quentin instala los dispositivos y realiza todos tus proyectos a medida: desde el corte de piedra hasta la colocaci\u00f3n de madera, la creaci\u00f3n de tocones y todo lo relacionado con el espacio de la chimenea. Realiza el mantenimiento y seguimiento de nuestras instalaciones, servicio postventa y tambi\u00e9n presupuestos y por tanto visitas t\u00e9cnicas. <\/span><br \/>\n<span style=\"font-family: Helvetica; font-size: 14pt; color: #ffffff;\">&gt; Para C\u00e9line, es con ella con quien tendr\u00e1s el primer contacto en la tienda o por tel\u00e9fono. Se encarga del desarrollo de su proyecto as\u00ed como del aspecto administrativo (sus presupuestos, facturas, fechas de instalaci\u00f3n, servicio postventa, peticiones especiales, etc.) <\/span><br \/>\n<span style=\"font-family: Helvetica; font-size: 14pt; color: #ffffff;\">\u00a1Esto le ahorra tiempo a usted y a nosotros! \u00a1No m\u00e1s viajes innecesarios a casa por un proyecto no pensado!<\/span><\/h5>\n<p>&nbsp;<\/p>\n<h5 id=\"tw-target-text\" class=\"tw-data-text tw-text-large tw-ta\" dir=\"ltr\" data-placeholder=\"Traduction\" data-ved=\"2ahUKEwjqjNqlsPyJAxWFdqQEHVD7H4gQ3ewLegQICxAU\" aria-label=\"Texto traducido: SUS REQUISITOS: NUESTRA EXPERIENCIA\"><strong><span class=\"Y2IQFc\" lang=\"en\" style=\"font-size: 14pt;\">SUS REQUISITOS: NUESTRA EXPERIENCIA<\/span><\/strong><\/h5>\n\n\t\t<\/div> \n\t<\/div> \t<div class=\"vc_empty_space\"  style=\"height: 35px\" ><span\n\t\t\tclass=\"vc_empty_space_inner\">\n\t\t\t<span class=\"empty_space_image\"  ><\/span>\n\t\t<\/span><\/div>\n\n<\/div><\/div><\/div><\/div><\/div><\/div><\/div><\/div><\/div><\/section><section      data-speed=\"1\" class=\"parallax_section_holder\" style = \" height:px; background-image:url('');\"><div class=\"parallax_content_full_width center\" ><div class='parallax_section_inner_margin clearfix'><div class=\"wpb_column vc_column_container vc_col-sm-12\"><div class=\"vc_column-inner\"><div class=\"wpb_wrapper\"><div class='q_elements_holder one_column responsive_mode_from_768' ><div class='q_elements_item' data-480-600='184px 0% 168px 0%' data-480='184px 0% 168px 0%' data-animation='no' data-item-class='q_elements_holder_custom_243611' style='background-color:#87243e;'><div class='q_elements_item_inner'><div class='q_elements_item_content q_elements_holder_custom_243611' style='padding:184px 8% 168px 8%'>\n\t<div class=\"wpb_text_column wpb_content_element\">\n\t\t<div class=\"wpb_wrapper\">\n\t\t\t<h1><img loading=\"lazy\" decoding=\"async\" class=\"alignnone size-full wp-image-545\" src=\"https:\/\/tarentaise-cheminees.fr\/wp-content\/uploads\/2020\/10\/feu2.png\" alt=\"\" width=\"150\" height=\"150\" \/><\/h1>\n<h1><span style=\"color: #ffffff;\">CONSEJO<\/span><\/h1>\n\n\t\t<\/div> \n\t<\/div> <div class=\"separator  small center\" style=\"margin-top: 25px;margin-bottom: 34px;background-color: #c7a082;height: 1px;width: 63px;\"><\/div>\n\n\t<div class=\"wpb_text_column wpb_content_element\">\n\t\t<div class=\"wpb_wrapper\">\n\t\t\t<h5 id=\"tw-target-text\" class=\"tw-data-text tw-text-large XcVN5d tw-ta\" dir=\"ltr\" style=\"text-align: center;\" data-placeholder=\"Traduction\"><span lang=\"en\" style=\"font-family: Helvetica; font-size: 14pt; color: #ffffff;\">Nuestro trabajo es tambi\u00e9n compartir con vosotros nuestra mirada profesional para saber guiaros en vuestras elecciones. Dependiendo del an\u00e1lisis de criterios como instalaci\u00f3n, eficiencia, uso, almacenamiento, est\u00e9tica y presupuesto, podremos orientarle hacia la mejor soluci\u00f3n posible.<\/span><\/h5>\n\n\t\t<\/div> \n\t<\/div> \t<div class=\"vc_empty_space\"  style=\"height: 35px\" ><span\n\t\t\tclass=\"vc_empty_space_inner\">\n\t\t\t<span class=\"empty_space_image\"  ><\/span>\n\t\t<\/span><\/div>\n\n<\/div><\/div><\/div><\/div><\/div><\/div><\/div><\/div><\/div><\/section><section      data-speed=\"1\" class=\"parallax_section_holder\" style = \" height:px; background-image:url('');\"><div class=\"parallax_content_full_width center\" ><div class='parallax_section_inner_margin clearfix'><div class=\"wpb_column vc_column_container vc_col-sm-12\"><div class=\"vc_column-inner\"><div class=\"wpb_wrapper\"><div class='q_elements_holder one_column responsive_mode_from_768' ><div class='q_elements_item' data-480-600='184px 0% 168px 0%' data-480='184px 0% 168px 0%' data-animation='no' data-item-class='q_elements_holder_custom_468385' style='background-color:#22706d;'><div class='q_elements_item_inner'><div class='q_elements_item_content q_elements_holder_custom_468385' style='padding:184px 8% 168px 8%'>\t<div class=\"vc_empty_space\"  style=\"height: 35px\" ><span\n\t\t\tclass=\"vc_empty_space_inner\">\n\t\t\t<span class=\"empty_space_image\"  ><\/span>\n\t\t<\/span><\/div>\n\n\n\t<div class=\"wpb_text_column wpb_content_element\">\n\t\t<div class=\"wpb_wrapper\">\n\t\t\t<h1><span style=\"color: #ffffff;\"><img loading=\"lazy\" decoding=\"async\" class=\"alignnone size-full wp-image-547\" src=\"https:\/\/tarentaise-cheminees.fr\/wp-content\/uploads\/2020\/10\/feu4.png\" alt=\"\" width=\"150\" height=\"150\" \/><\/span><\/h1>\n<h1><span style=\"color: #ffffff;\">AYUDA<\/span><\/h1>\n\n\t\t<\/div> \n\t<\/div> <div class=\"separator  small center\" style=\"margin-top: 25px;margin-bottom: 34px;background-color: #c7a082;height: 1px;width: 63px;\"><\/div>\n\n\t<div class=\"wpb_text_column wpb_content_element\">\n\t\t<div class=\"wpb_wrapper\">\n\t\t\t<h5 id=\"tw-target-text\" class=\"tw-data-text tw-text-large XcVN5d tw-ta\" dir=\"ltr\" style=\"text-align: center;\" data-placeholder=\"Traduction\"><span lang=\"en\" style=\"font-family: Helvetica; font-size: 14pt; color: #ffffff;\">Cr\u00e9dito fiscal, Eco-pr\u00e9stamo tipo cero, ayuda Anah, cheque energ\u00eda, bono energ\u00e9tico\u2026 no desaproveches las ayudas que pueden abaratar tu proyecto. C\u00e9line sabr\u00e1 guiarle para que pueda beneficiarse de ello.<\/span><\/h5>\n\n\t\t<\/div> \n\t<\/div> \t<div class=\"vc_empty_space\"  style=\"height: 35px\" ><span\n\t\t\tclass=\"vc_empty_space_inner\">\n\t\t\t<span class=\"empty_space_image\"  ><\/span>\n\t\t<\/span><\/div>\n\n<\/div><\/div><\/div><\/div><\/div><\/div><\/div><\/div><\/div><\/section><section      data-speed=\"1\" class=\"parallax_section_holder\" style = \" height:px; background-image:url('');\"><div class=\"parallax_content_full_width center\" ><div class='parallax_section_inner_margin clearfix'><div class=\"wpb_column vc_column_container vc_col-sm-12\"><div class=\"vc_column-inner\"><div class=\"wpb_wrapper\"><div class='q_elements_holder one_column responsive_mode_from_768' ><div class='q_elements_item' data-480-600='184px 0% 168px 0%' data-480='184px 0% 168px 0%' data-animation='no' data-item-class='q_elements_holder_custom_791693' style='background-color:#133349;'><div class='q_elements_item_inner'><div class='q_elements_item_content q_elements_holder_custom_791693' style='padding:184px 8% 168px 8%'>\n\t<div class=\"wpb_text_column wpb_content_element\">\n\t\t<div class=\"wpb_wrapper\">\n\t\t\t<h1><span style=\"color: #ffffff;\"><img loading=\"lazy\" decoding=\"async\" class=\"alignnone size-full wp-image-546\" src=\"https:\/\/tarentaise-cheminees.fr\/wp-content\/uploads\/2020\/10\/feu3.png\" alt=\"\" width=\"150\" height=\"150\" \/><\/span><\/h1>\n<h1><span style=\"color: #ffffff;\">CUIDADO POR LOS CONVALECIENTES<\/span><\/h1>\n\n\t\t<\/div> \n\t<\/div> <div class=\"separator  small center\" style=\"margin-top: 25px;margin-bottom: 34px;background-color: #c7a082;height: 1px;width: 63px;\"><\/div>\n\n\t<div class=\"wpb_text_column wpb_content_element\">\n\t\t<div class=\"wpb_wrapper\">\n\t\t\t<h5><span style=\"font-size: 14pt; color: #ffffff;\">Realizamos servicio postventa, seguimiento de garant\u00eda, mantenimiento de todas nuestras instalaciones, durante todo el a\u00f1o. \u00a1As\u00ed le garantizamos tranquilidad y hermosas veladas junto al fuego!<\/span><\/h5>\n\n\t\t<\/div> \n\t<\/div> \t<div class=\"vc_empty_space\"  style=\"height: 35px\" ><span\n\t\t\tclass=\"vc_empty_space_inner\">\n\t\t\t<span class=\"empty_space_image\"  ><\/span>\n\t\t<\/span><\/div>\n\n<\/div><\/div><\/div><\/div><\/div><\/div><\/div><\/div><\/div><\/section><section      data-speed=\"1\" class=\"parallax_section_holder\" style = \" height:px; background-image:url('https:\/\/tarentaise-cheminees.fr\/wp-content\/uploads\/2020\/09\/BANDEAU-DEVIS-scaled.jpg');\"><div class=\"parallax_content center\"><div class='parallax_section_inner_margin clearfix'><div class=\"wpb_column vc_column_container vc_col-sm-12\"><div class=\"vc_column-inner\"><div class=\"wpb_wrapper\"><div class='q_elements_holder one_column responsive_mode_from_768' ><div class='q_elements_item' data-480-600='184px 0% 168px 0%' data-480='184px 0% 168px 0%' data-animation='no' data-item-class='q_elements_holder_custom_647347'><div class='q_elements_item_inner'><div class='q_elements_item_content q_elements_holder_custom_647347' style='padding:184px 8% 168px 8%'>\n\t<div class=\"wpb_text_column wpb_content_element\">\n\t\t<div class=\"wpb_wrapper\">\n\t\t\t<h1><span style=\"color: #ffffff;\">Obtenga una cotizaci\u00f3n<\/span><\/h1>\n\n\t\t<\/div> \n\t<\/div> <div class=\"separator  small center\" style=\"margin-top: 25px;margin-bottom: 34px;background-color: #c7a082;height: 1px;width: 63px;\"><\/div>\n\n\t<div class=\"wpb_text_column wpb_content_element\">\n\t\t<div class=\"wpb_wrapper\">\n\t\t\t<h5><span style=\"color: #eae9e9;\">\u00bfUn proyecto, un deseo? Cont\u00e1ctanos para una cotizaci\u00f3n gratuita. Quentin estar\u00e1 encantado de ir a visitarte a tu domicilio para comprobar la viabilidad de tu proyecto y ofrecerte soluciones t\u00e9cnicas y de dise\u00f1o. Nos encargamos de tu instalaci\u00f3n de la A a la Z. Un \u00fanico contacto para mayor tranquilidad.<\/span><\/h5>\n<h3><span style=\"color: #ffffff;\"><a style=\"color: #ffffff;\" href=\"\/es\/tel\u00e9fono: 0479070419\/\"><span style=\"color: #c7a082;\">LL\u00c1MENOS<\/span><\/a><span style=\"color: #c7a082;\"> oro <\/span><\/span><span style=\"color: #c7a082;\"><a style=\"color: #c7a082;\" href=\"https:\/\/tarentaise-cheminees.fr\/es\/contact\/\">ESCR\u00cdBENOS<\/a><\/span><\/h3>\n\n\t\t<\/div> \n\t<\/div> \t<div class=\"vc_empty_space\"  style=\"height: 35px\" ><span\n\t\t\tclass=\"vc_empty_space_inner\">\n\t\t\t<span class=\"empty_space_image\"  ><\/span>\n\t\t<\/span><\/div>\n\n<\/div><\/div><\/div><\/div><\/div><\/div><\/div><\/div><\/div><\/section>","protected":false},"excerpt":{"rendered":"Year-round customer support A real partner of its customers, Tarentaise Chemin\u00e9es advises, helps and follows you throughout the cycle of your project. INSTALLATION Our main know-how: Made to measure! Let's take the time, together, to choose the device that suits you personally based on your...","protected":false},"author":2,"featured_media":0,"parent":0,"menu_order":0,"comment_status":"closed","ping_status":"closed","template":"full_width.php","meta":{"footnotes":""},"class_list":["post-908","page","type-page","status-publish","hentry"],"yoast_head":"<!-- This site is optimized with the Yoast SEO plugin v26.9 - https:\/\/yoast.com\/product\/yoast-seo-wordpress\/ -->\n<title>Sweeping, debugging, maintenance - Our services - Tarentaise Chemin\u00e9es<\/title>\n<meta name=\"description\" content=\"The sweeping of your chimney is obligatory twice a year. For your safety, call Tarentaise Chemin\u00e9es in Aime La Plagne. +33 4 79 07 04 19\" \/>\n<meta name=\"robots\" content=\"index, follow, max-snippet:-1, max-image-preview:large, max-video-preview:-1\" \/>\n<link rel=\"canonical\" href=\"https:\/\/tarentaise-cheminees.fr\/es\/limpieza-de-chimeneas\/\" \/>\n<meta property=\"og:locale\" content=\"es_ES\" \/>\n<meta property=\"og:type\" content=\"article\" \/>\n<meta property=\"og:title\" content=\"Sweeping, debugging, maintenance - Our services - Tarentaise Chemin\u00e9es\" \/>\n<meta property=\"og:description\" content=\"The sweeping of your chimney is obligatory twice a year. For your safety, call Tarentaise Chemin\u00e9es in Aime La Plagne. +33 4 79 07 04 19\" \/>\n<meta property=\"og:url\" content=\"https:\/\/tarentaise-cheminees.fr\/es\/limpieza-de-chimeneas\/\" \/>\n<meta property=\"og:site_name\" content=\"Tarentaise Chemin\u00e9es\" \/>\n<meta property=\"article:modified_time\" content=\"2025-04-04T11:56:25+00:00\" \/>\n<meta property=\"og:image\" content=\"https:\/\/tarentaise-cheminees.fr\/wp-content\/uploads\/2020\/10\/feu5.png\" \/>\n<meta name=\"twitter:card\" content=\"summary_large_image\" \/>\n<meta name=\"twitter:label1\" content=\"Tiempo de lectura\" \/>\n\t<meta name=\"twitter:data1\" content=\"5 minutos\" \/>\n<script type=\"application\/ld+json\" class=\"yoast-schema-graph\">{\"@context\":\"https:\/\/schema.org\",\"@graph\":[{\"@type\":\"WebPage\",\"@id\":\"https:\/\/tarentaise-cheminees.fr\/en\/sweeping\/\",\"url\":\"https:\/\/tarentaise-cheminees.fr\/en\/sweeping\/\",\"name\":\"Sweeping, debugging, maintenance - Our services - Tarentaise Chemin\u00e9es\",\"isPartOf\":{\"@id\":\"https:\/\/tarentaise-cheminees.fr\/#website\"},\"primaryImageOfPage\":{\"@id\":\"https:\/\/tarentaise-cheminees.fr\/en\/sweeping\/#primaryimage\"},\"image\":{\"@id\":\"https:\/\/tarentaise-cheminees.fr\/en\/sweeping\/#primaryimage\"},\"thumbnailUrl\":\"https:\/\/tarentaise-cheminees.fr\/wp-content\/uploads\/2020\/10\/feu5.png\",\"datePublished\":\"2020-11-17T10:06:40+00:00\",\"dateModified\":\"2025-04-04T11:56:25+00:00\",\"description\":\"The sweeping of your chimney is obligatory twice a year. For your safety, call Tarentaise Chemin\u00e9es in Aime La Plagne. +33 4 79 07 04 19\",\"breadcrumb\":{\"@id\":\"https:\/\/tarentaise-cheminees.fr\/en\/sweeping\/#breadcrumb\"},\"inLanguage\":\"es\",\"potentialAction\":[{\"@type\":\"ReadAction\",\"target\":[\"https:\/\/tarentaise-cheminees.fr\/en\/sweeping\/\"]}]},{\"@type\":\"ImageObject\",\"inLanguage\":\"es\",\"@id\":\"https:\/\/tarentaise-cheminees.fr\/en\/sweeping\/#primaryimage\",\"url\":\"https:\/\/tarentaise-cheminees.fr\/wp-content\/uploads\/2020\/10\/feu5.png\",\"contentUrl\":\"https:\/\/tarentaise-cheminees.fr\/wp-content\/uploads\/2020\/10\/feu5.png\"},{\"@type\":\"BreadcrumbList\",\"@id\":\"https:\/\/tarentaise-cheminees.fr\/en\/sweeping\/#breadcrumb\",\"itemListElement\":[{\"@type\":\"ListItem\",\"position\":1,\"name\":\"Accueil\",\"item\":\"https:\/\/tarentaise-cheminees.fr\/\"},{\"@type\":\"ListItem\",\"position\":2,\"name\":\"Our services\"}]},{\"@type\":\"WebSite\",\"@id\":\"https:\/\/tarentaise-cheminees.fr\/#website\",\"url\":\"https:\/\/tarentaise-cheminees.fr\/\",\"name\":\"Tarentaise Chemin\u00e9es\",\"description\":\"Le sp\u00e9cialiste de la chemin\u00e9e\",\"potentialAction\":[{\"@type\":\"SearchAction\",\"target\":{\"@type\":\"EntryPoint\",\"urlTemplate\":\"https:\/\/tarentaise-cheminees.fr\/?s={search_term_string}\"},\"query-input\":{\"@type\":\"PropertyValueSpecification\",\"valueRequired\":true,\"valueName\":\"search_term_string\"}}],\"inLanguage\":\"es\"}]}<\/script>\n<!-- \/ Yoast SEO plugin. -->","yoast_head_json":{"title":"Barrido, depuraci\u00f3n, mantenimiento - Nuestros servicios - Tarentaise Chemin\u00e9es","description":"La limpieza de la chimenea es obligatoria dos veces al a\u00f1o. Para su seguridad llame al Tarentaise Chemin\u00e9es en Aime La Plagne. +33 4 79 07 04 19","robots":{"index":"index","follow":"follow","max-snippet":"max-snippet:-1","max-image-preview":"max-image-preview:large","max-video-preview":"max-video-preview:-1"},"canonical":"https:\/\/tarentaise-cheminees.fr\/es\/limpieza-de-chimeneas\/","og_locale":"es_ES","og_type":"article","og_title":"Sweeping, debugging, maintenance - Our services - Tarentaise Chemin\u00e9es","og_description":"The sweeping of your chimney is obligatory twice a year. For your safety, call Tarentaise Chemin\u00e9es in Aime La Plagne. +33 4 79 07 04 19","og_url":"https:\/\/tarentaise-cheminees.fr\/es\/limpieza-de-chimeneas\/","og_site_name":"Tarentaise Chemin\u00e9es","article_modified_time":"2025-04-04T11:56:25+00:00","og_image":[{"url":"https:\/\/tarentaise-cheminees.fr\/wp-content\/uploads\/2020\/10\/feu5.png","type":"","width":"","height":""}],"twitter_card":"summary_large_image","twitter_misc":{"Tiempo de lectura":"5 minutos"},"schema":{"@context":"https:\/\/schema.org","@graph":[{"@type":"WebPage","@id":"https:\/\/tarentaise-cheminees.fr\/en\/sweeping\/","url":"https:\/\/tarentaise-cheminees.fr\/en\/sweeping\/","name":"Barrido, depuraci\u00f3n, mantenimiento - Nuestros servicios - Tarentaise Chemin\u00e9es","isPartOf":{"@id":"https:\/\/tarentaise-cheminees.fr\/#website"},"primaryImageOfPage":{"@id":"https:\/\/tarentaise-cheminees.fr\/en\/sweeping\/#primaryimage"},"image":{"@id":"https:\/\/tarentaise-cheminees.fr\/en\/sweeping\/#primaryimage"},"thumbnailUrl":"https:\/\/tarentaise-cheminees.fr\/wp-content\/uploads\/2020\/10\/feu5.png","datePublished":"2020-11-17T10:06:40+00:00","dateModified":"2025-04-04T11:56:25+00:00","description":"La limpieza de la chimenea es obligatoria dos veces al a\u00f1o. Para su seguridad llame al Tarentaise Chemin\u00e9es en Aime La Plagne. +33 4 79 07 04 19","breadcrumb":{"@id":"https:\/\/tarentaise-cheminees.fr\/en\/sweeping\/#breadcrumb"},"inLanguage":"es","potentialAction":[{"@type":"ReadAction","target":["https:\/\/tarentaise-cheminees.fr\/en\/sweeping\/"]}]},{"@type":"ImageObject","inLanguage":"es","@id":"https:\/\/tarentaise-cheminees.fr\/en\/sweeping\/#primaryimage","url":"https:\/\/tarentaise-cheminees.fr\/wp-content\/uploads\/2020\/10\/feu5.png","contentUrl":"https:\/\/tarentaise-cheminees.fr\/wp-content\/uploads\/2020\/10\/feu5.png"},{"@type":"BreadcrumbList","@id":"https:\/\/tarentaise-cheminees.fr\/en\/sweeping\/#breadcrumb","itemListElement":[{"@type":"ListItem","position":1,"name":"Accueil","item":"https:\/\/tarentaise-cheminees.fr\/"},{"@type":"ListItem","position":2,"name":"Our services"}]},{"@type":"WebSite","@id":"https:\/\/tarentaise-cheminees.fr\/#website","url":"https:\/\/tarentaise-cheminees.fr\/","name":"Tarentaise Chemin\u00e9es","description":"El especialista en chimeneas","potentialAction":[{"@type":"SearchAction","target":{"@type":"EntryPoint","urlTemplate":"https:\/\/tarentaise-cheminees.fr\/?s={search_term_string}"},"query-input":{"@type":"PropertyValueSpecification","valueRequired":true,"valueName":"search_term_string"}}],"inLanguage":"es"}]}},"_links":{"self":[{"href":"https:\/\/tarentaise-cheminees.fr\/es\/wp-json\/wp\/v2\/pages\/908","targetHints":{"allow":["GET"]}}],"collection":[{"href":"https:\/\/tarentaise-cheminees.fr\/es\/wp-json\/wp\/v2\/pages"}],"about":[{"href":"https:\/\/tarentaise-cheminees.fr\/es\/wp-json\/wp\/v2\/types\/page"}],"author":[{"embeddable":true,"href":"https:\/\/tarentaise-cheminees.fr\/es\/wp-json\/wp\/v2\/users\/2"}],"replies":[{"embeddable":true,"href":"https:\/\/tarentaise-cheminees.fr\/es\/wp-json\/wp\/v2\/comments?post=908"}],"version-history":[{"count":6,"href":"https:\/\/tarentaise-cheminees.fr\/es\/wp-json\/wp\/v2\/pages\/908\/revisions"}],"predecessor-version":[{"id":912,"href":"https:\/\/tarentaise-cheminees.fr\/es\/wp-json\/wp\/v2\/pages\/908\/revisions\/912"}],"wp:attachment":[{"href":"https:\/\/tarentaise-cheminees.fr\/es\/wp-json\/wp\/v2\/media?parent=908"}],"curies":[{"name":"wp","href":"https:\/\/api.w.org\/{rel}","templated":true}]}}