{"id":876,"date":"2020-11-16T16:30:43","date_gmt":"2020-11-16T15:30:43","guid":{"rendered":"https:\/\/tarentaise-cheminees.fr\/?page_id=876"},"modified":"2025-04-04T13:55:50","modified_gmt":"2025-04-04T11:55:50","slug":"insertos-y-chimeneas-2","status":"publish","type":"page","link":"https:\/\/tarentaise-cheminees.fr\/es\/insertos-y-chimeneas-2\/","title":{"rendered":"Insertos y chimeneas"},"content":{"rendered":"<section      data-speed=\"1\" class=\"parallax_section_holder\" style = \" height:px; background-image:url('https:\/\/tarentaise-cheminees.fr\/wp-content\/uploads\/2020\/10\/BANDEAUFEU2.jpg');\"><div class=\"parallax_content center\"><div class='parallax_section_inner_margin clearfix'><div class=\"wpb_column vc_column_container vc_col-sm-12\"><div class=\"vc_column-inner\"><div class=\"wpb_wrapper\"><div class='q_elements_holder one_column responsive_mode_from_768' ><div class='q_elements_item' data-480-600='184px 0% 168px 0%' data-480='184px 0% 168px 0%' data-animation='no' data-item-class='q_elements_holder_custom_281734'><div class='q_elements_item_inner'><div class='q_elements_item_content q_elements_holder_custom_281734' style='padding:184px 8% 168px 8%'>\n\t<div class=\"wpb_text_column wpb_content_element\">\n\t\t<div class=\"wpb_wrapper\">\n\t\t\t<h2><span style=\"color: #ffffff;\">HOXTER Y BODART Y GONAY<\/span><\/h2>\n\n\t\t<\/div> \n\t<\/div> <div class=\"separator  small center\" style=\"margin-top: 25px;margin-bottom: 34px;background-color: #c7a082;height: 1px;width: 63px;\"><\/div>\n\n\t<div class=\"wpb_text_column wpb_content_element\">\n\t\t<div class=\"wpb_wrapper\">\n\t\t\t<p class=\"tw-data-text tw-text-large XcVN5d tw-ta\" dir=\"ltr\" style=\"text-align: center;\" data-placeholder=\"Traduction\"><span lang=\"en\" style=\"font-size: 14pt;\"><span style=\"color: #ffffff;\">Ponemos a vuestra disposici\u00f3n muy bonitas marcas de insertos con los que trabajamos. Dependiendo de su proyecto tambi\u00e9n podemos realizar chimeneas a medida. Ventana de una, dos o tres caras, elevable, puerta abatible, acumulaci\u00f3n de calor, muchas variaciones posibles. Podr\u00e1s as\u00ed personalizar tu chimenea en funci\u00f3n de sus dimensiones y de todas las opciones disponibles (color interior, elecci\u00f3n del tirador, tipo de marco, etc.)<\/span><\/span><\/p>\n<p class=\"tw-data-text tw-text-large XcVN5d tw-ta\" dir=\"ltr\" data-placeholder=\"Traduction\"><span style=\"font-size: 14pt; color: #ffffff;\"><span lang=\"en\">T<\/span><span lang=\"en\">Hoy en d\u00eda el mercado de la energ\u00eda de la madera ha crecido enormemente. Los dispositivos se han vuelto muy eficientes y tienen un gran poder de calefacci\u00f3n. Las tecnolog\u00edas son cada vez m\u00e1s precisas, es decir que el resultado es de mejor calidad, que las ventanas se oscurecen menos y que el ajuste de la titulaci\u00f3n es extremadamente preciso. Las chimeneas de este tipo son en su mayor\u00eda empotradas y realizamos absolutamente todos los accesorios a medida seg\u00fan sus expectativas.<\/span><\/span><\/p>\n\n\t\t<\/div> \n\t<\/div> \t<div class=\"vc_empty_space\"  style=\"height: 35px\" ><span\n\t\t\tclass=\"vc_empty_space_inner\">\n\t\t\t<span class=\"empty_space_image\"  ><\/span>\n\t\t<\/span><\/div>\n\n<\/div><\/div><\/div><\/div><\/div><\/div><\/div><\/div><\/div><\/section><div      class=\"vc_row wpb_row section vc_row-fluid  grid_section\" style=' padding-top:84px; padding-bottom:130px; text-align:left;'><div class=\"section_inner clearfix\"><div class='section_inner_margin clearfix'><div class=\"wpb_column vc_column_container vc_col-sm-12 vc_col-md-7\"><div class=\"vc_column-inner\"><div class=\"wpb_wrapper\"><div class='q_elements_holder one_column responsive_mode_from_768' ><div class='q_elements_item' data-600-768='0 0px 0 0px' data-480-600='0 0px 0 0px' data-480='0 0px 0 0px' data-animation='no' data-item-class='q_elements_holder_custom_851872'><div class='q_elements_item_inner'><div class='q_elements_item_content q_elements_holder_custom_851872' style='padding:0px 9px 0 9px'>\n\t<div class=\"wpb_single_image wpb_content_element vc_align_left\">\n\t\t<div class=\"wpb_wrapper\">\n\t\t\t\n\t\t\t<div class=\"vc_single_image-wrapper   vc_box_border_grey\"><img loading=\"lazy\" decoding=\"async\" width=\"800\" height=\"523\" src=\"https:\/\/tarentaise-cheminees.fr\/wp-content\/uploads\/2020\/10\/HOXTER.jpg\" class=\"vc_single_image-img attachment-full\" alt=\"\" srcset=\"https:\/\/tarentaise-cheminees.fr\/wp-content\/uploads\/2020\/10\/HOXTER.jpg 800w, https:\/\/tarentaise-cheminees.fr\/wp-content\/uploads\/2020\/10\/HOXTER-300x196.jpg 300w, https:\/\/tarentaise-cheminees.fr\/wp-content\/uploads\/2020\/10\/HOXTER-768x502.jpg 768w, https:\/\/tarentaise-cheminees.fr\/wp-content\/uploads\/2020\/10\/HOXTER-700x458.jpg 700w\" sizes=\"auto, (max-width: 800px) 100vw, 800px\" \/><\/div>\n\t\t<\/div>\n\t<\/div>\n<\/div><\/div><\/div><\/div><\/div><\/div><\/div><div class=\"wpb_column vc_column_container vc_col-sm-12 vc_col-md-5\"><div class=\"vc_column-inner\"><div class=\"wpb_wrapper\"><div class='q_elements_holder one_column responsive_mode_from_768' ><div class='q_elements_item' data-1024-1280='72px 40px 0 0' data-768-1024='35px 40px 0 0' data-600-768='60px 40px 0px 0' data-animation='no' data-item-class='q_elements_holder_custom_968221'><div class='q_elements_item_inner'><div class='q_elements_item_content q_elements_holder_custom_968221' style='padding:20px 40px 0 8px'>\n\t<div class=\"wpb_text_column wpb_content_element\">\n\t\t<div class=\"wpb_wrapper\">\n\t\t\t<h2>HOXTER<\/h2>\n\n\t\t<\/div> \n\t<\/div> <div class=\"separator  small left\" style=\"margin-top: 28px;margin-bottom: 38px;background-color: #c7a082;height: 1px;width: 63px;\"><\/div>\n\n\t<div class=\"wpb_text_column wpb_content_element\">\n\t\t<div class=\"wpb_wrapper\">\n\t\t\t<p id=\"tw-target-text\" class=\"tw-data-text tw-text-large XcVN5d tw-ta\" dir=\"ltr\" data-placeholder=\"Traduction\"><span lang=\"en\">Desde 2009, los productos Hoxter se han vendido en 23 pa\u00edses de Europa. Nuestra filosof\u00eda es ser aut\u00e9nticos, sin apariencias pomposas, estrategias artificiales o desv\u00edos. Mantener los valores tradicionales hace que sea m\u00e1s f\u00e1cil y eficiente operar. Cumplimos las cosas prometidas, escritas o habladas. Nuestro apret\u00f3n de manos garantiza calidad y confianza. Trabajamos bajo el lema: \u201cNo queremos ser los m\u00e1s grandes, sino los mejores y los m\u00e1s populares\u201d.<\/span><\/p>\n\n\t\t<\/div> \n\t<\/div> \t<div class=\"vc_empty_space\"  style=\"height: 32px\" ><span\n\t\t\tclass=\"vc_empty_space_inner\">\n\t\t\t<span class=\"empty_space_image\"  ><\/span>\n\t\t<\/span><\/div>\n\n<a  itemprop=\"url\" href=\"https:\/\/www.hoxter.cz\/fr\/bois\/products\/inserts-de-cheminee\" target=\"_blank\"  class=\"qbutton  default\" style=\"\">Descubra la gama<\/a><\/div><\/div><\/div><\/div><\/div><\/div><\/div><\/div><\/div><\/div><div      class=\"vc_row wpb_row section vc_row-fluid  grid_section\" style=' padding-top:84px; padding-bottom:130px; text-align:left;'><div class=\"section_inner clearfix\"><div class='section_inner_margin clearfix'><div class=\"wpb_column vc_column_container vc_col-sm-12 vc_col-md-7\"><div class=\"vc_column-inner\"><div class=\"wpb_wrapper\"><div class='q_elements_holder one_column responsive_mode_from_768' ><div class='q_elements_item' data-600-768='0 0px 0 0px' data-480-600='0 0px 0 0px' data-480='0 0px 0 0px' data-animation='no' data-item-class='q_elements_holder_custom_557084'><div class='q_elements_item_inner'><div class='q_elements_item_content q_elements_holder_custom_557084' style='padding:0px 9px 0 9px'>\n\t<div class=\"wpb_single_image wpb_content_element vc_align_left\">\n\t\t<div class=\"wpb_wrapper\">\n\t\t\t\n\t\t\t<div class=\"vc_single_image-wrapper   vc_box_border_grey\"><img loading=\"lazy\" decoding=\"async\" width=\"800\" height=\"523\" src=\"https:\/\/tarentaise-cheminees.fr\/wp-content\/uploads\/2020\/11\/BODARTGONAY.jpg\" class=\"vc_single_image-img attachment-full\" alt=\"\" srcset=\"https:\/\/tarentaise-cheminees.fr\/wp-content\/uploads\/2020\/11\/BODARTGONAY.jpg 800w, https:\/\/tarentaise-cheminees.fr\/wp-content\/uploads\/2020\/11\/BODARTGONAY-300x196.jpg 300w, https:\/\/tarentaise-cheminees.fr\/wp-content\/uploads\/2020\/11\/BODARTGONAY-768x502.jpg 768w, https:\/\/tarentaise-cheminees.fr\/wp-content\/uploads\/2020\/11\/BODARTGONAY-700x458.jpg 700w\" sizes=\"auto, (max-width: 800px) 100vw, 800px\" \/><\/div>\n\t\t<\/div>\n\t<\/div>\n<\/div><\/div><\/div><\/div><\/div><\/div><\/div><div class=\"wpb_column vc_column_container vc_col-sm-12 vc_col-md-5\"><div class=\"vc_column-inner\"><div class=\"wpb_wrapper\"><div class='q_elements_holder one_column responsive_mode_from_768' ><div class='q_elements_item' data-1024-1280='72px 40px 0 0' data-768-1024='35px 40px 0 0' data-600-768='60px 40px 0px 0' data-animation='no' data-item-class='q_elements_holder_custom_556028'><div class='q_elements_item_inner'><div class='q_elements_item_content q_elements_holder_custom_556028' style='padding:20px 40px 0 8px'>\n\t<div class=\"wpb_text_column wpb_content_element\">\n\t\t<div class=\"wpb_wrapper\">\n\t\t\t<h2>BODART y GONAY<\/h2>\n\n\t\t<\/div> \n\t<\/div> <div class=\"separator  small left\" style=\"margin-top: 28px;margin-bottom: 38px;background-color: #c7a082;height: 1px;width: 63px;\"><\/div>\n\n\t<div class=\"wpb_text_column wpb_content_element\">\n\t\t<div class=\"wpb_wrapper\">\n\t\t\t<p id=\"tw-target-text\" class=\"tw-data-text tw-text-large XcVN5d tw-ta\" dir=\"ltr\" data-placeholder=\"Traduction\"><span lang=\"en\">BODART &amp; GONAY es una empresa belga que dise\u00f1a y fabrica aparatos de calefacci\u00f3n de le\u00f1a y gas, principalmente en forma de chimeneas empotradas, que combinan la belleza de la llama con la m\u00e1xima recuperaci\u00f3n de calor y el respeto por el medio ambiente.<\/span><\/p>\n\n\t\t<\/div> \n\t<\/div> \t<div class=\"vc_empty_space\"  style=\"height: 32px\" ><span\n\t\t\tclass=\"vc_empty_space_inner\">\n\t\t\t<span class=\"empty_space_image\"  ><\/span>\n\t\t<\/span><\/div>\n\n<a  itemprop=\"url\" href=\"http:\/\/www.bgfires.com\/fr-fr\/nos-produits\/foyers-bois\/inserts-bois.htm\" target=\"_blank\"  class=\"qbutton  default\" style=\"\">Descubra la gama<\/a><\/div><\/div><\/div><\/div><\/div><\/div><\/div><\/div><\/div><\/div><div      class=\"vc_row wpb_row section vc_row-fluid  grid_section\" style=' padding-top:84px; padding-bottom:130px; text-align:left;'><div class=\"section_inner clearfix\"><div class='section_inner_margin clearfix'><div class=\"wpb_column vc_column_container vc_col-sm-12 vc_col-md-7\"><div class=\"vc_column-inner\"><div class=\"wpb_wrapper\"><div class='q_elements_holder one_column responsive_mode_from_768' ><div class='q_elements_item' data-600-768='0 0px 0 0px' data-480-600='0 0px 0 0px' data-480='0 0px 0 0px' data-animation='no' data-item-class='q_elements_holder_custom_742273'><div class='q_elements_item_inner'><div class='q_elements_item_content q_elements_holder_custom_742273' style='padding:0px 9px 0 9px'>\n\t<div class=\"wpb_single_image wpb_content_element vc_align_left\">\n\t\t<div class=\"wpb_wrapper\">\n\t\t\t\n\t\t\t<div class=\"vc_single_image-wrapper   vc_box_border_grey\"><img loading=\"lazy\" decoding=\"async\" width=\"800\" height=\"523\" src=\"https:\/\/tarentaise-cheminees.fr\/wp-content\/uploads\/2020\/11\/stuv.jpg\" class=\"vc_single_image-img attachment-full\" alt=\"\" srcset=\"https:\/\/tarentaise-cheminees.fr\/wp-content\/uploads\/2020\/11\/stuv.jpg 800w, https:\/\/tarentaise-cheminees.fr\/wp-content\/uploads\/2020\/11\/stuv-300x196.jpg 300w, https:\/\/tarentaise-cheminees.fr\/wp-content\/uploads\/2020\/11\/stuv-768x502.jpg 768w, https:\/\/tarentaise-cheminees.fr\/wp-content\/uploads\/2020\/11\/stuv-700x458.jpg 700w\" sizes=\"auto, (max-width: 800px) 100vw, 800px\" \/><\/div>\n\t\t<\/div>\n\t<\/div>\n<\/div><\/div><\/div><\/div><\/div><\/div><\/div><div class=\"wpb_column vc_column_container vc_col-sm-12 vc_col-md-5\"><div class=\"vc_column-inner\"><div class=\"wpb_wrapper\"><div class='q_elements_holder one_column responsive_mode_from_768' ><div class='q_elements_item' data-1024-1280='72px 40px 0 0' data-768-1024='35px 40px 0 0' data-600-768='60px 40px 0px 0' data-animation='no' data-item-class='q_elements_holder_custom_880113'><div class='q_elements_item_inner'><div class='q_elements_item_content q_elements_holder_custom_880113' style='padding:20px 40px 0 8px'>\n\t<div class=\"wpb_text_column wpb_content_element\">\n\t\t<div class=\"wpb_wrapper\">\n\t\t\t<h2>Veh\u00edculo utilitario deportivo (SUV)<\/h2>\n\n\t\t<\/div> \n\t<\/div> <div class=\"separator  small left\" style=\"margin-top: 28px;margin-bottom: 38px;background-color: #c7a082;height: 1px;width: 63px;\"><\/div>\n\n\t<div class=\"wpb_text_column wpb_content_element\">\n\t\t<div class=\"wpb_wrapper\">\n\t\t\t<p id=\"tw-target-text\" class=\"tw-data-text tw-text-large XcVN5d tw-ta\" dir=\"ltr\" data-placeholder=\"Traduction\"><span lang=\"en\">St\u00fbv dise\u00f1a y fabrica estufas de le\u00f1a, estufas de pellets, insertables de le\u00f1a e insertables de gas, con el objetivo de magnificar el fuego en su dimensi\u00f3n funcional, emocional y arquitect\u00f3nica. Un St\u00fbv est\u00e1 concebido como un lugar de convivencia donde nos reunimos en torno al placer del fuego, una forma eficaz de calentarnos de forma respetuosa con el medio ambiente y un contribuyente a la belleza duradera de nuestros hogares.<\/span><\/p>\n\n\t\t<\/div> \n\t<\/div> \t<div class=\"vc_empty_space\"  style=\"height: 32px\" ><span\n\t\t\tclass=\"vc_empty_space_inner\">\n\t\t\t<span class=\"empty_space_image\"  ><\/span>\n\t\t<\/span><\/div>\n\n<a  itemprop=\"url\" href=\"https:\/\/www.stuv.com\/fr-fr\/inserts-a-bois\" target=\"_blank\"  class=\"qbutton  default\" style=\"\">Descubra la gama<\/a><\/div><\/div><\/div><\/div><\/div><\/div><\/div><\/div><\/div><\/div><section      data-speed=\"1\" class=\"parallax_section_holder\" style = \" height:px; background-image:url('https:\/\/tarentaise-cheminees.fr\/wp-content\/uploads\/2020\/09\/BANDEAU-DEVIS-scaled.jpg');\"><div class=\"parallax_content center\"><div class='parallax_section_inner_margin clearfix'><div class=\"wpb_column vc_column_container vc_col-sm-12\"><div class=\"vc_column-inner\"><div class=\"wpb_wrapper\"><div class='q_elements_holder one_column responsive_mode_from_768' ><div class='q_elements_item' data-480-600='184px 0% 168px 0%' data-480='184px 0% 168px 0%' data-animation='no' data-item-class='q_elements_holder_custom_371003'><div class='q_elements_item_inner'><div class='q_elements_item_content q_elements_holder_custom_371003' style='padding:184px 8% 168px 8%'>\n\t<div class=\"wpb_text_column wpb_content_element\">\n\t\t<div class=\"wpb_wrapper\">\n\t\t\t<h1><span style=\"color: #ffffff;\">Obtenga una cotizaci\u00f3n<\/span><\/h1>\n\n\t\t<\/div> \n\t<\/div> <div class=\"separator  small center\" style=\"margin-top: 25px;margin-bottom: 34px;background-color: #c7a082;height: 1px;width: 63px;\"><\/div>\n\n\t<div class=\"wpb_text_column wpb_content_element\">\n\t\t<div class=\"wpb_wrapper\">\n\t\t\t<h5 id=\"tw-target-text\" class=\"tw-data-text tw-text-large XcVN5d tw-ta\" dir=\"ltr\" data-placeholder=\"Traduction\"><span lang=\"en\" style=\"font-size: 14pt; color: #ffffff;\">\u00bfUn proyecto, un deseo? Cont\u00e1ctanos para una cotizaci\u00f3n gratuita. Quentin estar\u00e1 encantado de ir a visitarte a tu domicilio para comprobar la viabilidad de tu proyecto y ofrecerte soluciones t\u00e9cnicas y de dise\u00f1o. Nos encargamos de tu instalaci\u00f3n de la A a la Z. Un \u00fanico contacto para mayor tranquilidad.<\/span><\/h5>\n<p>&nbsp;<\/p>\n<h3><span style=\"color: #ffffff;\"><a style=\"color: #ffffff;\" href=\"\/es\/tel\u00e9fono: 0479070419\/\"><span style=\"color: #c7a082;\">LL\u00c1MENOS<\/span><\/a><span style=\"color: #c7a082;\"> oro <\/span><\/span><span style=\"color: #c7a082;\"><a style=\"color: #c7a082;\" href=\"https:\/\/tarentaise-cheminees.fr\/es\/contact\/\">ESCR\u00cdBENOS<\/a><\/span><\/h3>\n\n\t\t<\/div> \n\t<\/div> \t<div class=\"vc_empty_space\"  style=\"height: 35px\" ><span\n\t\t\tclass=\"vc_empty_space_inner\">\n\t\t\t<span class=\"empty_space_image\"  ><\/span>\n\t\t<\/span><\/div>\n\n<\/div><\/div><\/div><\/div><\/div><\/div><\/div><\/div><\/div><\/section>","protected":false},"excerpt":{"rendered":"HOXTER ET BODART &amp; GONAY We offer you very nice brands of inserts with which we work. Depending on your project, we can also make custom fireplaces. Single, double or three-sided, lift-up window, hinged door, heat accumulation, many variations are possible. You can thus personalize...","protected":false},"author":2,"featured_media":0,"parent":0,"menu_order":0,"comment_status":"closed","ping_status":"closed","template":"full_width.php","meta":{"footnotes":""},"class_list":["post-876","page","type-page","status-publish","hentry"],"yoast_head":"<!-- This site is optimized with the Yoast SEO plugin v26.9 - https:\/\/yoast.com\/product\/yoast-seo-wordpress\/ -->\n<title>Inserts and fireplaces - Tarentaise Chemin\u00e9es - Aime La Plagne.<\/title>\n<meta name=\"description\" content=\"Are you looking for inserts and fireplaces in Savoie? SPARTHERM, HOXTER and BODART &amp; GONAY are our partner brands.\" \/>\n<meta name=\"robots\" content=\"index, follow, max-snippet:-1, max-image-preview:large, max-video-preview:-1\" \/>\n<link rel=\"canonical\" href=\"https:\/\/tarentaise-cheminees.fr\/es\/insertos-y-chimeneas\/\" \/>\n<meta property=\"og:locale\" content=\"es_ES\" \/>\n<meta property=\"og:type\" content=\"article\" \/>\n<meta property=\"og:title\" content=\"Inserts and fireplaces - Tarentaise Chemin\u00e9es - Aime La Plagne.\" \/>\n<meta property=\"og:description\" content=\"Are you looking for inserts and fireplaces in Savoie? SPARTHERM, HOXTER and BODART &amp; GONAY are our partner brands.\" \/>\n<meta property=\"og:url\" content=\"https:\/\/tarentaise-cheminees.fr\/es\/insertos-y-chimeneas\/\" \/>\n<meta property=\"og:site_name\" content=\"Tarentaise Chemin\u00e9es\" \/>\n<meta property=\"article:modified_time\" content=\"2025-04-04T11:55:50+00:00\" \/>\n<meta name=\"twitter:card\" content=\"summary_large_image\" \/>\n<meta name=\"twitter:label1\" content=\"Tiempo de lectura\" \/>\n\t<meta name=\"twitter:data1\" content=\"4 minutos\" \/>\n<script type=\"application\/ld+json\" class=\"yoast-schema-graph\">{\"@context\":\"https:\/\/schema.org\",\"@graph\":[{\"@type\":\"WebPage\",\"@id\":\"https:\/\/tarentaise-cheminees.fr\/en\/inserts-and-fireplaces\/\",\"url\":\"https:\/\/tarentaise-cheminees.fr\/en\/inserts-and-fireplaces\/\",\"name\":\"Inserts and fireplaces - Tarentaise Chemin\u00e9es - Aime La Plagne.\",\"isPartOf\":{\"@id\":\"https:\/\/tarentaise-cheminees.fr\/#website\"},\"datePublished\":\"2020-11-16T15:30:43+00:00\",\"dateModified\":\"2025-04-04T11:55:50+00:00\",\"description\":\"Are you looking for inserts and fireplaces in Savoie? SPARTHERM, HOXTER and BODART & GONAY are our partner brands.\",\"breadcrumb\":{\"@id\":\"https:\/\/tarentaise-cheminees.fr\/en\/inserts-and-fireplaces\/#breadcrumb\"},\"inLanguage\":\"es\",\"potentialAction\":[{\"@type\":\"ReadAction\",\"target\":[\"https:\/\/tarentaise-cheminees.fr\/en\/inserts-and-fireplaces\/\"]}]},{\"@type\":\"BreadcrumbList\",\"@id\":\"https:\/\/tarentaise-cheminees.fr\/en\/inserts-and-fireplaces\/#breadcrumb\",\"itemListElement\":[{\"@type\":\"ListItem\",\"position\":1,\"name\":\"Accueil\",\"item\":\"https:\/\/tarentaise-cheminees.fr\/\"},{\"@type\":\"ListItem\",\"position\":2,\"name\":\"Inserts and fireplaces\"}]},{\"@type\":\"WebSite\",\"@id\":\"https:\/\/tarentaise-cheminees.fr\/#website\",\"url\":\"https:\/\/tarentaise-cheminees.fr\/\",\"name\":\"Tarentaise Chemin\u00e9es\",\"description\":\"Le sp\u00e9cialiste de la chemin\u00e9e\",\"potentialAction\":[{\"@type\":\"SearchAction\",\"target\":{\"@type\":\"EntryPoint\",\"urlTemplate\":\"https:\/\/tarentaise-cheminees.fr\/?s={search_term_string}\"},\"query-input\":{\"@type\":\"PropertyValueSpecification\",\"valueRequired\":true,\"valueName\":\"search_term_string\"}}],\"inLanguage\":\"es\"}]}<\/script>\n<!-- \/ Yoast SEO plugin. -->","yoast_head_json":{"title":"Insertos y chimeneas - Tarentaise Chemin\u00e9es - Aime La Plagne.","description":"\u00bfBuscas insertos y chimeneas en Saboya? SPARTHERM, HOXTER y BODART &amp; GONAY son nuestras marcas asociadas.","robots":{"index":"index","follow":"follow","max-snippet":"max-snippet:-1","max-image-preview":"max-image-preview:large","max-video-preview":"max-video-preview:-1"},"canonical":"https:\/\/tarentaise-cheminees.fr\/es\/insertos-y-chimeneas\/","og_locale":"es_ES","og_type":"article","og_title":"Inserts and fireplaces - Tarentaise Chemin\u00e9es - Aime La Plagne.","og_description":"Are you looking for inserts and fireplaces in Savoie? SPARTHERM, HOXTER and BODART & GONAY are our partner brands.","og_url":"https:\/\/tarentaise-cheminees.fr\/es\/insertos-y-chimeneas\/","og_site_name":"Tarentaise Chemin\u00e9es","article_modified_time":"2025-04-04T11:55:50+00:00","twitter_card":"summary_large_image","twitter_misc":{"Tiempo de lectura":"4 minutos"},"schema":{"@context":"https:\/\/schema.org","@graph":[{"@type":"WebPage","@id":"https:\/\/tarentaise-cheminees.fr\/en\/inserts-and-fireplaces\/","url":"https:\/\/tarentaise-cheminees.fr\/en\/inserts-and-fireplaces\/","name":"Insertos y chimeneas - Tarentaise Chemin\u00e9es - Aime La Plagne.","isPartOf":{"@id":"https:\/\/tarentaise-cheminees.fr\/#website"},"datePublished":"2020-11-16T15:30:43+00:00","dateModified":"2025-04-04T11:55:50+00:00","description":"\u00bfBuscas insertos y chimeneas en Saboya? SPARTHERM, HOXTER y BODART &amp; GONAY son nuestras marcas asociadas.","breadcrumb":{"@id":"https:\/\/tarentaise-cheminees.fr\/en\/inserts-and-fireplaces\/#breadcrumb"},"inLanguage":"es","potentialAction":[{"@type":"ReadAction","target":["https:\/\/tarentaise-cheminees.fr\/en\/inserts-and-fireplaces\/"]}]},{"@type":"BreadcrumbList","@id":"https:\/\/tarentaise-cheminees.fr\/en\/inserts-and-fireplaces\/#breadcrumb","itemListElement":[{"@type":"ListItem","position":1,"name":"Accueil","item":"https:\/\/tarentaise-cheminees.fr\/"},{"@type":"ListItem","position":2,"name":"Inserts and fireplaces"}]},{"@type":"WebSite","@id":"https:\/\/tarentaise-cheminees.fr\/#website","url":"https:\/\/tarentaise-cheminees.fr\/","name":"Tarentaise Chemin\u00e9es","description":"El especialista en chimeneas","potentialAction":[{"@type":"SearchAction","target":{"@type":"EntryPoint","urlTemplate":"https:\/\/tarentaise-cheminees.fr\/?s={search_term_string}"},"query-input":{"@type":"PropertyValueSpecification","valueRequired":true,"valueName":"search_term_string"}}],"inLanguage":"es"}]}},"_links":{"self":[{"href":"https:\/\/tarentaise-cheminees.fr\/es\/wp-json\/wp\/v2\/pages\/876","targetHints":{"allow":["GET"]}}],"collection":[{"href":"https:\/\/tarentaise-cheminees.fr\/es\/wp-json\/wp\/v2\/pages"}],"about":[{"href":"https:\/\/tarentaise-cheminees.fr\/es\/wp-json\/wp\/v2\/types\/page"}],"author":[{"embeddable":true,"href":"https:\/\/tarentaise-cheminees.fr\/es\/wp-json\/wp\/v2\/users\/2"}],"replies":[{"embeddable":true,"href":"https:\/\/tarentaise-cheminees.fr\/es\/wp-json\/wp\/v2\/comments?post=876"}],"version-history":[{"count":4,"href":"https:\/\/tarentaise-cheminees.fr\/es\/wp-json\/wp\/v2\/pages\/876\/revisions"}],"predecessor-version":[{"id":8868,"href":"https:\/\/tarentaise-cheminees.fr\/es\/wp-json\/wp\/v2\/pages\/876\/revisions\/8868"}],"wp:attachment":[{"href":"https:\/\/tarentaise-cheminees.fr\/es\/wp-json\/wp\/v2\/media?parent=876"}],"curies":[{"name":"wp","href":"https:\/\/api.w.org\/{rel}","templated":true}]}}