{"id":479,"date":"2020-10-05T16:10:33","date_gmt":"2020-10-05T14:10:33","guid":{"rendered":"https:\/\/tarentaise-cheminees.fr\/?page_id=479"},"modified":"2023-09-28T12:15:45","modified_gmt":"2023-09-28T10:15:45","slug":"electrica-y-etanol","status":"publish","type":"page","link":"https:\/\/tarentaise-cheminees.fr\/es\/electrica-y-etanol\/","title":{"rendered":"Electricidad y etanol"},"content":{"rendered":"<section      data-speed=\"1\" class=\"parallax_section_holder\" style = \" height:px; background-image:url('https:\/\/tarentaise-cheminees.fr\/wp-content\/uploads\/2020\/09\/BANDEAU-DEVIS-scaled.jpg');\"><div class=\"parallax_content center\"><div class='parallax_section_inner_margin clearfix'><div class=\"wpb_column vc_column_container vc_col-sm-12\"><div class=\"vc_column-inner\"><div class=\"wpb_wrapper\"><div class='q_elements_holder one_column responsive_mode_from_768' ><div class='q_elements_item' data-480-600='184px 0% 168px 0%' data-480='184px 0% 168px 0%' data-animation='no' data-item-class='q_elements_holder_custom_370378'><div class='q_elements_item_inner'><div class='q_elements_item_content q_elements_holder_custom_370378' style='padding:184px 8% 168px 8%'>\n\t<div class=\"wpb_text_column wpb_content_element\">\n\t\t<div class=\"wpb_wrapper\">\n\t\t\t<h2><span style=\"color: #ffffff;\">\u00bfQU\u00c9 ELEGIR?<\/span><\/h2>\n\n\t\t<\/div> \n\t<\/div> <div class=\"separator  small center\" style=\"margin-top: 25px;margin-bottom: 34px;background-color: #c7a082;height: 1px;width: 63px;\"><\/div>\n\n\t<div class=\"wpb_text_column wpb_content_element\">\n\t\t<div class=\"wpb_wrapper\">\n\t\t\t<h3><span style=\"color: #ffffff;\">La chimenea el\u00e9ctrica<\/span><\/h3>\n<p><span style=\"font-size: 14pt; color: #ffffff;\">Las chimeneas el\u00e9ctricas son tan populares porque son f\u00e1ciles de instalar y pueden generar calor o no. Son econ\u00f3micos de operar y no hay necesidad de lidiar con humo, holl\u00edn y cenizas. Ni siquiera necesitas un encendedor o combustible, por lo que no hay llamas reales; lo que significa que no hay peligro real. Si tiene ni\u00f1os o mascotas, considere comprar una chimenea el\u00e9ctrica con un vidrio que se mantenga fr\u00edo al tacto durante su uso.<\/span><\/p>\n\n\t\t<\/div> \n\t<\/div> \t<div class=\"vc_empty_space\"  style=\"height: 35px\" ><span\n\t\t\tclass=\"vc_empty_space_inner\">\n\t\t\t<span class=\"empty_space_image\"  ><\/span>\n\t\t<\/span><\/div>\n\n\n\t<div class=\"wpb_text_column wpb_content_element\">\n\t\t<div class=\"wpb_wrapper\">\n\t\t\t<h3><span style=\"color: #ffffff;\">La chimenea de etanol<\/span><\/h3>\n<p><span style=\"font-size: 14pt; color: #ffffff;\">\u00a1Tampoco necesitan conducto de humos! Debido a que instalar una chimenea es m\u00e1s costoso y requiere mucho trabajo y experiencia, muchos propietarios optan por una chimenea de etanol. El etanol utilizado no emite humo ni produce cenizas. Las llamas son limpias, por lo que no es necesario ning\u00fan respiradero. No emite part\u00edculas peligrosas. Las emisiones consisten en agua, calor y una peque\u00f1a cantidad de di\u00f3xido de carbono. La cantidad de di\u00f3xido de carbono producida es segura y es similar a la producida por 2 velas. Este m\u00e9todo es muy respetuoso con el medio ambiente, ya que el di\u00f3xido de carbono se libera al ambiente y es utilizado por las plantas para la fotos\u00edntesis.<\/span><\/p>\n\n\t\t<\/div> \n\t<\/div> \t<div class=\"vc_empty_space\"  style=\"height: 35px\" ><span\n\t\t\tclass=\"vc_empty_space_inner\">\n\t\t\t<span class=\"empty_space_image\"  ><\/span>\n\t\t<\/span><\/div>\n\n\n\t<div class=\"wpb_text_column wpb_content_element\">\n\t\t<div class=\"wpb_wrapper\">\n\t\t\t<h4><span style=\"color: #ffffff;\">Etanol o el\u00e9ctrico, d\u00e9jese tentar por una de estas dos tecnolog\u00edas que aportar\u00e1n un aut\u00e9ntico plus a su interior en t\u00e9rminos de decoraci\u00f3n o de calidez.<\/span><\/h4>\n\n\t\t<\/div> \n\t<\/div> \t<div class=\"vc_empty_space\"  style=\"height: 35px\" ><span\n\t\t\tclass=\"vc_empty_space_inner\">\n\t\t\t<span class=\"empty_space_image\"  ><\/span>\n\t\t<\/span><\/div>\n\n<\/div><\/div><\/div><\/div><\/div><\/div><\/div><\/div><\/div><\/section><div      class=\"vc_row wpb_row section vc_row-fluid  grid_section\" style=' padding-top:84px; padding-bottom:130px; text-align:left;'><div class=\"section_inner clearfix\"><div class='section_inner_margin clearfix'><div class=\"wpb_column vc_column_container vc_col-sm-12 vc_col-md-7\"><div class=\"vc_column-inner\"><div class=\"wpb_wrapper\"><div class='q_elements_holder one_column responsive_mode_from_768' ><div class='q_elements_item' data-600-768='0 0px 0 0px' data-480-600='0 0px 0 0px' data-480='0 0px 0 0px' data-animation='no' data-item-class='q_elements_holder_custom_639209'><div class='q_elements_item_inner'><div class='q_elements_item_content q_elements_holder_custom_639209' style='padding:0px 9px 0 9px'>\n\t<div class=\"wpb_single_image wpb_content_element vc_align_left\">\n\t\t<div class=\"wpb_wrapper\">\n\t\t\t\n\t\t\t<div class=\"vc_single_image-wrapper   vc_box_border_grey\"><img loading=\"lazy\" decoding=\"async\" width=\"800\" height=\"523\" src=\"https:\/\/tarentaise-cheminees.fr\/wp-content\/uploads\/2020\/09\/PHOTO-STOVAX-GAZCO.jpg\" class=\"vc_single_image-img attachment-full\" alt=\"\" srcset=\"https:\/\/tarentaise-cheminees.fr\/wp-content\/uploads\/2020\/09\/PHOTO-STOVAX-GAZCO.jpg 800w, https:\/\/tarentaise-cheminees.fr\/wp-content\/uploads\/2020\/09\/PHOTO-STOVAX-GAZCO-300x196.jpg 300w, https:\/\/tarentaise-cheminees.fr\/wp-content\/uploads\/2020\/09\/PHOTO-STOVAX-GAZCO-768x502.jpg 768w, https:\/\/tarentaise-cheminees.fr\/wp-content\/uploads\/2020\/09\/PHOTO-STOVAX-GAZCO-700x458.jpg 700w\" sizes=\"auto, (max-width: 800px) 100vw, 800px\" \/><\/div>\n\t\t<\/div>\n\t<\/div>\n<\/div><\/div><\/div><\/div><\/div><\/div><\/div><div class=\"wpb_column vc_column_container vc_col-sm-12 vc_col-md-5\"><div class=\"vc_column-inner\"><div class=\"wpb_wrapper\"><div class='q_elements_holder one_column responsive_mode_from_768' ><div class='q_elements_item' data-1024-1280='72px 40px 0 0' data-768-1024='35px 40px 0 0' data-600-768='60px 40px 0px 0' data-animation='no' data-item-class='q_elements_holder_custom_101061'><div class='q_elements_item_inner'><div class='q_elements_item_content q_elements_holder_custom_101061' style='padding:20px 40px 0 8px'>\n\t<div class=\"wpb_text_column wpb_content_element\">\n\t\t<div class=\"wpb_wrapper\">\n\t\t\t<h2>STOVAX y GAZCO<\/h2>\n<h3>EL\u00c9CTRICO<\/h3>\n\n\t\t<\/div> \n\t<\/div> <div class=\"separator  small left\" style=\"margin-top: 28px;margin-bottom: 38px;background-color: #c7a082;height: 1px;width: 63px;\"><\/div>\n\n\t<div class=\"wpb_text_column wpb_content_element\">\n\t\t<div class=\"wpb_wrapper\">\n\t\t\t<p>Stovax <span class=\"fancy-amp\">&amp;<\/span> Gazco fabrica estufas e insertos de le\u00f1a, multicombustibles, de gas y el\u00e9ctricos. El Grupo Stovax es el mayor fabricante de estufas y chimeneas del Reino Unido y ofrece una amplia gama de productos de estilo contempor\u00e1neo y tradicional para satisfacer las necesidades y los gustos de todos.<\/p>\n\n\t\t<\/div> \n\t<\/div> \t<div class=\"vc_empty_space\"  style=\"height: 32px\" ><span\n\t\t\tclass=\"vc_empty_space_inner\">\n\t\t\t<span class=\"empty_space_image\"  ><\/span>\n\t\t<\/span><\/div>\n\n<a  itemprop=\"url\" href=\"https:\/\/www.stovax.fr\/produits\/electrique\/poeles\/\" target=\"_blank\"  class=\"qbutton  default\" style=\"\">Descubra la gama<\/a><\/div><\/div><\/div><\/div><\/div><\/div><\/div><\/div><\/div><\/div><section      data-speed=\"1\" class=\"parallax_section_holder\" style = \" height:px; background-image:url('https:\/\/tarentaise-cheminees.fr\/wp-content\/uploads\/2020\/09\/BANDEAU-DEVIS-scaled.jpg');\"><div class=\"parallax_content center\"><div class='parallax_section_inner_margin clearfix'><div class=\"wpb_column vc_column_container vc_col-sm-12\"><div class=\"vc_column-inner\"><div class=\"wpb_wrapper\"><div class='q_elements_holder one_column responsive_mode_from_768' ><div class='q_elements_item' data-480-600='184px 0% 168px 0%' data-480='184px 0% 168px 0%' data-animation='no' data-item-class='q_elements_holder_custom_467492'><div class='q_elements_item_inner'><div class='q_elements_item_content q_elements_holder_custom_467492' style='padding:184px 8% 168px 8%'>\n\t<div class=\"wpb_text_column wpb_content_element\">\n\t\t<div class=\"wpb_wrapper\">\n\t\t\t<h1><span style=\"color: #ffffff;\">Obtenga una cotizaci\u00f3n<\/span><\/h1>\n\n\t\t<\/div> \n\t<\/div> <div class=\"separator  small center\" style=\"margin-top: 25px;margin-bottom: 34px;background-color: #c7a082;height: 1px;width: 63px;\"><\/div>\n\n\t<div class=\"wpb_text_column wpb_content_element\">\n\t\t<div class=\"wpb_wrapper\">\n\t\t\t<h5><span style=\"color: #eae9e9;\">\u00bfUn proyecto, un deseo? Cont\u00e1ctanos para una cotizaci\u00f3n gratuita. Quentin estar\u00e1 encantado de ir a visitarte a tu domicilio para comprobar la viabilidad de tu proyecto y aportarte soluciones t\u00e9cnicas y de dise\u00f1o. Nos encargamos de tu instalaci\u00f3n de la A a la Z. Un \u00fanico punto de contacto para mayor tranquilidad.<\/span><\/h5>\n<p>&nbsp;<\/p>\n<h3><span style=\"color: #ffffff;\"><a style=\"color: #ffffff;\" href=\"\/es\/tel\u00e9fono: 0479070419\/\"><span style=\"color: #c7a082;\">LL\u00c1MENOS<\/span><\/a><span style=\"color: #c7a082;\">\u00a0O <\/span><\/span><span style=\"color: #c7a082;\"><a style=\"color: #c7a082;\" href=\"https:\/\/tarentaise-cheminees.fr\/es\/contact\/\">ESCR\u00cdBENOS<\/a><\/span><\/h3>\n\n\t\t<\/div> \n\t<\/div> \t<div class=\"vc_empty_space\"  style=\"height: 35px\" ><span\n\t\t\tclass=\"vc_empty_space_inner\">\n\t\t\t<span class=\"empty_space_image\"  ><\/span>\n\t\t<\/span><\/div>\n\n<\/div><\/div><\/div><\/div><\/div><\/div><\/div><\/div><\/div><\/section>","protected":false},"excerpt":{"rendered":"\u00bfQU\u00c9 ELEGIR? Chimenea el\u00e9ctrica. Las chimeneas el\u00e9ctricas son tan populares porque son f\u00e1ciles de instalar y pueden generar calor o no. Su funcionamiento es econ\u00f3mico y no hay que preocuparse por el humo...","protected":false},"author":2,"featured_media":0,"parent":0,"menu_order":0,"comment_status":"closed","ping_status":"closed","template":"full_width.php","meta":{"footnotes":""},"class_list":["post-479","page","type-page","status-publish","hentry"],"yoast_head":"<!-- This site is optimized with the Yoast SEO plugin v26.9 - https:\/\/yoast.com\/product\/yoast-seo-wordpress\/ -->\n<title>Chemin\u00e9es Electrique et \u00e9thanol - Tarentaise Chemin\u00e9es \u00e0 Aime La Plagne.<\/title>\n<meta name=\"description\" content=\"Nous vous aidons \u00e0 choisir la technologie qu&#039;il vous faut en fonction de vos besoins. D\u00e9couvrez les avantages de l&#039;\u00e9lectrique et de l&#039;ethanol.\" \/>\n<meta name=\"robots\" content=\"index, follow, max-snippet:-1, max-image-preview:large, max-video-preview:-1\" \/>\n<link rel=\"canonical\" href=\"https:\/\/tarentaise-cheminees.fr\/es\/electrica-y-etanol\/\" \/>\n<meta property=\"og:locale\" content=\"es_ES\" \/>\n<meta property=\"og:type\" content=\"article\" \/>\n<meta property=\"og:title\" content=\"Chemin\u00e9es Electrique et \u00e9thanol - Tarentaise Chemin\u00e9es \u00e0 Aime La Plagne.\" \/>\n<meta property=\"og:description\" content=\"Nous vous aidons \u00e0 choisir la technologie qu&#039;il vous faut en fonction de vos besoins. D\u00e9couvrez les avantages de l&#039;\u00e9lectrique et de l&#039;ethanol.\" \/>\n<meta property=\"og:url\" content=\"https:\/\/tarentaise-cheminees.fr\/es\/electrica-y-etanol\/\" \/>\n<meta property=\"og:site_name\" content=\"Tarentaise Chemin\u00e9es\" \/>\n<meta property=\"article:modified_time\" content=\"2023-09-28T10:15:45+00:00\" \/>\n<meta name=\"twitter:card\" content=\"summary_large_image\" \/>\n<meta name=\"twitter:label1\" content=\"Tiempo de lectura\" \/>\n\t<meta name=\"twitter:data1\" content=\"4 minutos\" \/>\n<script type=\"application\/ld+json\" class=\"yoast-schema-graph\">{\"@context\":\"https:\/\/schema.org\",\"@graph\":[{\"@type\":\"WebPage\",\"@id\":\"https:\/\/tarentaise-cheminees.fr\/electrique-et-ethanol\/\",\"url\":\"https:\/\/tarentaise-cheminees.fr\/electrique-et-ethanol\/\",\"name\":\"Chemin\u00e9es Electrique et \u00e9thanol - Tarentaise Chemin\u00e9es \u00e0 Aime La Plagne.\",\"isPartOf\":{\"@id\":\"https:\/\/tarentaise-cheminees.fr\/#website\"},\"datePublished\":\"2020-10-05T14:10:33+00:00\",\"dateModified\":\"2023-09-28T10:15:45+00:00\",\"description\":\"Nous vous aidons \u00e0 choisir la technologie qu'il vous faut en fonction de vos besoins. D\u00e9couvrez les avantages de l'\u00e9lectrique et de l'ethanol.\",\"breadcrumb\":{\"@id\":\"https:\/\/tarentaise-cheminees.fr\/electrique-et-ethanol\/#breadcrumb\"},\"inLanguage\":\"es\",\"potentialAction\":[{\"@type\":\"ReadAction\",\"target\":[\"https:\/\/tarentaise-cheminees.fr\/electrique-et-ethanol\/\"]}]},{\"@type\":\"BreadcrumbList\",\"@id\":\"https:\/\/tarentaise-cheminees.fr\/electrique-et-ethanol\/#breadcrumb\",\"itemListElement\":[{\"@type\":\"ListItem\",\"position\":1,\"name\":\"Accueil\",\"item\":\"https:\/\/tarentaise-cheminees.fr\/\"},{\"@type\":\"ListItem\",\"position\":2,\"name\":\"Electrique et \u00e9thanol\"}]},{\"@type\":\"WebSite\",\"@id\":\"https:\/\/tarentaise-cheminees.fr\/#website\",\"url\":\"https:\/\/tarentaise-cheminees.fr\/\",\"name\":\"Tarentaise Chemin\u00e9es\",\"description\":\"Le sp\u00e9cialiste de la chemin\u00e9e\",\"potentialAction\":[{\"@type\":\"SearchAction\",\"target\":{\"@type\":\"EntryPoint\",\"urlTemplate\":\"https:\/\/tarentaise-cheminees.fr\/?s={search_term_string}\"},\"query-input\":{\"@type\":\"PropertyValueSpecification\",\"valueRequired\":true,\"valueName\":\"search_term_string\"}}],\"inLanguage\":\"es\"}]}<\/script>\n<!-- \/ Yoast SEO plugin. -->","yoast_head_json":{"title":"Chimeneas el\u00e9ctricas y de etanol - Tarentaise Chemin\u00e9es a Aime La Plagne.","description":"Te ayudamos a elegir la tecnolog\u00eda que necesitas en funci\u00f3n de tus necesidades. Descubra los beneficios de la electricidad y el etanol.","robots":{"index":"index","follow":"follow","max-snippet":"max-snippet:-1","max-image-preview":"max-image-preview:large","max-video-preview":"max-video-preview:-1"},"canonical":"https:\/\/tarentaise-cheminees.fr\/es\/electrica-y-etanol\/","og_locale":"es_ES","og_type":"article","og_title":"Chemin\u00e9es Electrique et \u00e9thanol - Tarentaise Chemin\u00e9es \u00e0 Aime La Plagne.","og_description":"Nous vous aidons \u00e0 choisir la technologie qu'il vous faut en fonction de vos besoins. D\u00e9couvrez les avantages de l'\u00e9lectrique et de l'ethanol.","og_url":"https:\/\/tarentaise-cheminees.fr\/es\/electrica-y-etanol\/","og_site_name":"Tarentaise Chemin\u00e9es","article_modified_time":"2023-09-28T10:15:45+00:00","twitter_card":"summary_large_image","twitter_misc":{"Tiempo de lectura":"4 minutos"},"schema":{"@context":"https:\/\/schema.org","@graph":[{"@type":"WebPage","@id":"https:\/\/tarentaise-cheminees.fr\/electrique-et-ethanol\/","url":"https:\/\/tarentaise-cheminees.fr\/electrique-et-ethanol\/","name":"Chimeneas el\u00e9ctricas y de etanol - Tarentaise Chemin\u00e9es a Aime La Plagne.","isPartOf":{"@id":"https:\/\/tarentaise-cheminees.fr\/#website"},"datePublished":"2020-10-05T14:10:33+00:00","dateModified":"2023-09-28T10:15:45+00:00","description":"Te ayudamos a elegir la tecnolog\u00eda que necesitas en funci\u00f3n de tus necesidades. Descubra los beneficios de la electricidad y el etanol.","breadcrumb":{"@id":"https:\/\/tarentaise-cheminees.fr\/electrique-et-ethanol\/#breadcrumb"},"inLanguage":"es","potentialAction":[{"@type":"ReadAction","target":["https:\/\/tarentaise-cheminees.fr\/electrique-et-ethanol\/"]}]},{"@type":"BreadcrumbList","@id":"https:\/\/tarentaise-cheminees.fr\/electrique-et-ethanol\/#breadcrumb","itemListElement":[{"@type":"ListItem","position":1,"name":"Accueil","item":"https:\/\/tarentaise-cheminees.fr\/"},{"@type":"ListItem","position":2,"name":"Electrique et \u00e9thanol"}]},{"@type":"WebSite","@id":"https:\/\/tarentaise-cheminees.fr\/#website","url":"https:\/\/tarentaise-cheminees.fr\/","name":"Tarentaise Chemin\u00e9es","description":"El especialista en chimeneas","potentialAction":[{"@type":"SearchAction","target":{"@type":"EntryPoint","urlTemplate":"https:\/\/tarentaise-cheminees.fr\/?s={search_term_string}"},"query-input":{"@type":"PropertyValueSpecification","valueRequired":true,"valueName":"search_term_string"}}],"inLanguage":"es"}]}},"_links":{"self":[{"href":"https:\/\/tarentaise-cheminees.fr\/es\/wp-json\/wp\/v2\/pages\/479","targetHints":{"allow":["GET"]}}],"collection":[{"href":"https:\/\/tarentaise-cheminees.fr\/es\/wp-json\/wp\/v2\/pages"}],"about":[{"href":"https:\/\/tarentaise-cheminees.fr\/es\/wp-json\/wp\/v2\/types\/page"}],"author":[{"embeddable":true,"href":"https:\/\/tarentaise-cheminees.fr\/es\/wp-json\/wp\/v2\/users\/2"}],"replies":[{"embeddable":true,"href":"https:\/\/tarentaise-cheminees.fr\/es\/wp-json\/wp\/v2\/comments?post=479"}],"version-history":[{"count":15,"href":"https:\/\/tarentaise-cheminees.fr\/es\/wp-json\/wp\/v2\/pages\/479\/revisions"}],"predecessor-version":[{"id":9490,"href":"https:\/\/tarentaise-cheminees.fr\/es\/wp-json\/wp\/v2\/pages\/479\/revisions\/9490"}],"wp:attachment":[{"href":"https:\/\/tarentaise-cheminees.fr\/es\/wp-json\/wp\/v2\/media?parent=479"}],"curies":[{"name":"wp","href":"https:\/\/api.w.org\/{rel}","templated":true}]}}