{"id":471,"date":"2020-10-05T16:04:50","date_gmt":"2020-10-05T14:04:50","guid":{"rendered":"https:\/\/tarentaise-cheminees.fr\/?page_id=471"},"modified":"2025-11-08T17:43:24","modified_gmt":"2025-11-08T16:43:24","slug":"estufas-de-pellets","status":"publish","type":"page","link":"https:\/\/tarentaise-cheminees.fr\/es\/estufas-de-pellets\/","title":{"rendered":"Estufas de pellets"},"content":{"rendered":"<section      data-speed=\"1\" class=\"parallax_section_holder\" style = \" height:px; background-image:url('https:\/\/tarentaise-cheminees.fr\/wp-content\/uploads\/2020\/10\/BANDEAUFEU2.jpg');\"><div class=\"parallax_content center\"><div class='parallax_section_inner_margin clearfix'><div class=\"wpb_column vc_column_container vc_col-sm-12\"><div class=\"vc_column-inner\"><div class=\"wpb_wrapper\"><div class='q_elements_holder one_column responsive_mode_from_768' ><div class='q_elements_item' data-480-600='184px 0% 168px 0%' data-480='184px 0% 168px 0%' data-animation='no' data-item-class='q_elements_holder_custom_527565'><div class='q_elements_item_inner'><div class='q_elements_item_content q_elements_holder_custom_527565' style='padding:184px 8% 168px 8%'>\n\t<div class=\"wpb_text_column wpb_content_element\">\n\t\t<div class=\"wpb_wrapper\">\n\t\t\t<h2><span style=\"color: #ffffff;\">Un sistema eco-responsable<\/span><\/h2>\n\n\t\t<\/div> \n\t<\/div> <div class=\"separator  small center\" style=\"margin-top: 25px;margin-bottom: 34px;background-color: #c7a082;height: 1px;width: 63px;\"><\/div>\n\n\t<div class=\"wpb_text_column wpb_content_element\">\n\t\t<div class=\"wpb_wrapper\">\n\t\t\t<h5><span style=\"color: #ffffff;\"><span style=\"font-size: 14pt;\">De r\u00e1pida expansi\u00f3n, la estufa de pellets o gr\u00e1nulos ofrece un confort de calefacci\u00f3n incomparable. Su fuerza reside en sus numerosos activos: A<\/span><span style=\"font-size: 14pt;\">autonom\u00eda,\u00a0<\/span><span style=\"font-size: 14pt;\">Rendimiento, facilidad de uso, coste de combustible, ecolog\u00eda... Hemos seleccionado nuestras marcas para garantizarle dispositivos de alto rendimiento, silenciosos y con m\u00faltiples dise\u00f1os. <\/span><\/span><\/h5>\n<h5><span style=\"font-size: 14pt; color: #ffffff;\">\u00bfQu\u00e9 son los pellets? Estos biocombustibles est\u00e1n compuestos por diferentes maderas compactadas. Es importante utilizar pellets de calidad para garantizar el correcto funcionamiento de la estufa a largo plazo. Su embalaje permite ahorrar espacio y un almacenamiento limpio.\u00a0<\/span><\/h5>\n<h5><span style=\"font-size: 14pt; color: #ffffff;\">M\u00e1s cara que una estufa de le\u00f1a, la estufa de pellets cuenta con una tecnolog\u00eda que permite la alimentaci\u00f3n autom\u00e1tica y por tanto programar su arranque, franjas horarias, potencia calor\u00edfica, etc. \u00a1Incluso es posible controlarla a distancia gracias a la opci\u00f3n Wi-Fi!\u00a0<\/span><\/h5>\n<h3><\/h3>\n\n\t\t<\/div> \n\t<\/div> \t<div class=\"vc_empty_space\"  style=\"height: 35px\" ><span\n\t\t\tclass=\"vc_empty_space_inner\">\n\t\t\t<span class=\"empty_space_image\"  ><\/span>\n\t\t<\/span><\/div>\n\n<\/div><\/div><\/div><\/div><\/div><\/div><\/div><\/div><\/div><\/section><div      class=\"vc_row wpb_row section vc_row-fluid  grid_section\" style=' padding-top:84px; padding-bottom:130px; text-align:left;'><div class=\"section_inner clearfix\"><div class='section_inner_margin clearfix'><div class=\"wpb_column vc_column_container vc_col-sm-12 vc_col-md-7\"><div class=\"vc_column-inner\"><div class=\"wpb_wrapper\"><div class='q_elements_holder one_column responsive_mode_from_768' ><div class='q_elements_item' data-600-768='0 0px 0 0px' data-480-600='0 0px 0 0px' data-480='0 0px 0 0px' data-animation='no' data-item-class='q_elements_holder_custom_294572'><div class='q_elements_item_inner'><div class='q_elements_item_content q_elements_holder_custom_294572' style='padding:0px 9px 0 9px'>\n\t<div class=\"wpb_single_image wpb_content_element vc_align_left\">\n\t\t<div class=\"wpb_wrapper\">\n\t\t\t\n\t\t\t<div class=\"vc_single_image-wrapper   vc_box_border_grey\"><img loading=\"lazy\" decoding=\"async\" width=\"800\" height=\"523\" src=\"https:\/\/tarentaise-cheminees.fr\/wp-content\/uploads\/2024\/11\/rika.jpg\" class=\"vc_single_image-img attachment-full\" alt=\"\" srcset=\"https:\/\/tarentaise-cheminees.fr\/wp-content\/uploads\/2024\/11\/rika.jpg 800w, https:\/\/tarentaise-cheminees.fr\/wp-content\/uploads\/2024\/11\/rika-300x196.jpg 300w, https:\/\/tarentaise-cheminees.fr\/wp-content\/uploads\/2024\/11\/rika-768x502.jpg 768w, https:\/\/tarentaise-cheminees.fr\/wp-content\/uploads\/2024\/11\/rika-700x458.jpg 700w\" sizes=\"auto, (max-width: 800px) 100vw, 800px\" \/><\/div>\n\t\t<\/div>\n\t<\/div>\n<\/div><\/div><\/div><\/div><\/div><\/div><\/div><div class=\"wpb_column vc_column_container vc_col-sm-12 vc_col-md-5\"><div class=\"vc_column-inner\"><div class=\"wpb_wrapper\"><div class='q_elements_holder one_column responsive_mode_from_768' ><div class='q_elements_item' data-1024-1280='72px 40px 0 0' data-768-1024='35px 40px 0 0' data-600-768='60px 40px 0px 0' data-animation='no' data-item-class='q_elements_holder_custom_485470'><div class='q_elements_item_inner'><div class='q_elements_item_content q_elements_holder_custom_485470' style='padding:50px 40px 0 8px'>\n\t<div class=\"wpb_text_column wpb_content_element\">\n\t\t<div class=\"wpb_wrapper\">\n\t\t\t<h2>RICA<\/h2>\n\n\t\t<\/div> \n\t<\/div> <div class=\"separator  small left\" style=\"margin-top: 28px;margin-bottom: 38px;background-color: #c7a082;height: 1px;width: 63px;\"><\/div>\n\n\t<div class=\"wpb_text_column wpb_content_element\">\n\t\t<div class=\"wpb_wrapper\">\n\t\t\t<div role=\"document\">\n<div id=\"Item.MessagePartBody\" class=\"_rp_T4\">\n<div id=\"Item.MessageUniqueBody\" class=\"_rp_U4 ms-font-weight-regular ms-font-color-neutralDark rpHighlightAllClass rpHighlightBodyClass\">\n<div>\n<div>\n<div dir=\"ltr\">\n<div><span style=\"color: #515151; font-family: Lato,sans-serif; font-size: small;\">Sum\u00e9rgete en el universo RIKA. Una marca austriaca de alta gama con un dise\u00f1o moderno.<\/span><\/div>\n<\/div>\n<\/div>\n<\/div>\n<\/div>\n<\/div>\n<div class=\"_pe_d _pe_62\" tabindex=\"-1\" aria-expanded=\"false\" aria-haspopup=\"false\"><\/div>\n<\/div>\n<div class=\"_rp_Z4\"><\/div>\n<div class=\"_rp_65\">\n<div class=\"_rp_75 ms-bg-color-neutralLighter\"><\/div>\n<\/div>\n<div><\/div>\n<p>.<\/p>\n\n\t\t<\/div> \n\t<\/div> \t<div class=\"vc_empty_space\"  style=\"height: 32px\" ><span\n\t\t\tclass=\"vc_empty_space_inner\">\n\t\t\t<span class=\"empty_space_image\"  ><\/span>\n\t\t<\/span><\/div>\n\n<a  itemprop=\"url\" href=\"https:\/\/www.rika.fr\/stoves\/pellet\" target=\"_blank\"  class=\"qbutton  default\" style=\"\">Descubra la gama<\/a><\/div><\/div><\/div><\/div><\/div><\/div><\/div><\/div><\/div><\/div><div      class=\"vc_row wpb_row section vc_row-fluid  grid_section\" style=' padding-top:84px; padding-bottom:130px; text-align:left;'><div class=\"section_inner clearfix\"><div class='section_inner_margin clearfix'><div class=\"wpb_column vc_column_container vc_col-sm-12 vc_col-md-7\"><div class=\"vc_column-inner\"><div class=\"wpb_wrapper\"><div class='q_elements_holder one_column responsive_mode_from_768' ><div class='q_elements_item' data-600-768='0 0px 0 0px' data-480-600='0 0px 0 0px' data-480='0 0px 0 0px' data-animation='no' data-item-class='q_elements_holder_custom_566670'><div class='q_elements_item_inner'><div class='q_elements_item_content q_elements_holder_custom_566670' style='padding:0px 9px 0 9px'>\n\t<div class=\"wpb_single_image wpb_content_element vc_align_left\">\n\t\t<div class=\"wpb_wrapper\">\n\t\t\t\n\t\t\t<div class=\"vc_single_image-wrapper   vc_box_border_grey\"><img loading=\"lazy\" decoding=\"async\" width=\"800\" height=\"523\" src=\"https:\/\/tarentaise-cheminees.fr\/wp-content\/uploads\/2020\/10\/AUSTROFLAMM-PELLET.jpg\" class=\"vc_single_image-img attachment-full\" alt=\"\" srcset=\"https:\/\/tarentaise-cheminees.fr\/wp-content\/uploads\/2020\/10\/AUSTROFLAMM-PELLET.jpg 800w, https:\/\/tarentaise-cheminees.fr\/wp-content\/uploads\/2020\/10\/AUSTROFLAMM-PELLET-300x196.jpg 300w, https:\/\/tarentaise-cheminees.fr\/wp-content\/uploads\/2020\/10\/AUSTROFLAMM-PELLET-768x502.jpg 768w, https:\/\/tarentaise-cheminees.fr\/wp-content\/uploads\/2020\/10\/AUSTROFLAMM-PELLET-700x458.jpg 700w\" sizes=\"auto, (max-width: 800px) 100vw, 800px\" \/><\/div>\n\t\t<\/div>\n\t<\/div>\n<\/div><\/div><\/div><\/div><\/div><\/div><\/div><div class=\"wpb_column vc_column_container vc_col-sm-12 vc_col-md-5\"><div class=\"vc_column-inner\"><div class=\"wpb_wrapper\"><div class='q_elements_holder one_column responsive_mode_from_768' ><div class='q_elements_item' data-1024-1280='72px 40px 0 0' data-768-1024='35px 40px 0 0' data-600-768='60px 40px 0px 0' data-animation='no' data-item-class='q_elements_holder_custom_159679'><div class='q_elements_item_inner'><div class='q_elements_item_content q_elements_holder_custom_159679' style='padding:20px 40px 0 8px'>\n\t<div class=\"wpb_text_column wpb_content_element\">\n\t\t<div class=\"wpb_wrapper\">\n\t\t\t<h2>AUSTROFLAMM<\/h2>\n\n\t\t<\/div> \n\t<\/div> <div class=\"separator  small left\" style=\"margin-top: 28px;margin-bottom: 38px;background-color: #c7a082;height: 1px;width: 63px;\"><\/div>\n\n\t<div class=\"wpb_text_column wpb_content_element\">\n\t\t<div class=\"wpb_wrapper\">\n\t\t\t<p>Una marca austriaca con dise\u00f1os elegantes y \u00fanicos. \u00bfBuscas una estufa de pellets de alto rendimiento con una bonita vista de la llama? Has llegado al lugar correcto.<\/p>\n\n\t\t<\/div> \n\t<\/div> \t<div class=\"vc_empty_space\"  style=\"height: 32px\" ><span\n\t\t\tclass=\"vc_empty_space_inner\">\n\t\t\t<span class=\"empty_space_image\"  ><\/span>\n\t\t<\/span><\/div>\n\n<a  itemprop=\"url\" href=\"https:\/\/www.austroflamm.com\/fr\/nos-poeles\/poeles-a-pellets\" target=\"_blank\"  class=\"qbutton  default\" style=\"\">Descubra la gama<\/a><\/div><\/div><\/div><\/div><\/div><\/div><\/div><\/div><\/div><\/div><div      class=\"vc_row wpb_row section vc_row-fluid  grid_section\" style=' padding-top:84px; padding-bottom:130px; text-align:left;'><div class=\"section_inner clearfix\"><div class='section_inner_margin clearfix'><div class=\"wpb_column vc_column_container vc_col-sm-12 vc_col-md-7\"><div class=\"vc_column-inner\"><div class=\"wpb_wrapper\"><div class='q_elements_holder one_column responsive_mode_from_768' ><div class='q_elements_item' data-600-768='0 0px 0 0px' data-480-600='0 0px 0 0px' data-480='0 0px 0 0px' data-animation='no' data-item-class='q_elements_holder_custom_175296'><div class='q_elements_item_inner'><div class='q_elements_item_content q_elements_holder_custom_175296' style='padding:0px 9px 0 9px'>\n\t<div class=\"wpb_single_image wpb_content_element vc_align_left\">\n\t\t<div class=\"wpb_wrapper\">\n\t\t\t\n\t\t\t<div class=\"vc_single_image-wrapper   vc_box_border_grey\"><img loading=\"lazy\" decoding=\"async\" width=\"800\" height=\"523\" src=\"https:\/\/tarentaise-cheminees.fr\/wp-content\/uploads\/2024\/11\/stuv.jpg\" class=\"vc_single_image-img attachment-full\" alt=\"\" srcset=\"https:\/\/tarentaise-cheminees.fr\/wp-content\/uploads\/2024\/11\/stuv.jpg 800w, https:\/\/tarentaise-cheminees.fr\/wp-content\/uploads\/2024\/11\/stuv-300x196.jpg 300w, https:\/\/tarentaise-cheminees.fr\/wp-content\/uploads\/2024\/11\/stuv-768x502.jpg 768w, https:\/\/tarentaise-cheminees.fr\/wp-content\/uploads\/2024\/11\/stuv-700x458.jpg 700w\" sizes=\"auto, (max-width: 800px) 100vw, 800px\" \/><\/div>\n\t\t<\/div>\n\t<\/div>\n<\/div><\/div><\/div><\/div><\/div><\/div><\/div><div class=\"wpb_column vc_column_container vc_col-sm-12 vc_col-md-5\"><div class=\"vc_column-inner\"><div class=\"wpb_wrapper\"><div class='q_elements_holder one_column responsive_mode_from_768' ><div class='q_elements_item' data-1024-1280='72px 40px 0 0' data-768-1024='35px 40px 0 0' data-600-768='60px 40px 0px 0' data-animation='no' data-item-class='q_elements_holder_custom_404884'><div class='q_elements_item_inner'><div class='q_elements_item_content q_elements_holder_custom_404884' style='padding:20px 40px 0 8px'>\n\t<div class=\"wpb_text_column wpb_content_element\">\n\t\t<div class=\"wpb_wrapper\">\n\t\t\t<h2>Veh\u00edculo utilitario deportivo (SUV)<\/h2>\n\n\t\t<\/div> \n\t<\/div> <div class=\"separator  small left\" style=\"margin-top: 28px;margin-bottom: 38px;background-color: #c7a082;height: 1px;width: 63px;\"><\/div>\n\n\t<div class=\"wpb_text_column wpb_content_element\">\n\t\t<div class=\"wpb_wrapper\">\n\t\t\t<p>\u00a1Una gama de estufas de pellets innovadoras y patentadas que no encontrar\u00e1s en ning\u00fan otro lugar!<\/p>\n\n\t\t<\/div> \n\t<\/div> \t<div class=\"vc_empty_space\"  style=\"height: 32px\" ><span\n\t\t\tclass=\"vc_empty_space_inner\">\n\t\t\t<span class=\"empty_space_image\"  ><\/span>\n\t\t<\/span><\/div>\n\n<a  itemprop=\"url\" href=\"https:\/\/www.stuv.com\/fr\/poeles-a-pellets?_gl=1*y1mmsu*_up*MQ..*_gs*MQ..&amp;gclid=Cj0KCQjwjL3HBhCgARIsAPUg7a6-GO4_yT_wtN2xozkq-CzbHfl8LMv-XEyC88KDQtNmCyyrqCJxGR0aAvhWEALw_wcB&amp;gbraid=0AAAAADq3UkQK8yixQlWRmg-d8HuJAyfX7\" target=\"_blank\"  class=\"qbutton  default\" style=\"\">Descubra la gama<\/a><\/div><\/div><\/div><\/div><\/div><\/div><\/div><\/div><\/div><\/div><div      class=\"vc_row wpb_row section vc_row-fluid  grid_section\" style=' padding-top:84px; padding-bottom:130px; text-align:left;'><div class=\"section_inner clearfix\"><div class='section_inner_margin clearfix'><div class=\"wpb_column vc_column_container vc_col-sm-12 vc_col-md-7\"><div class=\"vc_column-inner\"><div class=\"wpb_wrapper\"><div class='q_elements_holder one_column responsive_mode_from_768' ><div class='q_elements_item' data-600-768='0 0px 0 0px' data-480-600='0 0px 0 0px' data-480='0 0px 0 0px' data-animation='no' data-item-class='q_elements_holder_custom_333573'><div class='q_elements_item_inner'><div class='q_elements_item_content q_elements_holder_custom_333573' style='padding:0px 9px 0 9px'>\n\t<div class=\"wpb_single_image wpb_content_element vc_align_left\">\n\t\t<div class=\"wpb_wrapper\">\n\t\t\t\n\t\t\t<div class=\"vc_single_image-wrapper   vc_box_border_grey\"><img loading=\"lazy\" decoding=\"async\" width=\"800\" height=\"523\" src=\"https:\/\/tarentaise-cheminees.fr\/wp-content\/uploads\/2024\/11\/nobis.jpg\" class=\"vc_single_image-img attachment-full\" alt=\"\" srcset=\"https:\/\/tarentaise-cheminees.fr\/wp-content\/uploads\/2024\/11\/nobis.jpg 800w, https:\/\/tarentaise-cheminees.fr\/wp-content\/uploads\/2024\/11\/nobis-300x196.jpg 300w, https:\/\/tarentaise-cheminees.fr\/wp-content\/uploads\/2024\/11\/nobis-768x502.jpg 768w, https:\/\/tarentaise-cheminees.fr\/wp-content\/uploads\/2024\/11\/nobis-700x458.jpg 700w\" sizes=\"auto, (max-width: 800px) 100vw, 800px\" \/><\/div>\n\t\t<\/div>\n\t<\/div>\n<\/div><\/div><\/div><\/div><\/div><\/div><\/div><div class=\"wpb_column vc_column_container vc_col-sm-12 vc_col-md-5\"><div class=\"vc_column-inner\"><div class=\"wpb_wrapper\"><div class='q_elements_holder one_column responsive_mode_from_768' ><div class='q_elements_item' data-1024-1280='72px 40px 0 0' data-768-1024='35px 40px 0 0' data-600-768='60px 40px 0px 0' data-animation='no' data-item-class='q_elements_holder_custom_731099'><div class='q_elements_item_inner'><div class='q_elements_item_content q_elements_holder_custom_731099' style='padding:20px 40px 0 8px'>\n\t<div class=\"wpb_text_column wpb_content_element\">\n\t\t<div class=\"wpb_wrapper\">\n\t\t\t<h2>NOBIS<\/h2>\n\n\t\t<\/div> \n\t<\/div> <div class=\"separator  small left\" style=\"margin-top: 28px;margin-bottom: 38px;background-color: #c7a082;height: 1px;width: 63px;\"><\/div>\n\n\t<div class=\"wpb_text_column wpb_content_element\">\n\t\t<div class=\"wpb_wrapper\">\n\t\t\t<p>Esta linea de <strong>estufas de pellets italianas<\/strong> ofrece un excelente rendimiento combinando modernidad y saber hacer. Los intercambiadores de hierro fundido garantizan una <strong>m\u00e1ximo silencio<\/strong> y flujo de aire natural sin levantar polvo molesto. Una gama disponible con conductos simples o dobles de hasta 8 metros, de serie o con lecho opcional para calentar otras estancias de forma independiente. Se trata de <strong>estufas de pellets con wifi instalado<\/strong> Est\u00e1ndar en casi todos los modelos. Gracias a su aplicaci\u00f3n para smartphone, podr\u00e1s gestionar la estufa a distancia, controlar los valores y ajustar las funciones del cronotermostato.<\/p>\n\n\t\t<\/div> \n\t<\/div> \t<div class=\"vc_empty_space\"  style=\"height: 32px\" ><span\n\t\t\tclass=\"vc_empty_space_inner\">\n\t\t\t<span class=\"empty_space_image\"  ><\/span>\n\t\t<\/span><\/div>\n\n<a  itemprop=\"url\" href=\"https:\/\/www.nobisfire.it\/fr\/gamma-prodotti\/stufe-a-pellet\/\" target=\"_blank\"  class=\"qbutton  default\" style=\"\">Descubra la gama<\/a><\/div><\/div><\/div><\/div><\/div><\/div><\/div><\/div><\/div><\/div><section      data-speed=\"1\" class=\"parallax_section_holder\" style = \" height:px; background-image:url('https:\/\/tarentaise-cheminees.fr\/wp-content\/uploads\/2020\/09\/BANDEAU-DEVIS-scaled.jpg');\"><div class=\"parallax_content center\"><div class='parallax_section_inner_margin clearfix'><div class=\"wpb_column vc_column_container vc_col-sm-12\"><div class=\"vc_column-inner\"><div class=\"wpb_wrapper\"><div class='q_elements_holder one_column responsive_mode_from_768' ><div class='q_elements_item' data-480-600='184px 0% 168px 0%' data-480='184px 0% 168px 0%' data-animation='no' data-item-class='q_elements_holder_custom_338450'><div class='q_elements_item_inner'><div class='q_elements_item_content q_elements_holder_custom_338450' style='padding:184px 8% 168px 8%'>\n\t<div class=\"wpb_text_column wpb_content_element\">\n\t\t<div class=\"wpb_wrapper\">\n\t\t\t<h1><span style=\"color: #ffffff;\">Obtenga una cotizaci\u00f3n<\/span><\/h1>\n\n\t\t<\/div> \n\t<\/div> <div class=\"separator  small center\" style=\"margin-top: 25px;margin-bottom: 34px;background-color: #c7a082;height: 1px;width: 63px;\"><\/div>\n\n\t<div class=\"wpb_text_column wpb_content_element\">\n\t\t<div class=\"wpb_wrapper\">\n\t\t\t<h5><span style=\"color: #eae9e9;\">\u00bfUn proyecto, un deseo? Cont\u00e1ctanos para una cotizaci\u00f3n gratuita. Quentin estar\u00e1 encantado de ir a visitarte a tu domicilio para comprobar la viabilidad de tu proyecto y aportarte soluciones t\u00e9cnicas y de dise\u00f1o. Nos encargamos de tu instalaci\u00f3n de la A a la Z. Un \u00fanico punto de contacto para mayor tranquilidad.<\/span><\/h5>\n<p>&nbsp;<\/p>\n<h3><span style=\"color: #ffffff;\"><a style=\"color: #ffffff;\" href=\"\/es\/tel\u00e9fono: 0479070419\/\"><span style=\"color: #c7a082;\">LL\u00c1MENOS<\/span><\/a><span style=\"color: #c7a082;\">\u00a0O <\/span><\/span><span style=\"color: #c7a082;\"><a style=\"color: #c7a082;\" href=\"https:\/\/tarentaise-cheminees.fr\/es\/contact\/\">ESCR\u00cdBENOS<\/a><\/span><\/h3>\n\n\t\t<\/div> \n\t<\/div> \t<div class=\"vc_empty_space\"  style=\"height: 35px\" ><span\n\t\t\tclass=\"vc_empty_space_inner\">\n\t\t\t<span class=\"empty_space_image\"  ><\/span>\n\t\t<\/span><\/div>\n\n<\/div><\/div><\/div><\/div><\/div><\/div><\/div><\/div><\/div><\/section>","protected":false},"excerpt":{"rendered":"Un sistema ecorresponsable. La estufa de pellets, en constante expansi\u00f3n, ofrece un confort de calefacci\u00f3n inigualable. Su punto fuerte reside en sus numerosas ventajas: autonom\u00eda, eficiencia, facilidad de uso, ahorro de combustible, ecolog\u00eda y mucho m\u00e1s. Hemos seleccionado nuestras marcas para garantizarle electrodom\u00e9sticos de alto rendimiento...","protected":false},"author":2,"featured_media":0,"parent":0,"menu_order":0,"comment_status":"closed","ping_status":"closed","template":"full_width.php","meta":{"footnotes":""},"class_list":["post-471","page","type-page","status-publish","hentry"],"yoast_head":"<!-- This site is optimized with the Yoast SEO plugin v26.9 - https:\/\/yoast.com\/product\/yoast-seo-wordpress\/ -->\n<title>Nos po\u00eales \u00e0 pellets - Tarentaise Chemin\u00e9es - Aime La Plagne<\/title>\n<meta name=\"description\" content=\"Nous installons et asssurons la maintenance de vos po\u00eales \u00e0 pellets depuis 2003 et sommes bas\u00e9s \u00e0 Aime La Plagne. Rika, Austroflamm et Nobis..\" \/>\n<meta name=\"robots\" content=\"index, follow, max-snippet:-1, max-image-preview:large, max-video-preview:-1\" \/>\n<link rel=\"canonical\" href=\"https:\/\/tarentaise-cheminees.fr\/es\/estufas-de-pellets\/\" \/>\n<meta property=\"og:locale\" content=\"es_ES\" \/>\n<meta property=\"og:type\" content=\"article\" \/>\n<meta property=\"og:title\" content=\"Nos po\u00eales \u00e0 pellets - Tarentaise Chemin\u00e9es - Aime La Plagne\" \/>\n<meta property=\"og:description\" content=\"Nous installons et asssurons la maintenance de vos po\u00eales \u00e0 pellets depuis 2003 et sommes bas\u00e9s \u00e0 Aime La Plagne. Rika, Austroflamm et Nobis..\" \/>\n<meta property=\"og:url\" content=\"https:\/\/tarentaise-cheminees.fr\/es\/estufas-de-pellets\/\" \/>\n<meta property=\"og:site_name\" content=\"Tarentaise Chemin\u00e9es\" \/>\n<meta property=\"article:modified_time\" content=\"2025-11-08T16:43:24+00:00\" \/>\n<meta name=\"twitter:card\" content=\"summary_large_image\" \/>\n<meta name=\"twitter:label1\" content=\"Tiempo de lectura\" \/>\n\t<meta name=\"twitter:data1\" content=\"4 minutos\" \/>\n<script type=\"application\/ld+json\" class=\"yoast-schema-graph\">{\"@context\":\"https:\/\/schema.org\",\"@graph\":[{\"@type\":\"WebPage\",\"@id\":\"https:\/\/tarentaise-cheminees.fr\/poeles-a-pellets\/\",\"url\":\"https:\/\/tarentaise-cheminees.fr\/poeles-a-pellets\/\",\"name\":\"Nos po\u00eales \u00e0 pellets - Tarentaise Chemin\u00e9es - Aime La Plagne\",\"isPartOf\":{\"@id\":\"https:\/\/tarentaise-cheminees.fr\/#website\"},\"datePublished\":\"2020-10-05T14:04:50+00:00\",\"dateModified\":\"2025-11-08T16:43:24+00:00\",\"description\":\"Nous installons et asssurons la maintenance de vos po\u00eales \u00e0 pellets depuis 2003 et sommes bas\u00e9s \u00e0 Aime La Plagne. Rika, Austroflamm et Nobis..\",\"breadcrumb\":{\"@id\":\"https:\/\/tarentaise-cheminees.fr\/poeles-a-pellets\/#breadcrumb\"},\"inLanguage\":\"es\",\"potentialAction\":[{\"@type\":\"ReadAction\",\"target\":[\"https:\/\/tarentaise-cheminees.fr\/poeles-a-pellets\/\"]}]},{\"@type\":\"BreadcrumbList\",\"@id\":\"https:\/\/tarentaise-cheminees.fr\/poeles-a-pellets\/#breadcrumb\",\"itemListElement\":[{\"@type\":\"ListItem\",\"position\":1,\"name\":\"Accueil\",\"item\":\"https:\/\/tarentaise-cheminees.fr\/\"},{\"@type\":\"ListItem\",\"position\":2,\"name\":\"Po\u00eales \u00e0 pellets\"}]},{\"@type\":\"WebSite\",\"@id\":\"https:\/\/tarentaise-cheminees.fr\/#website\",\"url\":\"https:\/\/tarentaise-cheminees.fr\/\",\"name\":\"Tarentaise Chemin\u00e9es\",\"description\":\"Le sp\u00e9cialiste de la chemin\u00e9e\",\"potentialAction\":[{\"@type\":\"SearchAction\",\"target\":{\"@type\":\"EntryPoint\",\"urlTemplate\":\"https:\/\/tarentaise-cheminees.fr\/?s={search_term_string}\"},\"query-input\":{\"@type\":\"PropertyValueSpecification\",\"valueRequired\":true,\"valueName\":\"search_term_string\"}}],\"inLanguage\":\"es\"}]}<\/script>\n<!-- \/ Yoast SEO plugin. -->","yoast_head_json":{"title":"Nuestras estufas de pellets - Tarentaise Chemin\u00e9es - Aime La Plagne","description":"Instalamos y realizamos el mantenimiento de sus estufas de pellets desde 2003 y estamos situados en Aime La Plagne. Rika, Austroflamm y Nobis..","robots":{"index":"index","follow":"follow","max-snippet":"max-snippet:-1","max-image-preview":"max-image-preview:large","max-video-preview":"max-video-preview:-1"},"canonical":"https:\/\/tarentaise-cheminees.fr\/es\/estufas-de-pellets\/","og_locale":"es_ES","og_type":"article","og_title":"Nos po\u00eales \u00e0 pellets - Tarentaise Chemin\u00e9es - Aime La Plagne","og_description":"Nous installons et asssurons la maintenance de vos po\u00eales \u00e0 pellets depuis 2003 et sommes bas\u00e9s \u00e0 Aime La Plagne. Rika, Austroflamm et Nobis..","og_url":"https:\/\/tarentaise-cheminees.fr\/es\/estufas-de-pellets\/","og_site_name":"Tarentaise Chemin\u00e9es","article_modified_time":"2025-11-08T16:43:24+00:00","twitter_card":"summary_large_image","twitter_misc":{"Tiempo de lectura":"4 minutos"},"schema":{"@context":"https:\/\/schema.org","@graph":[{"@type":"WebPage","@id":"https:\/\/tarentaise-cheminees.fr\/poeles-a-pellets\/","url":"https:\/\/tarentaise-cheminees.fr\/poeles-a-pellets\/","name":"Nuestras estufas de pellets - Tarentaise Chemin\u00e9es - Aime La Plagne","isPartOf":{"@id":"https:\/\/tarentaise-cheminees.fr\/#website"},"datePublished":"2020-10-05T14:04:50+00:00","dateModified":"2025-11-08T16:43:24+00:00","description":"Instalamos y realizamos el mantenimiento de sus estufas de pellets desde 2003 y estamos situados en Aime La Plagne. Rika, Austroflamm y Nobis..","breadcrumb":{"@id":"https:\/\/tarentaise-cheminees.fr\/poeles-a-pellets\/#breadcrumb"},"inLanguage":"es","potentialAction":[{"@type":"ReadAction","target":["https:\/\/tarentaise-cheminees.fr\/poeles-a-pellets\/"]}]},{"@type":"BreadcrumbList","@id":"https:\/\/tarentaise-cheminees.fr\/poeles-a-pellets\/#breadcrumb","itemListElement":[{"@type":"ListItem","position":1,"name":"Accueil","item":"https:\/\/tarentaise-cheminees.fr\/"},{"@type":"ListItem","position":2,"name":"Po\u00eales \u00e0 pellets"}]},{"@type":"WebSite","@id":"https:\/\/tarentaise-cheminees.fr\/#website","url":"https:\/\/tarentaise-cheminees.fr\/","name":"Tarentaise Chemin\u00e9es","description":"El especialista en chimeneas","potentialAction":[{"@type":"SearchAction","target":{"@type":"EntryPoint","urlTemplate":"https:\/\/tarentaise-cheminees.fr\/?s={search_term_string}"},"query-input":{"@type":"PropertyValueSpecification","valueRequired":true,"valueName":"search_term_string"}}],"inLanguage":"es"}]}},"_links":{"self":[{"href":"https:\/\/tarentaise-cheminees.fr\/es\/wp-json\/wp\/v2\/pages\/471","targetHints":{"allow":["GET"]}}],"collection":[{"href":"https:\/\/tarentaise-cheminees.fr\/es\/wp-json\/wp\/v2\/pages"}],"about":[{"href":"https:\/\/tarentaise-cheminees.fr\/es\/wp-json\/wp\/v2\/types\/page"}],"author":[{"embeddable":true,"href":"https:\/\/tarentaise-cheminees.fr\/es\/wp-json\/wp\/v2\/users\/2"}],"replies":[{"embeddable":true,"href":"https:\/\/tarentaise-cheminees.fr\/es\/wp-json\/wp\/v2\/comments?post=471"}],"version-history":[{"count":18,"href":"https:\/\/tarentaise-cheminees.fr\/es\/wp-json\/wp\/v2\/pages\/471\/revisions"}],"predecessor-version":[{"id":9637,"href":"https:\/\/tarentaise-cheminees.fr\/es\/wp-json\/wp\/v2\/pages\/471\/revisions\/9637"}],"wp:attachment":[{"href":"https:\/\/tarentaise-cheminees.fr\/es\/wp-json\/wp\/v2\/media?parent=471"}],"curies":[{"name":"wp","href":"https:\/\/api.w.org\/{rel}","templated":true}]}}