{"id":423,"date":"2020-10-05T14:20:31","date_gmt":"2020-10-05T12:20:31","guid":{"rendered":"https:\/\/tarentaise-cheminees.fr\/?page_id=423"},"modified":"2024-11-27T11:48:00","modified_gmt":"2024-11-27T10:48:00","slug":"limpieza-de-chimeneas","status":"publish","type":"page","link":"https:\/\/tarentaise-cheminees.fr\/es\/limpieza-de-chimeneas\/","title":{"rendered":"Nuestros servicios"},"content":{"rendered":"<section      data-speed=\"1\" class=\"parallax_section_holder\" style = \" height:px; background-image:url('https:\/\/tarentaise-cheminees.fr\/wp-content\/uploads\/2020\/10\/BANDEAUFEU2.jpg');\"><div class=\"parallax_content center\"><div class='parallax_section_inner_margin clearfix'><div class=\"wpb_column vc_column_container vc_col-sm-12\"><div class=\"vc_column-inner\"><div class=\"wpb_wrapper\"><div class='q_elements_holder one_column responsive_mode_from_768' ><div class='q_elements_item' data-480-600='184px 0% 168px 0%' data-480='184px 0% 168px 0%' data-animation='no' data-item-class='q_elements_holder_custom_244020'><div class='q_elements_item_inner'><div class='q_elements_item_content q_elements_holder_custom_244020' style='padding:184px 8% 168px 8%'>\n\t<div class=\"wpb_text_column wpb_content_element\">\n\t\t<div class=\"wpb_wrapper\">\n\t\t\t<h1><span style=\"color: #ffffff;\">Atenci\u00f3n al cliente durante todo el a\u00f1o<\/span><\/h1>\n\n\t\t<\/div> \n\t<\/div> <div class=\"separator  small center\" style=\"margin-top: 25px;margin-bottom: 34px;background-color: #c7a082;height: 1px;width: 63px;\"><\/div>\n\n\t<div class=\"wpb_text_column wpb_content_element\">\n\t\t<div class=\"wpb_wrapper\">\n\t\t\t<h5><span style=\"color: #ffffff; font-size: 14pt;\">Aut\u00e9ntico socio de sus clientes, Tarentaise Chemin\u00e9es le asesora, le ayuda y le acompa\u00f1a durante todo el ciclo de su proyecto.<\/span><\/h5>\n<p>&nbsp;<\/p>\n<h3><\/h3>\n\n\t\t<\/div> \n\t<\/div> \t<div class=\"vc_empty_space\"  style=\"height: 35px\" ><span\n\t\t\tclass=\"vc_empty_space_inner\">\n\t\t\t<span class=\"empty_space_image\"  ><\/span>\n\t\t<\/span><\/div>\n\n<\/div><\/div><\/div><\/div><\/div><\/div><\/div><\/div><\/div><\/section><section      data-speed=\"1\" class=\"parallax_section_holder\" style = \" height:px; background-image:url('');\"><div class=\"parallax_content_full_width center\" ><div class='parallax_section_inner_margin clearfix'><div class=\"wpb_column vc_column_container vc_col-sm-12\"><div class=\"vc_column-inner\"><div class=\"wpb_wrapper\"><div class='q_elements_holder one_column responsive_mode_from_768' ><div class='q_elements_item' data-480-600='184px 0% 168px 0%' data-480='184px 0% 168px 0%' data-animation='no' data-item-class='q_elements_holder_custom_129353' style='background-color:#2c87a0;'><div class='q_elements_item_inner'><div class='q_elements_item_content q_elements_holder_custom_129353' style='padding:184px 8% 168px 8%'>\n\t<div class=\"wpb_text_column wpb_content_element\">\n\t\t<div class=\"wpb_wrapper\">\n\t\t\t<h1><span style=\"color: #ffffff;\"><img loading=\"lazy\" decoding=\"async\" class=\"alignnone size-full wp-image-548\" src=\"https:\/\/tarentaise-cheminees.fr\/wp-content\/uploads\/2020\/10\/feu5.png\" alt=\"\" width=\"150\" height=\"150\" \/><\/span><\/h1>\n<h1><span style=\"color: #ffffff;\">INSTALACI\u00d3N<\/span><\/h1>\n\n\t\t<\/div> \n\t<\/div> <div class=\"separator  small center\" style=\"margin-top: 25px;margin-bottom: 34px;background-color: #c7a082;height: 1px;width: 63px;\"><\/div>\n\t<div class=\"vc_empty_space\"  style=\"height: 50px\" ><span\n\t\t\tclass=\"vc_empty_space_inner\">\n\t\t\t<span class=\"empty_space_image\"  ><\/span>\n\t\t<\/span><\/div>\n\n\n\t<div class=\"wpb_text_column wpb_content_element\">\n\t\t<div class=\"wpb_wrapper\">\n\t\t\t<h5><span style=\"font-family: Helvetica; font-size: 14pt; color: #ffffff;\">Nuestra principal experiencia: \u00a1Hecho a medida!<\/span><\/h5>\n<h5><span style=\"font-family: Helvetica; font-size: 14pt; color: #ffffff;\">\u00a1Tom\u00e9monos el tiempo juntos para elegir el dispositivo que mejor se adapte a ti personalmente seg\u00fan tu estilo de vida!\u00a0<\/span><\/h5>\n<h5><span style=\"font-family: Helvetica; font-size: 14pt; color: #ffffff;\">Desarrollaremos juntos tu proyecto y te asesoraremos sobre los productos m\u00e1s adecuados.<\/span><\/h5>\n<h5><span style=\"font-family: Helvetica; font-size: 14pt; color: #ffffff;\">Se realizar\u00e1 un presupuesto gratuito en tienda, por email o tel\u00e9fono para que usted tenga una idea del presupuesto global que representa su instalaci\u00f3n.<\/span><\/h5>\n<h5><span style=\"font-family: Helvetica; font-size: 14pt; color: #ffffff;\">Luego, Quentin viene directamente al lugar de instalaci\u00f3n para darle una cotizaci\u00f3n m\u00e1s precisa.<\/span><\/h5>\n<h5><span style=\"font-family: Helvetica; font-size: 14pt; color: #ffffff;\">Esta visita t\u00e9cnica in situ es de pago y su coste var\u00eda en funci\u00f3n de la situaci\u00f3n geogr\u00e1fica entre 40\u20ac y 60\u20ac IVA incluido.<\/span><\/h5>\n<h5><span style=\"font-family: Helvetica; font-size: 14pt; color: #ffffff;\">! \u00a1Esta factura de visita t\u00e9cnica es deducible del importe total incluido impuestos del presupuesto si se firma!<\/span><\/h5>\n<h5><span style=\"font-family: Helvetica; font-size: 14pt; color: #ffffff;\">\u00bfPor qu\u00e9 cobrar por una cotizaci\u00f3n en sitio? Bueno por varias razones:<\/span><\/h5>\n<h5><span style=\"font-family: Helvetica; font-size: 14pt; color: #ffffff;\">Porque en la empresa somos dos: Quentin y C\u00e9line.\u00a0<\/span><\/h5>\n<h5><span style=\"font-family: Helvetica; font-size: 14pt; color: #ffffff;\">&gt; Quentin instala electrodom\u00e9sticos y construye todos sus proyectos personalizados: desde el corte de piedra hasta la instalaci\u00f3n de madera, pasando por la creaci\u00f3n de tocones y todo lo relacionado con el espacio de la chimenea. Realiza el mantenimiento y seguimiento de nuestras instalaciones, servicio postventa y tambi\u00e9n presupuestos y por tanto visitas t\u00e9cnicas.\u00a0<\/span><\/h5>\n<h5><span style=\"font-family: Helvetica; font-size: 14pt; color: #ffffff;\">&gt; Para C\u00e9line, ella es con quien tendr\u00e1s el primer contacto en tienda o por tel\u00e9fono. Se encarga del desarrollo de su proyecto as\u00ed como del aspecto administrativo (sus presupuestos, facturas, fechas de instalaci\u00f3n, servicio postventa, peticiones especiales, etc.)\u00a0<\/span><\/h5>\n<h5><span style=\"font-family: Helvetica; font-size: 14pt; color: #ffffff;\">\u00a1Esto le ahorra tiempo a usted y a nosotros! \u00a1No m\u00e1s viajes innecesarios a casa por un proyecto mal planificado!<\/span><\/h5>\n<p>&nbsp;<\/p>\n<h5><span style=\"color: #ffffff;\"><strong>SUS REQUISITOS: NUESTRA EXPERIENCIA<\/strong><\/span><\/h5>\n\n\t\t<\/div> \n\t<\/div> \t<div class=\"vc_empty_space\"  style=\"height: 35px\" ><span\n\t\t\tclass=\"vc_empty_space_inner\">\n\t\t\t<span class=\"empty_space_image\"  ><\/span>\n\t\t<\/span><\/div>\n\n<\/div><\/div><\/div><\/div><\/div><\/div><\/div><\/div><\/div><\/section><section      data-speed=\"1\" class=\"parallax_section_holder\" style = \" height:px; background-image:url('');\"><div class=\"parallax_content_full_width center\" ><div class='parallax_section_inner_margin clearfix'><div class=\"wpb_column vc_column_container vc_col-sm-12\"><div class=\"vc_column-inner\"><div class=\"wpb_wrapper\"><div class='q_elements_holder one_column responsive_mode_from_768' ><div class='q_elements_item' data-480-600='184px 0% 168px 0%' data-480='184px 0% 168px 0%' data-animation='no' data-item-class='q_elements_holder_custom_965257' style='background-color:#87243e;'><div class='q_elements_item_inner'><div class='q_elements_item_content q_elements_holder_custom_965257' style='padding:184px 8% 168px 8%'>\n\t<div class=\"wpb_text_column wpb_content_element\">\n\t\t<div class=\"wpb_wrapper\">\n\t\t\t<h1><img loading=\"lazy\" decoding=\"async\" class=\"alignnone size-full wp-image-545\" src=\"https:\/\/tarentaise-cheminees.fr\/wp-content\/uploads\/2020\/10\/feu2.png\" alt=\"\" width=\"150\" height=\"150\" \/><\/h1>\n<h1><span style=\"color: #ffffff;\">CONSEJO<\/span><\/h1>\n\n\t\t<\/div> \n\t<\/div> <div class=\"separator  small center\" style=\"margin-top: 25px;margin-bottom: 34px;background-color: #c7a082;height: 1px;width: 63px;\"><\/div>\n\n\t<div class=\"wpb_text_column wpb_content_element\">\n\t\t<div class=\"wpb_wrapper\">\n\t\t\t<h5><span style=\"font-family: Helvetica; font-size: 14pt; color: #ffffff;\">Nuestro trabajo tambi\u00e9n consiste en compartir contigo nuestra perspectiva profesional para guiarte en tus elecciones. Bas\u00e1ndonos en el an\u00e1lisis de criterios como instalaci\u00f3n, eficiencia, uso, almacenamiento, est\u00e9tica y presupuesto, podremos orientarle hacia la mejor soluci\u00f3n posible.\u00a0<\/span><\/h5>\n\n\t\t<\/div> \n\t<\/div> \t<div class=\"vc_empty_space\"  style=\"height: 35px\" ><span\n\t\t\tclass=\"vc_empty_space_inner\">\n\t\t\t<span class=\"empty_space_image\"  ><\/span>\n\t\t<\/span><\/div>\n\n<\/div><\/div><\/div><\/div><\/div><\/div><\/div><\/div><\/div><\/section><section      data-speed=\"1\" class=\"parallax_section_holder\" style = \" height:px; background-image:url('');\"><div class=\"parallax_content_full_width center\" ><div class='parallax_section_inner_margin clearfix'><div class=\"wpb_column vc_column_container vc_col-sm-12\"><div class=\"vc_column-inner\"><div class=\"wpb_wrapper\"><div class='q_elements_holder one_column responsive_mode_from_768' ><div class='q_elements_item' data-480-600='184px 0% 168px 0%' data-480='184px 0% 168px 0%' data-animation='no' data-item-class='q_elements_holder_custom_914431' style='background-color:#22706d;'><div class='q_elements_item_inner'><div class='q_elements_item_content q_elements_holder_custom_914431' style='padding:184px 8% 168px 8%'>\t<div class=\"vc_empty_space\"  style=\"height: 35px\" ><span\n\t\t\tclass=\"vc_empty_space_inner\">\n\t\t\t<span class=\"empty_space_image\"  ><\/span>\n\t\t<\/span><\/div>\n\n\n\t<div class=\"wpb_text_column wpb_content_element\">\n\t\t<div class=\"wpb_wrapper\">\n\t\t\t<h1><span style=\"color: #ffffff;\"><img loading=\"lazy\" decoding=\"async\" class=\"alignnone size-full wp-image-547\" src=\"https:\/\/tarentaise-cheminees.fr\/wp-content\/uploads\/2020\/10\/feu4.png\" alt=\"\" width=\"150\" height=\"150\" \/><\/span><\/h1>\n<h1><span style=\"color: #ffffff;\">AYUDA<\/span><\/h1>\n\n\t\t<\/div> \n\t<\/div> <div class=\"separator  small center\" style=\"margin-top: 25px;margin-bottom: 34px;background-color: #c7a082;height: 1px;width: 63px;\"><\/div>\n\n\t<div class=\"wpb_text_column wpb_content_element\">\n\t\t<div class=\"wpb_wrapper\">\n\t\t\t<h5><span style=\"color: #ffffff; font-size: 14pt;\"><span style=\"font-family: Helvetica;\">Cr\u00e9ditos fiscales, ecocr\u00e9ditos sin intereses, ayudas Anah, cheques energ\u00e9ticos, bonos energ\u00e9ticos... no te pierdas las ayudas que podr\u00edan reducir el coste de tu proyecto. C\u00e9line podr\u00e1 guiarle para brindarle beneficios.<\/span><\/span><span style=\"font-family: Helvetica;\"><span style=\"color: #ffffff; font-size: 14pt;\">beneficio.<\/span><\/span><\/h5>\n\n\t\t<\/div> \n\t<\/div> \t<div class=\"vc_empty_space\"  style=\"height: 35px\" ><span\n\t\t\tclass=\"vc_empty_space_inner\">\n\t\t\t<span class=\"empty_space_image\"  ><\/span>\n\t\t<\/span><\/div>\n\n<\/div><\/div><\/div><\/div><\/div><\/div><\/div><\/div><\/div><\/section><section      data-speed=\"1\" class=\"parallax_section_holder\" style = \" height:px; background-image:url('');\"><div class=\"parallax_content_full_width center\" ><div class='parallax_section_inner_margin clearfix'><div class=\"wpb_column vc_column_container vc_col-sm-12\"><div class=\"vc_column-inner\"><div class=\"wpb_wrapper\"><div class='q_elements_holder one_column responsive_mode_from_768' ><div class='q_elements_item' data-480-600='184px 0% 168px 0%' data-480='184px 0% 168px 0%' data-animation='no' data-item-class='q_elements_holder_custom_285153' style='background-color:#133349;'><div class='q_elements_item_inner'><div class='q_elements_item_content q_elements_holder_custom_285153' style='padding:184px 8% 168px 8%'>\n\t<div class=\"wpb_text_column wpb_content_element\">\n\t\t<div class=\"wpb_wrapper\">\n\t\t\t<h1><span style=\"color: #ffffff;\"><img loading=\"lazy\" decoding=\"async\" class=\"alignnone size-full wp-image-546\" src=\"https:\/\/tarentaise-cheminees.fr\/wp-content\/uploads\/2020\/10\/feu3.png\" alt=\"\" width=\"150\" height=\"150\" \/><\/span><\/h1>\n<h1><span style=\"color: #ffffff;\">HACER UN SEGUIMIENTO<\/span><\/h1>\n\n\t\t<\/div> \n\t<\/div> <div class=\"separator  small center\" style=\"margin-top: 25px;margin-bottom: 34px;background-color: #c7a082;height: 1px;width: 63px;\"><\/div>\n\n\t<div class=\"wpb_text_column wpb_content_element\">\n\t\t<div class=\"wpb_wrapper\">\n\t\t\t<h5><span style=\"color: #ffffff; font-size: large;\"><span style=\"font-family: Helvetica;\">Proporcionamos servicio postventa, seguimiento de garant\u00eda y mantenimiento de todas nuestras instalaciones durante todo el a\u00f1o. <\/span><\/span><\/h5>\n<h5><span style=\"color: #ffffff; font-size: large;\"><span style=\"font-family: Helvetica;\">De esta manera garantizamos su\u00a0<\/span><\/span><span style=\"color: #ffffff; font-family: Helvetica; font-size: large;\"><span style=\"caret-color: #ffffff;\">\u00a1Tranquilidad y hermosas tardes junto al fuego!<\/span><\/span><\/h5>\n<h3><\/h3>\n\n\t\t<\/div> \n\t<\/div> \t<div class=\"vc_empty_space\"  style=\"height: 35px\" ><span\n\t\t\tclass=\"vc_empty_space_inner\">\n\t\t\t<span class=\"empty_space_image\"  ><\/span>\n\t\t<\/span><\/div>\n\n<\/div><\/div><\/div><\/div><\/div><\/div><\/div><\/div><\/div><\/section><section      data-speed=\"1\" class=\"parallax_section_holder\" style = \" height:px; background-image:url('https:\/\/tarentaise-cheminees.fr\/wp-content\/uploads\/2020\/09\/BANDEAU-DEVIS-scaled.jpg');\"><div class=\"parallax_content center\"><div class='parallax_section_inner_margin clearfix'><div class=\"wpb_column vc_column_container vc_col-sm-12\"><div class=\"vc_column-inner\"><div class=\"wpb_wrapper\"><div class='q_elements_holder one_column responsive_mode_from_768' ><div class='q_elements_item' data-480-600='184px 0% 168px 0%' data-480='184px 0% 168px 0%' data-animation='no' data-item-class='q_elements_holder_custom_691926'><div class='q_elements_item_inner'><div class='q_elements_item_content q_elements_holder_custom_691926' style='padding:184px 8% 168px 8%'>\n\t<div class=\"wpb_text_column wpb_content_element\">\n\t\t<div class=\"wpb_wrapper\">\n\t\t\t<h1><span style=\"color: #ffffff;\">Obtenga una cotizaci\u00f3n<\/span><\/h1>\n\n\t\t<\/div> \n\t<\/div> <div class=\"separator  small center\" style=\"margin-top: 25px;margin-bottom: 34px;background-color: #c7a082;height: 1px;width: 63px;\"><\/div>\n\n\t<div class=\"wpb_text_column wpb_content_element\">\n\t\t<div class=\"wpb_wrapper\">\n\t\t\t<h5><span style=\"color: #eae9e9;\">\u00bfUn proyecto, un deseo? Cont\u00e1ctanos para una cotizaci\u00f3n gratuita. Quentin estar\u00e1 encantado de ir a visitarte a tu domicilio para comprobar la viabilidad de tu proyecto y aportarte soluciones t\u00e9cnicas y de dise\u00f1o. Nos encargamos de tu instalaci\u00f3n de la A a la Z. Un \u00fanico punto de contacto para mayor tranquilidad.<\/span><\/h5>\n<p>&nbsp;<\/p>\n<h3><span style=\"color: #ffffff;\"><a style=\"color: #ffffff;\" href=\"\/es\/tel\u00e9fono: 0479070419\/\"><span style=\"color: #c7a082;\">LL\u00c1MENOS<\/span><\/a><span style=\"color: #c7a082;\">\u00a0O <\/span><\/span><span style=\"color: #c7a082;\"><a style=\"color: #c7a082;\" href=\"https:\/\/tarentaise-cheminees.fr\/es\/contact\/\">ESCR\u00cdBENOS<\/a><\/span><\/h3>\n\n\t\t<\/div> \n\t<\/div> \t<div class=\"vc_empty_space\"  style=\"height: 35px\" ><span\n\t\t\tclass=\"vc_empty_space_inner\">\n\t\t\t<span class=\"empty_space_image\"  ><\/span>\n\t\t<\/span><\/div>\n\n<\/div><\/div><\/div><\/div><\/div><\/div><\/div><\/div><\/div><\/section>","protected":false},"excerpt":{"rendered":"Atenci\u00f3n al cliente durante todo el a\u00f1o. Como fiel socio de sus clientes, Tarentaise Chemin\u00e9es le asesora, ayuda y apoya durante todo el ciclo de su proyecto. INSTALACI\u00d3N: \u00a1Nuestra especialidad: Dise\u00f1o a medida! Tom\u00e9monos el tiempo para elegir juntos el dispositivo que...","protected":false},"author":2,"featured_media":0,"parent":0,"menu_order":0,"comment_status":"closed","ping_status":"closed","template":"full_width.php","meta":{"footnotes":""},"class_list":["post-423","page","type-page","status-publish","hentry"],"yoast_head":"<!-- This site is optimized with the Yoast SEO plugin v26.9 - https:\/\/yoast.com\/product\/yoast-seo-wordpress\/ -->\n<title>Installation, d\u00e9bistrage, maintenance - Tarentaise Chemin\u00e9es<\/title>\n<meta name=\"description\" content=\"Le ramonage de votre chemin\u00e9e est obligatoire deux fois par an. Pour votre s\u00e9curit\u00e9 faites appel \u00e0 Tarentaise Chemin\u00e9es \u00e0 Aime La Plagne.\" \/>\n<meta name=\"robots\" content=\"index, follow, max-snippet:-1, max-image-preview:large, max-video-preview:-1\" \/>\n<link rel=\"canonical\" href=\"https:\/\/tarentaise-cheminees.fr\/es\/limpieza-de-chimeneas\/\" \/>\n<meta property=\"og:locale\" content=\"es_ES\" \/>\n<meta property=\"og:type\" content=\"article\" \/>\n<meta property=\"og:title\" content=\"Installation, d\u00e9bistrage, maintenance - Tarentaise Chemin\u00e9es\" \/>\n<meta property=\"og:description\" content=\"Le ramonage de votre chemin\u00e9e est obligatoire deux fois par an. Pour votre s\u00e9curit\u00e9 faites appel \u00e0 Tarentaise Chemin\u00e9es \u00e0 Aime La Plagne.\" \/>\n<meta property=\"og:url\" content=\"https:\/\/tarentaise-cheminees.fr\/es\/limpieza-de-chimeneas\/\" \/>\n<meta property=\"og:site_name\" content=\"Tarentaise Chemin\u00e9es\" \/>\n<meta property=\"article:modified_time\" content=\"2024-11-27T10:48:00+00:00\" \/>\n<meta property=\"og:image\" content=\"https:\/\/tarentaise-cheminees.fr\/wp-content\/uploads\/2020\/10\/feu5.png\" \/>\n<meta name=\"twitter:card\" content=\"summary_large_image\" \/>\n<meta name=\"twitter:label1\" content=\"Tiempo de lectura\" \/>\n\t<meta name=\"twitter:data1\" content=\"5 minutos\" \/>\n<script type=\"application\/ld+json\" class=\"yoast-schema-graph\">{\"@context\":\"https:\/\/schema.org\",\"@graph\":[{\"@type\":\"WebPage\",\"@id\":\"https:\/\/tarentaise-cheminees.fr\/ramonage\/\",\"url\":\"https:\/\/tarentaise-cheminees.fr\/ramonage\/\",\"name\":\"Installation, d\u00e9bistrage, maintenance - Tarentaise Chemin\u00e9es\",\"isPartOf\":{\"@id\":\"https:\/\/tarentaise-cheminees.fr\/#website\"},\"primaryImageOfPage\":{\"@id\":\"https:\/\/tarentaise-cheminees.fr\/ramonage\/#primaryimage\"},\"image\":{\"@id\":\"https:\/\/tarentaise-cheminees.fr\/ramonage\/#primaryimage\"},\"thumbnailUrl\":\"https:\/\/tarentaise-cheminees.fr\/wp-content\/uploads\/2020\/10\/feu5.png\",\"datePublished\":\"2020-10-05T12:20:31+00:00\",\"dateModified\":\"2024-11-27T10:48:00+00:00\",\"description\":\"Le ramonage de votre chemin\u00e9e est obligatoire deux fois par an. Pour votre s\u00e9curit\u00e9 faites appel \u00e0 Tarentaise Chemin\u00e9es \u00e0 Aime La Plagne.\",\"breadcrumb\":{\"@id\":\"https:\/\/tarentaise-cheminees.fr\/ramonage\/#breadcrumb\"},\"inLanguage\":\"es\",\"potentialAction\":[{\"@type\":\"ReadAction\",\"target\":[\"https:\/\/tarentaise-cheminees.fr\/ramonage\/\"]}]},{\"@type\":\"ImageObject\",\"inLanguage\":\"es\",\"@id\":\"https:\/\/tarentaise-cheminees.fr\/ramonage\/#primaryimage\",\"url\":\"https:\/\/tarentaise-cheminees.fr\/wp-content\/uploads\/2020\/10\/feu5.png\",\"contentUrl\":\"https:\/\/tarentaise-cheminees.fr\/wp-content\/uploads\/2020\/10\/feu5.png\"},{\"@type\":\"BreadcrumbList\",\"@id\":\"https:\/\/tarentaise-cheminees.fr\/ramonage\/#breadcrumb\",\"itemListElement\":[{\"@type\":\"ListItem\",\"position\":1,\"name\":\"Accueil\",\"item\":\"https:\/\/tarentaise-cheminees.fr\/\"},{\"@type\":\"ListItem\",\"position\":2,\"name\":\"Nos services\"}]},{\"@type\":\"WebSite\",\"@id\":\"https:\/\/tarentaise-cheminees.fr\/#website\",\"url\":\"https:\/\/tarentaise-cheminees.fr\/\",\"name\":\"Tarentaise Chemin\u00e9es\",\"description\":\"Le sp\u00e9cialiste de la chemin\u00e9e\",\"potentialAction\":[{\"@type\":\"SearchAction\",\"target\":{\"@type\":\"EntryPoint\",\"urlTemplate\":\"https:\/\/tarentaise-cheminees.fr\/?s={search_term_string}\"},\"query-input\":{\"@type\":\"PropertyValueSpecification\",\"valueRequired\":true,\"valueName\":\"search_term_string\"}}],\"inLanguage\":\"es\"}]}<\/script>\n<!-- \/ Yoast SEO plugin. -->","yoast_head_json":{"title":"Instalaci\u00f3n, desmontaje y mantenimiento - Tarentaise Chemin\u00e9es","description":"Es obligatorio limpiar la chimenea dos veces al a\u00f1o. Para su seguridad, llame al Tarentaise Chemin\u00e9es o al Aime La Plagne.","robots":{"index":"index","follow":"follow","max-snippet":"max-snippet:-1","max-image-preview":"max-image-preview:large","max-video-preview":"max-video-preview:-1"},"canonical":"https:\/\/tarentaise-cheminees.fr\/es\/limpieza-de-chimeneas\/","og_locale":"es_ES","og_type":"article","og_title":"Installation, d\u00e9bistrage, maintenance - Tarentaise Chemin\u00e9es","og_description":"Le ramonage de votre chemin\u00e9e est obligatoire deux fois par an. Pour votre s\u00e9curit\u00e9 faites appel \u00e0 Tarentaise Chemin\u00e9es \u00e0 Aime La Plagne.","og_url":"https:\/\/tarentaise-cheminees.fr\/es\/limpieza-de-chimeneas\/","og_site_name":"Tarentaise Chemin\u00e9es","article_modified_time":"2024-11-27T10:48:00+00:00","og_image":[{"url":"https:\/\/tarentaise-cheminees.fr\/wp-content\/uploads\/2020\/10\/feu5.png","type":"","width":"","height":""}],"twitter_card":"summary_large_image","twitter_misc":{"Tiempo de lectura":"5 minutos"},"schema":{"@context":"https:\/\/schema.org","@graph":[{"@type":"WebPage","@id":"https:\/\/tarentaise-cheminees.fr\/ramonage\/","url":"https:\/\/tarentaise-cheminees.fr\/ramonage\/","name":"Instalaci\u00f3n, desmontaje y mantenimiento - Tarentaise Chemin\u00e9es","isPartOf":{"@id":"https:\/\/tarentaise-cheminees.fr\/#website"},"primaryImageOfPage":{"@id":"https:\/\/tarentaise-cheminees.fr\/ramonage\/#primaryimage"},"image":{"@id":"https:\/\/tarentaise-cheminees.fr\/ramonage\/#primaryimage"},"thumbnailUrl":"https:\/\/tarentaise-cheminees.fr\/wp-content\/uploads\/2020\/10\/feu5.png","datePublished":"2020-10-05T12:20:31+00:00","dateModified":"2024-11-27T10:48:00+00:00","description":"Es obligatorio limpiar la chimenea dos veces al a\u00f1o. Para su seguridad, llame al Tarentaise Chemin\u00e9es o al Aime La Plagne.","breadcrumb":{"@id":"https:\/\/tarentaise-cheminees.fr\/ramonage\/#breadcrumb"},"inLanguage":"es","potentialAction":[{"@type":"ReadAction","target":["https:\/\/tarentaise-cheminees.fr\/ramonage\/"]}]},{"@type":"ImageObject","inLanguage":"es","@id":"https:\/\/tarentaise-cheminees.fr\/ramonage\/#primaryimage","url":"https:\/\/tarentaise-cheminees.fr\/wp-content\/uploads\/2020\/10\/feu5.png","contentUrl":"https:\/\/tarentaise-cheminees.fr\/wp-content\/uploads\/2020\/10\/feu5.png"},{"@type":"BreadcrumbList","@id":"https:\/\/tarentaise-cheminees.fr\/ramonage\/#breadcrumb","itemListElement":[{"@type":"ListItem","position":1,"name":"Accueil","item":"https:\/\/tarentaise-cheminees.fr\/"},{"@type":"ListItem","position":2,"name":"Nos services"}]},{"@type":"WebSite","@id":"https:\/\/tarentaise-cheminees.fr\/#website","url":"https:\/\/tarentaise-cheminees.fr\/","name":"Tarentaise Chemin\u00e9es","description":"El especialista en chimeneas","potentialAction":[{"@type":"SearchAction","target":{"@type":"EntryPoint","urlTemplate":"https:\/\/tarentaise-cheminees.fr\/?s={search_term_string}"},"query-input":{"@type":"PropertyValueSpecification","valueRequired":true,"valueName":"search_term_string"}}],"inLanguage":"es"}]}},"_links":{"self":[{"href":"https:\/\/tarentaise-cheminees.fr\/es\/wp-json\/wp\/v2\/pages\/423","targetHints":{"allow":["GET"]}}],"collection":[{"href":"https:\/\/tarentaise-cheminees.fr\/es\/wp-json\/wp\/v2\/pages"}],"about":[{"href":"https:\/\/tarentaise-cheminees.fr\/es\/wp-json\/wp\/v2\/types\/page"}],"author":[{"embeddable":true,"href":"https:\/\/tarentaise-cheminees.fr\/es\/wp-json\/wp\/v2\/users\/2"}],"replies":[{"embeddable":true,"href":"https:\/\/tarentaise-cheminees.fr\/es\/wp-json\/wp\/v2\/comments?post=423"}],"version-history":[{"count":30,"href":"https:\/\/tarentaise-cheminees.fr\/es\/wp-json\/wp\/v2\/pages\/423\/revisions"}],"predecessor-version":[{"id":9527,"href":"https:\/\/tarentaise-cheminees.fr\/es\/wp-json\/wp\/v2\/pages\/423\/revisions\/9527"}],"wp:attachment":[{"href":"https:\/\/tarentaise-cheminees.fr\/es\/wp-json\/wp\/v2\/media?parent=423"}],"curies":[{"name":"wp","href":"https:\/\/api.w.org\/{rel}","templated":true}]}}