{"id":174,"date":"2018-03-30T09:19:52","date_gmt":"2018-03-30T09:19:52","guid":{"rendered":"https:\/\/bridge198.qodeinteractive.com\/?page_id=174"},"modified":"2020-11-11T10:27:59","modified_gmt":"2020-11-11T09:27:59","slug":"instalador-de-chimeneas","status":"publish","type":"page","link":"https:\/\/tarentaise-cheminees.fr\/es\/instalador-de-chimeneas\/","title":{"rendered":"Nuestra historia"},"content":{"rendered":"<div      class=\"vc_row wpb_row section vc_row-fluid  grid_section\" style=' padding-top:102px; padding-bottom:119px; text-align:left;'><div class=\"section_inner clearfix\"><div class='section_inner_margin clearfix'><div class=\"wpb_column vc_column_container vc_col-sm-12\"><div class=\"vc_column-inner\"><div class=\"wpb_wrapper\"><div class=\"qode-horizontal-timeline qode-timeline-top\">\n\t<div class=\"qode-timeline\">\n\t    <div class=\"qode-events-wrapper\">\n\t        <div class=\"qode-events\">\n\t            <ol>\n\t                \t                    <li><a href=\"javascript:void(0)\" data-date=\"14\/08\/2003\"><span class=\"qode-event-text\">2003<\/span><span class=\"circle-outer\"><span class=\"circle-inner\"><\/span><\/span><\/a><\/li>\n\t                \t                    <li><a href=\"javascript:void(0)\" data-date=\"21\/02\/2005\"><span class=\"qode-event-text\">2006<\/span><span class=\"circle-outer\"><span class=\"circle-inner\"><\/span><\/span><\/a><\/li>\n\t                \t                    <li><a href=\"javascript:void(0)\" data-date=\"03\/02\/2007\"><span class=\"qode-event-text\">2020<\/span><span class=\"circle-outer\"><span class=\"circle-inner\"><\/span><\/span><\/a><\/li>\n\t                \t            <\/ol>\n\t            <span class=\"qode-filling-line\" aria-hidden=\"true\"><\/span>\n\t            <div class=\"qode-dots\"><\/div>\n\t        <\/div>\n\t    <\/div>\n\t    <ul class=\"qode-timeline-navigation\">\n\t        <li><a href=\"#0\" class=\"qode-prev inactive\"><\/a><\/li>\n\t        <li><a href=\"#0\" class=\"qode-next\"><\/a><\/li>\n\t    <\/ul>\n\t<\/div>\n\t<div class=\"qode-events-content\">\n\t    <ol>\n\t        <li class=\"qode-hti-content\" data-date=\"14\/08\/2003\">\n\t<div class=\"qode-hti-content-inner qode-timeline-has-image\">\n\t\t<div class='qode-hti-content-inner-shadow'>\n\t\t\t\t\t\t\t<div class='qode-hti-content-image'>\n\t\t\t\t\t<img loading=\"lazy\" decoding=\"async\" width=\"350\" height=\"240\" src=\"https:\/\/tarentaise-cheminees.fr\/wp-content\/uploads\/2020\/10\/papa-e1602857336357.jpg\" class=\"attachment-full size-full\" alt=\"\" \/>\t\t\t\t<\/div>\n\t\t\t\t\t\t<div class='qode-hti-content-value'>\n\t\t\t\t<div class=\"separator  transparent\" style=\"margin-top: -36px;\"><\/div>\n\n\t<div class=\"wpb_text_column wpb_content_element\">\n\t\t<div class=\"wpb_wrapper\">\n\t\t\t<h2>LA AVENTURA COMIENZA<\/h2>\n\n\t\t<\/div> \n\t<\/div> <div class=\"separator  small left\" style=\"margin-top: 31px;margin-bottom: 31px;background-color: #c7a082;height: 1px;width: 63px;\"><\/div>\n\n\t<div class=\"wpb_text_column wpb_content_element\">\n\t\t<div class=\"wpb_wrapper\">\n\t\t\t<p>Christian Chanudet cre\u00f3 Tarentaise Chemin\u00e9es. Durante 17 a\u00f1os, Christian instal\u00f3 cientos de chimeneas, estufas, insertos y realiz\u00f3 cientos de deshollinamientos en la regi\u00f3n. Como a \u00e9l le gusta decir, su trabajo lo acerca a la vida de las personas y contribuye a su bienestar desde su humilde nivel.<\/p>\n\n\t\t<\/div> \n\t<\/div> \t<div class=\"vc_empty_space\"  style=\"height: 20px\" ><span\n\t\t\tclass=\"vc_empty_space_inner\">\n\t\t\t<span class=\"empty_space_image\"  ><\/span>\n\t\t<\/span><\/div>\n\n\t\t\t<\/div>\n\t\t<\/div>\n\t<\/div>\n<\/li><li class=\"qode-hti-content\" data-date=\"21\/02\/2005\">\n\t<div class=\"qode-hti-content-inner qode-timeline-has-image\">\n\t\t<div class='qode-hti-content-inner-shadow'>\n\t\t\t\t\t\t\t<div class='qode-hti-content-image'>\n\t\t\t\t\t<img loading=\"lazy\" decoding=\"async\" width=\"580\" height=\"397\" src=\"https:\/\/tarentaise-cheminees.fr\/wp-content\/uploads\/2020\/09\/showroom.jpg\" class=\"attachment-full size-full\" alt=\"\" srcset=\"https:\/\/tarentaise-cheminees.fr\/wp-content\/uploads\/2020\/09\/showroom.jpg 580w, https:\/\/tarentaise-cheminees.fr\/wp-content\/uploads\/2020\/09\/showroom-300x205.jpg 300w\" sizes=\"auto, (max-width: 580px) 100vw, 580px\" \/>\t\t\t\t<\/div>\n\t\t\t\t\t\t<div class='qode-hti-content-value'>\n\t\t\t\t<div class=\"separator  transparent\" style=\"margin-top: -36px;\"><\/div>\n\n\t<div class=\"wpb_text_column wpb_content_element\">\n\t\t<div class=\"wpb_wrapper\">\n\t\t\t<h2>LA SALA DE EXPOSICI\u00d3N<\/h2>\n\n\t\t<\/div> \n\t<\/div> <div class=\"separator  small left\" style=\"margin-top: 31px;margin-bottom: 31px;background-color: #c7a082;height: 1px;width: 63px;\"><\/div>\n\n\t<div class=\"wpb_text_column wpb_content_element\">\n\t\t<div class=\"wpb_wrapper\">\n\t\t\t<p>Tarentaise Chemin\u00e9es dispone de un showroom de 100 m2 donde podr\u00e1 ver la amplitud de la oferta de la empresa y donde le recibir\u00e1n hoy C\u00e9line y Maverick, su carism\u00e1tico bulldog ingl\u00e9s que, como ver\u00e1, \u00a1es muy amigable!<\/p>\n\n\t\t<\/div> \n\t<\/div> \t<div class=\"vc_empty_space\"  style=\"height: 20px\" ><span\n\t\t\tclass=\"vc_empty_space_inner\">\n\t\t\t<span class=\"empty_space_image\"  ><\/span>\n\t\t<\/span><\/div>\n\n\t\t\t<\/div>\n\t\t<\/div>\n\t<\/div>\n<\/li><li class=\"qode-hti-content\" data-date=\"03\/02\/2007\">\n\t<div class=\"qode-hti-content-inner qode-timeline-has-image\">\n\t\t<div class='qode-hti-content-inner-shadow'>\n\t\t\t\t\t\t\t<div class='qode-hti-content-image'>\n\t\t\t\t\t<img loading=\"lazy\" decoding=\"async\" width=\"580\" height=\"397\" src=\"https:\/\/tarentaise-cheminees.fr\/wp-content\/uploads\/2020\/09\/lesgerants.jpg\" class=\"attachment-full size-full\" alt=\"\" srcset=\"https:\/\/tarentaise-cheminees.fr\/wp-content\/uploads\/2020\/09\/lesgerants.jpg 580w, https:\/\/tarentaise-cheminees.fr\/wp-content\/uploads\/2020\/09\/lesgerants-300x205.jpg 300w\" sizes=\"auto, (max-width: 580px) 100vw, 580px\" \/>\t\t\t\t<\/div>\n\t\t\t\t\t\t<div class='qode-hti-content-value'>\n\t\t\t\t<div class=\"separator  transparent\" style=\"margin-top: -36px;\"><\/div>\n\n\t<div class=\"wpb_text_column wpb_content_element\">\n\t\t<div class=\"wpb_wrapper\">\n\t\t\t<h2>LA AVENTURA CONTIN\u00daA<\/h2>\n\n\t\t<\/div> \n\t<\/div> <div class=\"separator  small left\" style=\"margin-top: 31px;margin-bottom: 31px;background-color: #c7a082;height: 1px;width: 63px;\"><\/div>\n\n\t<div class=\"wpb_text_column wpb_content_element\">\n\t\t<div class=\"wpb_wrapper\">\n\t\t\t<p>Quentin, hijo de Christian Chanudet, y su socia C\u00e9line se hacen cargo del negocio familiar. A Quentin, desde muy joven, le encantaba ver trabajar a su padre, quien m\u00e1s tarde lo formar\u00eda en la profesi\u00f3n con las palabras clave de la escucha, la pasi\u00f3n, el consejo y la disponibilidad.<\/p>\n\n\t\t<\/div> \n\t<\/div> \t<div class=\"vc_empty_space\"  style=\"height: 20px\" ><span\n\t\t\tclass=\"vc_empty_space_inner\">\n\t\t\t<span class=\"empty_space_image\"  ><\/span>\n\t\t<\/span><\/div>\n\n\t\t\t<\/div>\n\t\t<\/div>\n\t<\/div>\n<\/li>\t    <\/ol>\n\t<\/div>\n<\/div><\/div><\/div><\/div><\/div><\/div><\/div>","protected":false},"excerpt":{"rendered":"2003 2006 2020 COMIENZA LA AVENTURA. Christian Chanudet fund\u00f3 Tarentaise Chemin\u00e9es. A lo largo de 17 a\u00f1os, Christian instal\u00f3 cientos de chimeneas, estufas, insertos y realiz\u00f3 cientos de deshollinadores en la regi\u00f3n. Como le gusta decir, su trabajo lo integra en la vida de las personas y lo hace part\u00edcipe...","protected":false},"author":2,"featured_media":0,"parent":0,"menu_order":0,"comment_status":"closed","ping_status":"closed","template":"full_width.php","meta":{"footnotes":""},"class_list":["post-174","page","type-page","status-publish","hentry"],"yoast_head":"<!-- This site is optimized with the Yoast SEO plugin v26.9 - https:\/\/yoast.com\/product\/yoast-seo-wordpress\/ -->\n<title>Installateur de chemin\u00e9es et inserts - Tarentaise Chemin\u00e9es - Notre histoire.<\/title>\n<meta name=\"description\" content=\"Ramoneur et installateur de chemin\u00e9es, inserts et po\u00eales depuis 2003, nous sommes bas\u00e9s \u00e0 Aime La Plagne, au coeur de la Tarentaise.\" \/>\n<meta name=\"robots\" content=\"index, follow, max-snippet:-1, max-image-preview:large, max-video-preview:-1\" \/>\n<link rel=\"canonical\" href=\"https:\/\/tarentaise-cheminees.fr\/es\/instalador-de-chimeneas\/\" \/>\n<meta property=\"og:locale\" content=\"es_ES\" \/>\n<meta property=\"og:type\" content=\"article\" \/>\n<meta property=\"og:title\" content=\"Installateur de chemin\u00e9es et inserts - Tarentaise Chemin\u00e9es - Notre histoire.\" \/>\n<meta property=\"og:description\" content=\"Ramoneur et installateur de chemin\u00e9es, inserts et po\u00eales depuis 2003, nous sommes bas\u00e9s \u00e0 Aime La Plagne, au coeur de la Tarentaise.\" \/>\n<meta property=\"og:url\" content=\"https:\/\/tarentaise-cheminees.fr\/es\/instalador-de-chimeneas\/\" \/>\n<meta property=\"og:site_name\" content=\"Tarentaise Chemin\u00e9es\" \/>\n<meta property=\"article:modified_time\" content=\"2020-11-11T09:27:59+00:00\" \/>\n<meta name=\"twitter:card\" content=\"summary_large_image\" \/>\n<meta name=\"twitter:label1\" content=\"Tiempo de lectura\" \/>\n\t<meta name=\"twitter:data1\" content=\"2 minutos\" \/>\n<script type=\"application\/ld+json\" class=\"yoast-schema-graph\">{\"@context\":\"https:\/\/schema.org\",\"@graph\":[{\"@type\":\"WebPage\",\"@id\":\"https:\/\/tarentaise-cheminees.fr\/installateur-de-cheminees\/\",\"url\":\"https:\/\/tarentaise-cheminees.fr\/installateur-de-cheminees\/\",\"name\":\"Installateur de chemin\u00e9es et inserts - Tarentaise Chemin\u00e9es - Notre histoire.\",\"isPartOf\":{\"@id\":\"https:\/\/tarentaise-cheminees.fr\/#website\"},\"datePublished\":\"2018-03-30T09:19:52+00:00\",\"dateModified\":\"2020-11-11T09:27:59+00:00\",\"description\":\"Ramoneur et installateur de chemin\u00e9es, inserts et po\u00eales depuis 2003, nous sommes bas\u00e9s \u00e0 Aime La Plagne, au coeur de la Tarentaise.\",\"breadcrumb\":{\"@id\":\"https:\/\/tarentaise-cheminees.fr\/installateur-de-cheminees\/#breadcrumb\"},\"inLanguage\":\"es\",\"potentialAction\":[{\"@type\":\"ReadAction\",\"target\":[\"https:\/\/tarentaise-cheminees.fr\/installateur-de-cheminees\/\"]}]},{\"@type\":\"BreadcrumbList\",\"@id\":\"https:\/\/tarentaise-cheminees.fr\/installateur-de-cheminees\/#breadcrumb\",\"itemListElement\":[{\"@type\":\"ListItem\",\"position\":1,\"name\":\"Accueil\",\"item\":\"https:\/\/tarentaise-cheminees.fr\/\"},{\"@type\":\"ListItem\",\"position\":2,\"name\":\"Notre histoire\"}]},{\"@type\":\"WebSite\",\"@id\":\"https:\/\/tarentaise-cheminees.fr\/#website\",\"url\":\"https:\/\/tarentaise-cheminees.fr\/\",\"name\":\"Tarentaise Chemin\u00e9es\",\"description\":\"Le sp\u00e9cialiste de la chemin\u00e9e\",\"potentialAction\":[{\"@type\":\"SearchAction\",\"target\":{\"@type\":\"EntryPoint\",\"urlTemplate\":\"https:\/\/tarentaise-cheminees.fr\/?s={search_term_string}\"},\"query-input\":{\"@type\":\"PropertyValueSpecification\",\"valueRequired\":true,\"valueName\":\"search_term_string\"}}],\"inLanguage\":\"es\"}]}<\/script>\n<!-- \/ Yoast SEO plugin. -->","yoast_head_json":{"title":"Instalador de chimeneas e insertables \u2013 Tarentaise Chemin\u00e9es \u2013 Nuestra historia.","description":"Deshollinador e instalador de chimeneas, insertables y estufas desde 2003, estamos situados en Aime La Plagne, en el coraz\u00f3n de la regi\u00f3n de Tarentaise.","robots":{"index":"index","follow":"follow","max-snippet":"max-snippet:-1","max-image-preview":"max-image-preview:large","max-video-preview":"max-video-preview:-1"},"canonical":"https:\/\/tarentaise-cheminees.fr\/es\/instalador-de-chimeneas\/","og_locale":"es_ES","og_type":"article","og_title":"Installateur de chemin\u00e9es et inserts - Tarentaise Chemin\u00e9es - Notre histoire.","og_description":"Ramoneur et installateur de chemin\u00e9es, inserts et po\u00eales depuis 2003, nous sommes bas\u00e9s \u00e0 Aime La Plagne, au coeur de la Tarentaise.","og_url":"https:\/\/tarentaise-cheminees.fr\/es\/instalador-de-chimeneas\/","og_site_name":"Tarentaise Chemin\u00e9es","article_modified_time":"2020-11-11T09:27:59+00:00","twitter_card":"summary_large_image","twitter_misc":{"Tiempo de lectura":"2 minutos"},"schema":{"@context":"https:\/\/schema.org","@graph":[{"@type":"WebPage","@id":"https:\/\/tarentaise-cheminees.fr\/installateur-de-cheminees\/","url":"https:\/\/tarentaise-cheminees.fr\/installateur-de-cheminees\/","name":"Instalador de chimeneas e insertables \u2013 Tarentaise Chemin\u00e9es \u2013 Nuestra historia.","isPartOf":{"@id":"https:\/\/tarentaise-cheminees.fr\/#website"},"datePublished":"2018-03-30T09:19:52+00:00","dateModified":"2020-11-11T09:27:59+00:00","description":"Deshollinador e instalador de chimeneas, insertables y estufas desde 2003, estamos situados en Aime La Plagne, en el coraz\u00f3n de la regi\u00f3n de Tarentaise.","breadcrumb":{"@id":"https:\/\/tarentaise-cheminees.fr\/installateur-de-cheminees\/#breadcrumb"},"inLanguage":"es","potentialAction":[{"@type":"ReadAction","target":["https:\/\/tarentaise-cheminees.fr\/installateur-de-cheminees\/"]}]},{"@type":"BreadcrumbList","@id":"https:\/\/tarentaise-cheminees.fr\/installateur-de-cheminees\/#breadcrumb","itemListElement":[{"@type":"ListItem","position":1,"name":"Accueil","item":"https:\/\/tarentaise-cheminees.fr\/"},{"@type":"ListItem","position":2,"name":"Notre histoire"}]},{"@type":"WebSite","@id":"https:\/\/tarentaise-cheminees.fr\/#website","url":"https:\/\/tarentaise-cheminees.fr\/","name":"Tarentaise Chemin\u00e9es","description":"El especialista en chimeneas","potentialAction":[{"@type":"SearchAction","target":{"@type":"EntryPoint","urlTemplate":"https:\/\/tarentaise-cheminees.fr\/?s={search_term_string}"},"query-input":{"@type":"PropertyValueSpecification","valueRequired":true,"valueName":"search_term_string"}}],"inLanguage":"es"}]}},"_links":{"self":[{"href":"https:\/\/tarentaise-cheminees.fr\/es\/wp-json\/wp\/v2\/pages\/174","targetHints":{"allow":["GET"]}}],"collection":[{"href":"https:\/\/tarentaise-cheminees.fr\/es\/wp-json\/wp\/v2\/pages"}],"about":[{"href":"https:\/\/tarentaise-cheminees.fr\/es\/wp-json\/wp\/v2\/types\/page"}],"author":[{"embeddable":true,"href":"https:\/\/tarentaise-cheminees.fr\/es\/wp-json\/wp\/v2\/users\/2"}],"replies":[{"embeddable":true,"href":"https:\/\/tarentaise-cheminees.fr\/es\/wp-json\/wp\/v2\/comments?post=174"}],"version-history":[{"count":19,"href":"https:\/\/tarentaise-cheminees.fr\/es\/wp-json\/wp\/v2\/pages\/174\/revisions"}],"predecessor-version":[{"id":750,"href":"https:\/\/tarentaise-cheminees.fr\/es\/wp-json\/wp\/v2\/pages\/174\/revisions\/750"}],"wp:attachment":[{"href":"https:\/\/tarentaise-cheminees.fr\/es\/wp-json\/wp\/v2\/media?parent=174"}],"curies":[{"name":"wp","href":"https:\/\/api.w.org\/{rel}","templated":true}]}}