{"id":481,"date":"2020-10-05T16:11:15","date_gmt":"2020-10-05T14:11:15","guid":{"rendered":"https:\/\/tarentaise-cheminees.fr\/?page_id=481"},"modified":"2025-04-03T12:24:55","modified_gmt":"2025-04-03T10:24:55","slug":"outdoor-fireplaces","status":"publish","type":"page","link":"https:\/\/tarentaise-cheminees.fr\/en\/outdoor-fireplaces\/","title":{"rendered":"Outside"},"content":{"rendered":"<section      data-speed=\"1\" class=\"parallax_section_holder\" style = \" height:px; background-image:url('https:\/\/tarentaise-cheminees.fr\/wp-content\/uploads\/2020\/09\/BANDEAU-DEVIS-scaled.jpg');\"><div class=\"parallax_content center\"><div class='parallax_section_inner_margin clearfix'><div class=\"wpb_column vc_column_container vc_col-sm-12\"><div class=\"vc_column-inner\"><div class=\"wpb_wrapper\"><div class='q_elements_holder one_column responsive_mode_from_768' ><div class='q_elements_item' data-480-600='184px 0% 168px 0%' data-480='184px 0% 168px 0%' data-animation='no' data-item-class='q_elements_holder_custom_823692'><div class='q_elements_item_inner'><div class='q_elements_item_content q_elements_holder_custom_823692' style='padding:184px 8% 168px 8%'>\n\t<div class=\"wpb_text_column wpb_content_element\">\n\t\t<div class=\"wpb_wrapper\">\n\t\t\t<h2><span style=\"color: #ffffff;\"><span style=\"caret-color: #ffffff;\">\u00a0In the great outdoors<\/span><\/span><\/h2>\n\n\t\t<\/div> \n\t<\/div> <div class=\"separator  small center\" style=\"margin-top: 25px;margin-bottom: 34px;background-color: #c7a082;height: 1px;width: 63px;\"><\/div>\n\n\t<div class=\"wpb_text_column wpb_content_element\">\n\t\t<div class=\"wpb_wrapper\">\n\t\t\t<h5><span style=\"color: #ffffff;\"><span style=\"font-size: 14pt; font-family: Georgia, Palatino;\">Bioethanol, wood, or gas fireplaces add a touch of charm to your outdoor space, whatever the season. Our partner brands below, with their diverse styles, should meet your needs.<\/span><span style=\"font-size: 14pt; font-family: Georgia, Palatino;\"> of softness by your pool or around your table. <\/span><\/span><\/h5>\n<h5><span style=\"color: #ffffff;\"><span style=\"font-size: 14pt; font-family: Georgia, Palatino;\">We will be able to guide you in choosing the fuel best suited to your needs.<\/span><\/span><\/h5>\n<h3><\/h3>\n\n\t\t<\/div> \n\t<\/div> \t<div class=\"vc_empty_space\"  style=\"height: 35px\" ><span\n\t\t\tclass=\"vc_empty_space_inner\">\n\t\t\t<span class=\"empty_space_image\"  ><\/span>\n\t\t<\/span><\/div>\n\n<\/div><\/div><\/div><\/div><\/div><\/div><\/div><\/div><\/div><\/section><div      class=\"vc_row wpb_row section vc_row-fluid  grid_section\" style=' padding-top:84px; padding-bottom:130px; text-align:left;'><div class=\"section_inner clearfix\"><div class='section_inner_margin clearfix'><div class=\"wpb_column vc_column_container vc_col-sm-12 vc_col-md-7\"><div class=\"vc_column-inner\"><div class=\"wpb_wrapper\"><div class='q_elements_holder one_column responsive_mode_from_768' ><div class='q_elements_item' data-600-768='0 0px 0 0px' data-480-600='0 0px 0 0px' data-480='0 0px 0 0px' data-animation='no' data-item-class='q_elements_holder_custom_147059'><div class='q_elements_item_inner'><div class='q_elements_item_content q_elements_holder_custom_147059' style='padding:0px 9px 0 9px'>\n\t<div class=\"wpb_single_image wpb_content_element vc_align_left\">\n\t\t<div class=\"wpb_wrapper\">\n\t\t\t\n\t\t\t<div class=\"vc_single_image-wrapper   vc_box_border_grey\"><img loading=\"lazy\" decoding=\"async\" width=\"800\" height=\"523\" src=\"https:\/\/tarentaise-cheminees.fr\/wp-content\/uploads\/2020\/09\/accueil-finoptim-brasero2.jpg\" class=\"vc_single_image-img attachment-full\" alt=\"\" srcset=\"https:\/\/tarentaise-cheminees.fr\/wp-content\/uploads\/2020\/09\/accueil-finoptim-brasero2.jpg 800w, https:\/\/tarentaise-cheminees.fr\/wp-content\/uploads\/2020\/09\/accueil-finoptim-brasero2-300x196.jpg 300w, https:\/\/tarentaise-cheminees.fr\/wp-content\/uploads\/2020\/09\/accueil-finoptim-brasero2-768x502.jpg 768w, https:\/\/tarentaise-cheminees.fr\/wp-content\/uploads\/2020\/09\/accueil-finoptim-brasero2-700x458.jpg 700w\" sizes=\"auto, (max-width: 800px) 100vw, 800px\" \/><\/div>\n\t\t<\/div>\n\t<\/div>\n<\/div><\/div><\/div><\/div><\/div><\/div><\/div><div class=\"wpb_column vc_column_container vc_col-sm-12 vc_col-md-5\"><div class=\"vc_column-inner\"><div class=\"wpb_wrapper\"><div class='q_elements_holder one_column responsive_mode_from_768' ><div class='q_elements_item' data-1024-1280='72px 40px 0 0' data-768-1024='35px 40px 0 0' data-600-768='60px 40px 0px 0' data-animation='no' data-item-class='q_elements_holder_custom_451629'><div class='q_elements_item_inner'><div class='q_elements_item_content q_elements_holder_custom_451629' style='padding:25px 40px 0 8px'>\n\t<div class=\"wpb_text_column wpb_content_element\">\n\t\t<div class=\"wpb_wrapper\">\n\t\t\t<h2>FINOPTIM<\/h2>\n\n\t\t<\/div> \n\t<\/div> <div class=\"separator  small left\" style=\"margin-top: 28px;margin-bottom: 38px;background-color: #c7a082;height: 1px;width: 63px;\"><\/div>\n\n\t<div class=\"wpb_text_column wpb_content_element\">\n\t\t<div class=\"wpb_wrapper\">\n\t\t\t<p>Legend has it that the spark was lit by the fireside: the desire to rethink wood heating, to preserve all its nobility but to create a new setting for it, both more efficient and refined. To reinvent this ancestral art of fire, we combined traditional know-how with cutting-edge techniques. This is how the open insert was born, our original creation, the one that gave birth to Finoptim. Since then, other innovations have followed. And they all involve wood, of course...<\/p>\n\n\t\t<\/div> \n\t<\/div> \t<div class=\"vc_empty_space\"  style=\"height: 32px\" ><span\n\t\t\tclass=\"vc_empty_space_inner\">\n\t\t\t<span class=\"empty_space_image\"  ><\/span>\n\t\t<\/span><\/div>\n\n<a  itemprop=\"url\" href=\"https:\/\/finoptim.eu\/produits\/brasero-faro\/\" target=\"_blank\"  class=\"qbutton  default\" style=\"\">Discover the range<\/a><\/div><\/div><\/div><\/div><\/div><\/div><\/div><\/div><\/div><\/div><div      class=\"vc_row wpb_row section vc_row-fluid  grid_section\" style=' padding-top:84px; padding-bottom:130px; text-align:left;'><div class=\"section_inner clearfix\"><div class='section_inner_margin clearfix'><div class=\"wpb_column vc_column_container vc_col-sm-12 vc_col-md-7\"><div class=\"vc_column-inner\"><div class=\"wpb_wrapper\"><div class='q_elements_holder one_column responsive_mode_from_768' ><div class='q_elements_item' data-600-768='0 0px 0 0px' data-480-600='0 0px 0 0px' data-480='0 0px 0 0px' data-animation='no' data-item-class='q_elements_holder_custom_565652'><div class='q_elements_item_inner'><div class='q_elements_item_content q_elements_holder_custom_565652' style='padding:0px 9px 0 9px'>\n\t<div class=\"wpb_single_image wpb_content_element vc_align_left\">\n\t\t<div class=\"wpb_wrapper\">\n\t\t\t\n\t\t\t<div class=\"vc_single_image-wrapper   vc_box_border_grey\"><img loading=\"lazy\" decoding=\"async\" width=\"800\" height=\"523\" src=\"https:\/\/tarentaise-cheminees.fr\/wp-content\/uploads\/2025\/04\/PLANCHA-TOTEM-TERRA.jpg\" class=\"vc_single_image-img attachment-full\" alt=\"\" srcset=\"https:\/\/tarentaise-cheminees.fr\/wp-content\/uploads\/2025\/04\/PLANCHA-TOTEM-TERRA.jpg 800w, https:\/\/tarentaise-cheminees.fr\/wp-content\/uploads\/2025\/04\/PLANCHA-TOTEM-TERRA-300x196.jpg 300w, https:\/\/tarentaise-cheminees.fr\/wp-content\/uploads\/2025\/04\/PLANCHA-TOTEM-TERRA-768x502.jpg 768w, https:\/\/tarentaise-cheminees.fr\/wp-content\/uploads\/2025\/04\/PLANCHA-TOTEM-TERRA-700x458.jpg 700w\" sizes=\"auto, (max-width: 800px) 100vw, 800px\" \/><\/div>\n\t\t<\/div>\n\t<\/div>\n<\/div><\/div><\/div><\/div><\/div><\/div><\/div><div class=\"wpb_column vc_column_container vc_col-sm-12 vc_col-md-5\"><div class=\"vc_column-inner\"><div class=\"wpb_wrapper\"><div class='q_elements_holder one_column responsive_mode_from_768' ><div class='q_elements_item' data-1024-1280='72px 40px 0 0' data-768-1024='35px 40px 0 0' data-600-768='60px 40px 0px 0' data-animation='no' data-item-class='q_elements_holder_custom_153376'><div class='q_elements_item_inner'><div class='q_elements_item_content q_elements_holder_custom_153376' style='padding:20px 40px 0 8px'>\n\t<div class=\"wpb_text_column wpb_content_element\">\n\t\t<div class=\"wpb_wrapper\">\n\t\t\t<h2>TOTEM<\/h2>\n\n\t\t<\/div> \n\t<\/div> <div class=\"separator  small left\" style=\"margin-top: 28px;margin-bottom: 38px;background-color: #c7a082;height: 1px;width: 63px;\"><\/div>\n\n\t<div class=\"wpb_text_column wpb_content_element\">\n\t\t<div class=\"wpb_wrapper\">\n\t\t\t<div class=\"row clearAfter\">\n<p>There <strong>Terra Totem plancha<\/strong> is proudly <strong>made in France<\/strong>, a guarantee of quality and know-how. Each stage of its production is meticulously controlled to guarantee high standards. Every detail of this plancha has been carefully designed to offer exceptional performance and a <strong>long-term sustainability<\/strong>. By choosing this plancha, you support the<strong>local industry<\/strong> and contribute to maintaining the <strong>jobs in France<\/strong>.<\/p>\n<\/div>\n\n\t\t<\/div> \n\t<\/div> \t<div class=\"vc_empty_space\"  style=\"height: 32px\" ><span\n\t\t\tclass=\"vc_empty_space_inner\">\n\t\t\t<span class=\"empty_space_image\"  ><\/span>\n\t\t<\/span><\/div>\n\n<a  itemprop=\"url\" href=\"https:\/\/www.totemfire.com\/produits\/plancha-terra\" target=\"_blank\"  class=\"qbutton  default\" style=\"\">Discover the range<\/a><\/div><\/div><\/div><\/div><\/div><\/div><\/div><\/div><\/div><\/div><section      data-speed=\"1\" class=\"parallax_section_holder\" style = \" height:px; background-image:url('https:\/\/tarentaise-cheminees.fr\/wp-content\/uploads\/2020\/09\/BANDEAU-DEVIS-scaled.jpg');\"><div class=\"parallax_content center\"><div class='parallax_section_inner_margin clearfix'><div class=\"wpb_column vc_column_container vc_col-sm-12\"><div class=\"vc_column-inner\"><div class=\"wpb_wrapper\"><div class='q_elements_holder one_column responsive_mode_from_768' ><div class='q_elements_item' data-480-600='184px 0% 168px 0%' data-480='184px 0% 168px 0%' data-animation='no' data-item-class='q_elements_holder_custom_149974'><div class='q_elements_item_inner'><div class='q_elements_item_content q_elements_holder_custom_149974' style='padding:184px 8% 168px 8%'>\n\t<div class=\"wpb_text_column wpb_content_element\">\n\t\t<div class=\"wpb_wrapper\">\n\t\t\t<h1><span style=\"color: #ffffff;\">Get a quote<\/span><\/h1>\n\n\t\t<\/div> \n\t<\/div> <div class=\"separator  small center\" style=\"margin-top: 25px;margin-bottom: 34px;background-color: #c7a082;height: 1px;width: 63px;\"><\/div>\n\n\t<div class=\"wpb_text_column wpb_content_element\">\n\t\t<div class=\"wpb_wrapper\">\n\t\t\t<h5><span style=\"color: #eae9e9;\">Got a project or a desire? Contact us for a free quote. Quentin will be happy to come and meet you at your home to verify the feasibility of your project and provide you with technical and design solutions. We handle your installation from A to Z. A single point of contact for greater peace of mind.<\/span><\/h5>\n<p>&nbsp;<\/p>\n<h3><span style=\"color: #ffffff;\"><a style=\"color: #ffffff;\" href=\"tel:0479070419\"><span style=\"color: #c7a082;\">CALL US<\/span><\/a><span style=\"color: #c7a082;\">\u00a0Or <\/span><\/span><span style=\"color: #c7a082;\"><a style=\"color: #c7a082;\" href=\"https:\/\/tarentaise-cheminees.fr\/en\/contact\/\">WRITE TO US<\/a><\/span><\/h3>\n\n\t\t<\/div> \n\t<\/div> \t<div class=\"vc_empty_space\"  style=\"height: 35px\" ><span\n\t\t\tclass=\"vc_empty_space_inner\">\n\t\t\t<span class=\"empty_space_image\"  ><\/span>\n\t\t<\/span><\/div>\n\n<\/div><\/div><\/div><\/div><\/div><\/div><\/div><\/div><\/div><\/section>","protected":false},"excerpt":{"rendered":"\u00a0Outdoors: Bioethanol, wood, or gas fireplaces add a touch of charm to your outdoor space, whatever the season. Our partner brands below, with their diverse styles, should meet your need for a cozy atmosphere by your pool or...","protected":false},"author":2,"featured_media":0,"parent":0,"menu_order":0,"comment_status":"closed","ping_status":"closed","template":"full_width.php","meta":{"footnotes":""},"class_list":["post-481","page","type-page","status-publish","hentry"],"yoast_head":"<!-- This site is optimized with the Yoast SEO plugin v26.9 - https:\/\/yoast.com\/product\/yoast-seo-wordpress\/ -->\n<title>Foyers d&#039;ext\u00e9rieur - Tarentaise Chemin\u00e9es - Finoptim - Ebios Fire.<\/title>\n<meta name=\"description\" content=\"Les foyers d&#039;ext\u00e9rieur offrent une douceur et un charme fou \u00e0 votre ext\u00e9rieur que ce soit dans votre jardin ou au bord de votre piscine.\" \/>\n<meta name=\"robots\" content=\"index, follow, max-snippet:-1, max-image-preview:large, max-video-preview:-1\" \/>\n<link rel=\"canonical\" href=\"https:\/\/tarentaise-cheminees.fr\/en\/outdoor-fireplaces\/\" \/>\n<meta property=\"og:locale\" content=\"en_GB\" \/>\n<meta property=\"og:type\" content=\"article\" \/>\n<meta property=\"og:title\" content=\"Foyers d&#039;ext\u00e9rieur - Tarentaise Chemin\u00e9es - Finoptim - Ebios Fire.\" \/>\n<meta property=\"og:description\" content=\"Les foyers d&#039;ext\u00e9rieur offrent une douceur et un charme fou \u00e0 votre ext\u00e9rieur que ce soit dans votre jardin ou au bord de votre piscine.\" \/>\n<meta property=\"og:url\" content=\"https:\/\/tarentaise-cheminees.fr\/en\/outdoor-fireplaces\/\" \/>\n<meta property=\"og:site_name\" content=\"Tarentaise Chemin\u00e9es\" \/>\n<meta property=\"article:modified_time\" content=\"2025-04-03T10:24:55+00:00\" \/>\n<meta name=\"twitter:card\" content=\"summary_large_image\" \/>\n<meta name=\"twitter:label1\" content=\"Estimated reading time\" \/>\n\t<meta name=\"twitter:data1\" content=\"3 minutes\" \/>\n<script type=\"application\/ld+json\" class=\"yoast-schema-graph\">{\"@context\":\"https:\/\/schema.org\",\"@graph\":[{\"@type\":\"WebPage\",\"@id\":\"https:\/\/tarentaise-cheminees.fr\/foyers-dexterieur\/\",\"url\":\"https:\/\/tarentaise-cheminees.fr\/foyers-dexterieur\/\",\"name\":\"Foyers d'ext\u00e9rieur - Tarentaise Chemin\u00e9es - Finoptim - Ebios Fire.\",\"isPartOf\":{\"@id\":\"https:\/\/tarentaise-cheminees.fr\/#website\"},\"datePublished\":\"2020-10-05T14:11:15+00:00\",\"dateModified\":\"2025-04-03T10:24:55+00:00\",\"description\":\"Les foyers d'ext\u00e9rieur offrent une douceur et un charme fou \u00e0 votre ext\u00e9rieur que ce soit dans votre jardin ou au bord de votre piscine.\",\"breadcrumb\":{\"@id\":\"https:\/\/tarentaise-cheminees.fr\/foyers-dexterieur\/#breadcrumb\"},\"inLanguage\":\"en-GB\",\"potentialAction\":[{\"@type\":\"ReadAction\",\"target\":[\"https:\/\/tarentaise-cheminees.fr\/foyers-dexterieur\/\"]}]},{\"@type\":\"BreadcrumbList\",\"@id\":\"https:\/\/tarentaise-cheminees.fr\/foyers-dexterieur\/#breadcrumb\",\"itemListElement\":[{\"@type\":\"ListItem\",\"position\":1,\"name\":\"Accueil\",\"item\":\"https:\/\/tarentaise-cheminees.fr\/\"},{\"@type\":\"ListItem\",\"position\":2,\"name\":\"Ext\u00e9rieur\"}]},{\"@type\":\"WebSite\",\"@id\":\"https:\/\/tarentaise-cheminees.fr\/#website\",\"url\":\"https:\/\/tarentaise-cheminees.fr\/\",\"name\":\"Tarentaise Chemin\u00e9es\",\"description\":\"Le sp\u00e9cialiste de la chemin\u00e9e\",\"potentialAction\":[{\"@type\":\"SearchAction\",\"target\":{\"@type\":\"EntryPoint\",\"urlTemplate\":\"https:\/\/tarentaise-cheminees.fr\/?s={search_term_string}\"},\"query-input\":{\"@type\":\"PropertyValueSpecification\",\"valueRequired\":true,\"valueName\":\"search_term_string\"}}],\"inLanguage\":\"en-GB\"}]}<\/script>\n<!-- \/ Yoast SEO plugin. -->","yoast_head_json":{"title":"Outdoor fireplaces - Tarentaise Chemin\u00e9es - Finoptim - Ebios Fire.","description":"Outdoor fireplaces add a touch of softness and charm to your outdoor space, whether in your garden or by your pool.","robots":{"index":"index","follow":"follow","max-snippet":"max-snippet:-1","max-image-preview":"max-image-preview:large","max-video-preview":"max-video-preview:-1"},"canonical":"https:\/\/tarentaise-cheminees.fr\/en\/outdoor-fireplaces\/","og_locale":"en_GB","og_type":"article","og_title":"Foyers d'ext\u00e9rieur - Tarentaise Chemin\u00e9es - Finoptim - Ebios Fire.","og_description":"Les foyers d'ext\u00e9rieur offrent une douceur et un charme fou \u00e0 votre ext\u00e9rieur que ce soit dans votre jardin ou au bord de votre piscine.","og_url":"https:\/\/tarentaise-cheminees.fr\/en\/outdoor-fireplaces\/","og_site_name":"Tarentaise Chemin\u00e9es","article_modified_time":"2025-04-03T10:24:55+00:00","twitter_card":"summary_large_image","twitter_misc":{"Estimated reading time":"3 minutes"},"schema":{"@context":"https:\/\/schema.org","@graph":[{"@type":"WebPage","@id":"https:\/\/tarentaise-cheminees.fr\/foyers-dexterieur\/","url":"https:\/\/tarentaise-cheminees.fr\/foyers-dexterieur\/","name":"Outdoor fireplaces - Tarentaise Chemin\u00e9es - Finoptim - Ebios Fire.","isPartOf":{"@id":"https:\/\/tarentaise-cheminees.fr\/#website"},"datePublished":"2020-10-05T14:11:15+00:00","dateModified":"2025-04-03T10:24:55+00:00","description":"Outdoor fireplaces add a touch of softness and charm to your outdoor space, whether in your garden or by your pool.","breadcrumb":{"@id":"https:\/\/tarentaise-cheminees.fr\/foyers-dexterieur\/#breadcrumb"},"inLanguage":"en-GB","potentialAction":[{"@type":"ReadAction","target":["https:\/\/tarentaise-cheminees.fr\/foyers-dexterieur\/"]}]},{"@type":"BreadcrumbList","@id":"https:\/\/tarentaise-cheminees.fr\/foyers-dexterieur\/#breadcrumb","itemListElement":[{"@type":"ListItem","position":1,"name":"Accueil","item":"https:\/\/tarentaise-cheminees.fr\/"},{"@type":"ListItem","position":2,"name":"Ext\u00e9rieur"}]},{"@type":"WebSite","@id":"https:\/\/tarentaise-cheminees.fr\/#website","url":"https:\/\/tarentaise-cheminees.fr\/","name":"Tarentaise Chemin\u00e9es","description":"The fireplace specialist","potentialAction":[{"@type":"SearchAction","target":{"@type":"EntryPoint","urlTemplate":"https:\/\/tarentaise-cheminees.fr\/?s={search_term_string}"},"query-input":{"@type":"PropertyValueSpecification","valueRequired":true,"valueName":"search_term_string"}}],"inLanguage":"en-GB"}]}},"_links":{"self":[{"href":"https:\/\/tarentaise-cheminees.fr\/en\/wp-json\/wp\/v2\/pages\/481","targetHints":{"allow":["GET"]}}],"collection":[{"href":"https:\/\/tarentaise-cheminees.fr\/en\/wp-json\/wp\/v2\/pages"}],"about":[{"href":"https:\/\/tarentaise-cheminees.fr\/en\/wp-json\/wp\/v2\/types\/page"}],"author":[{"embeddable":true,"href":"https:\/\/tarentaise-cheminees.fr\/en\/wp-json\/wp\/v2\/users\/2"}],"replies":[{"embeddable":true,"href":"https:\/\/tarentaise-cheminees.fr\/en\/wp-json\/wp\/v2\/comments?post=481"}],"version-history":[{"count":13,"href":"https:\/\/tarentaise-cheminees.fr\/en\/wp-json\/wp\/v2\/pages\/481\/revisions"}],"predecessor-version":[{"id":9555,"href":"https:\/\/tarentaise-cheminees.fr\/en\/wp-json\/wp\/v2\/pages\/481\/revisions\/9555"}],"wp:attachment":[{"href":"https:\/\/tarentaise-cheminees.fr\/en\/wp-json\/wp\/v2\/media?parent=481"}],"curies":[{"name":"wp","href":"https:\/\/api.w.org\/{rel}","templated":true}]}}