{"id":3,"date":"2020-09-23T10:43:39","date_gmt":"2020-09-23T08:43:39","guid":{"rendered":"https:\/\/tarentaise-cheminees.fr\/?page_id=3"},"modified":"2020-10-22T16:27:36","modified_gmt":"2020-10-22T14:27:36","slug":"legal-notices","status":"publish","type":"page","link":"https:\/\/tarentaise-cheminees.fr\/en\/legal-notices\/","title":{"rendered":"Legal notices"},"content":{"rendered":"<h3 class=\"wp-block-heading\">WEBDESIGN &amp; DEVELOPMENT<\/h3>\n\n\n\n<p>SQUID \u2013 www.agencesquid.com<\/p>\n\n\n\n<h3 class=\"wp-block-heading\">1. Legal information<\/h3>\n\n\n\n<p>The publisher of the Site is the company Tarentaise Chemin\u00e9es, SARL with share capital of \u20ac7,000, registered in the Chamb\u00e9ry trade and companies register and whose hyphen number is 51291305400015<br>The head office is located: <a>59 RTE DE LA FORTUNE 73210 AIME-LA-PLAGNE<\/a><br>Tel: +33 (1) 07 50 65 74 78<br>Email: Tarentaise.cheminees73@gmail.com<br>Publication Director: Quentin Chanudet<\/p>\n\n\n\n<h3 class=\"wp-block-heading\">2. Hosting the site<\/h3>\n\n\n\n<p>The tarentaise-cheminees.fr website is hosted by OVH, a simplified joint-stock company with a capital of 10,000,000 euros, registered with the Roubaix-Tourcoing Trade and Companies Register under number 424 761 419 00045.<br>Head office: 2 rue Kellerman 59100 Roubaix France<\/p>\n\n\n\n<h3 class=\"wp-block-heading\">3. Intellectual Property Rights<\/h3>\n\n\n\n<p>The Site and all of its content (in particular the trademarks, logos, any graphic, textual and computer element of the Site including in particular the tree structures, formatting, articles, presentations, illustrations, photographs, and\/or any other document) are protected by French and international laws on copyright and intellectual property.<br>No interpretation may be made in favor of a license of use or any right to use these elements.<br>As such, their representations, reproductions, imbrications, distributions and redistributions, in part or in whole, are prohibited (Article L. 122-4 of the Intellectual Property Code). Any person doing so without being able to provide proof of prior and express authorization from the holder of these rights is liable to penalties relating to the offense of counterfeiting (Articles L. 335-2 et seq. of the Intellectual Property Code). Les Br\u00e9vi\u00e8res may use its rights, in particular intellectual property rights, to initiate proceedings, including criminal proceedings.<br>Les Br\u00e9vi\u00e8res reserves the right to improve or modify the information, products, programs, or conditions of use described on the Site at any time, without incurring any liability as a result. The applicable conditions and notices will be those in effect on the date you connect to the Site.<\/p>\n\n\n\n<h3 class=\"wp-block-heading\">4. Hypertext links<\/h3>\n\n\n\n<p>The user who is redirected to a third-party site via a hyperlink established towards other sites acknowledges that Les Br\u00e9vi\u00e8res does not control the content, information, products and services offered on these sites. Consequently, Les Br\u00e9vi\u00e8res cannot under any circumstances be held liable for any direct or indirect damage resulting from the use of sites accessible via hyperlinks.<br>Les Br\u00e9vi\u00e8res is also not responsible for hypertext links pointing to the Site.<br>Any person wishing to set up hypertext links pointing to the Site must obtain prior written authorization from Les Br\u00e9vi\u00e8res.<\/p>\n\n\n\n<h3 class=\"wp-block-heading\">5. Limitation of Warranty<\/h3>\n\n\n\n<p>Les Br\u00e9vi\u00e8res reminds Internet users of the characteristics and limitations of the Internet network. Les Br\u00e9vi\u00e8res cannot be held responsible for any damage resulting from access to the Site or, conversely, from the inability to access it. Les Br\u00e9vi\u00e8res cannot be held responsible under any circumstances in the event of unavailability of the Site, for any reason whatsoever (technical fault, network congestion, etc.).<br>The user expressly acknowledges that they use the Site at their own risk and under their sole responsibility. Les Br\u00e9vi\u00e8res cannot be held liable for any damage, direct or indirect, material or immaterial, caused to users, their computer or telecommunications equipment, the data stored therein, and the consequences that may result from this on their personal, professional, or commercial activity.<br>The information on the Site is provided for informational purposes only. The information published on this Site is updated and checked periodically but may still contain errors. In any event, the information must be taken into consideration at the time it is posted online and not at the time you consult the Site (this data may have been updated between the time you downloaded it and the time you read it). In any event, Le BSM cannot be held liable for this information.<\/p>\n\n\n\n<h3 class=\"wp-block-heading\">6. Use of the site<\/h3>\n\n\n\n<p>Les Br\u00e9vi\u00e8res offers the Site primarily for the use of its customers and anyone wishing to learn about and purchase its products and services.<br>When you connect to the Site:<br>\u2013 you agree to comply with these terms and conditions and, more generally, with applicable legislation,<br>\u2013 you refrain from any collection or misuse, in particular of personal information to which you may have access and, in general, from any act likely to harm third parties.<br>When you complete a form and provide information, you agree to:<br>\u2013 provide real, accurate and up-to-date information at the time of entry and in particular not to use false names, titles or addresses, or names, titles or addresses without authorization,<br>\u2013 keep registration data up to date in order to ensure that it is always real and accurate,<br>\u2013 not to make available or distribute any information, programs or elements that are illegal, reprehensible or harmful (such as viruses, hacking or copying software).<br>\u2013 not to disseminate comments, opinions or information of a defamatory, obscene, violent, racist nature and more generally contravening the laws and regulations in force, the rights of individuals and morality.<br>In the event of a violation of these provisions, Les Br\u00e9vi\u00e8res reserves the right to prohibit you from accessing the Site or the services offered, at your exclusive risk and without prejudice to any liability action.<\/p>\n\n\n\n<p>Use of personal data collected<\/p>\n\n\n\n<h3 class=\"wp-block-heading\">7. Comments<\/h3>\n\n\n\n<p>When you leave a comment on our website, the data entered in the comment form, but also your IP address and the user agent of your browser are collected to help us detect unwanted comments.<\/p>\n\n\n\n<p>An anonymized string created from your email address (also called a hash) may be provided to the Gravatar service to see if you are using it. The Gravatar service privacy policy is available here: https:\/\/automattic.com\/privacy\/. After approval of your comment, your profile picture is visible to the public in the context of your comment.8. Media<\/p>\n\n\n\n<p>If you are a registered user and upload images to the website, we advise you to avoid uploading images with embedded location data (EXIF GPS) included. Visitors to the website can download and extract any location data from images on the website.<\/p>\n\n\n\n<h3 class=\"wp-block-heading\">8. Cookies<\/h3>\n\n\n\n<p>If you leave a comment on our site you may opt-in to saving your name, email address and website in cookies. These are for your convenience so that you do not have to fill in your details again when you leave another comment. These cookies will last for one year.<\/p>\n\n\n\n<p>If you have an account and you log in to this site, a temporary cookie will be created to determine if your browser accepts cookies. This cookie does not contain any personal data and will be deleted automatically when you close your browser.<\/p>\n\n\n\n<p>When you log in, we will set up several cookies to save your login information and your screen display choices. Login cookies last for two days, and screen options cookies last for a year. If you select &quot;Remember Me&quot;, your login will persist for two weeks. If you log out of your account, the login cookies will be removed.<\/p>\n\n\n\n<p>By editing or publishing an article, an additional cookie will be saved in your browser. This cookie does not include any personal data. It simply indicates the post ID of the article you just edited. It expires after 1 day.<\/p>\n\n\n\n<h3 class=\"wp-block-heading\">9. Embedded content from other sites<\/h3>\n\n\n\n<p>Articles on this site may include embedded content (e.g. videos, images, articles, etc.). Embedded content from other websites behaves in the exact same way as if the visitor has visited the other website.<\/p>\n\n\n\n<p>These websites may collect data about you, use cookies, embed third-party tracking tools, and track your interactions with that embedded content if you have an account and are logged in to that website.<\/p>\n\n\n\n<h3 class=\"wp-block-heading\">10. Storage durations of your data<\/h3>\n\n\n\n<p>If you leave a comment, the comment and its metadata are retained indefinitely. This is so we can automatically recognize and approve any follow-up comments instead of holding them in a moderation queue.<\/p>\n\n\n\n<p>For users that register on our website (if any), we also store the personal information they provide in their user profile. All users can see, edit, or delete their personal information at any time (except they cannot change their username). Website administrators can also see and edit that information.<\/p>\n\n\n\n<h3 class=\"wp-block-heading\">11. The rights you have over your data<\/h3>\n\n\n\n<p>If you have an account on this site, or have left comments, you can request to receive a file of the personal data we hold about you, including any data you have provided to us. You can also request that we erase any personal data we hold about you. This does not include any data we are obliged to keep for administrative, legal, or security purposes.<\/p>\n\n\n\n<h3 class=\"wp-block-heading\">12. Transmission of your personal data<\/h3>\n\n\n\n<p>Visitor comments may be checked through an automated spam detection service.<\/p>\n\n\n\n<p><\/p>\n\n\n\n<p><\/p>","protected":false},"excerpt":{"rendered":"<p>WEBDESIGN &amp; DEVELOPMENT SQUID \u2013 www.agencesquid.com 1. Legal information The publisher of the Site is the company Tarentaise Chemin\u00e9es, SARL with share capital of \u20ac7,000, registered in the Chamb\u00e9ry trade and companies register and whose hyphen number is 51291305400015. The registered office is\u2026<\/p>","protected":false},"author":2,"featured_media":0,"parent":0,"menu_order":0,"comment_status":"closed","ping_status":"closed","template":"","meta":{"footnotes":""},"class_list":["post-3","page","type-page","status-publish","hentry"],"yoast_head":"<!-- This site is optimized with the Yoast SEO plugin v26.9 - https:\/\/yoast.com\/product\/yoast-seo-wordpress\/ -->\n<title>Mentions l\u00e9gales - Tarentaise Chemin\u00e9es<\/title>\n<meta name=\"robots\" content=\"index, follow, max-snippet:-1, max-image-preview:large, max-video-preview:-1\" \/>\n<link rel=\"canonical\" href=\"https:\/\/tarentaise-cheminees.fr\/en\/legal-notices\/\" \/>\n<meta property=\"og:locale\" content=\"en_GB\" \/>\n<meta property=\"og:type\" content=\"article\" \/>\n<meta property=\"og:title\" content=\"Mentions l\u00e9gales - Tarentaise Chemin\u00e9es\" \/>\n<meta property=\"og:description\" content=\"WEBDESIGN &amp; D\u00c9VELOPPEMENT SQUID &#8211; www.agencesquid.com 1. Informations l\u00e9gales L\u2019\u00e9diteur du Site est la soci\u00e9t\u00e9 Tarentaise Chemin\u00e9es, SARL au capital social de 7000 \u20ac, immatricul\u00e9e au registre du commerce et des soci\u00e9t\u00e9s de Chamb\u00e9ry et dont le n\u00b0 de tiret est 51291305400015Le si\u00e8ge social est...\" \/>\n<meta property=\"og:url\" content=\"https:\/\/tarentaise-cheminees.fr\/en\/legal-notices\/\" \/>\n<meta property=\"og:site_name\" content=\"Tarentaise Chemin\u00e9es\" \/>\n<meta property=\"article:modified_time\" content=\"2020-10-22T14:27:36+00:00\" \/>\n<meta name=\"twitter:card\" content=\"summary_large_image\" \/>\n<meta name=\"twitter:label1\" content=\"Estimated reading time\" \/>\n\t<meta name=\"twitter:data1\" content=\"9 minutes\" \/>\n<script type=\"application\/ld+json\" class=\"yoast-schema-graph\">{\"@context\":\"https:\/\/schema.org\",\"@graph\":[{\"@type\":\"WebPage\",\"@id\":\"https:\/\/tarentaise-cheminees.fr\/en\/mentions-legales\/\",\"url\":\"https:\/\/tarentaise-cheminees.fr\/en\/mentions-legales\/\",\"name\":\"Mentions l\u00e9gales - Tarentaise Chemin\u00e9es\",\"isPartOf\":{\"@id\":\"https:\/\/tarentaise-cheminees.fr\/#website\"},\"datePublished\":\"2020-09-23T08:43:39+00:00\",\"dateModified\":\"2020-10-22T14:27:36+00:00\",\"breadcrumb\":{\"@id\":\"https:\/\/tarentaise-cheminees.fr\/en\/mentions-legales\/#breadcrumb\"},\"inLanguage\":\"en-GB\",\"potentialAction\":[{\"@type\":\"ReadAction\",\"target\":[\"https:\/\/tarentaise-cheminees.fr\/en\/mentions-legales\/\"]}]},{\"@type\":\"BreadcrumbList\",\"@id\":\"https:\/\/tarentaise-cheminees.fr\/en\/mentions-legales\/#breadcrumb\",\"itemListElement\":[{\"@type\":\"ListItem\",\"position\":1,\"name\":\"Accueil\",\"item\":\"https:\/\/tarentaise-cheminees.fr\/\"},{\"@type\":\"ListItem\",\"position\":2,\"name\":\"Mentions l\u00e9gales\"}]},{\"@type\":\"WebSite\",\"@id\":\"https:\/\/tarentaise-cheminees.fr\/#website\",\"url\":\"https:\/\/tarentaise-cheminees.fr\/\",\"name\":\"Tarentaise Chemin\u00e9es\",\"description\":\"Le sp\u00e9cialiste de la chemin\u00e9e\",\"potentialAction\":[{\"@type\":\"SearchAction\",\"target\":{\"@type\":\"EntryPoint\",\"urlTemplate\":\"https:\/\/tarentaise-cheminees.fr\/?s={search_term_string}\"},\"query-input\":{\"@type\":\"PropertyValueSpecification\",\"valueRequired\":true,\"valueName\":\"search_term_string\"}}],\"inLanguage\":\"en-GB\"}]}<\/script>\n<!-- \/ Yoast SEO plugin. -->","yoast_head_json":{"title":"Legal Notices - Tarentaise Chemin\u00e9es","robots":{"index":"index","follow":"follow","max-snippet":"max-snippet:-1","max-image-preview":"max-image-preview:large","max-video-preview":"max-video-preview:-1"},"canonical":"https:\/\/tarentaise-cheminees.fr\/en\/legal-notices\/","og_locale":"en_GB","og_type":"article","og_title":"Mentions l\u00e9gales - Tarentaise Chemin\u00e9es","og_description":"WEBDESIGN &amp; D\u00c9VELOPPEMENT SQUID &#8211; www.agencesquid.com 1. Informations l\u00e9gales L\u2019\u00e9diteur du Site est la soci\u00e9t\u00e9 Tarentaise Chemin\u00e9es, SARL au capital social de 7000 \u20ac, immatricul\u00e9e au registre du commerce et des soci\u00e9t\u00e9s de Chamb\u00e9ry et dont le n\u00b0 de tiret est 51291305400015Le si\u00e8ge social est...","og_url":"https:\/\/tarentaise-cheminees.fr\/en\/legal-notices\/","og_site_name":"Tarentaise Chemin\u00e9es","article_modified_time":"2020-10-22T14:27:36+00:00","twitter_card":"summary_large_image","twitter_misc":{"Estimated reading time":"9 minutes"},"schema":{"@context":"https:\/\/schema.org","@graph":[{"@type":"WebPage","@id":"https:\/\/tarentaise-cheminees.fr\/en\/mentions-legales\/","url":"https:\/\/tarentaise-cheminees.fr\/en\/mentions-legales\/","name":"Legal Notices - Tarentaise Chemin\u00e9es","isPartOf":{"@id":"https:\/\/tarentaise-cheminees.fr\/#website"},"datePublished":"2020-09-23T08:43:39+00:00","dateModified":"2020-10-22T14:27:36+00:00","breadcrumb":{"@id":"https:\/\/tarentaise-cheminees.fr\/en\/mentions-legales\/#breadcrumb"},"inLanguage":"en-GB","potentialAction":[{"@type":"ReadAction","target":["https:\/\/tarentaise-cheminees.fr\/en\/mentions-legales\/"]}]},{"@type":"BreadcrumbList","@id":"https:\/\/tarentaise-cheminees.fr\/en\/mentions-legales\/#breadcrumb","itemListElement":[{"@type":"ListItem","position":1,"name":"Accueil","item":"https:\/\/tarentaise-cheminees.fr\/"},{"@type":"ListItem","position":2,"name":"Mentions l\u00e9gales"}]},{"@type":"WebSite","@id":"https:\/\/tarentaise-cheminees.fr\/#website","url":"https:\/\/tarentaise-cheminees.fr\/","name":"Tarentaise Chemin\u00e9es","description":"The fireplace specialist","potentialAction":[{"@type":"SearchAction","target":{"@type":"EntryPoint","urlTemplate":"https:\/\/tarentaise-cheminees.fr\/?s={search_term_string}"},"query-input":{"@type":"PropertyValueSpecification","valueRequired":true,"valueName":"search_term_string"}}],"inLanguage":"en-GB"}]}},"_links":{"self":[{"href":"https:\/\/tarentaise-cheminees.fr\/en\/wp-json\/wp\/v2\/pages\/3","targetHints":{"allow":["GET"]}}],"collection":[{"href":"https:\/\/tarentaise-cheminees.fr\/en\/wp-json\/wp\/v2\/pages"}],"about":[{"href":"https:\/\/tarentaise-cheminees.fr\/en\/wp-json\/wp\/v2\/types\/page"}],"author":[{"embeddable":true,"href":"https:\/\/tarentaise-cheminees.fr\/en\/wp-json\/wp\/v2\/users\/2"}],"replies":[{"embeddable":true,"href":"https:\/\/tarentaise-cheminees.fr\/en\/wp-json\/wp\/v2\/comments?post=3"}],"version-history":[{"count":5,"href":"https:\/\/tarentaise-cheminees.fr\/en\/wp-json\/wp\/v2\/pages\/3\/revisions"}],"predecessor-version":[{"id":931,"href":"https:\/\/tarentaise-cheminees.fr\/en\/wp-json\/wp\/v2\/pages\/3\/revisions\/931"}],"wp:attachment":[{"href":"https:\/\/tarentaise-cheminees.fr\/en\/wp-json\/wp\/v2\/media?parent=3"}],"curies":[{"name":"wp","href":"https:\/\/api.w.org\/{rel}","templated":true}]}}