{"id":174,"date":"2018-03-30T09:19:52","date_gmt":"2018-03-30T09:19:52","guid":{"rendered":"https:\/\/bridge198.qodeinteractive.com\/?page_id=174"},"modified":"2020-11-11T10:27:59","modified_gmt":"2020-11-11T09:27:59","slug":"fireplaces-and-inserts-installer","status":"publish","type":"page","link":"https:\/\/tarentaise-cheminees.fr\/en\/fireplaces-and-inserts-installer\/","title":{"rendered":"Our story"},"content":{"rendered":"<div      class=\"vc_row wpb_row section vc_row-fluid  grid_section\" style=' padding-top:102px; padding-bottom:119px; text-align:left;'><div class=\"section_inner clearfix\"><div class='section_inner_margin clearfix'><div class=\"wpb_column vc_column_container vc_col-sm-12\"><div class=\"vc_column-inner\"><div class=\"wpb_wrapper\"><div class=\"qode-horizontal-timeline qode-timeline-top\">\n\t<div class=\"qode-timeline\">\n\t    <div class=\"qode-events-wrapper\">\n\t        <div class=\"qode-events\">\n\t            <ol>\n\t                \t                    <li><a href=\"javascript:void(0)\" data-date=\"14\/08\/2003\"><span class=\"qode-event-text\">2003<\/span><span class=\"circle-outer\"><span class=\"circle-inner\"><\/span><\/span><\/a><\/li>\n\t                \t                    <li><a href=\"javascript:void(0)\" data-date=\"21\/02\/2005\"><span class=\"qode-event-text\">2006<\/span><span class=\"circle-outer\"><span class=\"circle-inner\"><\/span><\/span><\/a><\/li>\n\t                \t                    <li><a href=\"javascript:void(0)\" data-date=\"03\/02\/2007\"><span class=\"qode-event-text\">2020<\/span><span class=\"circle-outer\"><span class=\"circle-inner\"><\/span><\/span><\/a><\/li>\n\t                \t            <\/ol>\n\t            <span class=\"qode-filling-line\" aria-hidden=\"true\"><\/span>\n\t            <div class=\"qode-dots\"><\/div>\n\t        <\/div>\n\t    <\/div>\n\t    <ul class=\"qode-timeline-navigation\">\n\t        <li><a href=\"#0\" class=\"qode-prev inactive\"><\/a><\/li>\n\t        <li><a href=\"#0\" class=\"qode-next\"><\/a><\/li>\n\t    <\/ul>\n\t<\/div>\n\t<div class=\"qode-events-content\">\n\t    <ol>\n\t        <li class=\"qode-hti-content\" data-date=\"14\/08\/2003\">\n\t<div class=\"qode-hti-content-inner qode-timeline-has-image\">\n\t\t<div class='qode-hti-content-inner-shadow'>\n\t\t\t\t\t\t\t<div class='qode-hti-content-image'>\n\t\t\t\t\t<img loading=\"lazy\" decoding=\"async\" width=\"350\" height=\"240\" src=\"https:\/\/tarentaise-cheminees.fr\/wp-content\/uploads\/2020\/10\/papa-e1602857336357.jpg\" class=\"attachment-full size-full\" alt=\"\" \/>\t\t\t\t<\/div>\n\t\t\t\t\t\t<div class='qode-hti-content-value'>\n\t\t\t\t<div class=\"separator  transparent\" style=\"margin-top: -36px;\"><\/div>\n\n\t<div class=\"wpb_text_column wpb_content_element\">\n\t\t<div class=\"wpb_wrapper\">\n\t\t\t<h2>THE ADVENTURE BEGINS<\/h2>\n\n\t\t<\/div> \n\t<\/div> <div class=\"separator  small left\" style=\"margin-top: 31px;margin-bottom: 31px;background-color: #c7a082;height: 1px;width: 63px;\"><\/div>\n\n\t<div class=\"wpb_text_column wpb_content_element\">\n\t\t<div class=\"wpb_wrapper\">\n\t\t\t<p>Christian Chanudet founded Tarentaise Chemin\u00e9es. Over the course of 17 years, Christian installed hundreds of fireplaces, stoves, and inserts in the region, performing hundreds of chimney sweeps. As he likes to say, his work brings him into people&#039;s lives and contributes to their well-being in his humble way.<\/p>\n\n\t\t<\/div> \n\t<\/div> \t<div class=\"vc_empty_space\"  style=\"height: 20px\" ><span\n\t\t\tclass=\"vc_empty_space_inner\">\n\t\t\t<span class=\"empty_space_image\"  ><\/span>\n\t\t<\/span><\/div>\n\n\t\t\t<\/div>\n\t\t<\/div>\n\t<\/div>\n<\/li><li class=\"qode-hti-content\" data-date=\"21\/02\/2005\">\n\t<div class=\"qode-hti-content-inner qode-timeline-has-image\">\n\t\t<div class='qode-hti-content-inner-shadow'>\n\t\t\t\t\t\t\t<div class='qode-hti-content-image'>\n\t\t\t\t\t<img loading=\"lazy\" decoding=\"async\" width=\"580\" height=\"397\" src=\"https:\/\/tarentaise-cheminees.fr\/wp-content\/uploads\/2020\/09\/showroom.jpg\" class=\"attachment-full size-full\" alt=\"\" srcset=\"https:\/\/tarentaise-cheminees.fr\/wp-content\/uploads\/2020\/09\/showroom.jpg 580w, https:\/\/tarentaise-cheminees.fr\/wp-content\/uploads\/2020\/09\/showroom-300x205.jpg 300w\" sizes=\"auto, (max-width: 580px) 100vw, 580px\" \/>\t\t\t\t<\/div>\n\t\t\t\t\t\t<div class='qode-hti-content-value'>\n\t\t\t\t<div class=\"separator  transparent\" style=\"margin-top: -36px;\"><\/div>\n\n\t<div class=\"wpb_text_column wpb_content_element\">\n\t\t<div class=\"wpb_wrapper\">\n\t\t\t<h2>THE SHOWROOM<\/h2>\n\n\t\t<\/div> \n\t<\/div> <div class=\"separator  small left\" style=\"margin-top: 31px;margin-bottom: 31px;background-color: #c7a082;height: 1px;width: 63px;\"><\/div>\n\n\t<div class=\"wpb_text_column wpb_content_element\">\n\t\t<div class=\"wpb_wrapper\">\n\t\t\t<p>Tarentaise Chemin\u00e9es has a 100 m2 showroom where you can see the extent of the company&#039;s offering and where you are welcomed today by C\u00e9line and Maverick, their charismatic English bulldog who, as you will see, is very friendly!<\/p>\n\n\t\t<\/div> \n\t<\/div> \t<div class=\"vc_empty_space\"  style=\"height: 20px\" ><span\n\t\t\tclass=\"vc_empty_space_inner\">\n\t\t\t<span class=\"empty_space_image\"  ><\/span>\n\t\t<\/span><\/div>\n\n\t\t\t<\/div>\n\t\t<\/div>\n\t<\/div>\n<\/li><li class=\"qode-hti-content\" data-date=\"03\/02\/2007\">\n\t<div class=\"qode-hti-content-inner qode-timeline-has-image\">\n\t\t<div class='qode-hti-content-inner-shadow'>\n\t\t\t\t\t\t\t<div class='qode-hti-content-image'>\n\t\t\t\t\t<img loading=\"lazy\" decoding=\"async\" width=\"580\" height=\"397\" src=\"https:\/\/tarentaise-cheminees.fr\/wp-content\/uploads\/2020\/09\/lesgerants.jpg\" class=\"attachment-full size-full\" alt=\"\" srcset=\"https:\/\/tarentaise-cheminees.fr\/wp-content\/uploads\/2020\/09\/lesgerants.jpg 580w, https:\/\/tarentaise-cheminees.fr\/wp-content\/uploads\/2020\/09\/lesgerants-300x205.jpg 300w\" sizes=\"auto, (max-width: 580px) 100vw, 580px\" \/>\t\t\t\t<\/div>\n\t\t\t\t\t\t<div class='qode-hti-content-value'>\n\t\t\t\t<div class=\"separator  transparent\" style=\"margin-top: -36px;\"><\/div>\n\n\t<div class=\"wpb_text_column wpb_content_element\">\n\t\t<div class=\"wpb_wrapper\">\n\t\t\t<h2>THE ADVENTURE CONTINUES<\/h2>\n\n\t\t<\/div> \n\t<\/div> <div class=\"separator  small left\" style=\"margin-top: 31px;margin-bottom: 31px;background-color: #c7a082;height: 1px;width: 63px;\"><\/div>\n\n\t<div class=\"wpb_text_column wpb_content_element\">\n\t\t<div class=\"wpb_wrapper\">\n\t\t\t<p>Quentin, the son of Christian Chanudet, and his partner C\u00e9line are taking over the family business. Quentin, from a young age, loved watching his father work, who would later train him in the trade with the key words of listening, passion, advice, and availability.<\/p>\n\n\t\t<\/div> \n\t<\/div> \t<div class=\"vc_empty_space\"  style=\"height: 20px\" ><span\n\t\t\tclass=\"vc_empty_space_inner\">\n\t\t\t<span class=\"empty_space_image\"  ><\/span>\n\t\t<\/span><\/div>\n\n\t\t\t<\/div>\n\t\t<\/div>\n\t<\/div>\n<\/li>\t    <\/ol>\n\t<\/div>\n<\/div><\/div><\/div><\/div><\/div><\/div><\/div>","protected":false},"excerpt":{"rendered":"2003 2006 2020 THE ADVENTURE BEGINS Christian Chanudet created Tarentaise Chemin\u00e9es. Over the course of 17 years, Christian installed hundreds of fireplaces, stoves, inserts, and carried out hundreds of chimney sweeps in the region. As he likes to say, his work brings him into people&#039;s lives and participates...","protected":false},"author":2,"featured_media":0,"parent":0,"menu_order":0,"comment_status":"closed","ping_status":"closed","template":"full_width.php","meta":{"footnotes":""},"class_list":["post-174","page","type-page","status-publish","hentry"],"yoast_head":"<!-- This site is optimized with the Yoast SEO plugin v26.9 - https:\/\/yoast.com\/product\/yoast-seo-wordpress\/ -->\n<title>Installateur de chemin\u00e9es et inserts - Tarentaise Chemin\u00e9es - Notre histoire.<\/title>\n<meta name=\"description\" content=\"Ramoneur et installateur de chemin\u00e9es, inserts et po\u00eales depuis 2003, nous sommes bas\u00e9s \u00e0 Aime La Plagne, au coeur de la Tarentaise.\" \/>\n<meta name=\"robots\" content=\"index, follow, max-snippet:-1, max-image-preview:large, max-video-preview:-1\" \/>\n<link rel=\"canonical\" href=\"https:\/\/tarentaise-cheminees.fr\/en\/fireplaces-and-inserts-installer\/\" \/>\n<meta property=\"og:locale\" content=\"en_GB\" \/>\n<meta property=\"og:type\" content=\"article\" \/>\n<meta property=\"og:title\" content=\"Installateur de chemin\u00e9es et inserts - Tarentaise Chemin\u00e9es - Notre histoire.\" \/>\n<meta property=\"og:description\" content=\"Ramoneur et installateur de chemin\u00e9es, inserts et po\u00eales depuis 2003, nous sommes bas\u00e9s \u00e0 Aime La Plagne, au coeur de la Tarentaise.\" \/>\n<meta property=\"og:url\" content=\"https:\/\/tarentaise-cheminees.fr\/en\/fireplaces-and-inserts-installer\/\" \/>\n<meta property=\"og:site_name\" content=\"Tarentaise Chemin\u00e9es\" \/>\n<meta property=\"article:modified_time\" content=\"2020-11-11T09:27:59+00:00\" \/>\n<meta name=\"twitter:card\" content=\"summary_large_image\" \/>\n<meta name=\"twitter:label1\" content=\"Estimated reading time\" \/>\n\t<meta name=\"twitter:data1\" content=\"2 minutes\" \/>\n<script type=\"application\/ld+json\" class=\"yoast-schema-graph\">{\"@context\":\"https:\/\/schema.org\",\"@graph\":[{\"@type\":\"WebPage\",\"@id\":\"https:\/\/tarentaise-cheminees.fr\/installateur-de-cheminees\/\",\"url\":\"https:\/\/tarentaise-cheminees.fr\/installateur-de-cheminees\/\",\"name\":\"Installateur de chemin\u00e9es et inserts - Tarentaise Chemin\u00e9es - Notre histoire.\",\"isPartOf\":{\"@id\":\"https:\/\/tarentaise-cheminees.fr\/#website\"},\"datePublished\":\"2018-03-30T09:19:52+00:00\",\"dateModified\":\"2020-11-11T09:27:59+00:00\",\"description\":\"Ramoneur et installateur de chemin\u00e9es, inserts et po\u00eales depuis 2003, nous sommes bas\u00e9s \u00e0 Aime La Plagne, au coeur de la Tarentaise.\",\"breadcrumb\":{\"@id\":\"https:\/\/tarentaise-cheminees.fr\/installateur-de-cheminees\/#breadcrumb\"},\"inLanguage\":\"en-GB\",\"potentialAction\":[{\"@type\":\"ReadAction\",\"target\":[\"https:\/\/tarentaise-cheminees.fr\/installateur-de-cheminees\/\"]}]},{\"@type\":\"BreadcrumbList\",\"@id\":\"https:\/\/tarentaise-cheminees.fr\/installateur-de-cheminees\/#breadcrumb\",\"itemListElement\":[{\"@type\":\"ListItem\",\"position\":1,\"name\":\"Accueil\",\"item\":\"https:\/\/tarentaise-cheminees.fr\/\"},{\"@type\":\"ListItem\",\"position\":2,\"name\":\"Notre histoire\"}]},{\"@type\":\"WebSite\",\"@id\":\"https:\/\/tarentaise-cheminees.fr\/#website\",\"url\":\"https:\/\/tarentaise-cheminees.fr\/\",\"name\":\"Tarentaise Chemin\u00e9es\",\"description\":\"Le sp\u00e9cialiste de la chemin\u00e9e\",\"potentialAction\":[{\"@type\":\"SearchAction\",\"target\":{\"@type\":\"EntryPoint\",\"urlTemplate\":\"https:\/\/tarentaise-cheminees.fr\/?s={search_term_string}\"},\"query-input\":{\"@type\":\"PropertyValueSpecification\",\"valueRequired\":true,\"valueName\":\"search_term_string\"}}],\"inLanguage\":\"en-GB\"}]}<\/script>\n<!-- \/ Yoast SEO plugin. -->","yoast_head_json":{"title":"Fireplace and insert installer - Tarentaise Chemin\u00e9es - Our story.","description":"Chimney sweep and installer of fireplaces, inserts and stoves since 2003, we are based at Aime La Plagne, in the heart of the Tarentaise region.","robots":{"index":"index","follow":"follow","max-snippet":"max-snippet:-1","max-image-preview":"max-image-preview:large","max-video-preview":"max-video-preview:-1"},"canonical":"https:\/\/tarentaise-cheminees.fr\/en\/fireplaces-and-inserts-installer\/","og_locale":"en_GB","og_type":"article","og_title":"Installateur de chemin\u00e9es et inserts - Tarentaise Chemin\u00e9es - Notre histoire.","og_description":"Ramoneur et installateur de chemin\u00e9es, inserts et po\u00eales depuis 2003, nous sommes bas\u00e9s \u00e0 Aime La Plagne, au coeur de la Tarentaise.","og_url":"https:\/\/tarentaise-cheminees.fr\/en\/fireplaces-and-inserts-installer\/","og_site_name":"Tarentaise Chemin\u00e9es","article_modified_time":"2020-11-11T09:27:59+00:00","twitter_card":"summary_large_image","twitter_misc":{"Estimated reading time":"2 minutes"},"schema":{"@context":"https:\/\/schema.org","@graph":[{"@type":"WebPage","@id":"https:\/\/tarentaise-cheminees.fr\/installateur-de-cheminees\/","url":"https:\/\/tarentaise-cheminees.fr\/installateur-de-cheminees\/","name":"Fireplace and insert installer - Tarentaise Chemin\u00e9es - Our story.","isPartOf":{"@id":"https:\/\/tarentaise-cheminees.fr\/#website"},"datePublished":"2018-03-30T09:19:52+00:00","dateModified":"2020-11-11T09:27:59+00:00","description":"Chimney sweep and installer of fireplaces, inserts and stoves since 2003, we are based at Aime La Plagne, in the heart of the Tarentaise region.","breadcrumb":{"@id":"https:\/\/tarentaise-cheminees.fr\/installateur-de-cheminees\/#breadcrumb"},"inLanguage":"en-GB","potentialAction":[{"@type":"ReadAction","target":["https:\/\/tarentaise-cheminees.fr\/installateur-de-cheminees\/"]}]},{"@type":"BreadcrumbList","@id":"https:\/\/tarentaise-cheminees.fr\/installateur-de-cheminees\/#breadcrumb","itemListElement":[{"@type":"ListItem","position":1,"name":"Accueil","item":"https:\/\/tarentaise-cheminees.fr\/"},{"@type":"ListItem","position":2,"name":"Notre histoire"}]},{"@type":"WebSite","@id":"https:\/\/tarentaise-cheminees.fr\/#website","url":"https:\/\/tarentaise-cheminees.fr\/","name":"Tarentaise Chemin\u00e9es","description":"The fireplace specialist","potentialAction":[{"@type":"SearchAction","target":{"@type":"EntryPoint","urlTemplate":"https:\/\/tarentaise-cheminees.fr\/?s={search_term_string}"},"query-input":{"@type":"PropertyValueSpecification","valueRequired":true,"valueName":"search_term_string"}}],"inLanguage":"en-GB"}]}},"_links":{"self":[{"href":"https:\/\/tarentaise-cheminees.fr\/en\/wp-json\/wp\/v2\/pages\/174","targetHints":{"allow":["GET"]}}],"collection":[{"href":"https:\/\/tarentaise-cheminees.fr\/en\/wp-json\/wp\/v2\/pages"}],"about":[{"href":"https:\/\/tarentaise-cheminees.fr\/en\/wp-json\/wp\/v2\/types\/page"}],"author":[{"embeddable":true,"href":"https:\/\/tarentaise-cheminees.fr\/en\/wp-json\/wp\/v2\/users\/2"}],"replies":[{"embeddable":true,"href":"https:\/\/tarentaise-cheminees.fr\/en\/wp-json\/wp\/v2\/comments?post=174"}],"version-history":[{"count":19,"href":"https:\/\/tarentaise-cheminees.fr\/en\/wp-json\/wp\/v2\/pages\/174\/revisions"}],"predecessor-version":[{"id":750,"href":"https:\/\/tarentaise-cheminees.fr\/en\/wp-json\/wp\/v2\/pages\/174\/revisions\/750"}],"wp:attachment":[{"href":"https:\/\/tarentaise-cheminees.fr\/en\/wp-json\/wp\/v2\/media?parent=174"}],"curies":[{"name":"wp","href":"https:\/\/api.w.org\/{rel}","templated":true}]}}