{"id":886,"date":"2020-11-17T10:17:41","date_gmt":"2020-11-17T09:17:41","guid":{"rendered":"https:\/\/tarentaise-cheminees.fr\/?page_id=886"},"modified":"2025-04-04T13:56:18","modified_gmt":"2025-04-04T11:56:18","slug":"unsere-produkte-2","status":"publish","type":"page","link":"https:\/\/tarentaise-cheminees.fr\/de\/unsere-produkte-2\/","title":{"rendered":"Unsere Produkte"},"content":{"rendered":"<div      class=\"vc_row wpb_row section vc_row-fluid  full_screen_section\" style=' padding-top:75px; padding-bottom:20px; text-align:center;'><div class=\"full_section_inner clearfix\"><div class=\"wpb_column vc_column_container vc_col-sm-12 vc_col-md-4\"><div class=\"vc_column-inner\"><div class=\"wpb_wrapper\"><div class=\"qode-banner qode-banner-va-top\"><a class=\"qode-banner-link\" href=\"https:\/\/tarentaise-cheminees.fr\/en\/inserts-and-fireplaces\/\" target=\"_blank\"><\/a><div class=\"qode-banner-image\"><img decoding=\"async\" itemprop=\"image\" src=\"https:\/\/tarentaise-cheminees.fr\/wp-content\/uploads\/2020\/11\/Spartherm-insert.jpg\" alt=\"\" \/><\/div><div class=\"qode-banner-content\"><div class=\"qode-banner-content-inner\"><div class=\"qode-banner-text-holder\">\n<h3><span style=\"color: #ffffff;\">EINS\u00c4TZE UND KAMINE<\/span><\/h3>\n<h6><\/h6>\n<\/div><\/div><\/div><\/div>\t<div class=\"vc_empty_space\"  style=\"height: 30px\" ><span\n\t\t\tclass=\"vc_empty_space_inner\">\n\t\t\t<span class=\"empty_space_image\"  ><\/span>\n\t\t<\/span><\/div>\n\n<\/div><\/div><\/div><div class=\"wpb_column vc_column_container vc_col-sm-12 vc_col-md-4\"><div class=\"vc_column-inner\"><div class=\"wpb_wrapper\"><div class=\"qode-banner qode-banner-va-top\"><a class=\"qode-banner-link\" href=\"https:\/\/tarentaise-cheminees.fr\/en\/wood-stoves\/\" target=\"_self\"><\/a><div class=\"qode-banner-image\"><img decoding=\"async\" itemprop=\"image\" src=\"https:\/\/tarentaise-cheminees.fr\/wp-content\/uploads\/2020\/09\/poele-a-bois-2.jpg\" alt=\"\" \/><\/div><div class=\"qode-banner-content\"><div class=\"qode-banner-content-inner\"><div class=\"qode-banner-text-holder\">\n<h3><span style=\"color: #ffffff;\">HOLZ\u00d6FEN<\/span><\/h3>\n<h6><\/h6>\n<\/div><\/div><\/div><\/div>\t<div class=\"vc_empty_space\"  style=\"height: 30px\" ><span\n\t\t\tclass=\"vc_empty_space_inner\">\n\t\t\t<span class=\"empty_space_image\"  ><\/span>\n\t\t<\/span><\/div>\n\n<\/div><\/div><\/div><div class=\"wpb_column vc_column_container vc_col-sm-12 vc_col-md-4\"><div class=\"vc_column-inner\"><div class=\"wpb_wrapper\"><div class=\"qode-banner qode-banner-va-top\"><a class=\"qode-banner-link\" href=\"https:\/\/tarentaise-cheminees.fr\/en\/pellet-stoves\/\" target=\"_blank\"><\/a><div class=\"qode-banner-image\"><img decoding=\"async\" itemprop=\"image\" src=\"https:\/\/tarentaise-cheminees.fr\/wp-content\/uploads\/2020\/11\/rikahomepage.jpg\" alt=\"\" \/><\/div><div class=\"qode-banner-content\"><div class=\"qode-banner-content-inner\"><div class=\"qode-banner-text-holder\">\n<h3><span style=\"color: #ffffff;\">PELLET\u00d6FEN<\/span><\/h3>\n<h6><\/h6>\n<\/div><\/div><\/div><\/div>\t<div class=\"vc_empty_space\"  style=\"height: 30px\" ><span\n\t\t\tclass=\"vc_empty_space_inner\">\n\t\t\t<span class=\"empty_space_image\"  ><\/span>\n\t\t<\/span><\/div>\n\n<\/div><\/div><\/div><\/div><\/div><div      class=\"vc_row wpb_row section vc_row-fluid  full_screen_section\" style=' padding-top:20px; padding-bottom:94px; text-align:center;'><div class=\"full_section_inner clearfix\"><div class=\"wpb_column vc_column_container vc_col-sm-12 vc_col-md-4\"><div class=\"vc_column-inner\"><div class=\"wpb_wrapper\"><div class=\"qode-banner qode-banner-va-top\"><a class=\"qode-banner-link\" href=\"https:\/\/tarentaise-cheminees.fr\/en\/mixed-wood-pellet-stoves\/\" target=\"_blank\"><\/a><div class=\"qode-banner-image\"><img decoding=\"async\" itemprop=\"image\" src=\"https:\/\/tarentaise-cheminees.fr\/wp-content\/uploads\/2020\/10\/poele-granules-rika-induo.jpg\" alt=\"\" \/><\/div><div class=\"qode-banner-content\"><div class=\"qode-banner-content-inner\"><div class=\"qode-banner-text-holder\">\n<h3><span style=\"color: #ffffff;\">Gemischte Holz-\/Pellet\u00f6fen<\/span><\/h3>\n<\/div><\/div><\/div><\/div><\/div><\/div><\/div><div class=\"wpb_column vc_column_container vc_col-sm-12 vc_col-md-4\"><div class=\"vc_column-inner\"><div class=\"wpb_wrapper\"><div class=\"qode-banner qode-banner-va-top\"><a class=\"qode-banner-link\" href=\"https:\/\/tarentaise-cheminees.fr\/en\/cookers-and-planchas\/\" target=\"_blank\"><\/a><div class=\"qode-banner-image\"><img decoding=\"async\" itemprop=\"image\" src=\"https:\/\/tarentaise-cheminees.fr\/wp-content\/uploads\/2020\/09\/CUICIONIERE.jpg\" alt=\"\" \/><\/div><div class=\"qode-banner-content\"><div class=\"qode-banner-content-inner\"><div class=\"qode-banner-text-holder\">\n<h3><span style=\"color: #ffffff;\">HERDE UND PLANCHAS<\/span><\/h3>\n<h6><\/h6>\n<\/div><\/div><\/div><\/div><\/div><\/div><\/div><div class=\"wpb_column vc_column_container vc_col-sm-12 vc_col-md-4\"><div class=\"vc_column-inner\"><div class=\"wpb_wrapper\"><div class=\"qode-banner qode-banner-va-top\"><a class=\"qode-banner-link\" href=\"https:\/\/tarentaise-cheminees.fr\/en\/outdoor-fireplaces\/\" target=\"_blank\"><\/a><div class=\"qode-banner-image\"><img decoding=\"async\" itemprop=\"image\" src=\"https:\/\/tarentaise-cheminees.fr\/wp-content\/uploads\/2020\/10\/ecterieur-fanotim.jpg\" alt=\"\" \/><\/div><div class=\"qode-banner-content\"><div class=\"qode-banner-content-inner\"><div class=\"qode-banner-text-holder\">\n<h3><span style=\"color: #ffffff;\">IM FREIEN<\/span><\/h3>\n<h6><\/h6>\n<\/div><\/div><\/div><\/div><\/div><\/div><\/div><\/div><\/div><div      class=\"vc_row wpb_row section vc_row-fluid  full_screen_section\" style=' padding-bottom:94px; text-align:center;'><div class=\"full_section_inner clearfix\"><div class=\"wpb_column vc_column_container vc_col-sm-12 vc_col-md-4\"><div class=\"vc_column-inner\"><div class=\"wpb_wrapper\"><div class=\"qode-banner qode-banner-va-top\"><a class=\"qode-banner-link\" href=\"https:\/\/tarentaise-cheminees.fr\/en\/electric-and-ethanol-fireplaces\/\" target=\"_blank\"><\/a><div class=\"qode-banner-image\"><img decoding=\"async\" itemprop=\"image\" src=\"https:\/\/tarentaise-cheminees.fr\/wp-content\/uploads\/2020\/09\/POELE-ELECTRIQUE.jpg\" alt=\"\" \/><\/div><div class=\"qode-banner-content\"><div class=\"qode-banner-content-inner\"><div class=\"qode-banner-text-holder\">\n<h3><span style=\"color: #ffffff;\">Elektroherde<\/span><\/h3>\n<\/div><\/div><\/div><\/div>\t<div class=\"vc_empty_space\"  style=\"height: 30px\" ><span\n\t\t\tclass=\"vc_empty_space_inner\">\n\t\t\t<span class=\"empty_space_image\"  ><\/span>\n\t\t<\/span><\/div>\n\n<\/div><\/div><\/div><div class=\"wpb_column vc_column_container vc_col-sm-12 vc_col-md-4\"><div class=\"vc_column-inner\"><div class=\"wpb_wrapper\"><div class=\"qode-banner qode-banner-va-top\"><a class=\"qode-banner-link\" href=\"https:\/\/tarentaise-cheminees.fr\/en\/accessories-and-decoration\/\" target=\"_blank\"><\/a><div class=\"qode-banner-image\"><img decoding=\"async\" itemprop=\"image\" src=\"https:\/\/tarentaise-cheminees.fr\/wp-content\/uploads\/2020\/10\/dixneuf2.jpg\" alt=\"\" \/><\/div><div class=\"qode-banner-content\"><div class=\"qode-banner-content-inner\"><div class=\"qode-banner-text-holder\">\n<h3><span style=\"color: #ffffff;\"><span style=\"caret-color: #ffffff;\">ACCESSOIRES UND DEKORATION<\/span><\/span><\/h3>\n<\/div><\/div><\/div><\/div>\t<div class=\"vc_empty_space\"  style=\"height: 30px\" ><span\n\t\t\tclass=\"vc_empty_space_inner\">\n\t\t\t<span class=\"empty_space_image\"  ><\/span>\n\t\t<\/span><\/div>\n\n<\/div><\/div><\/div><div class=\"wpb_column vc_column_container vc_col-sm-12 vc_col-md-4\"><div class=\"vc_column-inner\"><div class=\"wpb_wrapper\"><div class=\"qode-banner qode-banner-va-center\"><a class=\"qode-banner-link\" href=\"https:\/\/tarentaise-cheminees.fr\/en\/contact-us\/\" target=\"_blank\"><\/a><div class=\"qode-banner-image\"><img decoding=\"async\" itemprop=\"image\" src=\"https:\/\/tarentaise-cheminees.fr\/wp-content\/uploads\/2020\/10\/fond-couleur-tarentaise-cheminees.jpg\" alt=\"\" \/><\/div><div class=\"qode-banner-content\"><div class=\"qode-banner-content-inner\"><div class=\"qode-banner-text-holder\">\n<h3 id=\"tw-target-text\" class=\"tw-data-text tw-text-large XcVN5d tw-ta\" dir=\"ltr\" data-placeholder=\"Traduction\"><span lang=\"en\" style=\"font-family: 'Arial Black', 'Avant Garde'; font-size: 14pt; color: #ffffff;\">M\u00d6CHTEN SIE BERATUNG ZUR AUSWAHL DER RICHTIGEN L\u00d6SUNG F\u00dcR IHREN LEBENSRAUM? <\/span><\/h3>\n<h3 class=\"tw-data-text tw-text-large XcVN5d tw-ta\" dir=\"ltr\" data-placeholder=\"Traduction\"><span lang=\"en\" style=\"font-family: 'Arial Black', 'Avant Garde'; font-size: 14pt; color: #ffffff;\">Sie finden nicht, wonach Sie suchen? <\/span><\/h3>\n<h3 class=\"tw-data-text tw-text-large XcVN5d tw-ta\" dir=\"ltr\" data-placeholder=\"Traduction\"><span lang=\"en\" style=\"font-family: 'Arial Black', 'Avant Garde'; font-size: 14pt; color: #ffffff;\">KONTAKTIEREN SIE UNS!<\/span><\/h3>\n<\/div><\/div><\/div><\/div>\t<div class=\"vc_empty_space\"  style=\"height: 30px\" ><span\n\t\t\tclass=\"vc_empty_space_inner\">\n\t\t\t<span class=\"empty_space_image\"  ><\/span>\n\t\t<\/span><\/div>\n\n<\/div><\/div><\/div><\/div><\/div>","protected":false},"excerpt":{"rendered":"INSERTS AND FIREPLACES WOOD STOVES PELLETSSTOVES MIXED WOOD\/PELLETS STOVES COOKERS AND PLANCHAS OUTDOOR ELECTRIC STOVES ACCESSORIES AND DECORATION DO YOU WANT ADVICE ON CHOOSING THE RIGHT SOLUTION FOR YOUR HABITAT? CAN NOT FIND WHAT YOU ARE LOOKING FOR ? CONTACT US!","protected":false},"author":2,"featured_media":0,"parent":0,"menu_order":0,"comment_status":"closed","ping_status":"closed","template":"full_width.php","meta":{"footnotes":""},"class_list":["post-886","page","type-page","status-publish","hentry"],"yoast_head":"<!-- This site is optimized with the Yoast SEO plugin v26.9 - https:\/\/yoast.com\/product\/yoast-seo-wordpress\/ -->\n<title>Our products - Tarentaise Chemin\u00e9es - Inserts, fireplaces, stoves, planchas<\/title>\n<meta name=\"description\" content=\"The list of our products from the best brands is available online or at our showroom in Aime La Plagne in the heart of the Tarentaise.\" \/>\n<meta name=\"robots\" content=\"index, follow, max-snippet:-1, max-image-preview:large, max-video-preview:-1\" \/>\n<link rel=\"canonical\" href=\"https:\/\/tarentaise-cheminees.fr\/de\/unsere-produkte\/\" \/>\n<meta property=\"og:locale\" content=\"de_DE\" \/>\n<meta property=\"og:type\" content=\"article\" \/>\n<meta property=\"og:title\" content=\"Our products - Tarentaise Chemin\u00e9es - Inserts, fireplaces, stoves, planchas\" \/>\n<meta property=\"og:description\" content=\"The list of our products from the best brands is available online or at our showroom in Aime La Plagne in the heart of the Tarentaise.\" \/>\n<meta property=\"og:url\" content=\"https:\/\/tarentaise-cheminees.fr\/de\/unsere-produkte\/\" \/>\n<meta property=\"og:site_name\" content=\"Tarentaise Chemin\u00e9es\" \/>\n<meta property=\"article:modified_time\" content=\"2025-04-04T11:56:18+00:00\" \/>\n<meta name=\"twitter:card\" content=\"summary_large_image\" \/>\n<meta name=\"twitter:label1\" content=\"Gesch\u00e4tzte Lesezeit\" \/>\n\t<meta name=\"twitter:data1\" content=\"1\u00a0Minute\" \/>\n<script type=\"application\/ld+json\" class=\"yoast-schema-graph\">{\"@context\":\"https:\/\/schema.org\",\"@graph\":[{\"@type\":\"WebPage\",\"@id\":\"https:\/\/tarentaise-cheminees.fr\/en\/our-products\/\",\"url\":\"https:\/\/tarentaise-cheminees.fr\/en\/our-products\/\",\"name\":\"Our products - Tarentaise Chemin\u00e9es - Inserts, fireplaces, stoves, planchas\",\"isPartOf\":{\"@id\":\"https:\/\/tarentaise-cheminees.fr\/#website\"},\"datePublished\":\"2020-11-17T09:17:41+00:00\",\"dateModified\":\"2025-04-04T11:56:18+00:00\",\"description\":\"The list of our products from the best brands is available online or at our showroom in Aime La Plagne in the heart of the Tarentaise.\",\"breadcrumb\":{\"@id\":\"https:\/\/tarentaise-cheminees.fr\/en\/our-products\/#breadcrumb\"},\"inLanguage\":\"de\",\"potentialAction\":[{\"@type\":\"ReadAction\",\"target\":[\"https:\/\/tarentaise-cheminees.fr\/en\/our-products\/\"]}]},{\"@type\":\"BreadcrumbList\",\"@id\":\"https:\/\/tarentaise-cheminees.fr\/en\/our-products\/#breadcrumb\",\"itemListElement\":[{\"@type\":\"ListItem\",\"position\":1,\"name\":\"Accueil\",\"item\":\"https:\/\/tarentaise-cheminees.fr\/\"},{\"@type\":\"ListItem\",\"position\":2,\"name\":\"Our products\"}]},{\"@type\":\"WebSite\",\"@id\":\"https:\/\/tarentaise-cheminees.fr\/#website\",\"url\":\"https:\/\/tarentaise-cheminees.fr\/\",\"name\":\"Tarentaise Chemin\u00e9es\",\"description\":\"Le sp\u00e9cialiste de la chemin\u00e9e\",\"potentialAction\":[{\"@type\":\"SearchAction\",\"target\":{\"@type\":\"EntryPoint\",\"urlTemplate\":\"https:\/\/tarentaise-cheminees.fr\/?s={search_term_string}\"},\"query-input\":{\"@type\":\"PropertyValueSpecification\",\"valueRequired\":true,\"valueName\":\"search_term_string\"}}],\"inLanguage\":\"de\"}]}<\/script>\n<!-- \/ Yoast SEO plugin. -->","yoast_head_json":{"title":"Unsere Produkte - Tarentaise Chemin\u00e9es - Eins\u00e4tze, Kamine, \u00d6fen, Planchas","description":"Die Liste unserer Produkte der besten Marken ist online oder in unserem Showroom in Aime La Plagne im Herzen der Tarentaise verf\u00fcgbar.","robots":{"index":"index","follow":"follow","max-snippet":"max-snippet:-1","max-image-preview":"max-image-preview:large","max-video-preview":"max-video-preview:-1"},"canonical":"https:\/\/tarentaise-cheminees.fr\/de\/unsere-produkte\/","og_locale":"de_DE","og_type":"article","og_title":"Our products - Tarentaise Chemin\u00e9es - Inserts, fireplaces, stoves, planchas","og_description":"The list of our products from the best brands is available online or at our showroom in Aime La Plagne in the heart of the Tarentaise.","og_url":"https:\/\/tarentaise-cheminees.fr\/de\/unsere-produkte\/","og_site_name":"Tarentaise Chemin\u00e9es","article_modified_time":"2025-04-04T11:56:18+00:00","twitter_card":"summary_large_image","twitter_misc":{"Gesch\u00e4tzte Lesezeit":"1\u00a0Minute"},"schema":{"@context":"https:\/\/schema.org","@graph":[{"@type":"WebPage","@id":"https:\/\/tarentaise-cheminees.fr\/en\/our-products\/","url":"https:\/\/tarentaise-cheminees.fr\/en\/our-products\/","name":"Unsere Produkte - Tarentaise Chemin\u00e9es - Eins\u00e4tze, Kamine, \u00d6fen, Planchas","isPartOf":{"@id":"https:\/\/tarentaise-cheminees.fr\/#website"},"datePublished":"2020-11-17T09:17:41+00:00","dateModified":"2025-04-04T11:56:18+00:00","description":"Die Liste unserer Produkte der besten Marken ist online oder in unserem Showroom in Aime La Plagne im Herzen der Tarentaise verf\u00fcgbar.","breadcrumb":{"@id":"https:\/\/tarentaise-cheminees.fr\/en\/our-products\/#breadcrumb"},"inLanguage":"de","potentialAction":[{"@type":"ReadAction","target":["https:\/\/tarentaise-cheminees.fr\/en\/our-products\/"]}]},{"@type":"BreadcrumbList","@id":"https:\/\/tarentaise-cheminees.fr\/en\/our-products\/#breadcrumb","itemListElement":[{"@type":"ListItem","position":1,"name":"Accueil","item":"https:\/\/tarentaise-cheminees.fr\/"},{"@type":"ListItem","position":2,"name":"Our products"}]},{"@type":"WebSite","@id":"https:\/\/tarentaise-cheminees.fr\/#website","url":"https:\/\/tarentaise-cheminees.fr\/","name":"Tarentaise Chemin\u00e9es","description":"Der Kaminspezialist","potentialAction":[{"@type":"SearchAction","target":{"@type":"EntryPoint","urlTemplate":"https:\/\/tarentaise-cheminees.fr\/?s={search_term_string}"},"query-input":{"@type":"PropertyValueSpecification","valueRequired":true,"valueName":"search_term_string"}}],"inLanguage":"de"}]}},"_links":{"self":[{"href":"https:\/\/tarentaise-cheminees.fr\/de\/wp-json\/wp\/v2\/pages\/886","targetHints":{"allow":["GET"]}}],"collection":[{"href":"https:\/\/tarentaise-cheminees.fr\/de\/wp-json\/wp\/v2\/pages"}],"about":[{"href":"https:\/\/tarentaise-cheminees.fr\/de\/wp-json\/wp\/v2\/types\/page"}],"author":[{"embeddable":true,"href":"https:\/\/tarentaise-cheminees.fr\/de\/wp-json\/wp\/v2\/users\/2"}],"replies":[{"embeddable":true,"href":"https:\/\/tarentaise-cheminees.fr\/de\/wp-json\/wp\/v2\/comments?post=886"}],"version-history":[{"count":8,"href":"https:\/\/tarentaise-cheminees.fr\/de\/wp-json\/wp\/v2\/pages\/886\/revisions"}],"predecessor-version":[{"id":9494,"href":"https:\/\/tarentaise-cheminees.fr\/de\/wp-json\/wp\/v2\/pages\/886\/revisions\/9494"}],"wp:attachment":[{"href":"https:\/\/tarentaise-cheminees.fr\/de\/wp-json\/wp\/v2\/media?parent=886"}],"curies":[{"name":"wp","href":"https:\/\/api.w.org\/{rel}","templated":true}]}}