{"id":862,"date":"2020-11-16T13:30:08","date_gmt":"2020-11-16T12:30:08","guid":{"rendered":"https:\/\/tarentaise-cheminees.fr\/?page_id=862"},"modified":"2025-04-04T13:55:27","modified_gmt":"2025-04-04T11:55:27","slug":"herde-und-grillplatten-2","status":"publish","type":"page","link":"https:\/\/tarentaise-cheminees.fr\/de\/herde-und-grillplatten-2\/","title":{"rendered":"Herde und Grillplatten"},"content":{"rendered":"<section      data-speed=\"1\" class=\"parallax_section_holder\" style = \" height:px; background-image:url('https:\/\/tarentaise-cheminees.fr\/wp-content\/uploads\/2020\/10\/BANDEAUFEU2.jpg');\"><div class=\"parallax_content center\"><div class='parallax_section_inner_margin clearfix'><div class=\"wpb_column vc_column_container vc_col-sm-12\"><div class=\"vc_column-inner\"><div class=\"wpb_wrapper\"><div class='q_elements_holder one_column responsive_mode_from_768' ><div class='q_elements_item' data-480-600='184px 0% 168px 0%' data-480='184px 0% 168px 0%' data-animation='no' data-item-class='q_elements_holder_custom_368323'><div class='q_elements_item_inner'><div class='q_elements_item_content q_elements_holder_custom_368323' style='padding:184px 8% 168px 8%'>\n\t<div class=\"wpb_text_column wpb_content_element\">\n\t\t<div class=\"wpb_wrapper\">\n\t\t\t<h2><span style=\"color: #ffffff;\">Kochen mit Holzfeuer<\/span><\/h2>\n\n\t\t<\/div> \n\t<\/div> <div class=\"separator  small center\" style=\"margin-top: 25px;margin-bottom: 34px;background-color: #c7a082;height: 1px;width: 63px;\"><\/div>\n\n\t<div class=\"wpb_text_column wpb_content_element\">\n\t\t<div class=\"wpb_wrapper\">\n\t\t\t<h5 id=\"tw-target-text\" class=\"tw-data-text tw-text-large XcVN5d tw-ta\" dir=\"ltr\" data-placeholder=\"Traduction\"><span lang=\"en\" style=\"color: #ffffff;\">F\u00fcr Feinschmecker ist gesorgt! (wir konnten nicht anders, als dieses Wortspiel zu machen!) <\/span><\/h5>\n<h5 class=\"tw-data-text tw-text-large XcVN5d tw-ta\" dir=\"ltr\" data-placeholder=\"Traduction\"><span lang=\"en\" style=\"color: #ffffff;\">Holzfeuer sind eine wirklich unvergleichliche traditionelle Kochmethode. Die W\u00e4rmeverteilung erm\u00f6glicht ein schonendes Kochen und verleiht Ihren Gerichten mehr Geschmack. <\/span><\/h5>\n<h5 class=\"tw-data-text tw-text-large XcVN5d tw-ta\" dir=\"ltr\" data-placeholder=\"Traduction\"><span lang=\"en\" style=\"color: #ffffff;\">Warum lassen Sie sich nicht von einer echten Holzofen-Plancha von Finoptim verf\u00fchren oder lassen Ihre Gerichte sogar auf einem De Manincor-Herd k\u00f6cheln?<\/span><\/h5>\n<h5 id=\"tw-target-text\" class=\"tw-data-text tw-text-large XcVN5d tw-ta\" dir=\"ltr\" data-placeholder=\"Traduction\"><\/h5>\n\n\t\t<\/div> \n\t<\/div> \t<div class=\"vc_empty_space\"  style=\"height: 35px\" ><span\n\t\t\tclass=\"vc_empty_space_inner\">\n\t\t\t<span class=\"empty_space_image\"  ><\/span>\n\t\t<\/span><\/div>\n\n<\/div><\/div><\/div><\/div><\/div><\/div><\/div><\/div><\/div><\/section><div      class=\"vc_row wpb_row section vc_row-fluid  grid_section\" style=' padding-top:84px; padding-bottom:130px; text-align:left;'><div class=\"section_inner clearfix\"><div class='section_inner_margin clearfix'><div class=\"wpb_column vc_column_container vc_col-sm-12 vc_col-md-7\"><div class=\"vc_column-inner\"><div class=\"wpb_wrapper\"><div class='q_elements_holder one_column responsive_mode_from_768' ><div class='q_elements_item' data-600-768='0 0px 0 0px' data-480-600='0 0px 0 0px' data-480='0 0px 0 0px' data-animation='no' data-item-class='q_elements_holder_custom_419682'><div class='q_elements_item_inner'><div class='q_elements_item_content q_elements_holder_custom_419682' style='padding:0px 9px 0 9px'>\n\t<div class=\"wpb_single_image wpb_content_element vc_align_left\">\n\t\t<div class=\"wpb_wrapper\">\n\t\t\t\n\t\t\t<div class=\"vc_single_image-wrapper   vc_box_border_grey\"><img loading=\"lazy\" decoding=\"async\" width=\"800\" height=\"523\" src=\"https:\/\/tarentaise-cheminees.fr\/wp-content\/uploads\/2020\/10\/FINOPTIM-PLANCHA.jpg\" class=\"vc_single_image-img attachment-full\" alt=\"\" srcset=\"https:\/\/tarentaise-cheminees.fr\/wp-content\/uploads\/2020\/10\/FINOPTIM-PLANCHA.jpg 800w, https:\/\/tarentaise-cheminees.fr\/wp-content\/uploads\/2020\/10\/FINOPTIM-PLANCHA-300x196.jpg 300w, https:\/\/tarentaise-cheminees.fr\/wp-content\/uploads\/2020\/10\/FINOPTIM-PLANCHA-768x502.jpg 768w, https:\/\/tarentaise-cheminees.fr\/wp-content\/uploads\/2020\/10\/FINOPTIM-PLANCHA-700x458.jpg 700w\" sizes=\"auto, (max-width: 800px) 100vw, 800px\" \/><\/div>\n\t\t<\/div>\n\t<\/div>\n<\/div><\/div><\/div><\/div><\/div><\/div><\/div><div class=\"wpb_column vc_column_container vc_col-sm-12 vc_col-md-5\"><div class=\"vc_column-inner\"><div class=\"wpb_wrapper\"><div class='q_elements_holder one_column responsive_mode_from_768' ><div class='q_elements_item' data-1024-1280='72px 40px 0 0' data-768-1024='35px 40px 0 0' data-600-768='60px 40px 0px 0' data-animation='no' data-item-class='q_elements_holder_custom_936110'><div class='q_elements_item_inner'><div class='q_elements_item_content q_elements_holder_custom_936110' style='padding:25px 40px 0 8px'>\n\t<div class=\"wpb_text_column wpb_content_element\">\n\t\t<div class=\"wpb_wrapper\">\n\t\t\t<h2>FINOPTIM<\/h2>\n\n\t\t<\/div> \n\t<\/div> <div class=\"separator  small left\" style=\"margin-top: 28px;margin-bottom: 38px;background-color: #c7a082;height: 1px;width: 63px;\"><\/div>\n\n\t<div class=\"wpb_text_column wpb_content_element\">\n\t\t<div class=\"wpb_wrapper\">\n\t\t\t<p id=\"tw-target-text\" class=\"tw-data-text tw-text-large XcVN5d tw-ta\" dir=\"ltr\" data-placeholder=\"Traduction\"><span lang=\"en\">Der Legende nach entstand der Funke am Kaminfeuer: der Wunsch, die Holzheizung neu zu \u00fcberdenken und ihr ihre ganze Eleganz zu bewahren, jedoch durch die Schaffung einer neuen Umgebung, die sowohl effizienter als auch raffinierter ist. Um diese uralte Kunst des Feuers neu zu erfinden, kombinieren wir traditionelles Know-how mit modernsten Techniken. So entstand der offene Einsatz, unsere urspr\u00fcngliche Kreation, die zur Geburtsstunde von Finoptim f\u00fchrte. Seitdem folgten weitere Innovationen. Und alle schicken nat\u00fcrlich Holz\u2026<\/span><\/p>\n\n\t\t<\/div> \n\t<\/div> \t<div class=\"vc_empty_space\"  style=\"height: 32px\" ><span\n\t\t\tclass=\"vc_empty_space_inner\">\n\t\t\t<span class=\"empty_space_image\"  ><\/span>\n\t\t<\/span><\/div>\n\n<a  itemprop=\"url\" href=\"https:\/\/finoptim.eu\/produits\/plancha-origine\/\" target=\"_blank\"  class=\"qbutton  default\" style=\"\">Entdecken Sie das Sortiment<\/a><\/div><\/div><\/div><\/div><\/div><\/div><\/div><\/div><\/div><\/div><div      class=\"vc_row wpb_row section vc_row-fluid  grid_section\" style=' padding-top:84px; padding-bottom:130px; text-align:left;'><div class=\"section_inner clearfix\"><div class='section_inner_margin clearfix'><div class=\"wpb_column vc_column_container vc_col-sm-12 vc_col-md-7\"><div class=\"vc_column-inner\"><div class=\"wpb_wrapper\"><div class='q_elements_holder one_column responsive_mode_from_768' ><div class='q_elements_item' data-600-768='0 0px 0 0px' data-480-600='0 0px 0 0px' data-480='0 0px 0 0px' data-animation='no' data-item-class='q_elements_holder_custom_107355'><div class='q_elements_item_inner'><div class='q_elements_item_content q_elements_holder_custom_107355' style='padding:0px 9px 0 9px'>\n\t<div class=\"wpb_single_image wpb_content_element vc_align_left\">\n\t\t<div class=\"wpb_wrapper\">\n\t\t\t\n\t\t\t<div class=\"vc_single_image-wrapper   vc_box_border_grey\"><\/div>\n\t\t<\/div>\n\t<\/div>\n<\/div><\/div><\/div><\/div><\/div><\/div><\/div><div class=\"wpb_column vc_column_container vc_col-sm-12 vc_col-md-5\"><div class=\"vc_column-inner\"><div class=\"wpb_wrapper\"><div class='q_elements_holder one_column responsive_mode_from_768' ><div class='q_elements_item' data-1024-1280='72px 40px 0 0' data-768-1024='35px 40px 0 0' data-600-768='60px 40px 0px 0' data-animation='no' data-item-class='q_elements_holder_custom_638238'><div class='q_elements_item_inner'><div class='q_elements_item_content q_elements_holder_custom_638238' style='padding:20px 40px 0 8px'>\n\t<div class=\"wpb_text_column wpb_content_element\">\n\t\t<div class=\"wpb_wrapper\">\n\t\t\t<h2>VON MANINCOR<\/h2>\n\n\t\t<\/div> \n\t<\/div> <div class=\"separator  small left\" style=\"margin-top: 28px;margin-bottom: 38px;background-color: #c7a082;height: 1px;width: 63px;\"><\/div>\n\n\t<div class=\"wpb_text_column wpb_content_element\">\n\t\t<div class=\"wpb_wrapper\">\n\t\t\t<p>Holzherde, Zentralheizungsherde und Thermo\u00f6fen, Gas- und Elektroherde, kombinierte Holzherde mit Monoblock-Gasherd und Dunstabzugshaube: F\u00fcr welches DeManincor-Produkt Sie sich auch entscheiden, wir garantieren Ihnen die Tradition der italienischen K\u00fcche in ihrer modernsten Version. Zuverl\u00e4ssigkeit, Liebe zum Detail und handwerkliches K\u00f6nnen sind das Ergebnis von \u00fcber 180 Jahren Erfahrung. Hohe Leistung, reduzierter Verbrauch und die Auswahl hervorragender Materialien sind die St\u00e4rken, die wir heute unserer Geschichte hinzuf\u00fcgen.<\/p>\n\n\t\t<\/div> \n\t<\/div> \t<div class=\"vc_empty_space\"  style=\"height: 32px\" ><span\n\t\t\tclass=\"vc_empty_space_inner\">\n\t\t\t<span class=\"empty_space_image\"  ><\/span>\n\t\t<\/span><\/div>\n\n<a  itemprop=\"url\" href=\"http:\/\/cuisinieresabois.demanincor.com\/fr\/\" target=\"_blank\"  class=\"qbutton  default\" style=\"\">Entdecken Sie das Sortiment<\/a><\/div><\/div><\/div><\/div><\/div><\/div><\/div><\/div><\/div><\/div><section      data-speed=\"1\" class=\"parallax_section_holder\" style = \" height:px; background-image:url('https:\/\/tarentaise-cheminees.fr\/wp-content\/uploads\/2020\/09\/BANDEAU-DEVIS-scaled.jpg');\"><div class=\"parallax_content center\"><div class='parallax_section_inner_margin clearfix'><div class=\"wpb_column vc_column_container vc_col-sm-12\"><div class=\"vc_column-inner\"><div class=\"wpb_wrapper\"><div class='q_elements_holder one_column responsive_mode_from_768' ><div class='q_elements_item' data-480-600='184px 0% 168px 0%' data-480='184px 0% 168px 0%' data-animation='no' data-item-class='q_elements_holder_custom_283856'><div class='q_elements_item_inner'><div class='q_elements_item_content q_elements_holder_custom_283856' style='padding:184px 8% 168px 8%'>\n\t<div class=\"wpb_text_column wpb_content_element\">\n\t\t<div class=\"wpb_wrapper\">\n\t\t\t<h1><span style=\"color: #ffffff;\">Angebot anfordern<\/span><\/h1>\n\n\t\t<\/div> \n\t<\/div> <div class=\"separator  small center\" style=\"margin-top: 25px;margin-bottom: 34px;background-color: #c7a082;height: 1px;width: 63px;\"><\/div>\n\n\t<div class=\"wpb_text_column wpb_content_element\">\n\t\t<div class=\"wpb_wrapper\">\n\t\t\t<h5 id=\"tw-target-text\" class=\"tw-data-text tw-text-large XcVN5d tw-ta\" dir=\"ltr\" data-placeholder=\"Traduction\"><span lang=\"en\" style=\"color: #eae9e9;\">Ein Projekt, ein Wunsch? Kontaktieren Sie uns f\u00fcr ein kostenloses Angebot. Quentin kommt gerne zu Ihnen nach Hause, um die Machbarkeit Ihres Projekts zu pr\u00fcfen und Ihnen technische und gestalterische L\u00f6sungen anzubieten. Wir k\u00fcmmern uns um Ihre Installation von A bis Z. Ein einziger Ansprechpartner f\u00fcr mehr Sicherheit.<\/span><\/h5>\n<h3><span style=\"color: #ffffff;\"><a style=\"color: #ffffff;\" href=\"Tel.: 0479070419\"><span style=\"color: #c7a082;\">RUFEN SIE UNS AN<\/span><\/a><span style=\"color: #c7a082;\"> Gold <\/span><\/span><span style=\"color: #c7a082;\"><a style=\"color: #c7a082;\" href=\"https:\/\/tarentaise-cheminees.fr\/de\/contact\/\">SCHREIBEN SIE UNS<\/a><\/span><\/h3>\n\n\t\t<\/div> \n\t<\/div> \t<div class=\"vc_empty_space\"  style=\"height: 35px\" ><span\n\t\t\tclass=\"vc_empty_space_inner\">\n\t\t\t<span class=\"empty_space_image\"  ><\/span>\n\t\t<\/span><\/div>\n\n<\/div><\/div><\/div><\/div><\/div><\/div><\/div><\/div><\/div><\/section>","protected":false},"excerpt":{"rendered":"Wood-fires cooking Food lovers will be served! (we couldn't help but make this pun!) Wood fires are a truly unparalleled traditional cooking method. The heat distribution allows for wise cooking and brings more flavor to your dishes. Why not let yourself be tempted by a...","protected":false},"author":2,"featured_media":0,"parent":0,"menu_order":0,"comment_status":"closed","ping_status":"closed","template":"full_width.php","meta":{"footnotes":""},"class_list":["post-862","page","type-page","status-publish","hentry"],"yoast_head":"<!-- This site is optimized with the Yoast SEO plugin v26.9 - https:\/\/yoast.com\/product\/yoast-seo-wordpress\/ -->\n<title>Cookers and planchas - Tarentaise Chemin\u00e9es - Finoptim - De Manicor<\/title>\n<meta name=\"description\" content=\"Wood or electric, our Finoptim or De Manicor stoves and planchas are available at our showroom in Aime La Plagne.\" \/>\n<meta name=\"robots\" content=\"index, follow, max-snippet:-1, max-image-preview:large, max-video-preview:-1\" \/>\n<link rel=\"canonical\" href=\"https:\/\/tarentaise-cheminees.fr\/de\/herde-und-grillplatten-2\/\" \/>\n<meta property=\"og:locale\" content=\"de_DE\" \/>\n<meta property=\"og:type\" content=\"article\" \/>\n<meta property=\"og:title\" content=\"Cookers and planchas - Tarentaise Chemin\u00e9es - Finoptim - De Manicor\" \/>\n<meta property=\"og:description\" content=\"Wood or electric, our Finoptim or De Manicor stoves and planchas are available at our showroom in Aime La Plagne.\" \/>\n<meta property=\"og:url\" content=\"https:\/\/tarentaise-cheminees.fr\/de\/herde-und-grillplatten-2\/\" \/>\n<meta property=\"og:site_name\" content=\"Tarentaise Chemin\u00e9es\" \/>\n<meta property=\"article:modified_time\" content=\"2025-04-04T11:55:27+00:00\" \/>\n<meta name=\"twitter:card\" content=\"summary_large_image\" \/>\n<meta name=\"twitter:label1\" content=\"Gesch\u00e4tzte Lesezeit\" \/>\n\t<meta name=\"twitter:data1\" content=\"4\u00a0Minuten\" \/>\n<script type=\"application\/ld+json\" class=\"yoast-schema-graph\">{\"@context\":\"https:\/\/schema.org\",\"@graph\":[{\"@type\":\"WebPage\",\"@id\":\"https:\/\/tarentaise-cheminees.fr\/en\/cookers-and-planchas\/\",\"url\":\"https:\/\/tarentaise-cheminees.fr\/en\/cookers-and-planchas\/\",\"name\":\"Cookers and planchas - Tarentaise Chemin\u00e9es - Finoptim - De Manicor\",\"isPartOf\":{\"@id\":\"https:\/\/tarentaise-cheminees.fr\/#website\"},\"datePublished\":\"2020-11-16T12:30:08+00:00\",\"dateModified\":\"2025-04-04T11:55:27+00:00\",\"description\":\"Wood or electric, our Finoptim or De Manicor stoves and planchas are available at our showroom in Aime La Plagne.\",\"breadcrumb\":{\"@id\":\"https:\/\/tarentaise-cheminees.fr\/en\/cookers-and-planchas\/#breadcrumb\"},\"inLanguage\":\"de\",\"potentialAction\":[{\"@type\":\"ReadAction\",\"target\":[\"https:\/\/tarentaise-cheminees.fr\/en\/cookers-and-planchas\/\"]}]},{\"@type\":\"BreadcrumbList\",\"@id\":\"https:\/\/tarentaise-cheminees.fr\/en\/cookers-and-planchas\/#breadcrumb\",\"itemListElement\":[{\"@type\":\"ListItem\",\"position\":1,\"name\":\"Accueil\",\"item\":\"https:\/\/tarentaise-cheminees.fr\/\"},{\"@type\":\"ListItem\",\"position\":2,\"name\":\"Cookers and planchas\"}]},{\"@type\":\"WebSite\",\"@id\":\"https:\/\/tarentaise-cheminees.fr\/#website\",\"url\":\"https:\/\/tarentaise-cheminees.fr\/\",\"name\":\"Tarentaise Chemin\u00e9es\",\"description\":\"Le sp\u00e9cialiste de la chemin\u00e9e\",\"potentialAction\":[{\"@type\":\"SearchAction\",\"target\":{\"@type\":\"EntryPoint\",\"urlTemplate\":\"https:\/\/tarentaise-cheminees.fr\/?s={search_term_string}\"},\"query-input\":{\"@type\":\"PropertyValueSpecification\",\"valueRequired\":true,\"valueName\":\"search_term_string\"}}],\"inLanguage\":\"de\"}]}<\/script>\n<!-- \/ Yoast SEO plugin. -->","yoast_head_json":{"title":"Herde und Planchas - Tarentaise Chemin\u00e9es - Finoptim - De Manicor","description":"Ob mit Holz oder elektrisch, unsere \u00d6fen und Planchas von Finoptim oder De Manicor sind in unserem Ausstellungsraum in Aime La Plagne erh\u00e4ltlich.","robots":{"index":"index","follow":"follow","max-snippet":"max-snippet:-1","max-image-preview":"max-image-preview:large","max-video-preview":"max-video-preview:-1"},"canonical":"https:\/\/tarentaise-cheminees.fr\/de\/herde-und-grillplatten-2\/","og_locale":"de_DE","og_type":"article","og_title":"Cookers and planchas - Tarentaise Chemin\u00e9es - Finoptim - De Manicor","og_description":"Wood or electric, our Finoptim or De Manicor stoves and planchas are available at our showroom in Aime La Plagne.","og_url":"https:\/\/tarentaise-cheminees.fr\/de\/herde-und-grillplatten-2\/","og_site_name":"Tarentaise Chemin\u00e9es","article_modified_time":"2025-04-04T11:55:27+00:00","twitter_card":"summary_large_image","twitter_misc":{"Gesch\u00e4tzte Lesezeit":"4\u00a0Minuten"},"schema":{"@context":"https:\/\/schema.org","@graph":[{"@type":"WebPage","@id":"https:\/\/tarentaise-cheminees.fr\/en\/cookers-and-planchas\/","url":"https:\/\/tarentaise-cheminees.fr\/en\/cookers-and-planchas\/","name":"Herde und Planchas - Tarentaise Chemin\u00e9es - Finoptim - De Manicor","isPartOf":{"@id":"https:\/\/tarentaise-cheminees.fr\/#website"},"datePublished":"2020-11-16T12:30:08+00:00","dateModified":"2025-04-04T11:55:27+00:00","description":"Ob mit Holz oder elektrisch, unsere \u00d6fen und Planchas von Finoptim oder De Manicor sind in unserem Ausstellungsraum in Aime La Plagne erh\u00e4ltlich.","breadcrumb":{"@id":"https:\/\/tarentaise-cheminees.fr\/en\/cookers-and-planchas\/#breadcrumb"},"inLanguage":"de","potentialAction":[{"@type":"ReadAction","target":["https:\/\/tarentaise-cheminees.fr\/en\/cookers-and-planchas\/"]}]},{"@type":"BreadcrumbList","@id":"https:\/\/tarentaise-cheminees.fr\/en\/cookers-and-planchas\/#breadcrumb","itemListElement":[{"@type":"ListItem","position":1,"name":"Accueil","item":"https:\/\/tarentaise-cheminees.fr\/"},{"@type":"ListItem","position":2,"name":"Cookers and planchas"}]},{"@type":"WebSite","@id":"https:\/\/tarentaise-cheminees.fr\/#website","url":"https:\/\/tarentaise-cheminees.fr\/","name":"Tarentaise Chemin\u00e9es","description":"Der Kaminspezialist","potentialAction":[{"@type":"SearchAction","target":{"@type":"EntryPoint","urlTemplate":"https:\/\/tarentaise-cheminees.fr\/?s={search_term_string}"},"query-input":{"@type":"PropertyValueSpecification","valueRequired":true,"valueName":"search_term_string"}}],"inLanguage":"de"}]}},"_links":{"self":[{"href":"https:\/\/tarentaise-cheminees.fr\/de\/wp-json\/wp\/v2\/pages\/862","targetHints":{"allow":["GET"]}}],"collection":[{"href":"https:\/\/tarentaise-cheminees.fr\/de\/wp-json\/wp\/v2\/pages"}],"about":[{"href":"https:\/\/tarentaise-cheminees.fr\/de\/wp-json\/wp\/v2\/types\/page"}],"author":[{"embeddable":true,"href":"https:\/\/tarentaise-cheminees.fr\/de\/wp-json\/wp\/v2\/users\/2"}],"replies":[{"embeddable":true,"href":"https:\/\/tarentaise-cheminees.fr\/de\/wp-json\/wp\/v2\/comments?post=862"}],"version-history":[{"count":3,"href":"https:\/\/tarentaise-cheminees.fr\/de\/wp-json\/wp\/v2\/pages\/862\/revisions"}],"predecessor-version":[{"id":934,"href":"https:\/\/tarentaise-cheminees.fr\/de\/wp-json\/wp\/v2\/pages\/862\/revisions\/934"}],"wp:attachment":[{"href":"https:\/\/tarentaise-cheminees.fr\/de\/wp-json\/wp\/v2\/media?parent=862"}],"curies":[{"name":"wp","href":"https:\/\/api.w.org\/{rel}","templated":true}]}}