{"id":479,"date":"2020-10-05T16:10:33","date_gmt":"2020-10-05T14:10:33","guid":{"rendered":"https:\/\/tarentaise-cheminees.fr\/?page_id=479"},"modified":"2023-09-28T12:15:45","modified_gmt":"2023-09-28T10:15:45","slug":"elektro-und-ethanol","status":"publish","type":"page","link":"https:\/\/tarentaise-cheminees.fr\/de\/elektro-und-ethanol\/","title":{"rendered":"Elektro und Ethanol"},"content":{"rendered":"<section      data-speed=\"1\" class=\"parallax_section_holder\" style = \" height:px; background-image:url('https:\/\/tarentaise-cheminees.fr\/wp-content\/uploads\/2020\/09\/BANDEAU-DEVIS-scaled.jpg');\"><div class=\"parallax_content center\"><div class='parallax_section_inner_margin clearfix'><div class=\"wpb_column vc_column_container vc_col-sm-12\"><div class=\"vc_column-inner\"><div class=\"wpb_wrapper\"><div class='q_elements_holder one_column responsive_mode_from_768' ><div class='q_elements_item' data-480-600='184px 0% 168px 0%' data-480='184px 0% 168px 0%' data-animation='no' data-item-class='q_elements_holder_custom_128229'><div class='q_elements_item_inner'><div class='q_elements_item_content q_elements_holder_custom_128229' style='padding:184px 8% 168px 8%'>\n\t<div class=\"wpb_text_column wpb_content_element\">\n\t\t<div class=\"wpb_wrapper\">\n\t\t\t<h2><span style=\"color: #ffffff;\">WAS SOLL ICH W\u00c4HLEN?<\/span><\/h2>\n\n\t\t<\/div> \n\t<\/div> <div class=\"separator  small center\" style=\"margin-top: 25px;margin-bottom: 34px;background-color: #c7a082;height: 1px;width: 63px;\"><\/div>\n\n\t<div class=\"wpb_text_column wpb_content_element\">\n\t\t<div class=\"wpb_wrapper\">\n\t\t\t<h3><span style=\"color: #ffffff;\">Der elektrische Kamin<\/span><\/h3>\n<p><span style=\"font-size: 14pt; color: #ffffff;\">Elektrische Kamine erfreuen sich gro\u00dfer Beliebtheit, da sie leicht zu installieren sind und W\u00e4rme erzeugen k\u00f6nnen, ohne dass dies erforderlich ist. Der Betrieb ist kosteng\u00fcnstig und Rauch, Ru\u00df und Asche sind nicht zu vermeiden. Sie brauchen nicht einmal ein Feuerzeug oder Brennstoff, es gibt also keine echten Flammen; was bedeutet, dass keine wirkliche Gefahr besteht. Wenn Sie Kinder oder Haustiere haben, sollten Sie \u00fcber den Kauf eines elektrischen Kamins nachdenken, dessen Glas w\u00e4hrend des Betriebs k\u00fchl bleibt.<\/span><\/p>\n\n\t\t<\/div> \n\t<\/div> \t<div class=\"vc_empty_space\"  style=\"height: 35px\" ><span\n\t\t\tclass=\"vc_empty_space_inner\">\n\t\t\t<span class=\"empty_space_image\"  ><\/span>\n\t\t<\/span><\/div>\n\n\n\t<div class=\"wpb_text_column wpb_content_element\">\n\t\t<div class=\"wpb_wrapper\">\n\t\t\t<h3><span style=\"color: #ffffff;\">Der Ethanolkamin<\/span><\/h3>\n<p><span style=\"font-size: 14pt; color: #ffffff;\">Sie ben\u00f6tigen au\u00dferdem keinen Abzug! Da die Installation eines Kamins teurer ist und viel Arbeit und Fachwissen erfordert, entscheiden sich viele Hausbesitzer f\u00fcr einen Ethanolkamin. Das verwendete Ethanol gibt keinen Rauch ab und erzeugt keine Asche. Die Flammen sind sauber und daher ist keine Entl\u00fcftung erforderlich. Es werden keine gef\u00e4hrlichen Partikel ausgesto\u00dfen. Die Emissionen bestehen aus Wasser, W\u00e4rme und einer geringen Menge Kohlendioxid. Die Menge des erzeugten Kohlendioxids ist unbedenklich und entspricht der Menge von 2 Kerzen. Dieses Verfahren ist sehr umweltfreundlich, da Kohlendioxid in die Umwelt freigesetzt wird und von Pflanzen zur Photosynthese genutzt wird.<\/span><\/p>\n\n\t\t<\/div> \n\t<\/div> \t<div class=\"vc_empty_space\"  style=\"height: 35px\" ><span\n\t\t\tclass=\"vc_empty_space_inner\">\n\t\t\t<span class=\"empty_space_image\"  ><\/span>\n\t\t<\/span><\/div>\n\n\n\t<div class=\"wpb_text_column wpb_content_element\">\n\t\t<div class=\"wpb_wrapper\">\n\t\t\t<h4><span style=\"color: #ffffff;\">Ob Ethanol oder Elektro \u2013 lassen Sie sich von einer dieser beiden Technologien verf\u00fchren, die Ihrem Interieur in puncto Dekoration oder W\u00e4rme ein echtes Plus verleihen.<\/span><\/h4>\n\n\t\t<\/div> \n\t<\/div> \t<div class=\"vc_empty_space\"  style=\"height: 35px\" ><span\n\t\t\tclass=\"vc_empty_space_inner\">\n\t\t\t<span class=\"empty_space_image\"  ><\/span>\n\t\t<\/span><\/div>\n\n<\/div><\/div><\/div><\/div><\/div><\/div><\/div><\/div><\/div><\/section><div      class=\"vc_row wpb_row section vc_row-fluid  grid_section\" style=' padding-top:84px; padding-bottom:130px; text-align:left;'><div class=\"section_inner clearfix\"><div class='section_inner_margin clearfix'><div class=\"wpb_column vc_column_container vc_col-sm-12 vc_col-md-7\"><div class=\"vc_column-inner\"><div class=\"wpb_wrapper\"><div class='q_elements_holder one_column responsive_mode_from_768' ><div class='q_elements_item' data-600-768='0 0px 0 0px' data-480-600='0 0px 0 0px' data-480='0 0px 0 0px' data-animation='no' data-item-class='q_elements_holder_custom_405867'><div class='q_elements_item_inner'><div class='q_elements_item_content q_elements_holder_custom_405867' style='padding:0px 9px 0 9px'>\n\t<div class=\"wpb_single_image wpb_content_element vc_align_left\">\n\t\t<div class=\"wpb_wrapper\">\n\t\t\t\n\t\t\t<div class=\"vc_single_image-wrapper   vc_box_border_grey\"><img loading=\"lazy\" decoding=\"async\" width=\"800\" height=\"523\" src=\"https:\/\/tarentaise-cheminees.fr\/wp-content\/uploads\/2020\/09\/PHOTO-STOVAX-GAZCO.jpg\" class=\"vc_single_image-img attachment-full\" alt=\"\" srcset=\"https:\/\/tarentaise-cheminees.fr\/wp-content\/uploads\/2020\/09\/PHOTO-STOVAX-GAZCO.jpg 800w, https:\/\/tarentaise-cheminees.fr\/wp-content\/uploads\/2020\/09\/PHOTO-STOVAX-GAZCO-300x196.jpg 300w, https:\/\/tarentaise-cheminees.fr\/wp-content\/uploads\/2020\/09\/PHOTO-STOVAX-GAZCO-768x502.jpg 768w, https:\/\/tarentaise-cheminees.fr\/wp-content\/uploads\/2020\/09\/PHOTO-STOVAX-GAZCO-700x458.jpg 700w\" sizes=\"auto, (max-width: 800px) 100vw, 800px\" \/><\/div>\n\t\t<\/div>\n\t<\/div>\n<\/div><\/div><\/div><\/div><\/div><\/div><\/div><div class=\"wpb_column vc_column_container vc_col-sm-12 vc_col-md-5\"><div class=\"vc_column-inner\"><div class=\"wpb_wrapper\"><div class='q_elements_holder one_column responsive_mode_from_768' ><div class='q_elements_item' data-1024-1280='72px 40px 0 0' data-768-1024='35px 40px 0 0' data-600-768='60px 40px 0px 0' data-animation='no' data-item-class='q_elements_holder_custom_314737'><div class='q_elements_item_inner'><div class='q_elements_item_content q_elements_holder_custom_314737' style='padding:20px 40px 0 8px'>\n\t<div class=\"wpb_text_column wpb_content_element\">\n\t\t<div class=\"wpb_wrapper\">\n\t\t\t<h2>STOVAX &amp; GAZCO<\/h2>\n<h3>ELEKTRISCH<\/h3>\n\n\t\t<\/div> \n\t<\/div> <div class=\"separator  small left\" style=\"margin-top: 28px;margin-bottom: 38px;background-color: #c7a082;height: 1px;width: 63px;\"><\/div>\n\n\t<div class=\"wpb_text_column wpb_content_element\">\n\t\t<div class=\"wpb_wrapper\">\n\t\t\t<p>Stovax <span class=\"fancy-amp\">und<\/span> Gazco stellt Holz-, Mehrstoff-, Gas- und Elektro\u00f6fen sowie Eins\u00e4tze her. Die Stovax Group ist Gro\u00dfbritanniens gr\u00f6\u00dfter Hersteller von \u00d6fen und Kaminen und bietet eine breite Palette an Produkten im modernen und traditionellen Stil f\u00fcr jeden Bedarf und Geschmack.<\/p>\n\n\t\t<\/div> \n\t<\/div> \t<div class=\"vc_empty_space\"  style=\"height: 32px\" ><span\n\t\t\tclass=\"vc_empty_space_inner\">\n\t\t\t<span class=\"empty_space_image\"  ><\/span>\n\t\t<\/span><\/div>\n\n<a  itemprop=\"url\" href=\"https:\/\/www.stovax.fr\/produits\/electrique\/poeles\/\" target=\"_blank\"  class=\"qbutton  default\" style=\"\">Entdecken Sie das Sortiment<\/a><\/div><\/div><\/div><\/div><\/div><\/div><\/div><\/div><\/div><\/div><section      data-speed=\"1\" class=\"parallax_section_holder\" style = \" height:px; background-image:url('https:\/\/tarentaise-cheminees.fr\/wp-content\/uploads\/2020\/09\/BANDEAU-DEVIS-scaled.jpg');\"><div class=\"parallax_content center\"><div class='parallax_section_inner_margin clearfix'><div class=\"wpb_column vc_column_container vc_col-sm-12\"><div class=\"vc_column-inner\"><div class=\"wpb_wrapper\"><div class='q_elements_holder one_column responsive_mode_from_768' ><div class='q_elements_item' data-480-600='184px 0% 168px 0%' data-480='184px 0% 168px 0%' data-animation='no' data-item-class='q_elements_holder_custom_549821'><div class='q_elements_item_inner'><div class='q_elements_item_content q_elements_holder_custom_549821' style='padding:184px 8% 168px 8%'>\n\t<div class=\"wpb_text_column wpb_content_element\">\n\t\t<div class=\"wpb_wrapper\">\n\t\t\t<h1><span style=\"color: #ffffff;\">Angebot anfordern<\/span><\/h1>\n\n\t\t<\/div> \n\t<\/div> <div class=\"separator  small center\" style=\"margin-top: 25px;margin-bottom: 34px;background-color: #c7a082;height: 1px;width: 63px;\"><\/div>\n\n\t<div class=\"wpb_text_column wpb_content_element\">\n\t\t<div class=\"wpb_wrapper\">\n\t\t\t<h5><span style=\"color: #eae9e9;\">Ein Projekt, ein Wunsch? Kontaktieren Sie uns f\u00fcr ein kostenloses Angebot. Quentin kommt gerne zu Ihnen nach Hause, um die Machbarkeit Ihres Projekts zu pr\u00fcfen und Ihnen technische und gestalterische L\u00f6sungen anzubieten. Wir k\u00fcmmern uns um Ihre Installation von A bis Z. Ein einziger Ansprechpartner f\u00fcr mehr Sicherheit.<\/span><\/h5>\n<p>&nbsp;<\/p>\n<h3><span style=\"color: #ffffff;\"><a style=\"color: #ffffff;\" href=\"Tel.: 0479070419\"><span style=\"color: #c7a082;\">RUFEN SIE UNS AN<\/span><\/a><span style=\"color: #c7a082;\">\u00a0Oder <\/span><\/span><span style=\"color: #c7a082;\"><a style=\"color: #c7a082;\" href=\"https:\/\/tarentaise-cheminees.fr\/de\/contact\/\">SCHREIBEN SIE UNS<\/a><\/span><\/h3>\n\n\t\t<\/div> \n\t<\/div> \t<div class=\"vc_empty_space\"  style=\"height: 35px\" ><span\n\t\t\tclass=\"vc_empty_space_inner\">\n\t\t\t<span class=\"empty_space_image\"  ><\/span>\n\t\t<\/span><\/div>\n\n<\/div><\/div><\/div><\/div><\/div><\/div><\/div><\/div><\/div><\/section>","protected":false},"excerpt":{"rendered":"WAS SOLLTE MAN W\u00c4HLEN? Den Elektrokamin. Elektrokamine sind so beliebt, weil sie einfach zu installieren sind und wahlweise W\u00e4rme erzeugen oder nicht. Sie sind kosteng\u00fcnstig im Betrieb und man hat keine Probleme mit Rauch usw.","protected":false},"author":2,"featured_media":0,"parent":0,"menu_order":0,"comment_status":"closed","ping_status":"closed","template":"full_width.php","meta":{"footnotes":""},"class_list":["post-479","page","type-page","status-publish","hentry"],"yoast_head":"<!-- This site is optimized with the Yoast SEO plugin v26.9 - https:\/\/yoast.com\/product\/yoast-seo-wordpress\/ -->\n<title>Chemin\u00e9es Electrique et \u00e9thanol - Tarentaise Chemin\u00e9es \u00e0 Aime La Plagne.<\/title>\n<meta name=\"description\" content=\"Nous vous aidons \u00e0 choisir la technologie qu&#039;il vous faut en fonction de vos besoins. D\u00e9couvrez les avantages de l&#039;\u00e9lectrique et de l&#039;ethanol.\" \/>\n<meta name=\"robots\" content=\"index, follow, max-snippet:-1, max-image-preview:large, max-video-preview:-1\" \/>\n<link rel=\"canonical\" href=\"https:\/\/tarentaise-cheminees.fr\/de\/elektro-und-ethanol\/\" \/>\n<meta property=\"og:locale\" content=\"de_DE\" \/>\n<meta property=\"og:type\" content=\"article\" \/>\n<meta property=\"og:title\" content=\"Chemin\u00e9es Electrique et \u00e9thanol - Tarentaise Chemin\u00e9es \u00e0 Aime La Plagne.\" \/>\n<meta property=\"og:description\" content=\"Nous vous aidons \u00e0 choisir la technologie qu&#039;il vous faut en fonction de vos besoins. D\u00e9couvrez les avantages de l&#039;\u00e9lectrique et de l&#039;ethanol.\" \/>\n<meta property=\"og:url\" content=\"https:\/\/tarentaise-cheminees.fr\/de\/elektro-und-ethanol\/\" \/>\n<meta property=\"og:site_name\" content=\"Tarentaise Chemin\u00e9es\" \/>\n<meta property=\"article:modified_time\" content=\"2023-09-28T10:15:45+00:00\" \/>\n<meta name=\"twitter:card\" content=\"summary_large_image\" \/>\n<meta name=\"twitter:label1\" content=\"Gesch\u00e4tzte Lesezeit\" \/>\n\t<meta name=\"twitter:data1\" content=\"4\u00a0Minuten\" \/>\n<script type=\"application\/ld+json\" class=\"yoast-schema-graph\">{\"@context\":\"https:\/\/schema.org\",\"@graph\":[{\"@type\":\"WebPage\",\"@id\":\"https:\/\/tarentaise-cheminees.fr\/electrique-et-ethanol\/\",\"url\":\"https:\/\/tarentaise-cheminees.fr\/electrique-et-ethanol\/\",\"name\":\"Chemin\u00e9es Electrique et \u00e9thanol - Tarentaise Chemin\u00e9es \u00e0 Aime La Plagne.\",\"isPartOf\":{\"@id\":\"https:\/\/tarentaise-cheminees.fr\/#website\"},\"datePublished\":\"2020-10-05T14:10:33+00:00\",\"dateModified\":\"2023-09-28T10:15:45+00:00\",\"description\":\"Nous vous aidons \u00e0 choisir la technologie qu'il vous faut en fonction de vos besoins. D\u00e9couvrez les avantages de l'\u00e9lectrique et de l'ethanol.\",\"breadcrumb\":{\"@id\":\"https:\/\/tarentaise-cheminees.fr\/electrique-et-ethanol\/#breadcrumb\"},\"inLanguage\":\"de\",\"potentialAction\":[{\"@type\":\"ReadAction\",\"target\":[\"https:\/\/tarentaise-cheminees.fr\/electrique-et-ethanol\/\"]}]},{\"@type\":\"BreadcrumbList\",\"@id\":\"https:\/\/tarentaise-cheminees.fr\/electrique-et-ethanol\/#breadcrumb\",\"itemListElement\":[{\"@type\":\"ListItem\",\"position\":1,\"name\":\"Accueil\",\"item\":\"https:\/\/tarentaise-cheminees.fr\/\"},{\"@type\":\"ListItem\",\"position\":2,\"name\":\"Electrique et \u00e9thanol\"}]},{\"@type\":\"WebSite\",\"@id\":\"https:\/\/tarentaise-cheminees.fr\/#website\",\"url\":\"https:\/\/tarentaise-cheminees.fr\/\",\"name\":\"Tarentaise Chemin\u00e9es\",\"description\":\"Le sp\u00e9cialiste de la chemin\u00e9e\",\"potentialAction\":[{\"@type\":\"SearchAction\",\"target\":{\"@type\":\"EntryPoint\",\"urlTemplate\":\"https:\/\/tarentaise-cheminees.fr\/?s={search_term_string}\"},\"query-input\":{\"@type\":\"PropertyValueSpecification\",\"valueRequired\":true,\"valueName\":\"search_term_string\"}}],\"inLanguage\":\"de\"}]}<\/script>\n<!-- \/ Yoast SEO plugin. -->","yoast_head_json":{"title":"Elektro- und Ethanolkamine \u2013 Tarentaise Chemin\u00e9es bis Aime La Plagne.","description":"Wir helfen Ihnen, die f\u00fcr Ihren Bedarf passende Technologie auszuw\u00e4hlen. Entdecken Sie die Vorteile von Elektro- und Ethanolbetrieb.","robots":{"index":"index","follow":"follow","max-snippet":"max-snippet:-1","max-image-preview":"max-image-preview:large","max-video-preview":"max-video-preview:-1"},"canonical":"https:\/\/tarentaise-cheminees.fr\/de\/elektro-und-ethanol\/","og_locale":"de_DE","og_type":"article","og_title":"Chemin\u00e9es Electrique et \u00e9thanol - Tarentaise Chemin\u00e9es \u00e0 Aime La Plagne.","og_description":"Nous vous aidons \u00e0 choisir la technologie qu'il vous faut en fonction de vos besoins. D\u00e9couvrez les avantages de l'\u00e9lectrique et de l'ethanol.","og_url":"https:\/\/tarentaise-cheminees.fr\/de\/elektro-und-ethanol\/","og_site_name":"Tarentaise Chemin\u00e9es","article_modified_time":"2023-09-28T10:15:45+00:00","twitter_card":"summary_large_image","twitter_misc":{"Gesch\u00e4tzte Lesezeit":"4\u00a0Minuten"},"schema":{"@context":"https:\/\/schema.org","@graph":[{"@type":"WebPage","@id":"https:\/\/tarentaise-cheminees.fr\/electrique-et-ethanol\/","url":"https:\/\/tarentaise-cheminees.fr\/electrique-et-ethanol\/","name":"Elektro- und Ethanolkamine \u2013 Tarentaise Chemin\u00e9es bis Aime La Plagne.","isPartOf":{"@id":"https:\/\/tarentaise-cheminees.fr\/#website"},"datePublished":"2020-10-05T14:10:33+00:00","dateModified":"2023-09-28T10:15:45+00:00","description":"Wir helfen Ihnen, die f\u00fcr Ihren Bedarf passende Technologie auszuw\u00e4hlen. Entdecken Sie die Vorteile von Elektro- und Ethanolbetrieb.","breadcrumb":{"@id":"https:\/\/tarentaise-cheminees.fr\/electrique-et-ethanol\/#breadcrumb"},"inLanguage":"de","potentialAction":[{"@type":"ReadAction","target":["https:\/\/tarentaise-cheminees.fr\/electrique-et-ethanol\/"]}]},{"@type":"BreadcrumbList","@id":"https:\/\/tarentaise-cheminees.fr\/electrique-et-ethanol\/#breadcrumb","itemListElement":[{"@type":"ListItem","position":1,"name":"Accueil","item":"https:\/\/tarentaise-cheminees.fr\/"},{"@type":"ListItem","position":2,"name":"Electrique et \u00e9thanol"}]},{"@type":"WebSite","@id":"https:\/\/tarentaise-cheminees.fr\/#website","url":"https:\/\/tarentaise-cheminees.fr\/","name":"Tarentaise Chemin\u00e9es","description":"Der Kaminspezialist","potentialAction":[{"@type":"SearchAction","target":{"@type":"EntryPoint","urlTemplate":"https:\/\/tarentaise-cheminees.fr\/?s={search_term_string}"},"query-input":{"@type":"PropertyValueSpecification","valueRequired":true,"valueName":"search_term_string"}}],"inLanguage":"de"}]}},"_links":{"self":[{"href":"https:\/\/tarentaise-cheminees.fr\/de\/wp-json\/wp\/v2\/pages\/479","targetHints":{"allow":["GET"]}}],"collection":[{"href":"https:\/\/tarentaise-cheminees.fr\/de\/wp-json\/wp\/v2\/pages"}],"about":[{"href":"https:\/\/tarentaise-cheminees.fr\/de\/wp-json\/wp\/v2\/types\/page"}],"author":[{"embeddable":true,"href":"https:\/\/tarentaise-cheminees.fr\/de\/wp-json\/wp\/v2\/users\/2"}],"replies":[{"embeddable":true,"href":"https:\/\/tarentaise-cheminees.fr\/de\/wp-json\/wp\/v2\/comments?post=479"}],"version-history":[{"count":15,"href":"https:\/\/tarentaise-cheminees.fr\/de\/wp-json\/wp\/v2\/pages\/479\/revisions"}],"predecessor-version":[{"id":9490,"href":"https:\/\/tarentaise-cheminees.fr\/de\/wp-json\/wp\/v2\/pages\/479\/revisions\/9490"}],"wp:attachment":[{"href":"https:\/\/tarentaise-cheminees.fr\/de\/wp-json\/wp\/v2\/media?parent=479"}],"curies":[{"name":"wp","href":"https:\/\/api.w.org\/{rel}","templated":true}]}}