{"id":477,"date":"2020-10-05T16:09:49","date_gmt":"2020-10-05T14:09:49","guid":{"rendered":"https:\/\/tarentaise-cheminees.fr\/?page_id=477"},"modified":"2025-04-03T12:10:55","modified_gmt":"2025-04-03T10:10:55","slug":"herde-und-grillplatten","status":"publish","type":"page","link":"https:\/\/tarentaise-cheminees.fr\/de\/herde-und-grillplatten\/","title":{"rendered":"Herde und Grillplatten"},"content":{"rendered":"<section      data-speed=\"1\" class=\"parallax_section_holder\" style = \" height:px; background-image:url('https:\/\/tarentaise-cheminees.fr\/wp-content\/uploads\/2020\/10\/BANDEAUFEU2.jpg');\"><div class=\"parallax_content center\"><div class='parallax_section_inner_margin clearfix'><div class=\"wpb_column vc_column_container vc_col-sm-12\"><div class=\"vc_column-inner\"><div class=\"wpb_wrapper\"><div class='q_elements_holder one_column responsive_mode_from_768' ><div class='q_elements_item' data-480-600='184px 0% 168px 0%' data-480='184px 0% 168px 0%' data-animation='no' data-item-class='q_elements_holder_custom_314519'><div class='q_elements_item_inner'><div class='q_elements_item_content q_elements_holder_custom_314519' style='padding:184px 8% 168px 8%'>\n\t<div class=\"wpb_text_column wpb_content_element\">\n\t\t<div class=\"wpb_wrapper\">\n\t\t\t<h2><span style=\"color: #ffffff;\">Kochen mit Holzfeuer<\/span><\/h2>\n\n\t\t<\/div> \n\t<\/div> <div class=\"separator  small center\" style=\"margin-top: 25px;margin-bottom: 34px;background-color: #c7a082;height: 1px;width: 63px;\"><\/div>\n\n\t<div class=\"wpb_text_column wpb_content_element\">\n\t\t<div class=\"wpb_wrapper\">\n\t\t\t<h5><span style=\"color: #eae9e9; font-family: Georgia, Palatino; font-size: large;\">Feinschmecker werden begeistert sein! (wir konnten nicht anders, als dieses Wortspiel zu machen!) <\/span><\/h5>\n<h5><span style=\"color: #eae9e9; font-family: Georgia, Palatino; font-size: large;\">DER <\/span><span style=\"color: #eae9e9; font-family: Georgia, Palatino; font-size: large;\">Holzfeuer ist ein echtes\u00a0<span style=\"caret-color: #eae9e9;\">Verfahren<\/span>\u00a0unvergleichliche traditionelle K\u00fcche. W\u00e4rmeverteilung\u00a0<\/span><span style=\"color: #eae9e9; font-family: Georgia, Palatino; font-size: large;\">erm\u00f6glicht schonendes Garen und verleiht Ihren Gerichten mehr Geschmack. <\/span><\/h5>\n<h5><span style=\"color: #eae9e9; font-family: Georgia, Palatino; font-size: large;\">Warum g\u00f6nnen Sie sich nicht eine echte holzbefeuerte Plancha von Finoptim oder lassen Ihre Gerichte auf einem De Manincor-Herd k\u00f6cheln?<\/span><\/h5>\n<h3><\/h3>\n\n\t\t<\/div> \n\t<\/div> \t<div class=\"vc_empty_space\"  style=\"height: 35px\" ><span\n\t\t\tclass=\"vc_empty_space_inner\">\n\t\t\t<span class=\"empty_space_image\"  ><\/span>\n\t\t<\/span><\/div>\n\n<\/div><\/div><\/div><\/div><\/div><\/div><\/div><\/div><\/div><\/section><div      class=\"vc_row wpb_row section vc_row-fluid  grid_section\" style=' padding-top:84px; padding-bottom:130px; text-align:left;'><div class=\"section_inner clearfix\"><div class='section_inner_margin clearfix'><div class=\"wpb_column vc_column_container vc_col-sm-12 vc_col-md-7\"><div class=\"vc_column-inner\"><div class=\"wpb_wrapper\"><div class='q_elements_holder one_column responsive_mode_from_768' ><div class='q_elements_item' data-600-768='0 0px 0 0px' data-480-600='0 0px 0 0px' data-480='0 0px 0 0px' data-animation='no' data-item-class='q_elements_holder_custom_474624'><div class='q_elements_item_inner'><div class='q_elements_item_content q_elements_holder_custom_474624' style='padding:0px 9px 0 9px'>\n\t<div class=\"wpb_single_image wpb_content_element vc_align_left\">\n\t\t<div class=\"wpb_wrapper\">\n\t\t\t\n\t\t\t<div class=\"vc_single_image-wrapper   vc_box_border_grey\"><img loading=\"lazy\" decoding=\"async\" width=\"800\" height=\"523\" src=\"https:\/\/tarentaise-cheminees.fr\/wp-content\/uploads\/2020\/10\/FINOPTIM-PLANCHA.jpg\" class=\"vc_single_image-img attachment-full\" alt=\"\" srcset=\"https:\/\/tarentaise-cheminees.fr\/wp-content\/uploads\/2020\/10\/FINOPTIM-PLANCHA.jpg 800w, https:\/\/tarentaise-cheminees.fr\/wp-content\/uploads\/2020\/10\/FINOPTIM-PLANCHA-300x196.jpg 300w, https:\/\/tarentaise-cheminees.fr\/wp-content\/uploads\/2020\/10\/FINOPTIM-PLANCHA-768x502.jpg 768w, https:\/\/tarentaise-cheminees.fr\/wp-content\/uploads\/2020\/10\/FINOPTIM-PLANCHA-700x458.jpg 700w\" sizes=\"auto, (max-width: 800px) 100vw, 800px\" \/><\/div>\n\t\t<\/div>\n\t<\/div>\n<\/div><\/div><\/div><\/div><\/div><\/div><\/div><div class=\"wpb_column vc_column_container vc_col-sm-12 vc_col-md-5\"><div class=\"vc_column-inner\"><div class=\"wpb_wrapper\"><div class='q_elements_holder one_column responsive_mode_from_768' ><div class='q_elements_item' data-1024-1280='72px 40px 0 0' data-768-1024='35px 40px 0 0' data-600-768='60px 40px 0px 0' data-animation='no' data-item-class='q_elements_holder_custom_988408'><div class='q_elements_item_inner'><div class='q_elements_item_content q_elements_holder_custom_988408' style='padding:25px 40px 0 8px'>\n\t<div class=\"wpb_text_column wpb_content_element\">\n\t\t<div class=\"wpb_wrapper\">\n\t\t\t<h2>FINOPTIM<\/h2>\n\n\t\t<\/div> \n\t<\/div> <div class=\"separator  small left\" style=\"margin-top: 28px;margin-bottom: 38px;background-color: #c7a082;height: 1px;width: 63px;\"><\/div>\n\n\t<div class=\"wpb_text_column wpb_content_element\">\n\t\t<div class=\"wpb_wrapper\">\n\t\t\t<p>Der Legende nach wurde der Funke am Kamin entz\u00fcndet: der Wunsch, die Holzheizung neu zu denken, ihre ganze Vornehmheit zu bewahren, ihr jedoch einen neuen, effizienteren und raffinierteren Rahmen zu geben. Um diese uralte Kunst des Feuers neu zu erfinden, kombinieren wir traditionelles Know-how mit modernsten Techniken. So entstand der offene Einsatz, unsere urspr\u00fcngliche Kreation, die zur Geburtsstunde von Finoptim f\u00fchrte. Seitdem folgten weitere Innovationen. Und sie alle halten, was sie versprechen ...<\/p>\n\n\t\t<\/div> \n\t<\/div> \t<div class=\"vc_empty_space\"  style=\"height: 32px\" ><span\n\t\t\tclass=\"vc_empty_space_inner\">\n\t\t\t<span class=\"empty_space_image\"  ><\/span>\n\t\t<\/span><\/div>\n\n<a  itemprop=\"url\" href=\"https:\/\/finoptim.eu\/produits\/plancha-origine\/\" target=\"_blank\"  class=\"qbutton  default\" style=\"\">Entdecken Sie das Sortiment<\/a><\/div><\/div><\/div><\/div><\/div><\/div><\/div><\/div><\/div><\/div><div      class=\"vc_row wpb_row section vc_row-fluid  grid_section\" style=' padding-top:84px; padding-bottom:130px; text-align:left;'><div class=\"section_inner clearfix\"><div class='section_inner_margin clearfix'><div class=\"wpb_column vc_column_container vc_col-sm-12 vc_col-md-7\"><div class=\"vc_column-inner\"><div class=\"wpb_wrapper\"><div class='q_elements_holder one_column responsive_mode_from_768' ><div class='q_elements_item' data-600-768='0 0px 0 0px' data-480-600='0 0px 0 0px' data-480='0 0px 0 0px' data-animation='no' data-item-class='q_elements_holder_custom_606445'><div class='q_elements_item_inner'><div class='q_elements_item_content q_elements_holder_custom_606445' style='padding:0px 9px 0 9px'>\n\t<div class=\"wpb_single_image wpb_content_element vc_align_left\">\n\t\t<div class=\"wpb_wrapper\">\n\t\t\t\n\t\t\t<div class=\"vc_single_image-wrapper   vc_box_border_grey\"><img loading=\"lazy\" decoding=\"async\" width=\"800\" height=\"523\" src=\"https:\/\/tarentaise-cheminees.fr\/wp-content\/uploads\/2025\/04\/manicor.jpg\" class=\"vc_single_image-img attachment-full\" alt=\"\" srcset=\"https:\/\/tarentaise-cheminees.fr\/wp-content\/uploads\/2025\/04\/manicor.jpg 800w, https:\/\/tarentaise-cheminees.fr\/wp-content\/uploads\/2025\/04\/manicor-300x196.jpg 300w, https:\/\/tarentaise-cheminees.fr\/wp-content\/uploads\/2025\/04\/manicor-768x502.jpg 768w, https:\/\/tarentaise-cheminees.fr\/wp-content\/uploads\/2025\/04\/manicor-700x458.jpg 700w\" sizes=\"auto, (max-width: 800px) 100vw, 800px\" \/><\/div>\n\t\t<\/div>\n\t<\/div>\n<\/div><\/div><\/div><\/div><\/div><\/div><\/div><div class=\"wpb_column vc_column_container vc_col-sm-12 vc_col-md-5\"><div class=\"vc_column-inner\"><div class=\"wpb_wrapper\"><div class='q_elements_holder one_column responsive_mode_from_768' ><div class='q_elements_item' data-1024-1280='72px 40px 0 0' data-768-1024='35px 40px 0 0' data-600-768='60px 40px 0px 0' data-animation='no' data-item-class='q_elements_holder_custom_422286'><div class='q_elements_item_inner'><div class='q_elements_item_content q_elements_holder_custom_422286' style='padding:20px 40px 0 8px'>\n\t<div class=\"wpb_text_column wpb_content_element\">\n\t\t<div class=\"wpb_wrapper\">\n\t\t\t<h2>VON MANINCOR<\/h2>\n\n\t\t<\/div> \n\t<\/div> <div class=\"separator  small left\" style=\"margin-top: 28px;margin-bottom: 38px;background-color: #c7a082;height: 1px;width: 63px;\"><\/div>\n\n\t<div class=\"wpb_text_column wpb_content_element\">\n\t\t<div class=\"wpb_wrapper\">\n\t\t\t<p>Holzherde, Thermoherde und Thermo\u00f6fen. Gas- und Elektroherde, kombinierte Holz-Gas-Monoblockherde und Dunstabzugshauben: F\u00fcr welches DeManincor-Produkt Sie sich auch entscheiden, wir garantieren die Tradition der italienischen K\u00fcche in ihrer modernsten Version.<br \/>\nZuverl\u00e4ssigkeit, Liebe zum Detail und handwerkliches K\u00f6nnen sind das Ergebnis von \u00fcber 180 Jahren Erfahrung. Hohe Leistung, geringer Verbrauch und die Auswahl hervorragender Materialien sind die St\u00e4rken, die wir heute unserer Geschichte hinzuf\u00fcgen.<\/p>\n\n\t\t<\/div> \n\t<\/div> \t<div class=\"vc_empty_space\"  style=\"height: 32px\" ><span\n\t\t\tclass=\"vc_empty_space_inner\">\n\t\t\t<span class=\"empty_space_image\"  ><\/span>\n\t\t<\/span><\/div>\n\n<a  itemprop=\"url\" href=\"http:\/\/cuisinieresabois.demanincor.com\/fr\/\" target=\"_blank\"  class=\"qbutton  default\" style=\"\">Entdecken Sie das Sortiment<\/a><\/div><\/div><\/div><\/div><\/div><\/div><\/div><\/div><\/div><\/div><div      class=\"vc_row wpb_row section vc_row-fluid  grid_section\" style=' padding-top:84px; padding-bottom:130px; text-align:left;'><div class=\"section_inner clearfix\"><div class='section_inner_margin clearfix'><div class=\"wpb_column vc_column_container vc_col-sm-12 vc_col-md-7\"><div class=\"vc_column-inner\"><div class=\"wpb_wrapper\"><div class='q_elements_holder one_column responsive_mode_from_768' ><div class='q_elements_item' data-600-768='0 0px 0 0px' data-480-600='0 0px 0 0px' data-480='0 0px 0 0px' data-animation='no' data-item-class='q_elements_holder_custom_594598'><div class='q_elements_item_inner'><div class='q_elements_item_content q_elements_holder_custom_594598' style='padding:0px 9px 0 9px'>\n\t<div class=\"wpb_single_image wpb_content_element vc_align_left\">\n\t\t<div class=\"wpb_wrapper\">\n\t\t\t\n\t\t\t<div class=\"vc_single_image-wrapper   vc_box_border_grey\"><img loading=\"lazy\" decoding=\"async\" width=\"800\" height=\"523\" src=\"https:\/\/tarentaise-cheminees.fr\/wp-content\/uploads\/2025\/04\/nobis.jpg\" class=\"vc_single_image-img attachment-full\" alt=\"\" srcset=\"https:\/\/tarentaise-cheminees.fr\/wp-content\/uploads\/2025\/04\/nobis.jpg 800w, https:\/\/tarentaise-cheminees.fr\/wp-content\/uploads\/2025\/04\/nobis-300x196.jpg 300w, https:\/\/tarentaise-cheminees.fr\/wp-content\/uploads\/2025\/04\/nobis-768x502.jpg 768w, https:\/\/tarentaise-cheminees.fr\/wp-content\/uploads\/2025\/04\/nobis-700x458.jpg 700w\" sizes=\"auto, (max-width: 800px) 100vw, 800px\" \/><\/div>\n\t\t<\/div>\n\t<\/div>\n<\/div><\/div><\/div><\/div><\/div><\/div><\/div><div class=\"wpb_column vc_column_container vc_col-sm-12 vc_col-md-5\"><div class=\"vc_column-inner\"><div class=\"wpb_wrapper\"><div class='q_elements_holder one_column responsive_mode_from_768' ><div class='q_elements_item' data-1024-1280='72px 40px 0 0' data-768-1024='35px 40px 0 0' data-600-768='60px 40px 0px 0' data-animation='no' data-item-class='q_elements_holder_custom_253061'><div class='q_elements_item_inner'><div class='q_elements_item_content q_elements_holder_custom_253061' style='padding:20px 40px 0 8px'>\n\t<div class=\"wpb_text_column wpb_content_element\">\n\t\t<div class=\"wpb_wrapper\">\n\t\t\t<h2>NOBIS<\/h2>\n\n\t\t<\/div> \n\t<\/div> <div class=\"separator  small left\" style=\"margin-top: 28px;margin-bottom: 38px;background-color: #c7a082;height: 1px;width: 63px;\"><\/div>\n\n\t<div class=\"wpb_text_column wpb_content_element\">\n\t\t<div class=\"wpb_wrapper\">\n\t\t\t<p>Unsere \u00d6fen\u00a0<strong>Holz\u00f6fen<\/strong>\u00a0kombinieren moderne Heizmethoden mit der Tradition klassischer \u00d6fen, die zum Kochen von Speisen und gleichzeitig zum Heizen des Raumes verwendet werden.<\/p>\n<p>Der Geruch des Holzes verbindet sich mit den Aromen, die beim Kochen im Ofen und auf hei\u00dfen Platten freigesetzt werden.<\/p>\n<p><strong>Unsere Holz\u00f6fen<\/strong>\u00a0<strong>\u00d6fen und unsere Kochfelder<\/strong>\u00a0Zudem sparen Sie Holz und reduzieren Emissionen durch die getrennte F\u00fchrung von Prim\u00e4r- und Sekund\u00e4rluft. Die Kochleistung wird dadurch optimiert.<\/p>\n\n\t\t<\/div> \n\t<\/div> \t<div class=\"vc_empty_space\"  style=\"height: 32px\" ><span\n\t\t\tclass=\"vc_empty_space_inner\">\n\t\t\t<span class=\"empty_space_image\"  ><\/span>\n\t\t<\/span><\/div>\n\n<a  itemprop=\"url\" href=\"https:\/\/www.nobisfire.it\/fr\/gamma-prodotti\/cucine\/\" target=\"_blank\"  class=\"qbutton  default\" style=\"\">Entdecken Sie das Sortiment<\/a><\/div><\/div><\/div><\/div><\/div><\/div><\/div><\/div><\/div><\/div><section      data-speed=\"1\" class=\"parallax_section_holder\" style = \" height:px; background-image:url('https:\/\/tarentaise-cheminees.fr\/wp-content\/uploads\/2020\/09\/BANDEAU-DEVIS-scaled.jpg');\"><div class=\"parallax_content center\"><div class='parallax_section_inner_margin clearfix'><div class=\"wpb_column vc_column_container vc_col-sm-12\"><div class=\"vc_column-inner\"><div class=\"wpb_wrapper\"><div class='q_elements_holder one_column responsive_mode_from_768' ><div class='q_elements_item' data-480-600='184px 0% 168px 0%' data-480='184px 0% 168px 0%' data-animation='no' data-item-class='q_elements_holder_custom_666312'><div class='q_elements_item_inner'><div class='q_elements_item_content q_elements_holder_custom_666312' style='padding:184px 8% 168px 8%'>\n\t<div class=\"wpb_text_column wpb_content_element\">\n\t\t<div class=\"wpb_wrapper\">\n\t\t\t<h1><span style=\"color: #ffffff;\">Angebot anfordern<\/span><\/h1>\n\n\t\t<\/div> \n\t<\/div> <div class=\"separator  small center\" style=\"margin-top: 25px;margin-bottom: 34px;background-color: #c7a082;height: 1px;width: 63px;\"><\/div>\n\n\t<div class=\"wpb_text_column wpb_content_element\">\n\t\t<div class=\"wpb_wrapper\">\n\t\t\t<h5><span style=\"color: #eae9e9;\">Ein Projekt, ein Wunsch? Kontaktieren Sie uns f\u00fcr ein kostenloses Angebot. Quentin kommt gerne zu Ihnen nach Hause, um die Machbarkeit Ihres Projekts zu pr\u00fcfen und Ihnen technische und gestalterische L\u00f6sungen anzubieten. Wir k\u00fcmmern uns um Ihre Installation von A bis Z. Ein einziger Ansprechpartner f\u00fcr mehr Sicherheit.<\/span><\/h5>\n<p>&nbsp;<\/p>\n<h3><span style=\"color: #ffffff;\"><a style=\"color: #ffffff;\" href=\"Tel.: 0479070419\"><span style=\"color: #c7a082;\">RUFEN SIE UNS AN<\/span><\/a><span style=\"color: #c7a082;\">\u00a0Oder <\/span><\/span><span style=\"color: #c7a082;\"><a style=\"color: #c7a082;\" href=\"https:\/\/tarentaise-cheminees.fr\/de\/contact\/\">SCHREIBEN SIE UNS<\/a><\/span><\/h3>\n\n\t\t<\/div> \n\t<\/div> \t<div class=\"vc_empty_space\"  style=\"height: 35px\" ><span\n\t\t\tclass=\"vc_empty_space_inner\">\n\t\t\t<span class=\"empty_space_image\"  ><\/span>\n\t\t<\/span><\/div>\n\n<\/div><\/div><\/div><\/div><\/div><\/div><\/div><\/div><\/div><\/section>","protected":false},"excerpt":{"rendered":"La cuisine au feu de bois Les amoureux de la cuisine vont \u00eatre servis ! (nous n'avons pas pu nous emp\u00eacher de faire ce jeu de mots !) Le feu de bois est une v\u00e9ritable\u00a0m\u00e9thode\u00a0de cuisson traditionnelle in\u00e9gal\u00e9e. La r\u00e9partition de chaleur\u00a0permet une cuisson sage...","protected":false},"author":2,"featured_media":0,"parent":0,"menu_order":0,"comment_status":"closed","ping_status":"closed","template":"full_width.php","meta":{"footnotes":""},"class_list":["post-477","page","type-page","status-publish","hentry"],"yoast_head":"<!-- This site is optimized with the Yoast SEO plugin v26.9 - https:\/\/yoast.com\/product\/yoast-seo-wordpress\/ -->\n<title>Cuisini\u00e8res et planchas - Tarentaise Chemin\u00e9es - Finoptim - De Manicor<\/title>\n<meta name=\"description\" content=\"Au bois ou \u00e9lectriques, nos cuisini\u00e8res et planchas Finoptim ou De Manicor sont disponibles \u00e0 notre show-room \u00e0 Aime La Plagne.\" \/>\n<meta name=\"robots\" content=\"index, follow, max-snippet:-1, max-image-preview:large, max-video-preview:-1\" \/>\n<link rel=\"canonical\" href=\"https:\/\/tarentaise-cheminees.fr\/de\/herde-und-grillplatten\/\" \/>\n<meta property=\"og:locale\" content=\"de_DE\" \/>\n<meta property=\"og:type\" content=\"article\" \/>\n<meta property=\"og:title\" content=\"Cuisini\u00e8res et planchas - Tarentaise Chemin\u00e9es - Finoptim - De Manicor\" \/>\n<meta property=\"og:description\" content=\"Au bois ou \u00e9lectriques, nos cuisini\u00e8res et planchas Finoptim ou De Manicor sont disponibles \u00e0 notre show-room \u00e0 Aime La Plagne.\" \/>\n<meta property=\"og:url\" content=\"https:\/\/tarentaise-cheminees.fr\/de\/herde-und-grillplatten\/\" \/>\n<meta property=\"og:site_name\" content=\"Tarentaise Chemin\u00e9es\" \/>\n<meta property=\"article:modified_time\" content=\"2025-04-03T10:10:55+00:00\" \/>\n<meta name=\"twitter:card\" content=\"summary_large_image\" \/>\n<meta name=\"twitter:label1\" content=\"Gesch\u00e4tzte Lesezeit\" \/>\n\t<meta name=\"twitter:data1\" content=\"4\u00a0Minuten\" \/>\n<script type=\"application\/ld+json\" class=\"yoast-schema-graph\">{\"@context\":\"https:\/\/schema.org\",\"@graph\":[{\"@type\":\"WebPage\",\"@id\":\"https:\/\/tarentaise-cheminees.fr\/cuisinieres-et-planchas\/\",\"url\":\"https:\/\/tarentaise-cheminees.fr\/cuisinieres-et-planchas\/\",\"name\":\"Cuisini\u00e8res et planchas - Tarentaise Chemin\u00e9es - Finoptim - De Manicor\",\"isPartOf\":{\"@id\":\"https:\/\/tarentaise-cheminees.fr\/#website\"},\"datePublished\":\"2020-10-05T14:09:49+00:00\",\"dateModified\":\"2025-04-03T10:10:55+00:00\",\"description\":\"Au bois ou \u00e9lectriques, nos cuisini\u00e8res et planchas Finoptim ou De Manicor sont disponibles \u00e0 notre show-room \u00e0 Aime La Plagne.\",\"breadcrumb\":{\"@id\":\"https:\/\/tarentaise-cheminees.fr\/cuisinieres-et-planchas\/#breadcrumb\"},\"inLanguage\":\"de\",\"potentialAction\":[{\"@type\":\"ReadAction\",\"target\":[\"https:\/\/tarentaise-cheminees.fr\/cuisinieres-et-planchas\/\"]}]},{\"@type\":\"BreadcrumbList\",\"@id\":\"https:\/\/tarentaise-cheminees.fr\/cuisinieres-et-planchas\/#breadcrumb\",\"itemListElement\":[{\"@type\":\"ListItem\",\"position\":1,\"name\":\"Accueil\",\"item\":\"https:\/\/tarentaise-cheminees.fr\/\"},{\"@type\":\"ListItem\",\"position\":2,\"name\":\"Cuisini\u00e8res et planchas\"}]},{\"@type\":\"WebSite\",\"@id\":\"https:\/\/tarentaise-cheminees.fr\/#website\",\"url\":\"https:\/\/tarentaise-cheminees.fr\/\",\"name\":\"Tarentaise Chemin\u00e9es\",\"description\":\"Le sp\u00e9cialiste de la chemin\u00e9e\",\"potentialAction\":[{\"@type\":\"SearchAction\",\"target\":{\"@type\":\"EntryPoint\",\"urlTemplate\":\"https:\/\/tarentaise-cheminees.fr\/?s={search_term_string}\"},\"query-input\":{\"@type\":\"PropertyValueSpecification\",\"valueRequired\":true,\"valueName\":\"search_term_string\"}}],\"inLanguage\":\"de\"}]}<\/script>\n<!-- \/ Yoast SEO plugin. -->","yoast_head_json":{"title":"Herde und Planchas - Tarentaise Chemin\u00e9es - Finoptim - De Manicor","description":"Ob holzbefeuert oder elektrisch, unsere Herde und Grillplatten von Finoptim oder De Manicor sind in unserem Ausstellungsraum unter Aime La Plagne erh\u00e4ltlich.","robots":{"index":"index","follow":"follow","max-snippet":"max-snippet:-1","max-image-preview":"max-image-preview:large","max-video-preview":"max-video-preview:-1"},"canonical":"https:\/\/tarentaise-cheminees.fr\/de\/herde-und-grillplatten\/","og_locale":"de_DE","og_type":"article","og_title":"Cuisini\u00e8res et planchas - Tarentaise Chemin\u00e9es - Finoptim - De Manicor","og_description":"Au bois ou \u00e9lectriques, nos cuisini\u00e8res et planchas Finoptim ou De Manicor sont disponibles \u00e0 notre show-room \u00e0 Aime La Plagne.","og_url":"https:\/\/tarentaise-cheminees.fr\/de\/herde-und-grillplatten\/","og_site_name":"Tarentaise Chemin\u00e9es","article_modified_time":"2025-04-03T10:10:55+00:00","twitter_card":"summary_large_image","twitter_misc":{"Gesch\u00e4tzte Lesezeit":"4\u00a0Minuten"},"schema":{"@context":"https:\/\/schema.org","@graph":[{"@type":"WebPage","@id":"https:\/\/tarentaise-cheminees.fr\/cuisinieres-et-planchas\/","url":"https:\/\/tarentaise-cheminees.fr\/cuisinieres-et-planchas\/","name":"Herde und Planchas - Tarentaise Chemin\u00e9es - Finoptim - De Manicor","isPartOf":{"@id":"https:\/\/tarentaise-cheminees.fr\/#website"},"datePublished":"2020-10-05T14:09:49+00:00","dateModified":"2025-04-03T10:10:55+00:00","description":"Ob holzbefeuert oder elektrisch, unsere Herde und Grillplatten von Finoptim oder De Manicor sind in unserem Ausstellungsraum unter Aime La Plagne erh\u00e4ltlich.","breadcrumb":{"@id":"https:\/\/tarentaise-cheminees.fr\/cuisinieres-et-planchas\/#breadcrumb"},"inLanguage":"de","potentialAction":[{"@type":"ReadAction","target":["https:\/\/tarentaise-cheminees.fr\/cuisinieres-et-planchas\/"]}]},{"@type":"BreadcrumbList","@id":"https:\/\/tarentaise-cheminees.fr\/cuisinieres-et-planchas\/#breadcrumb","itemListElement":[{"@type":"ListItem","position":1,"name":"Accueil","item":"https:\/\/tarentaise-cheminees.fr\/"},{"@type":"ListItem","position":2,"name":"Cuisini\u00e8res et planchas"}]},{"@type":"WebSite","@id":"https:\/\/tarentaise-cheminees.fr\/#website","url":"https:\/\/tarentaise-cheminees.fr\/","name":"Tarentaise Chemin\u00e9es","description":"Der Kaminspezialist","potentialAction":[{"@type":"SearchAction","target":{"@type":"EntryPoint","urlTemplate":"https:\/\/tarentaise-cheminees.fr\/?s={search_term_string}"},"query-input":{"@type":"PropertyValueSpecification","valueRequired":true,"valueName":"search_term_string"}}],"inLanguage":"de"}]}},"_links":{"self":[{"href":"https:\/\/tarentaise-cheminees.fr\/de\/wp-json\/wp\/v2\/pages\/477","targetHints":{"allow":["GET"]}}],"collection":[{"href":"https:\/\/tarentaise-cheminees.fr\/de\/wp-json\/wp\/v2\/pages"}],"about":[{"href":"https:\/\/tarentaise-cheminees.fr\/de\/wp-json\/wp\/v2\/types\/page"}],"author":[{"embeddable":true,"href":"https:\/\/tarentaise-cheminees.fr\/de\/wp-json\/wp\/v2\/users\/2"}],"replies":[{"embeddable":true,"href":"https:\/\/tarentaise-cheminees.fr\/de\/wp-json\/wp\/v2\/comments?post=477"}],"version-history":[{"count":20,"href":"https:\/\/tarentaise-cheminees.fr\/de\/wp-json\/wp\/v2\/pages\/477\/revisions"}],"predecessor-version":[{"id":9550,"href":"https:\/\/tarentaise-cheminees.fr\/de\/wp-json\/wp\/v2\/pages\/477\/revisions\/9550"}],"wp:attachment":[{"href":"https:\/\/tarentaise-cheminees.fr\/de\/wp-json\/wp\/v2\/media?parent=477"}],"curies":[{"name":"wp","href":"https:\/\/api.w.org\/{rel}","templated":true}]}}