{"id":423,"date":"2020-10-05T14:20:31","date_gmt":"2020-10-05T12:20:31","guid":{"rendered":"https:\/\/tarentaise-cheminees.fr\/?page_id=423"},"modified":"2024-11-27T11:48:00","modified_gmt":"2024-11-27T10:48:00","slug":"schornsteinfeger","status":"publish","type":"page","link":"https:\/\/tarentaise-cheminees.fr\/de\/schornsteinfeger\/","title":{"rendered":"Unsere Leistungen"},"content":{"rendered":"<section      data-speed=\"1\" class=\"parallax_section_holder\" style = \" height:px; background-image:url('https:\/\/tarentaise-cheminees.fr\/wp-content\/uploads\/2020\/10\/BANDEAUFEU2.jpg');\"><div class=\"parallax_content center\"><div class='parallax_section_inner_margin clearfix'><div class=\"wpb_column vc_column_container vc_col-sm-12\"><div class=\"vc_column-inner\"><div class=\"wpb_wrapper\"><div class='q_elements_holder one_column responsive_mode_from_768' ><div class='q_elements_item' data-480-600='184px 0% 168px 0%' data-480='184px 0% 168px 0%' data-animation='no' data-item-class='q_elements_holder_custom_341822'><div class='q_elements_item_inner'><div class='q_elements_item_content q_elements_holder_custom_341822' style='padding:184px 8% 168px 8%'>\n\t<div class=\"wpb_text_column wpb_content_element\">\n\t\t<div class=\"wpb_wrapper\">\n\t\t\t<h1><span style=\"color: #ffffff;\">Ganzj\u00e4hriger Kundensupport<\/span><\/h1>\n\n\t\t<\/div> \n\t<\/div> <div class=\"separator  small center\" style=\"margin-top: 25px;margin-bottom: 34px;background-color: #c7a082;height: 1px;width: 63px;\"><\/div>\n\n\t<div class=\"wpb_text_column wpb_content_element\">\n\t\t<div class=\"wpb_wrapper\">\n\t\t\t<h5><span style=\"color: #ffffff; font-size: 14pt;\">Als echter Partner seiner Kunden ber\u00e4t, hilft und unterst\u00fctzt Tarentaise Chemin\u00e9es Sie w\u00e4hrend des gesamten Projektzyklus.<\/span><\/h5>\n<p>&nbsp;<\/p>\n<h3><\/h3>\n\n\t\t<\/div> \n\t<\/div> \t<div class=\"vc_empty_space\"  style=\"height: 35px\" ><span\n\t\t\tclass=\"vc_empty_space_inner\">\n\t\t\t<span class=\"empty_space_image\"  ><\/span>\n\t\t<\/span><\/div>\n\n<\/div><\/div><\/div><\/div><\/div><\/div><\/div><\/div><\/div><\/section><section      data-speed=\"1\" class=\"parallax_section_holder\" style = \" height:px; background-image:url('');\"><div class=\"parallax_content_full_width center\" ><div class='parallax_section_inner_margin clearfix'><div class=\"wpb_column vc_column_container vc_col-sm-12\"><div class=\"vc_column-inner\"><div class=\"wpb_wrapper\"><div class='q_elements_holder one_column responsive_mode_from_768' ><div class='q_elements_item' data-480-600='184px 0% 168px 0%' data-480='184px 0% 168px 0%' data-animation='no' data-item-class='q_elements_holder_custom_563458' style='background-color:#2c87a0;'><div class='q_elements_item_inner'><div class='q_elements_item_content q_elements_holder_custom_563458' style='padding:184px 8% 168px 8%'>\n\t<div class=\"wpb_text_column wpb_content_element\">\n\t\t<div class=\"wpb_wrapper\">\n\t\t\t<h1><span style=\"color: #ffffff;\"><img loading=\"lazy\" decoding=\"async\" class=\"alignnone size-full wp-image-548\" src=\"https:\/\/tarentaise-cheminees.fr\/wp-content\/uploads\/2020\/10\/feu5.png\" alt=\"\" width=\"150\" height=\"150\" \/><\/span><\/h1>\n<h1><span style=\"color: #ffffff;\">EINRICHTUNG<\/span><\/h1>\n\n\t\t<\/div> \n\t<\/div> <div class=\"separator  small center\" style=\"margin-top: 25px;margin-bottom: 34px;background-color: #c7a082;height: 1px;width: 63px;\"><\/div>\n\t<div class=\"vc_empty_space\"  style=\"height: 50px\" ><span\n\t\t\tclass=\"vc_empty_space_inner\">\n\t\t\t<span class=\"empty_space_image\"  ><\/span>\n\t\t<\/span><\/div>\n\n\n\t<div class=\"wpb_text_column wpb_content_element\">\n\t\t<div class=\"wpb_wrapper\">\n\t\t\t<h5><span style=\"font-family: Helvetica; font-size: 14pt; color: #ffffff;\">Unsere Kernkompetenz: Ma\u00dfgeschneidert!<\/span><\/h5>\n<h5><span style=\"font-family: Helvetica; font-size: 14pt; color: #ffffff;\">Nehmen wir uns gemeinsam Zeit, um das Ger\u00e4t auszuw\u00e4hlen, das ganz pers\u00f6nlich zu Ihrem Lebensstil passt!\u00a0<\/span><\/h5>\n<h5><span style=\"font-family: Helvetica; font-size: 14pt; color: #ffffff;\">Wir entwickeln gemeinsam Ihr Projekt und beraten Sie zu den am besten geeigneten Produkten.<\/span><\/h5>\n<h5><span style=\"font-family: Helvetica; font-size: 14pt; color: #ffffff;\">Im Gesch\u00e4ft, per E-Mail oder Telefon wird ein kostenloser Kostenvoranschlag erstellt, um Ihnen eine Vorstellung vom Gesamtbudget zu geben, das Ihre Installation darstellt.<\/span><\/h5>\n<h5><span style=\"font-family: Helvetica; font-size: 14pt; color: #ffffff;\">Anschlie\u00dfend kommt Quentin direkt zum Installationsort, um Ihnen ein genaueres Angebot zu unterbreiten.<\/span><\/h5>\n<h5><span style=\"font-family: Helvetica; font-size: 14pt; color: #ffffff;\">Dieser technische Vor-Ort-Besuch ist kostenpflichtig und die Kosten variieren je nach geografischem Standort zwischen 40 und 60 \u20ac inklusive Steuern.<\/span><\/h5>\n<h5><span style=\"font-family: Helvetica; font-size: 14pt; color: #ffffff;\">! Diese Rechnung f\u00fcr den technischen Besuch ist bei Unterzeichnung vom Gesamtbetrag inkl. MwSt. des Angebots abziehbar!<\/span><\/h5>\n<h5><span style=\"font-family: Helvetica; font-size: 14pt; color: #ffffff;\">Warum f\u00fcr ein Vor-Ort-Angebot Geb\u00fchren erheben? Nun, aus mehreren Gr\u00fcnden:<\/span><\/h5>\n<h5><span style=\"font-family: Helvetica; font-size: 14pt; color: #ffffff;\">Denn wir sind zu zweit im Unternehmen: Quentin und C\u00e9line.\u00a0<\/span><\/h5>\n<h5><span style=\"font-family: Helvetica; font-size: 14pt; color: #ffffff;\">&gt; Quentin installiert Ger\u00e4te und baut alle Ihre individuellen Projekte: vom Steinschneiden bis zur Holzinstallation, einschlie\u00dflich der Erstellung von St\u00fcmpfen und allem, was mit dem Kaminbereich zu tun hat. Er \u00fcbernimmt die Wartung und \u00dcberwachung unserer Anlagen, den Kundendienst sowie die Angebotserstellung und damit auch technische Besuche.\u00a0<\/span><\/h5>\n<h5><span style=\"font-family: Helvetica; font-size: 14pt; color: #ffffff;\">&gt; Bei C\u00e9line ist sie diejenige, mit der Sie im Gesch\u00e4ft oder telefonisch den ersten Kontakt haben. Sie k\u00fcmmert sich um die Entwicklung Ihres Projekts sowie um den administrativen Aspekt (Ihre Angebote, Rechnungen, Installationstermine, Kundendienst, Sonderw\u00fcnsche usw.).\u00a0<\/span><\/h5>\n<h5><span style=\"font-family: Helvetica; font-size: 14pt; color: #ffffff;\">Das spart Ihnen und uns Zeit! Keine unn\u00f6tigen Heimfahrten f\u00fcr ein un\u00fcberlegtes Projekt!<\/span><\/h5>\n<p>&nbsp;<\/p>\n<h5><span style=\"color: #ffffff;\"><strong>IHRE ANFORDERUNGEN: UNSERE EXPERTISE<\/strong><\/span><\/h5>\n\n\t\t<\/div> \n\t<\/div> \t<div class=\"vc_empty_space\"  style=\"height: 35px\" ><span\n\t\t\tclass=\"vc_empty_space_inner\">\n\t\t\t<span class=\"empty_space_image\"  ><\/span>\n\t\t<\/span><\/div>\n\n<\/div><\/div><\/div><\/div><\/div><\/div><\/div><\/div><\/div><\/section><section      data-speed=\"1\" class=\"parallax_section_holder\" style = \" height:px; background-image:url('');\"><div class=\"parallax_content_full_width center\" ><div class='parallax_section_inner_margin clearfix'><div class=\"wpb_column vc_column_container vc_col-sm-12\"><div class=\"vc_column-inner\"><div class=\"wpb_wrapper\"><div class='q_elements_holder one_column responsive_mode_from_768' ><div class='q_elements_item' data-480-600='184px 0% 168px 0%' data-480='184px 0% 168px 0%' data-animation='no' data-item-class='q_elements_holder_custom_835523' style='background-color:#87243e;'><div class='q_elements_item_inner'><div class='q_elements_item_content q_elements_holder_custom_835523' style='padding:184px 8% 168px 8%'>\n\t<div class=\"wpb_text_column wpb_content_element\">\n\t\t<div class=\"wpb_wrapper\">\n\t\t\t<h1><img loading=\"lazy\" decoding=\"async\" class=\"alignnone size-full wp-image-545\" src=\"https:\/\/tarentaise-cheminees.fr\/wp-content\/uploads\/2020\/10\/feu2.png\" alt=\"\" width=\"150\" height=\"150\" \/><\/h1>\n<h1><span style=\"color: #ffffff;\">BERATUNG<\/span><\/h1>\n\n\t\t<\/div> \n\t<\/div> <div class=\"separator  small center\" style=\"margin-top: 25px;margin-bottom: 34px;background-color: #c7a082;height: 1px;width: 63px;\"><\/div>\n\n\t<div class=\"wpb_text_column wpb_content_element\">\n\t\t<div class=\"wpb_wrapper\">\n\t\t\t<h5><span style=\"font-family: Helvetica; font-size: 14pt; color: #ffffff;\">Unsere Aufgabe besteht auch darin, unsere professionelle Perspektive mit Ihnen zu teilen, um Sie bei Ihren Entscheidungen zu unterst\u00fctzen. Basierend auf der Analyse von Kriterien wie Installation, Effizienz, Nutzung, Lagerung, \u00c4sthetik und Budget k\u00f6nnen wir Sie zur bestm\u00f6glichen L\u00f6sung f\u00fchren.\u00a0<\/span><\/h5>\n\n\t\t<\/div> \n\t<\/div> \t<div class=\"vc_empty_space\"  style=\"height: 35px\" ><span\n\t\t\tclass=\"vc_empty_space_inner\">\n\t\t\t<span class=\"empty_space_image\"  ><\/span>\n\t\t<\/span><\/div>\n\n<\/div><\/div><\/div><\/div><\/div><\/div><\/div><\/div><\/div><\/section><section      data-speed=\"1\" class=\"parallax_section_holder\" style = \" height:px; background-image:url('');\"><div class=\"parallax_content_full_width center\" ><div class='parallax_section_inner_margin clearfix'><div class=\"wpb_column vc_column_container vc_col-sm-12\"><div class=\"vc_column-inner\"><div class=\"wpb_wrapper\"><div class='q_elements_holder one_column responsive_mode_from_768' ><div class='q_elements_item' data-480-600='184px 0% 168px 0%' data-480='184px 0% 168px 0%' data-animation='no' data-item-class='q_elements_holder_custom_976463' style='background-color:#22706d;'><div class='q_elements_item_inner'><div class='q_elements_item_content q_elements_holder_custom_976463' style='padding:184px 8% 168px 8%'>\t<div class=\"vc_empty_space\"  style=\"height: 35px\" ><span\n\t\t\tclass=\"vc_empty_space_inner\">\n\t\t\t<span class=\"empty_space_image\"  ><\/span>\n\t\t<\/span><\/div>\n\n\n\t<div class=\"wpb_text_column wpb_content_element\">\n\t\t<div class=\"wpb_wrapper\">\n\t\t\t<h1><span style=\"color: #ffffff;\"><img loading=\"lazy\" decoding=\"async\" class=\"alignnone size-full wp-image-547\" src=\"https:\/\/tarentaise-cheminees.fr\/wp-content\/uploads\/2020\/10\/feu4.png\" alt=\"\" width=\"150\" height=\"150\" \/><\/span><\/h1>\n<h1><span style=\"color: #ffffff;\">HELFEN<\/span><\/h1>\n\n\t\t<\/div> \n\t<\/div> <div class=\"separator  small center\" style=\"margin-top: 25px;margin-bottom: 34px;background-color: #c7a082;height: 1px;width: 63px;\"><\/div>\n\n\t<div class=\"wpb_text_column wpb_content_element\">\n\t\t<div class=\"wpb_wrapper\">\n\t\t\t<h5><span style=\"color: #ffffff; font-size: 14pt;\"><span style=\"font-family: Helvetica;\">Steuergutschriften, zinslose \u00d6ko-Kredite, Anah-Unterst\u00fctzung, Energiechecks, Energieboni ... verpassen Sie keine Hilfe, die die Kosten Ihres Projekts senken k\u00f6nnte. C\u00e9line kann Sie beraten, um Ihnen Vorteile zu bieten<\/span><\/span><span style=\"font-family: Helvetica;\"><span style=\"color: #ffffff; font-size: 14pt;\">Nutzen.<\/span><\/span><\/h5>\n\n\t\t<\/div> \n\t<\/div> \t<div class=\"vc_empty_space\"  style=\"height: 35px\" ><span\n\t\t\tclass=\"vc_empty_space_inner\">\n\t\t\t<span class=\"empty_space_image\"  ><\/span>\n\t\t<\/span><\/div>\n\n<\/div><\/div><\/div><\/div><\/div><\/div><\/div><\/div><\/div><\/section><section      data-speed=\"1\" class=\"parallax_section_holder\" style = \" height:px; background-image:url('');\"><div class=\"parallax_content_full_width center\" ><div class='parallax_section_inner_margin clearfix'><div class=\"wpb_column vc_column_container vc_col-sm-12\"><div class=\"vc_column-inner\"><div class=\"wpb_wrapper\"><div class='q_elements_holder one_column responsive_mode_from_768' ><div class='q_elements_item' data-480-600='184px 0% 168px 0%' data-480='184px 0% 168px 0%' data-animation='no' data-item-class='q_elements_holder_custom_965852' style='background-color:#133349;'><div class='q_elements_item_inner'><div class='q_elements_item_content q_elements_holder_custom_965852' style='padding:184px 8% 168px 8%'>\n\t<div class=\"wpb_text_column wpb_content_element\">\n\t\t<div class=\"wpb_wrapper\">\n\t\t\t<h1><span style=\"color: #ffffff;\"><img loading=\"lazy\" decoding=\"async\" class=\"alignnone size-full wp-image-546\" src=\"https:\/\/tarentaise-cheminees.fr\/wp-content\/uploads\/2020\/10\/feu3.png\" alt=\"\" width=\"150\" height=\"150\" \/><\/span><\/h1>\n<h1><span style=\"color: #ffffff;\">NACHVERFOLGEN<\/span><\/h1>\n\n\t\t<\/div> \n\t<\/div> <div class=\"separator  small center\" style=\"margin-top: 25px;margin-bottom: 34px;background-color: #c7a082;height: 1px;width: 63px;\"><\/div>\n\n\t<div class=\"wpb_text_column wpb_content_element\">\n\t\t<div class=\"wpb_wrapper\">\n\t\t\t<h5><span style=\"color: #ffffff; font-size: large;\"><span style=\"font-family: Helvetica;\">F\u00fcr alle unsere Anlagen bieten wir ganzj\u00e4hrig Kundendienst, Garantie\u00fcberwachung und Wartung an. <\/span><\/span><\/h5>\n<h5><span style=\"color: #ffffff; font-size: large;\"><span style=\"font-family: Helvetica;\">Damit garantieren wir Ihnen\u00a0<\/span><\/span><span style=\"color: #ffffff; font-family: Helvetica; font-size: large;\"><span style=\"caret-color: #ffffff;\">Ruhe und sch\u00f6ne Abende am Kaminfeuer!<\/span><\/span><\/h5>\n<h3><\/h3>\n\n\t\t<\/div> \n\t<\/div> \t<div class=\"vc_empty_space\"  style=\"height: 35px\" ><span\n\t\t\tclass=\"vc_empty_space_inner\">\n\t\t\t<span class=\"empty_space_image\"  ><\/span>\n\t\t<\/span><\/div>\n\n<\/div><\/div><\/div><\/div><\/div><\/div><\/div><\/div><\/div><\/section><section      data-speed=\"1\" class=\"parallax_section_holder\" style = \" height:px; background-image:url('https:\/\/tarentaise-cheminees.fr\/wp-content\/uploads\/2020\/09\/BANDEAU-DEVIS-scaled.jpg');\"><div class=\"parallax_content center\"><div class='parallax_section_inner_margin clearfix'><div class=\"wpb_column vc_column_container vc_col-sm-12\"><div class=\"vc_column-inner\"><div class=\"wpb_wrapper\"><div class='q_elements_holder one_column responsive_mode_from_768' ><div class='q_elements_item' data-480-600='184px 0% 168px 0%' data-480='184px 0% 168px 0%' data-animation='no' data-item-class='q_elements_holder_custom_178432'><div class='q_elements_item_inner'><div class='q_elements_item_content q_elements_holder_custom_178432' style='padding:184px 8% 168px 8%'>\n\t<div class=\"wpb_text_column wpb_content_element\">\n\t\t<div class=\"wpb_wrapper\">\n\t\t\t<h1><span style=\"color: #ffffff;\">Angebot anfordern<\/span><\/h1>\n\n\t\t<\/div> \n\t<\/div> <div class=\"separator  small center\" style=\"margin-top: 25px;margin-bottom: 34px;background-color: #c7a082;height: 1px;width: 63px;\"><\/div>\n\n\t<div class=\"wpb_text_column wpb_content_element\">\n\t\t<div class=\"wpb_wrapper\">\n\t\t\t<h5><span style=\"color: #eae9e9;\">Ein Projekt, ein Wunsch? Kontaktieren Sie uns f\u00fcr ein kostenloses Angebot. Quentin kommt gerne zu Ihnen nach Hause, um die Machbarkeit Ihres Projekts zu pr\u00fcfen und Ihnen technische und gestalterische L\u00f6sungen anzubieten. Wir k\u00fcmmern uns um Ihre Installation von A bis Z. Ein einziger Ansprechpartner f\u00fcr mehr Sicherheit.<\/span><\/h5>\n<p>&nbsp;<\/p>\n<h3><span style=\"color: #ffffff;\"><a style=\"color: #ffffff;\" href=\"Tel.: 0479070419\"><span style=\"color: #c7a082;\">RUFEN SIE UNS AN<\/span><\/a><span style=\"color: #c7a082;\">\u00a0Oder <\/span><\/span><span style=\"color: #c7a082;\"><a style=\"color: #c7a082;\" href=\"https:\/\/tarentaise-cheminees.fr\/de\/contact\/\">SCHREIBEN SIE UNS<\/a><\/span><\/h3>\n\n\t\t<\/div> \n\t<\/div> \t<div class=\"vc_empty_space\"  style=\"height: 35px\" ><span\n\t\t\tclass=\"vc_empty_space_inner\">\n\t\t\t<span class=\"empty_space_image\"  ><\/span>\n\t\t<\/span><\/div>\n\n<\/div><\/div><\/div><\/div><\/div><\/div><\/div><\/div><\/div><\/section>","protected":false},"excerpt":{"rendered":"Ganzj\u00e4hriger Kundensupport. Als verl\u00e4sslicher Partner ber\u00e4t, unterst\u00fctzt und begleitet Tarentaise Chemin\u00e9es Sie w\u00e4hrend des gesamten Projektlebenszyklus. INSTALLATION. Unsere Kernkompetenz: Individuelle L\u00f6sungen! Lassen Sie uns gemeinsam das passende Ger\u00e4t ausw\u00e4hlen\u2026.","protected":false},"author":2,"featured_media":0,"parent":0,"menu_order":0,"comment_status":"closed","ping_status":"closed","template":"full_width.php","meta":{"footnotes":""},"class_list":["post-423","page","type-page","status-publish","hentry"],"yoast_head":"<!-- This site is optimized with the Yoast SEO plugin v26.9 - https:\/\/yoast.com\/product\/yoast-seo-wordpress\/ -->\n<title>Installation, d\u00e9bistrage, maintenance - Tarentaise Chemin\u00e9es<\/title>\n<meta name=\"description\" content=\"Le ramonage de votre chemin\u00e9e est obligatoire deux fois par an. Pour votre s\u00e9curit\u00e9 faites appel \u00e0 Tarentaise Chemin\u00e9es \u00e0 Aime La Plagne.\" \/>\n<meta name=\"robots\" content=\"index, follow, max-snippet:-1, max-image-preview:large, max-video-preview:-1\" \/>\n<link rel=\"canonical\" href=\"https:\/\/tarentaise-cheminees.fr\/de\/schornsteinfeger\/\" \/>\n<meta property=\"og:locale\" content=\"de_DE\" \/>\n<meta property=\"og:type\" content=\"article\" \/>\n<meta property=\"og:title\" content=\"Installation, d\u00e9bistrage, maintenance - Tarentaise Chemin\u00e9es\" \/>\n<meta property=\"og:description\" content=\"Le ramonage de votre chemin\u00e9e est obligatoire deux fois par an. Pour votre s\u00e9curit\u00e9 faites appel \u00e0 Tarentaise Chemin\u00e9es \u00e0 Aime La Plagne.\" \/>\n<meta property=\"og:url\" content=\"https:\/\/tarentaise-cheminees.fr\/de\/schornsteinfeger\/\" \/>\n<meta property=\"og:site_name\" content=\"Tarentaise Chemin\u00e9es\" \/>\n<meta property=\"article:modified_time\" content=\"2024-11-27T10:48:00+00:00\" \/>\n<meta property=\"og:image\" content=\"https:\/\/tarentaise-cheminees.fr\/wp-content\/uploads\/2020\/10\/feu5.png\" \/>\n<meta name=\"twitter:card\" content=\"summary_large_image\" \/>\n<meta name=\"twitter:label1\" content=\"Gesch\u00e4tzte Lesezeit\" \/>\n\t<meta name=\"twitter:data1\" content=\"5\u00a0Minuten\" \/>\n<script type=\"application\/ld+json\" class=\"yoast-schema-graph\">{\"@context\":\"https:\/\/schema.org\",\"@graph\":[{\"@type\":\"WebPage\",\"@id\":\"https:\/\/tarentaise-cheminees.fr\/ramonage\/\",\"url\":\"https:\/\/tarentaise-cheminees.fr\/ramonage\/\",\"name\":\"Installation, d\u00e9bistrage, maintenance - Tarentaise Chemin\u00e9es\",\"isPartOf\":{\"@id\":\"https:\/\/tarentaise-cheminees.fr\/#website\"},\"primaryImageOfPage\":{\"@id\":\"https:\/\/tarentaise-cheminees.fr\/ramonage\/#primaryimage\"},\"image\":{\"@id\":\"https:\/\/tarentaise-cheminees.fr\/ramonage\/#primaryimage\"},\"thumbnailUrl\":\"https:\/\/tarentaise-cheminees.fr\/wp-content\/uploads\/2020\/10\/feu5.png\",\"datePublished\":\"2020-10-05T12:20:31+00:00\",\"dateModified\":\"2024-11-27T10:48:00+00:00\",\"description\":\"Le ramonage de votre chemin\u00e9e est obligatoire deux fois par an. Pour votre s\u00e9curit\u00e9 faites appel \u00e0 Tarentaise Chemin\u00e9es \u00e0 Aime La Plagne.\",\"breadcrumb\":{\"@id\":\"https:\/\/tarentaise-cheminees.fr\/ramonage\/#breadcrumb\"},\"inLanguage\":\"de\",\"potentialAction\":[{\"@type\":\"ReadAction\",\"target\":[\"https:\/\/tarentaise-cheminees.fr\/ramonage\/\"]}]},{\"@type\":\"ImageObject\",\"inLanguage\":\"de\",\"@id\":\"https:\/\/tarentaise-cheminees.fr\/ramonage\/#primaryimage\",\"url\":\"https:\/\/tarentaise-cheminees.fr\/wp-content\/uploads\/2020\/10\/feu5.png\",\"contentUrl\":\"https:\/\/tarentaise-cheminees.fr\/wp-content\/uploads\/2020\/10\/feu5.png\"},{\"@type\":\"BreadcrumbList\",\"@id\":\"https:\/\/tarentaise-cheminees.fr\/ramonage\/#breadcrumb\",\"itemListElement\":[{\"@type\":\"ListItem\",\"position\":1,\"name\":\"Accueil\",\"item\":\"https:\/\/tarentaise-cheminees.fr\/\"},{\"@type\":\"ListItem\",\"position\":2,\"name\":\"Nos services\"}]},{\"@type\":\"WebSite\",\"@id\":\"https:\/\/tarentaise-cheminees.fr\/#website\",\"url\":\"https:\/\/tarentaise-cheminees.fr\/\",\"name\":\"Tarentaise Chemin\u00e9es\",\"description\":\"Le sp\u00e9cialiste de la chemin\u00e9e\",\"potentialAction\":[{\"@type\":\"SearchAction\",\"target\":{\"@type\":\"EntryPoint\",\"urlTemplate\":\"https:\/\/tarentaise-cheminees.fr\/?s={search_term_string}\"},\"query-input\":{\"@type\":\"PropertyValueSpecification\",\"valueRequired\":true,\"valueName\":\"search_term_string\"}}],\"inLanguage\":\"de\"}]}<\/script>\n<!-- \/ Yoast SEO plugin. -->","yoast_head_json":{"title":"Installation, Demontage, Wartung - Tarentaise Chemin\u00e9es","description":"Das Kehren Ihres Schornsteins ist zweimal j\u00e4hrlich vorgeschrieben. Rufen Sie zu Ihrer Sicherheit Tarentaise Chemin\u00e9es bis Aime La Plagne an.","robots":{"index":"index","follow":"follow","max-snippet":"max-snippet:-1","max-image-preview":"max-image-preview:large","max-video-preview":"max-video-preview:-1"},"canonical":"https:\/\/tarentaise-cheminees.fr\/de\/schornsteinfeger\/","og_locale":"de_DE","og_type":"article","og_title":"Installation, d\u00e9bistrage, maintenance - Tarentaise Chemin\u00e9es","og_description":"Le ramonage de votre chemin\u00e9e est obligatoire deux fois par an. Pour votre s\u00e9curit\u00e9 faites appel \u00e0 Tarentaise Chemin\u00e9es \u00e0 Aime La Plagne.","og_url":"https:\/\/tarentaise-cheminees.fr\/de\/schornsteinfeger\/","og_site_name":"Tarentaise Chemin\u00e9es","article_modified_time":"2024-11-27T10:48:00+00:00","og_image":[{"url":"https:\/\/tarentaise-cheminees.fr\/wp-content\/uploads\/2020\/10\/feu5.png","type":"","width":"","height":""}],"twitter_card":"summary_large_image","twitter_misc":{"Gesch\u00e4tzte Lesezeit":"5\u00a0Minuten"},"schema":{"@context":"https:\/\/schema.org","@graph":[{"@type":"WebPage","@id":"https:\/\/tarentaise-cheminees.fr\/ramonage\/","url":"https:\/\/tarentaise-cheminees.fr\/ramonage\/","name":"Installation, Demontage, Wartung - Tarentaise Chemin\u00e9es","isPartOf":{"@id":"https:\/\/tarentaise-cheminees.fr\/#website"},"primaryImageOfPage":{"@id":"https:\/\/tarentaise-cheminees.fr\/ramonage\/#primaryimage"},"image":{"@id":"https:\/\/tarentaise-cheminees.fr\/ramonage\/#primaryimage"},"thumbnailUrl":"https:\/\/tarentaise-cheminees.fr\/wp-content\/uploads\/2020\/10\/feu5.png","datePublished":"2020-10-05T12:20:31+00:00","dateModified":"2024-11-27T10:48:00+00:00","description":"Das Kehren Ihres Schornsteins ist zweimal j\u00e4hrlich vorgeschrieben. Rufen Sie zu Ihrer Sicherheit Tarentaise Chemin\u00e9es bis Aime La Plagne an.","breadcrumb":{"@id":"https:\/\/tarentaise-cheminees.fr\/ramonage\/#breadcrumb"},"inLanguage":"de","potentialAction":[{"@type":"ReadAction","target":["https:\/\/tarentaise-cheminees.fr\/ramonage\/"]}]},{"@type":"ImageObject","inLanguage":"de","@id":"https:\/\/tarentaise-cheminees.fr\/ramonage\/#primaryimage","url":"https:\/\/tarentaise-cheminees.fr\/wp-content\/uploads\/2020\/10\/feu5.png","contentUrl":"https:\/\/tarentaise-cheminees.fr\/wp-content\/uploads\/2020\/10\/feu5.png"},{"@type":"BreadcrumbList","@id":"https:\/\/tarentaise-cheminees.fr\/ramonage\/#breadcrumb","itemListElement":[{"@type":"ListItem","position":1,"name":"Accueil","item":"https:\/\/tarentaise-cheminees.fr\/"},{"@type":"ListItem","position":2,"name":"Nos services"}]},{"@type":"WebSite","@id":"https:\/\/tarentaise-cheminees.fr\/#website","url":"https:\/\/tarentaise-cheminees.fr\/","name":"Tarentaise Chemin\u00e9es","description":"Der Kaminspezialist","potentialAction":[{"@type":"SearchAction","target":{"@type":"EntryPoint","urlTemplate":"https:\/\/tarentaise-cheminees.fr\/?s={search_term_string}"},"query-input":{"@type":"PropertyValueSpecification","valueRequired":true,"valueName":"search_term_string"}}],"inLanguage":"de"}]}},"_links":{"self":[{"href":"https:\/\/tarentaise-cheminees.fr\/de\/wp-json\/wp\/v2\/pages\/423","targetHints":{"allow":["GET"]}}],"collection":[{"href":"https:\/\/tarentaise-cheminees.fr\/de\/wp-json\/wp\/v2\/pages"}],"about":[{"href":"https:\/\/tarentaise-cheminees.fr\/de\/wp-json\/wp\/v2\/types\/page"}],"author":[{"embeddable":true,"href":"https:\/\/tarentaise-cheminees.fr\/de\/wp-json\/wp\/v2\/users\/2"}],"replies":[{"embeddable":true,"href":"https:\/\/tarentaise-cheminees.fr\/de\/wp-json\/wp\/v2\/comments?post=423"}],"version-history":[{"count":30,"href":"https:\/\/tarentaise-cheminees.fr\/de\/wp-json\/wp\/v2\/pages\/423\/revisions"}],"predecessor-version":[{"id":9527,"href":"https:\/\/tarentaise-cheminees.fr\/de\/wp-json\/wp\/v2\/pages\/423\/revisions\/9527"}],"wp:attachment":[{"href":"https:\/\/tarentaise-cheminees.fr\/de\/wp-json\/wp\/v2\/media?parent=423"}],"curies":[{"name":"wp","href":"https:\/\/api.w.org\/{rel}","templated":true}]}}