{"id":3,"date":"2020-09-23T10:43:39","date_gmt":"2020-09-23T08:43:39","guid":{"rendered":"https:\/\/tarentaise-cheminees.fr\/?page_id=3"},"modified":"2020-10-22T16:27:36","modified_gmt":"2020-10-22T14:27:36","slug":"rechtliche-hinweise","status":"publish","type":"page","link":"https:\/\/tarentaise-cheminees.fr\/de\/rechtliche-hinweise\/","title":{"rendered":"Rechtliche Hinweise"},"content":{"rendered":"<h3 class=\"wp-block-heading\">WEBDESIGN &amp; ENTWICKLUNG<\/h3>\n\n\n\n<p>SQUID \u2013 www.agencesquid.com<\/p>\n\n\n\n<h3 class=\"wp-block-heading\">1. Rechtliche Hinweise<\/h3>\n\n\n\n<p>Der Herausgeber der Site ist die Firma Tarentaise Chemin\u00e9es, SARL mit einem Aktienkapital von 7.000 \u20ac, eingetragen im Handels- und Gesellschaftsregister von Chamb\u00e9ry und deren Bindestrichnummer 51291305400015 lautet<br>Der Hauptsitz befindet sich: <a>59 RTE DE LA FORTUNE 73210 AIME-LA-PLAGNE<\/a><br>Tel: +33 (1) 07 50 65 74 78<br>E-Mail: Tarentaise.cheminees73@gmail.com<br>Publikationsleiter: Quentin Chanudet<\/p>\n\n\n\n<h3 class=\"wp-block-heading\">2. Hosting der Website<\/h3>\n\n\n\n<p>Die Website tarentaise-cheminees.fr. wird von der Firma OVH, SAS mit einem Kapital von 10.000.000 Euro, gehostet, eingetragen im RCS von Roubaix-Tourcoing unter der Nummer 424 761 419 00045.<br>Hauptsitz: 2 rue Kellerman 59100 Roubaix Frankreich<\/p>\n\n\n\n<h3 class=\"wp-block-heading\">3. Geistige Eigentumsrechte<\/h3>\n\n\n\n<p>Die Site und ihr gesamter Inhalt (insbesondere die Marken, Logos, s\u00e4mtliche grafischen, textlichen und computergest\u00fctzten Elemente der Site, darunter insbesondere die Baumstrukturen, Formatierungen, Artikel, Pr\u00e4sentationen, Illustrationen, Fotos und\/oder sonstige Dokumente) sind durch franz\u00f6sische und internationale Gesetze zum Urheberrecht und zum geistigen Eigentum gesch\u00fctzt.<br>Eine Auslegung zugunsten einer Nutzungslizenz oder eines Rechts zur Nutzung dieser Elemente ist nicht zul\u00e4ssig.<br>Daher ist ihre Darstellung, Reproduktion, \u00dcberlagerung, Verbreitung und Weiterverbreitung, ganz oder teilweise, verboten (Artikel L. 122-4 des Gesetzes \u00fcber geistiges Eigentum). Wer dies tut, ohne eine vorherige und ausdr\u00fcckliche Genehmigung des Inhabers dieser Rechte nachweisen zu k\u00f6nnen, macht sich strafbar wegen Produktf\u00e4lschung (Artikel L. 335-2 ff. des Gesetzes \u00fcber geistiges Eigentum). Les Br\u00e9vi\u00e8res kann seine Rechte, insbesondere die Rechte am geistigen Eigentum, nutzen, um rechtliche Schritte, auch strafrechtliche Schritte, einzuleiten.<br>Les Br\u00e9vi\u00e8res beh\u00e4lt sich das Recht vor, die auf der Site beschriebenen Informationen, Produkte, Programme oder Nutzungsbedingungen jederzeit zu verbessern oder zu \u00e4ndern, ohne dass hieraus eine Haftung entsteht. Es gelten die Bedingungen und Hinweise, die am Tag Ihrer Verbindung mit der Site in Kraft sind.<\/p>\n\n\n\n<h3 class=\"wp-block-heading\">4. Hypertext-Links<\/h3>\n\n\n\n<p>Der Benutzer, der \u00fcber einen Hyperlink zu anderen Websites auf die Website eines Drittanbieters weitergeleitet wird, erkennt an, dass Les Br\u00e9vi\u00e8res keine Kontrolle \u00fcber die auf diesen Websites angebotenen Inhalte, Informationen, Produkte und Dienste hat. Folglich kann Les Br\u00e9vi\u00e8res unter keinen Umst\u00e4nden f\u00fcr direkte oder indirekte Sch\u00e4den haftbar gemacht werden, die sich aus der Nutzung von Websites ergeben, auf die \u00fcber Hypertext-Links zugegriffen werden kann.<br>Les Br\u00e9vi\u00e8res ist au\u00dferdem nicht f\u00fcr Hypertext-Links verantwortlich, die auf die Site verweisen.<br>Jede Person, die Hypertext-Links zu dieser Site einrichten m\u00f6chte, muss zuvor die schriftliche Genehmigung von Les Br\u00e9vi\u00e8res einholen.<\/p>\n\n\n\n<h3 class=\"wp-block-heading\">5. Gew\u00e4hrleistungsbeschr\u00e4nkung<\/h3>\n\n\n\n<p>Les Br\u00e9vi\u00e8res erinnert Internetnutzer an die Eigenschaften und Grenzen des Internetnetzwerks. Les Br\u00e9vi\u00e8res kann nicht f\u00fcr Sch\u00e4den haftbar gemacht werden, die sich aus dem Zugriff auf die Site oder im Gegenteil aus der Unm\u00f6glichkeit des Zugriffs darauf ergeben. Les Br\u00e9vi\u00e8res kann in keiner Weise f\u00fcr die Nichtverf\u00fcgbarkeit der Site verantwortlich gemacht werden, aus welchem Grund auch immer (technischer Fehler, Netzwerk\u00fcberlastung usw.).<br>Der Benutzer erkennt ausdr\u00fccklich an, dass er die Site auf eigenes Risiko und unter seiner ausschlie\u00dflichen Verantwortung nutzt. Les Br\u00e9vi\u00e8res kann nicht f\u00fcr direkte oder indirekte, materielle oder immaterielle Sch\u00e4den haftbar gemacht werden, die den Benutzern, ihren Computer- oder Telekommunikationsger\u00e4ten oder den dort gespeicherten Daten entstehen, sowie f\u00fcr die Folgen, die sich daraus f\u00fcr ihre pers\u00f6nliche, berufliche oder kommerzielle T\u00e4tigkeit ergeben k\u00f6nnen.<br>Die Informationen auf der Site dienen ausschlie\u00dflich Informationszwecken. Die auf dieser Site ver\u00f6ffentlichten Informationen werden regelm\u00e4\u00dfig aktualisiert und \u00fcberpr\u00fcft, k\u00f6nnen jedoch dennoch Fehler enthalten. In jedem Fall m\u00fcssen die Informationen zum Zeitpunkt ihrer Online-Bereitstellung und nicht zum Zeitpunkt der Konsultation der Site ber\u00fccksichtigt werden (diese Daten k\u00f6nnen zwischen dem Zeitpunkt des Herunterladens und dem Zeitpunkt des Lesens aktualisiert worden sein). Le BSM kann f\u00fcr diese Informationen in keinem Fall haftbar gemacht werden.<\/p>\n\n\n\n<h3 class=\"wp-block-heading\">6. Nutzung der Website<\/h3>\n\n\n\n<p>Les Br\u00e9vi\u00e8res bietet die Site in erster Linie seinen Kunden und allen an, die sich \u00fcber seine Produkte und Dienstleistungen informieren und diese erwerben m\u00f6chten.<br>Wenn Sie eine Verbindung mit der Site herstellen:<br>\u2013 Sie verpflichten sich, diese Allgemeinen Gesch\u00e4ftsbedingungen und ganz allgemein die geltenden Gesetze einzuhalten,<br>\u2013 Sie unterlassen jede Erhebung oder missbr\u00e4uchliche Verwendung, insbesondere von personenbezogenen Daten, auf die Sie Zugriff haben, und generell jede Handlung, die Dritten schaden k\u00f6nnte.<br>Wenn Sie ein Formular ausf\u00fcllen und Informationen bereitstellen, stimmen Sie Folgendem zu:<br>\u2013 bei der Anmeldung wahrheitsgem\u00e4\u00dfe, genaue und aktuelle Angaben zu machen und insbesondere keine falschen oder unbefugten Namen, Titel oder Adressen zu verwenden,<br>\u2013 die Registrierungsdaten auf dem neuesten Stand zu halten, um sicherzustellen, dass sie stets aktuell und richtig sind,<br>\u2013 keine Informationen, Programme oder Elemente bereitzustellen oder zu verbreiten, die illegal, verwerflich oder sch\u00e4dlich sind (wie etwa Viren, Hacking- oder Kopiersoftware).<br>\u2013 keine Kommentare, Meinungen oder Informationen zu verbreiten, die diffamierender, obsz\u00f6ner, gewaltt\u00e4tiger oder rassistischer Natur sind oder allgemein gegen geltende Gesetze und Vorschriften, die Rechte des Einzelnen und die Moral versto\u00dfen.<br>Im Falle eines Versto\u00dfes gegen diese Bestimmungen beh\u00e4lt sich Les Br\u00e9vi\u00e8res das Recht vor, Ihnen den Zugriff auf die Site oder die angebotenen Dienste zu untersagen. Dies geschieht ausschlie\u00dflich auf Ihr Risiko und unbeschadet etwaiger Haftungsanspr\u00fcche.<\/p>\n\n\n\n<p>Verwendung der erhobenen personenbezogenen Daten<\/p>\n\n\n\n<h3 class=\"wp-block-heading\">7. Kommentare<\/h3>\n\n\n\n<p>Wenn Sie auf unserer Website einen Kommentar hinterlassen, werden neben den im Kommentarformular eingegebenen Daten auch Ihre IP-Adresse und der User-Agent Ihres Browsers erfasst, um uns bei der Erkennung unerw\u00fcnschter Kommentare zu helfen.<\/p>\n\n\n\n<p>Aus Ihrer E-Mail-Adresse kann eine anonymisierte Zeichenfolge (auch Hash genannt) erstellt und dem Gravatar-Dienst zur Verf\u00fcgung gestellt werden, um zu pr\u00fcfen, ob Sie ihn verwenden. Die Datenschutzrichtlinie des Gravatar-Dienstes finden Sie hier: https:\/\/automattic.com\/privacy\/. Nach der Validierung Ihres Kommentars wird Ihr Profilfoto neben Ihrem Kommentar \u00f6ffentlich sichtbar.8. Medien<\/p>\n\n\n\n<p>Wenn Sie ein registrierter Benutzer sind und Bilder auf die Website hochladen, raten wir Ihnen, das Hochladen von Bildern mit EXIF-GPS-Koordinatendaten zu vermeiden. Besucher Ihrer Website k\u00f6nnen Standortdaten aus diesen Bildern herunterladen und extrahieren.<\/p>\n\n\n\n<h3 class=\"wp-block-heading\">8. Cookies<\/h3>\n\n\n\n<p>Wenn Sie auf unserer Website einen Kommentar hinterlassen, k\u00f6nnen Sie der Speicherung Ihres Namens, Ihrer E-Mail-Adresse und Ihrer Website in Cookies zustimmen. Diese dienen Ihrer Bequemlichkeit, damit Sie Ihre Daten nicht erneut eingeben m\u00fcssen, wenn Sie sp\u00e4ter einen weiteren Kommentar hinterlassen. Diese Cookies verlieren nach einem Jahr ihre G\u00fcltigkeit.<\/p>\n\n\n\n<p>Wenn Sie ein Konto haben und sich bei dieser Site anmelden, wird ein tempor\u00e4res Cookie erstellt, um festzustellen, ob Ihr Browser Cookies akzeptiert. Es enth\u00e4lt keine personenbezogenen Daten und wird beim Schlie\u00dfen Ihres Browsers automatisch gel\u00f6scht.<\/p>\n\n\n\n<p>Wenn Sie sich anmelden, richten wir mehrere Cookies ein, um Ihre Anmeldeinformationen und Ihre Bildschirmanzeigeeinstellungen zu speichern. Die Lebensdauer eines Login-Cookies betr\u00e4gt zwei Tage, die eines Screen-Option-Cookies ein Jahr. Wenn Sie \u201eAngemeldet bleiben\u201c aktivieren, wird Ihr Login-Cookie zwei Wochen lang gespeichert. Wenn Sie sich von Ihrem Konto abmelden, wird das Anmelde-Cookie gel\u00f6scht.<\/p>\n\n\n\n<p>Durch das Bearbeiten oder Ver\u00f6ffentlichen eines Artikels wird ein zus\u00e4tzlicher Cookie in Ihrem Browser gespeichert. Dieses Cookie enth\u00e4lt keine personenbezogenen Daten. Es zeigt lediglich die ID des Artikels an, den Sie gerade bearbeitet haben. Es l\u00e4uft nach einem Tag ab.<\/p>\n\n\n\n<h3 class=\"wp-block-heading\">9. Eingebettete Inhalte von anderen Websites<\/h3>\n\n\n\n<p>Artikel auf dieser Site k\u00f6nnen eingebettete Inhalte enthalten (z. B. Videos, Bilder, Artikel usw.). Eingebettete Inhalte von anderen Websites verhalten sich exakt so, als ob der Besucher die andere Website besucht h\u00e4tte.<\/p>\n\n\n\n<p>Diese Websites k\u00f6nnen Daten \u00fcber Sie sammeln, Cookies verwenden, Tracking-Tools von Drittanbietern einbetten und Ihre Interaktionen mit diesen eingebetteten Inhalten verfolgen, wenn Sie \u00fcber ein mit deren Website verbundenes Konto verf\u00fcgen.<\/p>\n\n\n\n<h3 class=\"wp-block-heading\">10. Speicherdauer Ihrer Daten<\/h3>\n\n\n\n<p>Wenn Sie einen Kommentar hinterlassen, bleiben der Kommentar und seine Metadaten auf unbestimmte Zeit gespeichert. Dadurch k\u00f6nnen wir nachfolgende Kommentare automatisch erkennen und freigeben, anstatt sie in der Moderationswarteschlange zu belassen.<\/p>\n\n\n\n<p>F\u00fcr Benutzer, die sich auf unserer Site registrieren (falls zutreffend), speichern wir auch die in ihrem Profil angegebenen personenbezogenen Daten. Alle Benutzer k\u00f6nnen ihre pers\u00f6nlichen Daten (mit Ausnahme ihres Benutzernamens) jederzeit einsehen, bearbeiten oder l\u00f6schen. Site-Manager k\u00f6nnen diese Informationen ebenfalls anzeigen und bearbeiten.<\/p>\n\n\n\n<h3 class=\"wp-block-heading\">11. Ihre Rechte an Ihren Daten<\/h3>\n\n\n\n<p>Wenn Sie \u00fcber ein Konto verf\u00fcgen oder Kommentare auf der Site hinterlassen haben, k\u00f6nnen Sie eine Datei mit allen personenbezogenen Daten anfordern, die wir \u00fcber Sie gespeichert haben, einschlie\u00dflich aller Daten, die Sie uns bereitgestellt haben. Sie k\u00f6nnen au\u00dferdem die L\u00f6schung der Sie betreffenden personenbezogenen Daten verlangen. Dies umfasst nicht Daten, die zu administrativen, rechtlichen oder sicherheitsrelevanten Zwecken gespeichert werden.<\/p>\n\n\n\n<h3 class=\"wp-block-heading\">12. \u00dcbermittlung Ihrer personenbezogenen Daten<\/h3>\n\n\n\n<p>Besucherkommentare k\u00f6nnten von einem automatisierten Dienst zur Spam-Erkennung untersucht werden.<\/p>\n\n\n\n<p><\/p>\n\n\n\n<p><\/p>","protected":false},"excerpt":{"rendered":"<p>WEBDESIGN &amp; D\u00c9VELOPPEMENT SQUID &#8211; www.agencesquid.com 1. Informations l\u00e9gales L\u2019\u00e9diteur du Site est la soci\u00e9t\u00e9 Tarentaise Chemin\u00e9es, SARL au capital social de 7000 \u20ac, immatricul\u00e9e au registre du commerce et des soci\u00e9t\u00e9s de Chamb\u00e9ry et dont le n\u00b0 de tiret est 51291305400015Le si\u00e8ge social est&#8230;<\/p>","protected":false},"author":2,"featured_media":0,"parent":0,"menu_order":0,"comment_status":"closed","ping_status":"closed","template":"","meta":{"footnotes":""},"class_list":["post-3","page","type-page","status-publish","hentry"],"yoast_head":"<!-- This site is optimized with the Yoast SEO plugin v26.9 - https:\/\/yoast.com\/product\/yoast-seo-wordpress\/ -->\n<title>Mentions l\u00e9gales - Tarentaise Chemin\u00e9es<\/title>\n<meta name=\"robots\" content=\"index, follow, max-snippet:-1, max-image-preview:large, max-video-preview:-1\" \/>\n<link rel=\"canonical\" href=\"https:\/\/tarentaise-cheminees.fr\/de\/rechtliche-hinweise\/\" \/>\n<meta property=\"og:locale\" content=\"de_DE\" \/>\n<meta property=\"og:type\" content=\"article\" \/>\n<meta property=\"og:title\" content=\"Mentions l\u00e9gales - Tarentaise Chemin\u00e9es\" \/>\n<meta property=\"og:description\" content=\"WEBDESIGN &amp; D\u00c9VELOPPEMENT SQUID &#8211; www.agencesquid.com 1. Informations l\u00e9gales L\u2019\u00e9diteur du Site est la soci\u00e9t\u00e9 Tarentaise Chemin\u00e9es, SARL au capital social de 7000 \u20ac, immatricul\u00e9e au registre du commerce et des soci\u00e9t\u00e9s de Chamb\u00e9ry et dont le n\u00b0 de tiret est 51291305400015Le si\u00e8ge social est...\" \/>\n<meta property=\"og:url\" content=\"https:\/\/tarentaise-cheminees.fr\/de\/rechtliche-hinweise\/\" \/>\n<meta property=\"og:site_name\" content=\"Tarentaise Chemin\u00e9es\" \/>\n<meta property=\"article:modified_time\" content=\"2020-10-22T14:27:36+00:00\" \/>\n<meta name=\"twitter:card\" content=\"summary_large_image\" \/>\n<meta name=\"twitter:label1\" content=\"Gesch\u00e4tzte Lesezeit\" \/>\n\t<meta name=\"twitter:data1\" content=\"9\u00a0Minuten\" \/>\n<script type=\"application\/ld+json\" class=\"yoast-schema-graph\">{\"@context\":\"https:\/\/schema.org\",\"@graph\":[{\"@type\":\"WebPage\",\"@id\":\"https:\/\/tarentaise-cheminees.fr\/en\/mentions-legales\/\",\"url\":\"https:\/\/tarentaise-cheminees.fr\/en\/mentions-legales\/\",\"name\":\"Mentions l\u00e9gales - Tarentaise Chemin\u00e9es\",\"isPartOf\":{\"@id\":\"https:\/\/tarentaise-cheminees.fr\/#website\"},\"datePublished\":\"2020-09-23T08:43:39+00:00\",\"dateModified\":\"2020-10-22T14:27:36+00:00\",\"breadcrumb\":{\"@id\":\"https:\/\/tarentaise-cheminees.fr\/en\/mentions-legales\/#breadcrumb\"},\"inLanguage\":\"de\",\"potentialAction\":[{\"@type\":\"ReadAction\",\"target\":[\"https:\/\/tarentaise-cheminees.fr\/en\/mentions-legales\/\"]}]},{\"@type\":\"BreadcrumbList\",\"@id\":\"https:\/\/tarentaise-cheminees.fr\/en\/mentions-legales\/#breadcrumb\",\"itemListElement\":[{\"@type\":\"ListItem\",\"position\":1,\"name\":\"Accueil\",\"item\":\"https:\/\/tarentaise-cheminees.fr\/\"},{\"@type\":\"ListItem\",\"position\":2,\"name\":\"Mentions l\u00e9gales\"}]},{\"@type\":\"WebSite\",\"@id\":\"https:\/\/tarentaise-cheminees.fr\/#website\",\"url\":\"https:\/\/tarentaise-cheminees.fr\/\",\"name\":\"Tarentaise Chemin\u00e9es\",\"description\":\"Le sp\u00e9cialiste de la chemin\u00e9e\",\"potentialAction\":[{\"@type\":\"SearchAction\",\"target\":{\"@type\":\"EntryPoint\",\"urlTemplate\":\"https:\/\/tarentaise-cheminees.fr\/?s={search_term_string}\"},\"query-input\":{\"@type\":\"PropertyValueSpecification\",\"valueRequired\":true,\"valueName\":\"search_term_string\"}}],\"inLanguage\":\"de\"}]}<\/script>\n<!-- \/ Yoast SEO plugin. -->","yoast_head_json":{"title":"Rechtliche Hinweise - Tarentaise Chemin\u00e9es","robots":{"index":"index","follow":"follow","max-snippet":"max-snippet:-1","max-image-preview":"max-image-preview:large","max-video-preview":"max-video-preview:-1"},"canonical":"https:\/\/tarentaise-cheminees.fr\/de\/rechtliche-hinweise\/","og_locale":"de_DE","og_type":"article","og_title":"Mentions l\u00e9gales - Tarentaise Chemin\u00e9es","og_description":"WEBDESIGN &amp; D\u00c9VELOPPEMENT SQUID &#8211; www.agencesquid.com 1. Informations l\u00e9gales L\u2019\u00e9diteur du Site est la soci\u00e9t\u00e9 Tarentaise Chemin\u00e9es, SARL au capital social de 7000 \u20ac, immatricul\u00e9e au registre du commerce et des soci\u00e9t\u00e9s de Chamb\u00e9ry et dont le n\u00b0 de tiret est 51291305400015Le si\u00e8ge social est...","og_url":"https:\/\/tarentaise-cheminees.fr\/de\/rechtliche-hinweise\/","og_site_name":"Tarentaise Chemin\u00e9es","article_modified_time":"2020-10-22T14:27:36+00:00","twitter_card":"summary_large_image","twitter_misc":{"Gesch\u00e4tzte Lesezeit":"9\u00a0Minuten"},"schema":{"@context":"https:\/\/schema.org","@graph":[{"@type":"WebPage","@id":"https:\/\/tarentaise-cheminees.fr\/en\/mentions-legales\/","url":"https:\/\/tarentaise-cheminees.fr\/en\/mentions-legales\/","name":"Rechtliche Hinweise - Tarentaise Chemin\u00e9es","isPartOf":{"@id":"https:\/\/tarentaise-cheminees.fr\/#website"},"datePublished":"2020-09-23T08:43:39+00:00","dateModified":"2020-10-22T14:27:36+00:00","breadcrumb":{"@id":"https:\/\/tarentaise-cheminees.fr\/en\/mentions-legales\/#breadcrumb"},"inLanguage":"de","potentialAction":[{"@type":"ReadAction","target":["https:\/\/tarentaise-cheminees.fr\/en\/mentions-legales\/"]}]},{"@type":"BreadcrumbList","@id":"https:\/\/tarentaise-cheminees.fr\/en\/mentions-legales\/#breadcrumb","itemListElement":[{"@type":"ListItem","position":1,"name":"Accueil","item":"https:\/\/tarentaise-cheminees.fr\/"},{"@type":"ListItem","position":2,"name":"Mentions l\u00e9gales"}]},{"@type":"WebSite","@id":"https:\/\/tarentaise-cheminees.fr\/#website","url":"https:\/\/tarentaise-cheminees.fr\/","name":"Tarentaise Chemin\u00e9es","description":"Der Kaminspezialist","potentialAction":[{"@type":"SearchAction","target":{"@type":"EntryPoint","urlTemplate":"https:\/\/tarentaise-cheminees.fr\/?s={search_term_string}"},"query-input":{"@type":"PropertyValueSpecification","valueRequired":true,"valueName":"search_term_string"}}],"inLanguage":"de"}]}},"_links":{"self":[{"href":"https:\/\/tarentaise-cheminees.fr\/de\/wp-json\/wp\/v2\/pages\/3","targetHints":{"allow":["GET"]}}],"collection":[{"href":"https:\/\/tarentaise-cheminees.fr\/de\/wp-json\/wp\/v2\/pages"}],"about":[{"href":"https:\/\/tarentaise-cheminees.fr\/de\/wp-json\/wp\/v2\/types\/page"}],"author":[{"embeddable":true,"href":"https:\/\/tarentaise-cheminees.fr\/de\/wp-json\/wp\/v2\/users\/2"}],"replies":[{"embeddable":true,"href":"https:\/\/tarentaise-cheminees.fr\/de\/wp-json\/wp\/v2\/comments?post=3"}],"version-history":[{"count":5,"href":"https:\/\/tarentaise-cheminees.fr\/de\/wp-json\/wp\/v2\/pages\/3\/revisions"}],"predecessor-version":[{"id":931,"href":"https:\/\/tarentaise-cheminees.fr\/de\/wp-json\/wp\/v2\/pages\/3\/revisions\/931"}],"wp:attachment":[{"href":"https:\/\/tarentaise-cheminees.fr\/de\/wp-json\/wp\/v2\/media?parent=3"}],"curies":[{"name":"wp","href":"https:\/\/api.w.org\/{rel}","templated":true}]}}