{"id":174,"date":"2018-03-30T09:19:52","date_gmt":"2018-03-30T09:19:52","guid":{"rendered":"https:\/\/bridge198.qodeinteractive.com\/?page_id=174"},"modified":"2020-11-11T10:27:59","modified_gmt":"2020-11-11T09:27:59","slug":"kamininstallateur","status":"publish","type":"page","link":"https:\/\/tarentaise-cheminees.fr\/de\/kamininstallateur\/","title":{"rendered":"Unsere Geschichte"},"content":{"rendered":"<div      class=\"vc_row wpb_row section vc_row-fluid  grid_section\" style=' padding-top:102px; padding-bottom:119px; text-align:left;'><div class=\"section_inner clearfix\"><div class='section_inner_margin clearfix'><div class=\"wpb_column vc_column_container vc_col-sm-12\"><div class=\"vc_column-inner\"><div class=\"wpb_wrapper\"><div class=\"qode-horizontal-timeline qode-timeline-top\">\n\t<div class=\"qode-timeline\">\n\t    <div class=\"qode-events-wrapper\">\n\t        <div class=\"qode-events\">\n\t            <ol>\n\t                \t                    <li><a href=\"javascript:void(0)\" data-date=\"14\/08\/2003\"><span class=\"qode-event-text\">2003<\/span><span class=\"circle-outer\"><span class=\"circle-inner\"><\/span><\/span><\/a><\/li>\n\t                \t                    <li><a href=\"javascript:void(0)\" data-date=\"21\/02\/2005\"><span class=\"qode-event-text\">2006<\/span><span class=\"circle-outer\"><span class=\"circle-inner\"><\/span><\/span><\/a><\/li>\n\t                \t                    <li><a href=\"javascript:void(0)\" data-date=\"03\/02\/2007\"><span class=\"qode-event-text\">2020<\/span><span class=\"circle-outer\"><span class=\"circle-inner\"><\/span><\/span><\/a><\/li>\n\t                \t            <\/ol>\n\t            <span class=\"qode-filling-line\" aria-hidden=\"true\"><\/span>\n\t            <div class=\"qode-dots\"><\/div>\n\t        <\/div>\n\t    <\/div>\n\t    <ul class=\"qode-timeline-navigation\">\n\t        <li><a href=\"#0\" class=\"qode-prev inactive\"><\/a><\/li>\n\t        <li><a href=\"#0\" class=\"qode-next\"><\/a><\/li>\n\t    <\/ul>\n\t<\/div>\n\t<div class=\"qode-events-content\">\n\t    <ol>\n\t        <li class=\"qode-hti-content\" data-date=\"14\/08\/2003\">\n\t<div class=\"qode-hti-content-inner qode-timeline-has-image\">\n\t\t<div class='qode-hti-content-inner-shadow'>\n\t\t\t\t\t\t\t<div class='qode-hti-content-image'>\n\t\t\t\t\t<img loading=\"lazy\" decoding=\"async\" width=\"350\" height=\"240\" src=\"https:\/\/tarentaise-cheminees.fr\/wp-content\/uploads\/2020\/10\/papa-e1602857336357.jpg\" class=\"attachment-full size-full\" alt=\"\" \/>\t\t\t\t<\/div>\n\t\t\t\t\t\t<div class='qode-hti-content-value'>\n\t\t\t\t<div class=\"separator  transparent\" style=\"margin-top: -36px;\"><\/div>\n\n\t<div class=\"wpb_text_column wpb_content_element\">\n\t\t<div class=\"wpb_wrapper\">\n\t\t\t<h2>DAS ABENTEUER BEGINNT<\/h2>\n\n\t\t<\/div> \n\t<\/div> <div class=\"separator  small left\" style=\"margin-top: 31px;margin-bottom: 31px;background-color: #c7a082;height: 1px;width: 63px;\"><\/div>\n\n\t<div class=\"wpb_text_column wpb_content_element\">\n\t\t<div class=\"wpb_wrapper\">\n\t\t\t<p>Christian Chanudet hat Tarentaise Chemin\u00e9es erstellt. 17 Jahre lang hat Christian Hunderte von Kaminen, \u00d6fen und Eins\u00e4tzen installiert und Hunderte von Schornsteinfegerarbeiten in der Region durchgef\u00fchrt. Wie er gerne sagt, bringt ihn seine Arbeit in das Leben der Menschen und tr\u00e4gt auf seiner bescheidenen Ebene zu ihrem Wohlbefinden bei.<\/p>\n\n\t\t<\/div> \n\t<\/div> \t<div class=\"vc_empty_space\"  style=\"height: 20px\" ><span\n\t\t\tclass=\"vc_empty_space_inner\">\n\t\t\t<span class=\"empty_space_image\"  ><\/span>\n\t\t<\/span><\/div>\n\n\t\t\t<\/div>\n\t\t<\/div>\n\t<\/div>\n<\/li><li class=\"qode-hti-content\" data-date=\"21\/02\/2005\">\n\t<div class=\"qode-hti-content-inner qode-timeline-has-image\">\n\t\t<div class='qode-hti-content-inner-shadow'>\n\t\t\t\t\t\t\t<div class='qode-hti-content-image'>\n\t\t\t\t\t<img loading=\"lazy\" decoding=\"async\" width=\"580\" height=\"397\" src=\"https:\/\/tarentaise-cheminees.fr\/wp-content\/uploads\/2020\/09\/showroom.jpg\" class=\"attachment-full size-full\" alt=\"\" srcset=\"https:\/\/tarentaise-cheminees.fr\/wp-content\/uploads\/2020\/09\/showroom.jpg 580w, https:\/\/tarentaise-cheminees.fr\/wp-content\/uploads\/2020\/09\/showroom-300x205.jpg 300w\" sizes=\"auto, (max-width: 580px) 100vw, 580px\" \/>\t\t\t\t<\/div>\n\t\t\t\t\t\t<div class='qode-hti-content-value'>\n\t\t\t\t<div class=\"separator  transparent\" style=\"margin-top: -36px;\"><\/div>\n\n\t<div class=\"wpb_text_column wpb_content_element\">\n\t\t<div class=\"wpb_wrapper\">\n\t\t\t<h2>DER SHOWROOM<\/h2>\n\n\t\t<\/div> \n\t<\/div> <div class=\"separator  small left\" style=\"margin-top: 31px;margin-bottom: 31px;background-color: #c7a082;height: 1px;width: 63px;\"><\/div>\n\n\t<div class=\"wpb_text_column wpb_content_element\">\n\t\t<div class=\"wpb_wrapper\">\n\t\t\t<p>Tarentaise Chemin\u00e9es verf\u00fcgt \u00fcber einen 100 m2 gro\u00dfen Ausstellungsraum, in dem Sie das gesamte Angebot des Unternehmens sehen k\u00f6nnen und wo Sie heute von C\u00e9line und Maverick, ihrer charismatischen englischen Bulldogge, begr\u00fc\u00dft werden, die, wie Sie sehen werden, sehr freundlich ist!<\/p>\n\n\t\t<\/div> \n\t<\/div> \t<div class=\"vc_empty_space\"  style=\"height: 20px\" ><span\n\t\t\tclass=\"vc_empty_space_inner\">\n\t\t\t<span class=\"empty_space_image\"  ><\/span>\n\t\t<\/span><\/div>\n\n\t\t\t<\/div>\n\t\t<\/div>\n\t<\/div>\n<\/li><li class=\"qode-hti-content\" data-date=\"03\/02\/2007\">\n\t<div class=\"qode-hti-content-inner qode-timeline-has-image\">\n\t\t<div class='qode-hti-content-inner-shadow'>\n\t\t\t\t\t\t\t<div class='qode-hti-content-image'>\n\t\t\t\t\t<img loading=\"lazy\" decoding=\"async\" width=\"580\" height=\"397\" src=\"https:\/\/tarentaise-cheminees.fr\/wp-content\/uploads\/2020\/09\/lesgerants.jpg\" class=\"attachment-full size-full\" alt=\"\" srcset=\"https:\/\/tarentaise-cheminees.fr\/wp-content\/uploads\/2020\/09\/lesgerants.jpg 580w, https:\/\/tarentaise-cheminees.fr\/wp-content\/uploads\/2020\/09\/lesgerants-300x205.jpg 300w\" sizes=\"auto, (max-width: 580px) 100vw, 580px\" \/>\t\t\t\t<\/div>\n\t\t\t\t\t\t<div class='qode-hti-content-value'>\n\t\t\t\t<div class=\"separator  transparent\" style=\"margin-top: -36px;\"><\/div>\n\n\t<div class=\"wpb_text_column wpb_content_element\">\n\t\t<div class=\"wpb_wrapper\">\n\t\t\t<h2>DAS ABENTEUER GEHT WEITER<\/h2>\n\n\t\t<\/div> \n\t<\/div> <div class=\"separator  small left\" style=\"margin-top: 31px;margin-bottom: 31px;background-color: #c7a082;height: 1px;width: 63px;\"><\/div>\n\n\t<div class=\"wpb_text_column wpb_content_element\">\n\t\t<div class=\"wpb_wrapper\">\n\t\t\t<p>Quentin, der Sohn von Christian Chanudet, und seine Partnerin C\u00e9line \u00fcbernehmen das Familienunternehmen. Quentin liebte es schon als Kind, seinem Vater bei der Arbeit zuzusehen. Sp\u00e4ter brachte er ihm den Beruf mit den Schl\u00fcsselw\u00f6rtern Zuh\u00f6ren, Leidenschaft, Beratung und Verf\u00fcgbarkeit bei.<\/p>\n\n\t\t<\/div> \n\t<\/div> \t<div class=\"vc_empty_space\"  style=\"height: 20px\" ><span\n\t\t\tclass=\"vc_empty_space_inner\">\n\t\t\t<span class=\"empty_space_image\"  ><\/span>\n\t\t<\/span><\/div>\n\n\t\t\t<\/div>\n\t\t<\/div>\n\t<\/div>\n<\/li>\t    <\/ol>\n\t<\/div>\n<\/div><\/div><\/div><\/div><\/div><\/div><\/div>","protected":false},"excerpt":{"rendered":"2003 2006 2020 L'AVENTURE COMMENCE Christian Chanudet cr\u00e9\u00e9 Tarentaise Chemin\u00e9es. Durant 17 ans, Christian installera dans la r\u00e9gion des centaines de chemin\u00e9es, po\u00eales, inserts..effectuera des centaines de ramonages. Comme il aime le dire, son travail l'am\u00e8ne \u00e0 rentrer dans la vie des gens et participer...","protected":false},"author":2,"featured_media":0,"parent":0,"menu_order":0,"comment_status":"closed","ping_status":"closed","template":"full_width.php","meta":{"footnotes":""},"class_list":["post-174","page","type-page","status-publish","hentry"],"yoast_head":"<!-- This site is optimized with the Yoast SEO plugin v26.9 - https:\/\/yoast.com\/product\/yoast-seo-wordpress\/ -->\n<title>Installateur de chemin\u00e9es et inserts - Tarentaise Chemin\u00e9es - Notre histoire.<\/title>\n<meta name=\"description\" content=\"Ramoneur et installateur de chemin\u00e9es, inserts et po\u00eales depuis 2003, nous sommes bas\u00e9s \u00e0 Aime La Plagne, au coeur de la Tarentaise.\" \/>\n<meta name=\"robots\" content=\"index, follow, max-snippet:-1, max-image-preview:large, max-video-preview:-1\" \/>\n<link rel=\"canonical\" href=\"https:\/\/tarentaise-cheminees.fr\/de\/kamininstallateur\/\" \/>\n<meta property=\"og:locale\" content=\"de_DE\" \/>\n<meta property=\"og:type\" content=\"article\" \/>\n<meta property=\"og:title\" content=\"Installateur de chemin\u00e9es et inserts - Tarentaise Chemin\u00e9es - Notre histoire.\" \/>\n<meta property=\"og:description\" content=\"Ramoneur et installateur de chemin\u00e9es, inserts et po\u00eales depuis 2003, nous sommes bas\u00e9s \u00e0 Aime La Plagne, au coeur de la Tarentaise.\" \/>\n<meta property=\"og:url\" content=\"https:\/\/tarentaise-cheminees.fr\/de\/kamininstallateur\/\" \/>\n<meta property=\"og:site_name\" content=\"Tarentaise Chemin\u00e9es\" \/>\n<meta property=\"article:modified_time\" content=\"2020-11-11T09:27:59+00:00\" \/>\n<meta name=\"twitter:card\" content=\"summary_large_image\" \/>\n<meta name=\"twitter:label1\" content=\"Gesch\u00e4tzte Lesezeit\" \/>\n\t<meta name=\"twitter:data1\" content=\"2\u00a0Minuten\" \/>\n<script type=\"application\/ld+json\" class=\"yoast-schema-graph\">{\"@context\":\"https:\/\/schema.org\",\"@graph\":[{\"@type\":\"WebPage\",\"@id\":\"https:\/\/tarentaise-cheminees.fr\/installateur-de-cheminees\/\",\"url\":\"https:\/\/tarentaise-cheminees.fr\/installateur-de-cheminees\/\",\"name\":\"Installateur de chemin\u00e9es et inserts - Tarentaise Chemin\u00e9es - Notre histoire.\",\"isPartOf\":{\"@id\":\"https:\/\/tarentaise-cheminees.fr\/#website\"},\"datePublished\":\"2018-03-30T09:19:52+00:00\",\"dateModified\":\"2020-11-11T09:27:59+00:00\",\"description\":\"Ramoneur et installateur de chemin\u00e9es, inserts et po\u00eales depuis 2003, nous sommes bas\u00e9s \u00e0 Aime La Plagne, au coeur de la Tarentaise.\",\"breadcrumb\":{\"@id\":\"https:\/\/tarentaise-cheminees.fr\/installateur-de-cheminees\/#breadcrumb\"},\"inLanguage\":\"de\",\"potentialAction\":[{\"@type\":\"ReadAction\",\"target\":[\"https:\/\/tarentaise-cheminees.fr\/installateur-de-cheminees\/\"]}]},{\"@type\":\"BreadcrumbList\",\"@id\":\"https:\/\/tarentaise-cheminees.fr\/installateur-de-cheminees\/#breadcrumb\",\"itemListElement\":[{\"@type\":\"ListItem\",\"position\":1,\"name\":\"Accueil\",\"item\":\"https:\/\/tarentaise-cheminees.fr\/\"},{\"@type\":\"ListItem\",\"position\":2,\"name\":\"Notre histoire\"}]},{\"@type\":\"WebSite\",\"@id\":\"https:\/\/tarentaise-cheminees.fr\/#website\",\"url\":\"https:\/\/tarentaise-cheminees.fr\/\",\"name\":\"Tarentaise Chemin\u00e9es\",\"description\":\"Le sp\u00e9cialiste de la chemin\u00e9e\",\"potentialAction\":[{\"@type\":\"SearchAction\",\"target\":{\"@type\":\"EntryPoint\",\"urlTemplate\":\"https:\/\/tarentaise-cheminees.fr\/?s={search_term_string}\"},\"query-input\":{\"@type\":\"PropertyValueSpecification\",\"valueRequired\":true,\"valueName\":\"search_term_string\"}}],\"inLanguage\":\"de\"}]}<\/script>\n<!-- \/ Yoast SEO plugin. -->","yoast_head_json":{"title":"Kamin- und Einsatzinstallateur \u2013 Tarentaise Chemin\u00e9es \u2013 Unsere Geschichte.","description":"Wir sind seit 2003 Schornsteinfeger und Installateur von Kaminen, Eins\u00e4tzen und \u00d6fen und haben unseren Sitz in Aime La Plagne, im Herzen der Tarentaise-Region.","robots":{"index":"index","follow":"follow","max-snippet":"max-snippet:-1","max-image-preview":"max-image-preview:large","max-video-preview":"max-video-preview:-1"},"canonical":"https:\/\/tarentaise-cheminees.fr\/de\/kamininstallateur\/","og_locale":"de_DE","og_type":"article","og_title":"Installateur de chemin\u00e9es et inserts - Tarentaise Chemin\u00e9es - Notre histoire.","og_description":"Ramoneur et installateur de chemin\u00e9es, inserts et po\u00eales depuis 2003, nous sommes bas\u00e9s \u00e0 Aime La Plagne, au coeur de la Tarentaise.","og_url":"https:\/\/tarentaise-cheminees.fr\/de\/kamininstallateur\/","og_site_name":"Tarentaise Chemin\u00e9es","article_modified_time":"2020-11-11T09:27:59+00:00","twitter_card":"summary_large_image","twitter_misc":{"Gesch\u00e4tzte Lesezeit":"2\u00a0Minuten"},"schema":{"@context":"https:\/\/schema.org","@graph":[{"@type":"WebPage","@id":"https:\/\/tarentaise-cheminees.fr\/installateur-de-cheminees\/","url":"https:\/\/tarentaise-cheminees.fr\/installateur-de-cheminees\/","name":"Kamin- und Einsatzinstallateur \u2013 Tarentaise Chemin\u00e9es \u2013 Unsere Geschichte.","isPartOf":{"@id":"https:\/\/tarentaise-cheminees.fr\/#website"},"datePublished":"2018-03-30T09:19:52+00:00","dateModified":"2020-11-11T09:27:59+00:00","description":"Wir sind seit 2003 Schornsteinfeger und Installateur von Kaminen, Eins\u00e4tzen und \u00d6fen und haben unseren Sitz in Aime La Plagne, im Herzen der Tarentaise-Region.","breadcrumb":{"@id":"https:\/\/tarentaise-cheminees.fr\/installateur-de-cheminees\/#breadcrumb"},"inLanguage":"de","potentialAction":[{"@type":"ReadAction","target":["https:\/\/tarentaise-cheminees.fr\/installateur-de-cheminees\/"]}]},{"@type":"BreadcrumbList","@id":"https:\/\/tarentaise-cheminees.fr\/installateur-de-cheminees\/#breadcrumb","itemListElement":[{"@type":"ListItem","position":1,"name":"Accueil","item":"https:\/\/tarentaise-cheminees.fr\/"},{"@type":"ListItem","position":2,"name":"Notre histoire"}]},{"@type":"WebSite","@id":"https:\/\/tarentaise-cheminees.fr\/#website","url":"https:\/\/tarentaise-cheminees.fr\/","name":"Tarentaise Chemin\u00e9es","description":"Der Kaminspezialist","potentialAction":[{"@type":"SearchAction","target":{"@type":"EntryPoint","urlTemplate":"https:\/\/tarentaise-cheminees.fr\/?s={search_term_string}"},"query-input":{"@type":"PropertyValueSpecification","valueRequired":true,"valueName":"search_term_string"}}],"inLanguage":"de"}]}},"_links":{"self":[{"href":"https:\/\/tarentaise-cheminees.fr\/de\/wp-json\/wp\/v2\/pages\/174","targetHints":{"allow":["GET"]}}],"collection":[{"href":"https:\/\/tarentaise-cheminees.fr\/de\/wp-json\/wp\/v2\/pages"}],"about":[{"href":"https:\/\/tarentaise-cheminees.fr\/de\/wp-json\/wp\/v2\/types\/page"}],"author":[{"embeddable":true,"href":"https:\/\/tarentaise-cheminees.fr\/de\/wp-json\/wp\/v2\/users\/2"}],"replies":[{"embeddable":true,"href":"https:\/\/tarentaise-cheminees.fr\/de\/wp-json\/wp\/v2\/comments?post=174"}],"version-history":[{"count":19,"href":"https:\/\/tarentaise-cheminees.fr\/de\/wp-json\/wp\/v2\/pages\/174\/revisions"}],"predecessor-version":[{"id":750,"href":"https:\/\/tarentaise-cheminees.fr\/de\/wp-json\/wp\/v2\/pages\/174\/revisions\/750"}],"wp:attachment":[{"href":"https:\/\/tarentaise-cheminees.fr\/de\/wp-json\/wp\/v2\/media?parent=174"}],"curies":[{"name":"wp","href":"https:\/\/api.w.org\/{rel}","templated":true}]}}